{"id":86,"date":"2023-09-20T19:11:49","date_gmt":"2023-09-20T17:11:49","guid":{"rendered":"https:\/\/kchbc.beardedcollie.cz\/?page_id=86"},"modified":"2023-11-13T12:59:49","modified_gmt":"2023-11-13T11:59:49","slug":"vysetreni-oci","status":"publish","type":"page","link":"https:\/\/kchbc.beardedcollie.cz\/?page_id=86","title":{"rendered":"Vy\u0161et\u0159en\u00ed o\u010dn\u00edho pozad\u00ed"},"content":{"rendered":"\n<div class=\"wp-block-columns is-layout-flex wp-container-core-columns-is-layout-28f84493 wp-block-columns-is-layout-flex\">\n<div class=\"wp-block-column is-layout-flow wp-block-column-is-layout-flow\">\n<p>Vy\u0161et\u0159en\u00ed o\u010dn\u00edho pozad\u00ed nen\u00ed podm\u00ednkou uchovn\u011bn\u00ed bearded collie v KCHBC. Pro z\u00e1jemce o proveden\u00ed tohoto vy\u0161et\u0159en\u00ed p\u0159edkl\u00e1d\u00e1me seznam odborn\u00fdch pracovi\u0161\u0165, kter\u00e1 tato vy\u0161et\u0159en\u00ed prov\u00e1d\u00ed. Vy\u0161et\u0159en\u00ed d\u011bdi\u010dn\u00fdch o\u010dn\u00edch vad je nejvhodn\u011bj\u0161\u00ed opakovat ka\u017edoro\u010dn\u011b.<\/p>\n\n\n\n<p>Bearded collie jsou nemocemi o\u010d\u00ed posti\u017eeny velmi z\u0159\u00eddka. P\u0159\u00edpady pozitivity n\u011bkter\u00e9 z o\u010dn\u00edch nemoc\u00ed jsou ojedin\u011bl\u00e9, v n\u011bkter\u00fdch zem\u00edch jsou v\u0161ak pro chovnost bearded colli\u00ed povinn\u00e9. Nej\u010dast\u011bj\u0161\u00edmi zaznamenanou o\u010dn\u00ed vadou je Katarakta (\u0161ed\u00fd z\u00e1kal).<\/p>\n\n\n\n<p>Genetick\u00e9 v\u00fdzkumy objevily vlohu, kter\u00e1 m\u016f\u017ee p\u0159en\u00e1\u0161et nemoci CEA a PRA (v\u00edce info n\u00ed\u017ee), proto se doporu\u010duje prov\u00e1d\u011bt jednoduch\u00e9 genetick\u00e9 testy pro p\u0159\u00edtomnost vlohy pro p\u0159ed\u00e1v\u00e1n\u00ed t\u011bchto nemoc\u00ed. <a href=\"https:\/\/kchbc.beardedcollie.cz\/?page_id=417\" data-type=\"page\" data-id=\"417\">V\u00edce info k genetick\u00fdm vy\u0161et\u0159en\u00edm zde.<\/a><\/p>\n\n\n\n<p><strong>Veterin\u00e1rn\u00ed oftalmologie<\/strong>&nbsp;navazuje na&nbsp;z\u00e1kladn\u00ed klinick\u00e9 vy\u0161et\u0159en\u00ed pacienta a&nbsp;vy\u017eaduje dal\u0161\u00ed odborn\u00e9 znalosti veterin\u00e1rn\u00edho l\u00e9ka\u0159e a&nbsp;odpov\u00eddaj\u00edc\u00ed technick\u00e9 vybaven\u00ed.&nbsp;<strong>Vy\u0161et\u0159en\u00ed oka<\/strong>&nbsp;nelze vytrhnout z&nbsp;kontextu celkov\u00e9ho zdravotn\u00edho stavu, ale mus\u00ed b\u00fdt v\u017edy sou\u010d\u00e1st\u00ed kompletn\u00edho vy\u0161et\u0159en\u00ed: je \u0159ada onemocn\u011bn\u00ed, kter\u00e1 se mohou manifestovat pr\u00e1v\u011b na&nbsp;o\u010d\u00edch nap\u0159. psinka, alergie, diabetes mellitus, intoxikace, hepatitis, dehydratace, p\u0159\u00edtomnost parasit\u016f\u2026<\/p>\n\n\n\n<p><strong>Anom\u00e1li oka koli\u00ed (CEA)<\/strong>&nbsp;&#8211; Jedn\u00e1 se o&nbsp;vadu lokalizovanou na&nbsp;zadn\u00edm segmentu oka v&nbsp;bl\u00edzkosti papily o\u010dn\u00edho nervu nebo na&nbsp;o\u010dn\u00edm nezvu sam\u00e9m. Podle n\u00e1zvu je to onemocn\u011bn\u00ed postihuj\u00edc\u00ed kolie, ale v\u00fdskyt je pops\u00e1n i&nbsp;u&nbsp;shelti\u00ed, border a&nbsp;bearded koli\u00ed, australsk\u00fdch ov\u010d\u00e1k\u016f a&nbsp;mnoh\u00fdch dal\u0161\u00edch plemen. Z\u00e1va\u017en\u00e9 formy onemocn\u011bn\u00ed jako krv\u00e1cen\u00ed do&nbsp;sklivce, ablace s\u00edtnice spojen\u00e1 se slepotou se dnes ji\u017e d\u00edky mnohalet\u00e9 selekci nevyskytuj\u00ed. St\u00e1le v\u0161ak nach\u00e1z\u00edme formy m\u00edrn\u011bj\u0161\u00ed, jako jsou roz\u0161t\u011bpy s\u00edtnice v&nbsp;bl\u00edzkosti papily o\u010dn\u00edho nervu anebo p\u0159\u00edmo roz\u0161t\u011bp papily (CRD, kolobom optick\u00e9ho nervu). Vada je autosom\u00e1ln\u011b recesivn\u011b d\u011bdi\u010dn\u00e1 a&nbsp;k&nbsp;jej\u00ed pom\u011brn\u011b v\u00fdrazn\u00e9 eradikaci p\u0159isp\u011bl velkou m\u011brou&nbsp;<strong>genetick\u00fd test<\/strong>, kdy jsme schopni detekovat defektn\u00ed alelu. V\u00fdjimkou m\u016f\u017ee b\u00fdt u&nbsp;4% populace kolobom optick\u00e9ho disku, kter\u00fd se vymyk\u00e1 genetick\u00e9 testaci a&nbsp;je zjistiteln\u00fd pouze oftalmologick\u00fdm vy\u0161et\u0159en\u00edm. CEA je klinicky ide\u00e1ln\u011b stanoviteln\u00e9 u&nbsp;mal\u00fdch \u0161t\u011b\u0148at ve&nbsp;v\u011bku&nbsp;<strong>5,5-8,5 t\u00fddne<\/strong>.<\/p>\n\n\n\n<p><strong>Progresivn\u00ed retin\u00e1ln\u00ed atrofie (PRA)<\/strong>&nbsp;\u2013 Jedn\u00e1 se o&nbsp;postupn\u00e9 odum\u00edr\u00e1n\u00ed bun\u011bk s\u00edtnice (ty\u010dinek a&nbsp;\u010d\u00edpk\u016f), vyst\u00fdlaj\u00edc\u00edch o\u010dn\u00ed kouli a&nbsp;odpov\u011bdn\u00fdch za&nbsp;p\u0159\u00edjem sv\u011bteln\u00fdch paprsk\u016f. Rozli\u0161ujeme dv\u011b z\u00e1kladn\u00ed formy \u2013&nbsp;<strong>generalizovanou<\/strong>&nbsp;a&nbsp;<strong>centr\u00e1ln\u00ed<\/strong>, kter\u00e9 se li\u0161\u00ed nejen klinick\u00fdm n\u00e1lezem, ale i&nbsp;formou d\u011bdi\u010dnosti. Generalizovan\u00e1 forma se projevuje atrofi\u00ed v&nbsp;perifern\u00edch \u010d\u00e1stech s\u00edtnice, st\u0159edov\u00e1 \u010d\u00e1st je nezm\u011bn\u011bna. Tato \u010d\u00e1st je posti\u017eena p\u0159i&nbsp;centr\u00e1ln\u00ed form\u011b onemocn\u011bn\u00ed. Prvn\u00ed klinick\u00e9 p\u0159\u00edznaky progresivn\u00ed retin\u00e1ln\u00ed atrofie jsou majitelem pozorov\u00e1ny za&nbsp;\u0161era a&nbsp;v&nbsp;dob\u011b sn\u00ed\u017een\u00e9 viditelnosti. Pes se h\u016f\u0159e orientuje, nar\u00e1\u017e\u00ed do&nbsp;p\u0159ek\u00e1\u017eek, zornice psa je \u0161iroce rozev\u0159en\u00e1 i&nbsp;p\u0159i&nbsp;p\u0159\u00edm\u00e9m dopadu sv\u011btla do&nbsp;oka psa (v\u00fdrazn\u00e9 p\u0159i&nbsp;fotografov\u00e1n\u00ed &#8211; psovi \u201esv\u00edt\u00ed o\u010di\u201c), zhor\u0161uje se i&nbsp;perifern\u00ed vid\u011bn\u00ed psa. Posledn\u00ed f\u00e1z\u00ed je zakalen\u00ed \u010do\u010dky, co\u017e je\u0161t\u011b v\u00edce znemo\u017en\u00ed transparenci sv\u011bteln\u00fdch paprsk\u016f s\u00edtnic\u00ed a&nbsp;onemocn\u011bn\u00ed kon\u010d\u00ed ztr\u00e1tou zraku. Diagnostika tohoto onemocn\u011bn\u00ed je v\u00e1z\u00e1na na&nbsp;specializovan\u00e1 oftalmologick\u00e1 pracovi\u0161t\u011b vybaven\u00e1&nbsp;<strong>oftalmoskopem<\/strong>&nbsp;a&nbsp;<strong>elektroretinografem<\/strong>, kter\u00fdmi lze diagnostikovat onemocn\u011bn\u00ed je\u0161t\u011b p\u0159ed vlastn\u00edmi klinick\u00fdmi p\u0159\u00edznaky. Nap\u0159. u&nbsp;<strong>pudl\u016f<\/strong>&nbsp;nejv\u011bt\u0161\u00ed frekvence klinick\u00fdch projev\u016f je mezi 3. &#8211; 5. rokem st\u00e1\u0159\u00ed, ale technika je m\u016f\u017ee odhalit u\u017e od&nbsp;9 m\u011bs\u00edc\u016f.<\/p>\n\n\n\n<p class=\"has-text-align-right\">Zdroj <a href=\"https:\/\/www.veterina-pce.cz\/dedicne-ocni-vady\" data-type=\"link\" data-id=\"https:\/\/www.veterina-pce.cz\/dedicne-ocni-vady\" target=\"_blank\" rel=\"noreferrer noopener\">Veterina Pardubice<\/a><\/p>\n<\/div>\n\n\n\n<div class=\"wp-block-column is-layout-flow wp-block-column-is-layout-flow\">\n<p><strong>MVDr. Zde\u0148ka Barnas\u00edkov\u00e1<\/strong><br>Veterin\u00e1rn\u00ed klinika VETPARK<br>Bude\u010dsk\u00e1 1938\/7<br>702 00 Moravsk\u00e1 Ostrava<br>Tel.: 596 120 482, 603 244 263<br>E-mail: <a href=\"mailto:vetpark@volny.cz\">vetpark@volny.cz<\/a><\/p>\n\n\n\n<div class=\"wp-block-buttons is-layout-flex wp-block-buttons-is-layout-flex\">\n<div class=\"wp-block-button\"><a class=\"wp-block-button__link wp-element-button\" href=\"http:\/\/www.vetpark.eu\" target=\"_blank\" rel=\"noreferrer noopener\">Webov\u00e9 str\u00e1nky<\/a><\/div>\n<\/div>\n\n\n\n<p><\/p>\n\n\n\n<p><strong>MVDr. Ji\u0159\u00ed Ber\u00e1nek<\/strong><br>Husova 1747<br>530 03 Pardubice<br>Tel.: +420 737 059 977, +420 466 262 914<br>E-mail:&nbsp;<a href=\"mailto:info@veterina-pce.cz\">info@veterina-pce.cz<\/a><\/p>\n\n\n\n<div class=\"wp-block-buttons is-layout-flex wp-block-buttons-is-layout-flex\">\n<div class=\"wp-block-button\"><a class=\"wp-block-button__link wp-element-button\" href=\"http:\/\/veterina-pce.cz\" target=\"_blank\" rel=\"noreferrer noopener\">Webov\u00e9 str\u00e1nky<\/a><\/div>\n<\/div>\n\n\n\n<p><\/p>\n\n\n\n<p><strong>MVDr. Petr Gbelec<\/strong><br>Veterin\u00e1rn\u00ed nemocnice AA-VET<br>Chmelov\u00e1 2920\/6<br>106 00 Praha 10<br>Tel.: +420 271 750 131<br>E-mail:&nbsp;<a href=\"mailto:gbelec@aavet.cz\">gbelec@aavet.cz<\/a><\/p>\n\n\n\n<div class=\"wp-block-buttons is-layout-flex wp-block-buttons-is-layout-flex\">\n<div class=\"wp-block-button\"><a class=\"wp-block-button__link wp-element-button\" href=\"http:\/\/www.aavet.cz\" target=\"_blank\" rel=\"noreferrer noopener\">Webov\u00e9 str\u00e1nky<\/a><\/div>\n<\/div>\n\n\n\n<p><\/p>\n\n\n\n<p><strong>MVDr. Silvie Holov\u00e1<\/strong><br>Veterin\u00e1rn\u00ed klinika VEDILAB<br>Pod Vrchem 51<br>312 00 Plze\u0148<br>Tel.: +420 720 995 794, +420 377 262 114<br>E-mail: <a href=\"mailto:info@vedilab.cz\">info@vedilab.cz<\/a><\/p>\n\n\n\n<div class=\"wp-block-buttons is-layout-flex wp-block-buttons-is-layout-flex\">\n<div class=\"wp-block-button\"><a class=\"wp-block-button__link wp-element-button\" href=\"https:\/\/www.vedilab.cz\/\" target=\"_blank\" rel=\"noreferrer noopener\">Webov\u00e9 str\u00e1nky<\/a><\/div>\n<\/div>\n\n\n\n<p><\/p>\n\n\n\n<p><strong>MVDr. Pavel Hron<\/strong><br>Veterin\u00e1rn\u00ed klinika ERIKA<br>n\u00e1m\u011bst\u00ed Dr. Hol\u00e9ho 8<br>180 00 Praha 8<br>Tel.: +420 284 821 784<\/p>\n\n\n\n<div class=\"wp-block-buttons is-layout-flex wp-block-buttons-is-layout-flex\">\n<div class=\"wp-block-button\"><a class=\"wp-block-button__link wp-element-button\" href=\"http:\/\/www.vet-klin-erika.cz\" target=\"_blank\" rel=\"noreferrer noopener\">Webov\u00e9 str\u00e1nky<\/a><\/div>\n<\/div>\n\n\n\n<p><br><br><strong>MVDr. Barbara Lensk\u00e1<\/strong>,<br>Vetcentrum Duchek spol. s. r. o.<br>Jindrova 43<br>155 00 Praha 5<br>Tel.: +420 775 688 637, +420 251 617 564<br>E-mail:\u00a0<a href=\"mailto:lenbar@post.cz\">lenbar@post.cz<\/a><\/p>\n\n\n\n<div class=\"wp-block-buttons is-layout-flex wp-block-buttons-is-layout-flex\">\n<div class=\"wp-block-button\"><a class=\"wp-block-button__link wp-element-button\" href=\"http:\/\/www.vetlife.cz\" target=\"_blank\" rel=\"noreferrer noopener\">Webov\u00e9 str\u00e1nky<\/a><\/div>\n<\/div>\n\n\n\n<p><\/p>\n\n\n\n<p><strong>MVDr. Lucie M\u00edkov\u00e1<\/strong><br>Veterin\u00e1rn\u00ed klinika Vltava<br>Otavsk\u00e1 1453 &#8211; s\u00eddli\u0161t\u011b Vltava<br>370 11 \u010cesk\u00e9 Bud\u011bjovice<br>Tel.: +420 385 520 561<br>E-mail: <a href=\"mailto:vklinika@klinika-vltava.cz\">vklinika@klinika-vltava.cz<\/a><\/p>\n\n\n\n<div class=\"wp-block-buttons is-layout-flex wp-block-buttons-is-layout-flex\">\n<div class=\"wp-block-button\"><a class=\"wp-block-button__link wp-element-button\" href=\"http:\/\/www.klinika-vltava.cz\" target=\"_blank\" rel=\"noreferrer noopener\">Webov\u00e9 str\u00e1nky<\/a><\/div>\n<\/div>\n\n\n\n<p><\/p>\n\n\n\n<p><strong>MVDr. Melanie Mo\u0161\u0165kov\u00e1<\/strong><br>Veterin\u00e1rn\u00ed klinika MEDIPET<br>Brou\u010dkova 5395<br>760 01 Zl\u00edn<br>Tel.: +420 577 222 737, +420 602 716 839<br>e-mail: <a href=\"mailto:info@medipet.cz\">info@medipet.cz<\/a><\/p>\n\n\n\n<div class=\"wp-block-buttons is-layout-flex wp-block-buttons-is-layout-flex\">\n<div class=\"wp-block-button\"><a class=\"wp-block-button__link wp-element-button\" href=\"http:\/\/www.medipet.cz\" target=\"_blank\" rel=\"noreferrer noopener\">Webov\u00e9 str\u00e1nky<\/a><\/div>\n<\/div>\n\n\n\n<p><br><strong>MVDr. Silvie P\u0159ikrylov\u00e1<\/strong><br>Veterin\u00e1rn\u00ed klinika OFTALMOVET<br>Halasovo n\u00e1m\u011bst\u00ed 6a Brno, Lesn\u00e1 638 00<br>Tel.: +420\u00a0734 132 200<br>e-mail: <a href=\"mailto:veterina.oftalmovet@gmail.com\">veterina.oftalmovet@gmail.com<\/a><\/p>\n\n\n\n<div class=\"wp-block-buttons is-layout-flex wp-block-buttons-is-layout-flex\">\n<div class=\"wp-block-button\"><a class=\"wp-block-button__link wp-element-button\" href=\"https:\/\/www.oftalmovet.cz\/\" target=\"_blank\" rel=\"noreferrer noopener\">Webov\u00e9 str\u00e1nky<\/a><\/div>\n<\/div>\n\n\n\n<p><\/p>\n\n\n\n<p><strong>MVDr. Petr Rau\u0161er Ph.D.<\/strong><br>Veterin\u00e1rn\u00ed a Farmaceutick\u00e1 univerzita Brno, Palack\u00e9ho t\u0159. 1\/3<\/p>\n\n\n\n<div class=\"wp-block-buttons is-layout-flex wp-block-buttons-is-layout-flex\">\n<div class=\"wp-block-button\"><a class=\"wp-block-button__link wp-element-button\" href=\"http:\/\/www.vfu.cz\" target=\"_blank\" rel=\"noreferrer noopener\">Webov\u00e9 str\u00e1nky<\/a><\/div>\n<\/div>\n\n\n\n<p><\/p>\n\n\n\n<p><strong>MVDr. Petr Sta\u0148a<\/strong><br>Bude\u010dsk\u00e1 7<br>702 00 Ostrava &#8211; Moravsk\u00e1 Ostrava<br>Tel.: +420 596 120 482<br>E-mail:\u00a0<a href=\"mailto:vetpark@volny.cz\">vetpark@volny.cz<\/a><\/p>\n\n\n\n<div class=\"wp-block-buttons is-layout-flex wp-block-buttons-is-layout-flex\">\n<div class=\"wp-block-button\"><a class=\"wp-block-button__link wp-element-button\" href=\"http:\/\/www.vetpark.eu\" target=\"_blank\" rel=\"noreferrer noopener\">Webov\u00e9 str\u00e1nky<\/a><\/div>\n<\/div>\n\n\n\n<p><br><strong>MVDr. Pavla Trnkov\u00e1<\/strong><br>Fillova 14<br>638 00 Brno &#8211; Lesn\u00e1<br>Tel.: +420 604 824 924, +420 548 520 099<br>E-amil:\u00a0<a href=\"mailto:p.trnkova@post.cz\">p.trnkova@post.cz<\/a><\/p>\n\n\n\n<div class=\"wp-block-buttons is-layout-flex wp-block-buttons-is-layout-flex\">\n<div class=\"wp-block-button\"><a class=\"wp-block-button__link wp-element-button\" href=\"http:\/\/www.veterina-ocni.cz\" target=\"_blank\" rel=\"noreferrer noopener\">Webov\u00e9 str\u00e1nky<\/a><\/div>\n<\/div>\n\n\n\n<p><\/p>\n\n\n\n<p><strong>MVDr. Tereza \u0160t\u011bp\u00e1nek Zavadilov\u00e1<\/strong><br>Na \u0160ejdru 45<br>Praha 4 &#8211; Libu\u0161<br>Tel.: +420 244 470 553, +420 602 458 185<br>e-mail: <a href=\"mailto:zavadilova.t@vetnemo.cz\">zavadilova.t@vetnemo.cz<\/a><\/p>\n\n\n\n<div class=\"wp-block-buttons is-layout-flex wp-block-buttons-is-layout-flex\">\n<div class=\"wp-block-button\"><a class=\"wp-block-button__link wp-element-button\" href=\"http:\/\/www.vetnemo.cz\" target=\"_blank\" rel=\"noreferrer noopener\">Webov\u00e9 str\u00e1nky<\/a><\/div>\n<\/div>\n<\/div>\n<\/div>\n","protected":false},"excerpt":{"rendered":"<p>Vy\u0161et\u0159en\u00ed o\u010dn\u00edho pozad\u00ed nen\u00ed podm\u00ednkou uchovn\u011bn\u00ed bearded collie v KCHBC. Pro z\u00e1jemce o proveden\u00ed tohoto vy\u0161et\u0159en\u00ed p\u0159edkl\u00e1d\u00e1me seznam odborn\u00fdch pracovi\u0161\u0165, kter\u00e1 tato vy\u0161et\u0159en\u00ed prov\u00e1d\u00ed. Vy\u0161et\u0159en\u00ed d\u011bdi\u010dn\u00fdch o\u010dn\u00edch vad je nejvhodn\u011bj\u0161\u00ed opakovat ka\u017edoro\u010dn\u011b. Bearded collie jsou nemocemi o\u010d\u00ed posti\u017eeny velmi z\u0159\u00eddka. P\u0159\u00edpady pozitivity n\u011bkter\u00e9 z o\u010dn\u00edch nemoc\u00ed jsou ojedin\u011bl\u00e9, v n\u011bkter\u00fdch zem\u00edch jsou v\u0161ak pro chovnost [&hellip;]<\/p>\n","protected":false},"author":2,"featured_media":0,"parent":64,"menu_order":0,"comment_status":"closed","ping_status":"closed","template":"","meta":{"_acf_changed":false,"site-sidebar-layout":"default","site-content-layout":"","ast-site-content-layout":"default","site-content-style":"default","site-sidebar-style":"default","ast-global-header-display":"","ast-banner-title-visibility":"","ast-main-header-display":"","ast-hfb-above-header-display":"","ast-hfb-below-header-display":"","ast-hfb-mobile-header-display":"","site-post-title":"","ast-breadcrumbs-content":"","ast-featured-img":"","footer-sml-layout":"","ast-disable-related-posts":"","theme-transparent-header-meta":"default","adv-header-id-meta":"","stick-header-meta":"","header-above-stick-meta":"","header-main-stick-meta":"","header-below-stick-meta":"","astra-migrate-meta-layouts":"set","ast-page-background-enabled":"default","ast-page-background-meta":{"desktop":{"background-color":"var(--ast-global-color-4)","background-image":"","background-repeat":"repeat","background-position":"center center","background-size":"auto","background-attachment":"scroll","background-type":"","background-media":"","overlay-type":"","overlay-color":"","overlay-opacity":"","overlay-gradient":""},"tablet":{"background-color":"","background-image":"","background-repeat":"repeat","background-position":"center center","background-size":"auto","background-attachment":"scroll","background-type":"","background-media":"","overlay-type":"","overlay-color":"","overlay-opacity":"","overlay-gradient":""},"mobile":{"background-color":"","background-image":"","background-repeat":"repeat","background-position":"center center","background-size":"auto","background-attachment":"scroll","background-type":"","background-media":"","overlay-type":"","overlay-color":"","overlay-opacity":"","overlay-gradient":""}},"ast-content-background-meta":{"desktop":{"background-color":"var(--ast-global-color-5)","background-image":"","background-repeat":"repeat","background-position":"center center","background-size":"auto","background-attachment":"scroll","background-type":"","background-media":"","overlay-type":"","overlay-color":"","overlay-opacity":"","overlay-gradient":""},"tablet":{"background-color":"var(--ast-global-color-5)","background-image":"","background-repeat":"repeat","background-position":"center center","background-size":"auto","background-attachment":"scroll","background-type":"","background-media":"","overlay-type":"","overlay-color":"","overlay-opacity":"","overlay-gradient":""},"mobile":{"background-color":"var(--ast-global-color-5)","background-image":"","background-repeat":"repeat","background-position":"center center","background-size":"auto","background-attachment":"scroll","background-type":"","background-media":"","overlay-type":"","overlay-color":"","overlay-opacity":"","overlay-gradient":""}},"footnotes":""},"class_list":["post-86","page","type-page","status-publish","hentry"],"acf":[],"featured_image_src":null,"_links":{"self":[{"href":"https:\/\/kchbc.beardedcollie.cz\/index.php?rest_route=\/wp\/v2\/pages\/86","targetHints":{"allow":["GET"]}}],"collection":[{"href":"https:\/\/kchbc.beardedcollie.cz\/index.php?rest_route=\/wp\/v2\/pages"}],"about":[{"href":"https:\/\/kchbc.beardedcollie.cz\/index.php?rest_route=\/wp\/v2\/types\/page"}],"author":[{"embeddable":true,"href":"https:\/\/kchbc.beardedcollie.cz\/index.php?rest_route=\/wp\/v2\/users\/2"}],"replies":[{"embeddable":true,"href":"https:\/\/kchbc.beardedcollie.cz\/index.php?rest_route=%2Fwp%2Fv2%2Fcomments&post=86"}],"version-history":[{"count":10,"href":"https:\/\/kchbc.beardedcollie.cz\/index.php?rest_route=\/wp\/v2\/pages\/86\/revisions"}],"predecessor-version":[{"id":863,"href":"https:\/\/kchbc.beardedcollie.cz\/index.php?rest_route=\/wp\/v2\/pages\/86\/revisions\/863"}],"up":[{"embeddable":true,"href":"https:\/\/kchbc.beardedcollie.cz\/index.php?rest_route=\/wp\/v2\/pages\/64"}],"wp:attachment":[{"href":"https:\/\/kchbc.beardedcollie.cz\/index.php?rest_route=%2Fwp%2Fv2%2Fmedia&parent=86"}],"curies":[{"name":"wp","href":"https:\/\/api.w.org\/{rel}","templated":true}]}}