{"id":84,"date":"2023-09-20T19:11:36","date_gmt":"2023-09-20T17:11:36","guid":{"rendered":"https:\/\/kchbc.beardedcollie.cz\/?page_id=84"},"modified":"2023-11-21T22:26:07","modified_gmt":"2023-11-21T21:26:07","slug":"vysetreni-dkk","status":"publish","type":"page","link":"https:\/\/kchbc.beardedcollie.cz\/?page_id=84","title":{"rendered":"Vy\u0161et\u0159en\u00ed RTG"},"content":{"rendered":"\n<div class=\"wp-block-columns is-layout-flex wp-container-core-columns-is-layout-28f84493 wp-block-columns-is-layout-flex\">\n<div class=\"wp-block-column is-layout-flow wp-block-column-is-layout-flow\">\n<p>Rentgenologicky se u bearded colli\u00ed vy\u0161et\u0159uj\u00ed zejm\u00e9na <strong>onemocn\u011bn\u00ed pohybov\u00e9ho apar\u00e1tu<\/strong> (dysplazie ky\u010deln\u00edho kloubu, dysplazie loketn\u00edho kloubu, OCD ramen), kter\u00e1 se vyskytuj\u00ed&nbsp;zejm\u00e9na u st\u0159edn\u00edch, velk\u00fdch a ob\u0159\u00edch plemen ps\u016f.  Sn\u00edmky se prov\u00e1d\u00ed v celkov\u00e9 anest\u00e9zii, aby do\u0161lo k \u00fapln\u00e9mu uvoln\u011bn\u00ed svalov\u00e9ho nap\u011bt\u00ed.<\/p>\n\n\n\n<h5 class=\"wp-block-heading\">Nej\u010dast\u011bj\u0161\u00ed rentgenologick\u00e1 vy\u0161et\u0159en\u00ed u bearded colli\u00ed:<\/h5>\n\n\n\n<p><mark style=\"background-color:#fff300\" class=\"has-inline-color\"><strong>Dysplazie ky\u010deln\u00edho kloubu &#8211; DKK<\/strong> &#8211; POVINN\u00c9 PRO CHOVNOST!!!<\/mark><\/p>\n\n\n\n<p>Jedn\u00e1 se o multifaktori\u00e1ln\u00ed onemocn\u011bn\u00ed \u2013 tzn. \u017ee&nbsp;<strong>na jeho vzniku se pod\u00edl\u00ed v\u00edce p\u0159\u00ed\u010din<\/strong>. \u010c\u00e1ste\u010dn\u011b je onemocn\u011bn\u00ed ovlivn\u011bno d\u011bdi\u010dn\u011b, \u010d\u00e1ste\u010dn\u011b rychlost\u00ed r\u016fstu, v\u00fd\u017eivou i m\u00edrou z\u00e1t\u011b\u017ee. Bylo zji\u0161t\u011bno, \u017ee p\u0159i k\u0159\u00ed\u017een\u00ed dvou negativn\u00edch jedinc\u016f (bez DKK) je v pr\u016fm\u011bru 25% pravd\u011bpodobnost, \u017ee jejich potomek bude m\u00edt pozitivn\u00ed n\u00e1lez. P\u0159i p\u00e1\u0159en\u00ed jednoho pozitivn\u00edho a jednoho negativn\u00edho rodi\u010de je to a\u017e 50%, u dvou pozitivn\u00edch rodi\u010d\u016f pak je 80% pravd\u011bpodobnost posti\u017een\u00e9ho potomka.<\/p>\n\n\n\n<p>P\u0159i onemocn\u011bn\u00ed DKK&nbsp;<strong>doch\u00e1z\u00ed k&nbsp;poru\u0161e formov\u00e1n\u00ed ky\u010deln\u00edho kloubu<\/strong>. P\u0159i vy\u0161et\u0159en\u00ed se posuzuje tvar hlavice, hloubka zano\u0159en\u00ed hlavice, symetrie kloubn\u00ed \u0161t\u011brbiny, Norberg \u2013 Olsson\u016fv \u00fahel, degenerativn\u00ed zm\u011bny.<\/p>\n\n\n\n<p>Na mlad\u00e9m psovi zpravidla posti\u017een\u00ed ky\u010deln\u00edch kloub\u016f p\u0159i b\u011b\u017en\u00e9m pohybu nepozn\u00e1te, samoz\u0159ejm\u011b pokud se nejedn\u00e1 o extr\u00e9mn\u00ed stupe\u0148 posti\u017een\u00ed.&nbsp;<strong>Ve vy\u0161\u0161\u00edm v\u011bku ov\u0161em doch\u00e1z\u00ed ke vzniku artrotick\u00fdch zm\u011bn<\/strong>, pejsek b\u00fdv\u00e1 bolestiv\u00fd, odm\u00edt\u00e1 n\u011bkter\u00e9 formy pohybu, obt\u00ed\u017en\u011b vst\u00e1v\u00e1 apod.<\/p>\n\n\n\n<figure class=\"wp-block-image size-large is-resized\"><img loading=\"lazy\" decoding=\"async\" width=\"954\" height=\"1024\" src=\"https:\/\/kchbc.beardedcollie.cz\/wp-content\/uploads\/2023\/11\/dkk-954x1024.jpg\" alt=\"\" class=\"wp-image-721\" style=\"width:409px;height:auto\" srcset=\"https:\/\/kchbc.beardedcollie.cz\/wp-content\/uploads\/2023\/11\/dkk-954x1024.jpg 954w, https:\/\/kchbc.beardedcollie.cz\/wp-content\/uploads\/2023\/11\/dkk-279x300.jpg 279w, https:\/\/kchbc.beardedcollie.cz\/wp-content\/uploads\/2023\/11\/dkk-768x825.jpg 768w, https:\/\/kchbc.beardedcollie.cz\/wp-content\/uploads\/2023\/11\/dkk-1430x1536.jpg 1430w, https:\/\/kchbc.beardedcollie.cz\/wp-content\/uploads\/2023\/11\/dkk.jpg 1870w\" sizes=\"auto, (max-width: 954px) 100vw, 954px\" \/><\/figure>\n\n\n\n<p><\/p>\n\n\n\n<p><strong>Dysplazie loketn\u00edho kloubu &#8211; DLK<\/strong> &#8211; nepovinn\u00e9<\/p>\n\n\n\n<p>Stejn\u011b jako DKK je \u0159azena do skupiny&nbsp;<strong>v\u00fdvojov\u00fdch onemocn\u011bn\u00ed<\/strong>. Je to komplexn\u00ed onemocn\u011bn\u00ed, jeho\u017e podkladem je osteochondr\u00f3za \u2013 defekt v&nbsp;<strong>kostnat\u011bn\u00ed chrupavky v rostouc\u00ed kosti<\/strong>. Dysplazie lokte je souhrnn\u00fd n\u00e1zev pro&nbsp;<strong>2 r\u016fzn\u00e9 patologick\u00e9 stavy<\/strong>: odd\u011blen\u00ed koronoidn\u00edho v\u00fdb\u011b\u017eku (FCP) a voln\u00fd ankone\u00e1ln\u00ed v\u00fdb\u011b\u017eek (UAP).&nbsp;Ob\u011b tyto poruchy loketn\u00edho kloubu lze operativn\u011b odstra\u0148ovat, a to je pravd\u011bpodobn\u011b d\u016fvodem, pro\u010d nen\u00ed tento defekt tak podrobn\u011b a intenzivn\u011b geneticky prostudov\u00e1n jako u DKK. Z genetick\u00e9ho hlediska je DLK prezentov\u00e1na jako onemocn\u011bn\u00ed vyvolan\u00e9 v\u00edce geny, tzv. polygenn\u00ed d\u011bdi\u010dnost.&nbsp;<\/p>\n\n\n\n<p>Obvykl\u00fdm p\u0159\u00edznakem u dysplazie lokte je&nbsp;<strong>kulh\u00e1n\u00ed, vyt\u00e1\u010den\u00ed posti\u017een\u00e9 kon\u010detiny od t\u011bla, p\u0159\u00edpadn\u011b \u00fapln\u00e9 odleh\u010den\u00ed posti\u017een\u00e9 kon\u010detiny<\/strong>. Prvn\u00ed p\u0159\u00edznaky mohou b\u00fdt zaznamen\u00e1ny ji\u017e ve 4 m\u011bs\u00edc\u00edch st\u00e1\u0159\u00ed. S postupuj\u00edc\u00edm v\u011bkem prob\u00edhaj\u00ed v kloubu artrotick\u00e9 zm\u011bny (vznik\u00e1 artr\u00f3za). Artr\u00f3za je p\u0159\u00ed\u010dinou permanentn\u00ed bolestivosti, vede ke sn\u00ed\u017een\u00ed pohyblivosti kloubu. Dysplazie loketn\u00edho kloubu je proto&nbsp;<strong>v ne\u0159e\u0161en\u00fdch p\u0159\u00edpadech p\u0159\u00ed\u010dinou celo\u017eivotn\u00edho handicapu u nemocn\u00e9ho psa<\/strong>.<\/p>\n\n\n\n<figure class=\"wp-block-image size-large\"><img loading=\"lazy\" decoding=\"async\" width=\"1024\" height=\"383\" src=\"https:\/\/kchbc.beardedcollie.cz\/wp-content\/uploads\/2023\/11\/dlk1-1024x383.jpg\" alt=\"\" class=\"wp-image-722\" srcset=\"https:\/\/kchbc.beardedcollie.cz\/wp-content\/uploads\/2023\/11\/dlk1-1024x383.jpg 1024w, https:\/\/kchbc.beardedcollie.cz\/wp-content\/uploads\/2023\/11\/dlk1-300x112.jpg 300w, https:\/\/kchbc.beardedcollie.cz\/wp-content\/uploads\/2023\/11\/dlk1-768x287.jpg 768w, https:\/\/kchbc.beardedcollie.cz\/wp-content\/uploads\/2023\/11\/dlk1-1536x574.jpg 1536w, https:\/\/kchbc.beardedcollie.cz\/wp-content\/uploads\/2023\/11\/dlk1.jpg 1852w\" sizes=\"auto, (max-width: 1024px) 100vw, 1024px\" \/><\/figure>\n\n\n\n<p><\/p>\n\n\n\n<p><strong>Osteochondr\u00f3za ramen &#8211; OCD<\/strong> &#8211; nepovinn\u00e9<\/p>\n\n\n\n<p>U osteochondr\u00f3zy&nbsp;<strong>doch\u00e1z\u00ed k poru\u0161e v p\u0159em\u011bn\u011b r\u016fstov\u00e9 chrupavky v kost<\/strong>. V oblasti kloubn\u00ed plochy se to projev\u00ed odchl\u00edpnut\u00edm \u010d\u00e1sti chrupavky a vznikem prohlubn\u011b v kloubn\u00ed plo\u0161e a voln\u00e9ho t\u011bl\u00edska (\u010dipu) v kloubu. Pokud stejn\u00fd defekt vznikne v oblasti r\u016fstov\u00e9 z\u00f3ny kosti, m\u016f\u017ee doj\u00edt k deformac\u00edm ve tvaru kosti nebo nep\u0159ipojen\u00ed v\u00fdb\u011b\u017eku se samostatn\u00fdm osifika\u010dn\u00edm centrem. Postihuje hlavn\u011b<strong>&nbsp;ramenn\u00ed, kolenn\u00ed a hlezenn\u00ed kloub<\/strong>&nbsp;mlad\u00fdch, rychle rostouc\u00edch ps\u016f velk\u00fdch plemen. P\u0159i osteochondr\u00f3ze doch\u00e1z\u00ed k uvoln\u011bn\u00ed \u010d\u00e1sti chrupavky kloubn\u00ed plochy, vzniku po\u0161kozen\u00ed hladk\u00e9 chrupav\u010dit\u00e9 plochy a putov\u00e1n\u00ed odtr\u017een\u00e9ho chrupav\u010dit\u00e9ho t\u011bl\u00edska kloubem \u2013 to je p\u0159\u00ed\u010dinou po\u0161kozen\u00ed a bolestivosti. Bolestivost zp\u016fsobuje i obna\u017een\u00ed kosti v m\u00edst\u011b po\u0161kozen\u00ed. Mezi p\u0159\u00ed\u010diny osteochondr\u00f3zy pat\u0159\u00ed jak&nbsp;<strong>genetick\u00e9 faktory&nbsp;<\/strong>(v\u011bt\u0161inou plemena nad 25 kg v dosp\u011blosti), tak&nbsp;<strong>traumatizace<\/strong>, a p\u0159edev\u0161\u00edm chyby ve v\u00fd\u017eiv\u011b a rychl\u00fd r\u016fst.<\/p>\n\n\n\n<figure class=\"wp-block-image size-large is-resized\"><img loading=\"lazy\" decoding=\"async\" width=\"1024\" height=\"767\" src=\"https:\/\/kchbc.beardedcollie.cz\/wp-content\/uploads\/2023\/11\/ocd-1024x767.jpg\" alt=\"\" class=\"wp-image-723\" style=\"width:425px;height:auto\" srcset=\"https:\/\/kchbc.beardedcollie.cz\/wp-content\/uploads\/2023\/11\/ocd-1024x767.jpg 1024w, https:\/\/kchbc.beardedcollie.cz\/wp-content\/uploads\/2023\/11\/ocd-300x225.jpg 300w, https:\/\/kchbc.beardedcollie.cz\/wp-content\/uploads\/2023\/11\/ocd-768x575.jpg 768w, https:\/\/kchbc.beardedcollie.cz\/wp-content\/uploads\/2023\/11\/ocd-1536x1150.jpg 1536w, https:\/\/kchbc.beardedcollie.cz\/wp-content\/uploads\/2023\/11\/ocd.jpg 1635w\" sizes=\"auto, (max-width: 1024px) 100vw, 1024px\" \/><\/figure>\n<\/div>\n\n\n\n<div class=\"wp-block-column is-layout-flow wp-block-column-is-layout-flow\">\n<p><strong><mark style=\"background-color:#ffe51c\" class=\"has-inline-color\">Odborn\u00e9 vy\u0161et\u0159en\u00ed na dysplazii ky\u010deln\u00edho kloubu (DKK) je podm\u00ednkou uchovn\u011bn\u00ed ka\u017ed\u00e9 bearded collie v \u010cesk\u00e9 republice!<\/mark><\/strong><\/p>\n\n\n\n<p>RTG a jeho vyhodnocen\u00ed se prov\u00e1d\u00ed od v\u011bku 12 m\u011bs\u00edc\u016f. Vyhodnocen\u00ed rentgenov\u00e9ho sn\u00edmku prov\u00e1d\u00ed pouze klubem smluvn\u011b zaji\u0161t\u011bn\u00fd veterin\u00e1rn\u00ed l\u00e9ka\u0159!<\/p>\n\n\n\n<p>Na vy\u0161et\u0159en\u00ed je nutn\u00e9 se p\u0159edem objednat a na vy\u0161et\u0159en\u00ed s sebou p\u0159in\u00e9st origin\u00e1l pr\u016fkazu p\u016fvodu.<\/p>\n\n\n\n<p><strong><mark style=\"background-color:#ffe51c\" class=\"has-inline-color\">Postup p\u0159i ofici\u00e1ln\u00edm rentgenov\u00e1n\u00ed DKK:<\/mark><\/strong><\/p>\n\n\n\n<p>Hotov\u00fd rentgenogram ode\u0161le zhotovitel sn\u00edmku (j\u00edm\u017e m\u016f\u017ee b\u00fdt libovoln\u00fd veterin\u00e1rn\u00ed l\u00e9ka\u0159, \u010dlen Komory veterin\u00e1rn\u00edch l\u00e9ka\u0159\u016f \u010cR a dr\u017eitel osv\u011bd\u010den\u00ed o spln\u011bn\u00ed podm\u00ednek k v\u00fdkonu veterin\u00e1rn\u00ed l\u00e9\u010debn\u00e9 a preventivn\u00ed \u010dinnosti) na adresu jednoho z klubem smluvn\u011b zaji\u0161t\u011bn\u00fdch veterin\u00e1rn\u00edch l\u00e9ka\u0159\u016f. Ten sn\u00edmek do 14 dn\u016f po obdr\u017een\u00ed vyhodnot\u00ed a vystav\u00ed ve 4 exempl\u00e1\u0159\u00edch p\u00edsemn\u00e9 vyhodnocen\u00ed, z nich\u017e 2 ode\u0161le majiteli (d\u00e1le obdr\u017e\u00ed 1x SPK a 1x vlastn\u00ed archivace). V\u00fd\u0161i poplatku za vyhodnocen\u00ed a zp\u016fsob jeho uhrazen\u00ed ur\u010duje vyhodnocovatel.<\/p>\n\n\n\n<p><\/p>\n\n\n\n<p><strong><mark style=\"background-color:#ffe51c\" class=\"has-inline-color\">Abecedn\u00ed seznam klubem smluvn\u011b zaji\u0161t\u011bn\u00fdch veterin\u00e1\u0159\u016f:<\/mark><\/strong><\/p>\n\n\n\n<p>MVDr. Milan Decker<br>Krchleby 44<br>345 60 Sta\u0148kov<br>Tel.: +420 728 665 140, +420 607 530 860<br>E-mail:&nbsp;&nbsp;<a href=\"mailto:veterina@decker.cz\">veterina@decker.cz<\/a><\/p>\n\n\n\n<div class=\"wp-block-buttons is-layout-flex wp-block-buttons-is-layout-flex\">\n<div class=\"wp-block-button\"><a class=\"wp-block-button__link wp-element-button\" href=\"http:\/\/www.decker.cz\" target=\"_blank\" rel=\"noreferrer noopener\">Webov\u00e9 str\u00e1nky<\/a><\/div>\n<\/div>\n\n\n\n<p><\/p>\n\n\n\n<p>MVDr. Ji\u0159\u00ed Jahoda<br>Veterin\u00e1rn\u00ed klinika MEDIPET<br>Brou\u010dkova 5395<br>760 01 Zl\u00edn<br>Tel.: +420 602 716 389, 577 222 737<br>E-mail:&nbsp;&nbsp;<a href=\"mailto:medipet@post.cz\" target=\"_blank\" rel=\"noreferrer noopener\">medipet@post.cz<\/a><\/p>\n\n\n\n<div class=\"wp-block-buttons is-layout-flex wp-block-buttons-is-layout-flex\">\n<div class=\"wp-block-button\"><a class=\"wp-block-button__link wp-element-button\" href=\"http:\/\/www.medipet.cz\" target=\"_blank\" rel=\"noreferrer noopener\">Webov\u00e9 str\u00e1nky<\/a><\/div>\n<\/div>\n\n\n\n<p><\/p>\n\n\n\n<p>MVDr. Lud\u011bk Ku\u010dera<br>Sokolovsk\u00e1 5081\/48<br>586 01 Jihlava&nbsp;<br>Tel.: +420 567 230 601, +420 724 340 220<br>E-mail:&nbsp;&nbsp;<a href=\"mailto:kuceraludek@volny.cz\">kuceraludek@volny.cz<\/a><\/p>\n\n\n\n<div class=\"wp-block-buttons is-layout-flex wp-block-buttons-is-layout-flex\">\n<div class=\"wp-block-button\"><a class=\"wp-block-button__link wp-element-button\" href=\"https:\/\/www.veterina-kucera.cz\/\" target=\"_blank\" rel=\"noreferrer noopener\">Webov\u00e9 str\u00e1nky<\/a><\/div>\n<\/div>\n\n\n\n<p><\/p>\n\n\n\n<p>MVDr. Radek Musil<br>Na Kl\u00ednku 468&nbsp;<br>289 14 Po\u0159\u00ed\u010dany&nbsp;<br>Tel.: +420 608 813 258&nbsp;<br>E-mail:&nbsp;&nbsp;<a href=\"mailto:musilvet@seznam.cz\">musilvet@seznam.cz<\/a><br>Adresa pracovi\u0161t\u011b:<br>Veterin\u00e1rn\u00ed klinika MON\u00c1DA<br>\u0160tolm\u00ed\u0159 129&nbsp;<br>282 01&nbsp;\u010cesk\u00fd Brod<br>Tel.: +420 777 511 607&nbsp;<\/p>\n\n\n\n<div class=\"wp-block-buttons is-layout-flex wp-block-buttons-is-layout-flex\">\n<div class=\"wp-block-button\"><a class=\"wp-block-button__link wp-element-button\" href=\"http:\/\/www.monadavet.cz\" target=\"_blank\" rel=\"noreferrer noopener\">Webov\u00e9 str\u00e1nky<\/a><\/div>\n<\/div>\n\n\n\n<p><\/p>\n\n\n\n<p>MVDr. Libor Vl\u010dek<br>Veterin\u00e1rn\u00ed klinika VLTAVA<br>Otavsk\u00e1 1453&nbsp;<br>370 11 \u010cesk\u00e9 Bud\u011bjovice<br>Tel.: +420 385 520 561<br>E-mail:&nbsp;&nbsp;<a href=\"mailto:vklinika@klinika-vltava.cz\" target=\"_blank\" rel=\"noreferrer noopener\">vklinika@klinika-vltava.cz<\/a><\/p>\n\n\n\n<div class=\"wp-block-buttons is-layout-flex wp-block-buttons-is-layout-flex\">\n<div class=\"wp-block-button\"><a class=\"wp-block-button__link wp-element-button\" href=\"https:\/\/www.klinika-vltava.cz\/\" target=\"_blank\" rel=\"noreferrer noopener\">Webov\u00e9 str\u00e1nky<\/a><\/div>\n<\/div>\n<\/div>\n<\/div>\n","protected":false},"excerpt":{"rendered":"<p>Rentgenologicky se u bearded colli\u00ed vy\u0161et\u0159uj\u00ed zejm\u00e9na onemocn\u011bn\u00ed pohybov\u00e9ho apar\u00e1tu (dysplazie ky\u010deln\u00edho kloubu, dysplazie loketn\u00edho kloubu, OCD ramen), kter\u00e1 se vyskytuj\u00ed&nbsp;zejm\u00e9na u st\u0159edn\u00edch, velk\u00fdch a ob\u0159\u00edch plemen ps\u016f. Sn\u00edmky se prov\u00e1d\u00ed v celkov\u00e9 anest\u00e9zii, aby do\u0161lo k \u00fapln\u00e9mu uvoln\u011bn\u00ed svalov\u00e9ho nap\u011bt\u00ed. Nej\u010dast\u011bj\u0161\u00ed rentgenologick\u00e1 vy\u0161et\u0159en\u00ed u bearded colli\u00ed: Dysplazie ky\u010deln\u00edho kloubu &#8211; DKK &#8211; POVINN\u00c9 PRO [&hellip;]<\/p>\n","protected":false},"author":2,"featured_media":0,"parent":64,"menu_order":0,"comment_status":"closed","ping_status":"closed","template":"","meta":{"_acf_changed":false,"site-sidebar-layout":"default","site-content-layout":"","ast-site-content-layout":"default","site-content-style":"default","site-sidebar-style":"default","ast-global-header-display":"","ast-banner-title-visibility":"","ast-main-header-display":"","ast-hfb-above-header-display":"","ast-hfb-below-header-display":"","ast-hfb-mobile-header-display":"","site-post-title":"","ast-breadcrumbs-content":"","ast-featured-img":"","footer-sml-layout":"","ast-disable-related-posts":"","theme-transparent-header-meta":"default","adv-header-id-meta":"","stick-header-meta":"","header-above-stick-meta":"","header-main-stick-meta":"","header-below-stick-meta":"","astra-migrate-meta-layouts":"set","ast-page-background-enabled":"default","ast-page-background-meta":{"desktop":{"background-color":"var(--ast-global-color-4)","background-image":"","background-repeat":"repeat","background-position":"center center","background-size":"auto","background-attachment":"scroll","background-type":"","background-media":"","overlay-type":"","overlay-color":"","overlay-opacity":"","overlay-gradient":""},"tablet":{"background-color":"","background-image":"","background-repeat":"repeat","background-position":"center center","background-size":"auto","background-attachment":"scroll","background-type":"","background-media":"","overlay-type":"","overlay-color":"","overlay-opacity":"","overlay-gradient":""},"mobile":{"background-color":"","background-image":"","background-repeat":"repeat","background-position":"center center","background-size":"auto","background-attachment":"scroll","background-type":"","background-media":"","overlay-type":"","overlay-color":"","overlay-opacity":"","overlay-gradient":""}},"ast-content-background-meta":{"desktop":{"background-color":"var(--ast-global-color-5)","background-image":"","background-repeat":"repeat","background-position":"center center","background-size":"auto","background-attachment":"scroll","background-type":"","background-media":"","overlay-type":"","overlay-color":"","overlay-opacity":"","overlay-gradient":""},"tablet":{"background-color":"var(--ast-global-color-5)","background-image":"","background-repeat":"repeat","background-position":"center center","background-size":"auto","background-attachment":"scroll","background-type":"","background-media":"","overlay-type":"","overlay-color":"","overlay-opacity":"","overlay-gradient":""},"mobile":{"background-color":"var(--ast-global-color-5)","background-image":"","background-repeat":"repeat","background-position":"center center","background-size":"auto","background-attachment":"scroll","background-type":"","background-media":"","overlay-type":"","overlay-color":"","overlay-opacity":"","overlay-gradient":""}},"footnotes":""},"class_list":["post-84","page","type-page","status-publish","hentry"],"acf":[],"featured_image_src":null,"_links":{"self":[{"href":"https:\/\/kchbc.beardedcollie.cz\/index.php?rest_route=\/wp\/v2\/pages\/84","targetHints":{"allow":["GET"]}}],"collection":[{"href":"https:\/\/kchbc.beardedcollie.cz\/index.php?rest_route=\/wp\/v2\/pages"}],"about":[{"href":"https:\/\/kchbc.beardedcollie.cz\/index.php?rest_route=\/wp\/v2\/types\/page"}],"author":[{"embeddable":true,"href":"https:\/\/kchbc.beardedcollie.cz\/index.php?rest_route=\/wp\/v2\/users\/2"}],"replies":[{"embeddable":true,"href":"https:\/\/kchbc.beardedcollie.cz\/index.php?rest_route=%2Fwp%2Fv2%2Fcomments&post=84"}],"version-history":[{"count":13,"href":"https:\/\/kchbc.beardedcollie.cz\/index.php?rest_route=\/wp\/v2\/pages\/84\/revisions"}],"predecessor-version":[{"id":1027,"href":"https:\/\/kchbc.beardedcollie.cz\/index.php?rest_route=\/wp\/v2\/pages\/84\/revisions\/1027"}],"up":[{"embeddable":true,"href":"https:\/\/kchbc.beardedcollie.cz\/index.php?rest_route=\/wp\/v2\/pages\/64"}],"wp:attachment":[{"href":"https:\/\/kchbc.beardedcollie.cz\/index.php?rest_route=%2Fwp%2Fv2%2Fmedia&parent=84"}],"curies":[{"name":"wp","href":"https:\/\/api.w.org\/{rel}","templated":true}]}}