{"id":8,"date":"2023-09-19T17:38:27","date_gmt":"2023-09-19T15:38:27","guid":{"rendered":"https:\/\/kchbc.beardedcollie.cz\/?page_id=8"},"modified":"2024-01-16T21:08:04","modified_gmt":"2024-01-16T20:08:04","slug":"kontakt","status":"publish","type":"page","link":"https:\/\/kchbc.beardedcollie.cz\/?page_id=8","title":{"rendered":"Kontakty"},"content":{"rendered":"\n<div class=\"wp-block-columns is-layout-flex wp-container-core-columns-is-layout-28f84493 wp-block-columns-is-layout-flex\">\n<div class=\"wp-block-column is-layout-flow wp-block-column-is-layout-flow\">\n<p>Koresponden\u010dn\u00ed adresa:<\/p>\n\n\n\n<p><strong>Klub chovatel\u016f Bearded colli\u00ed, z. s.<br>Jelmo 28<br>373 71 Rudolfov<br><br>Datov\u00e1 schr\u00e1nka: z8u7w4y<\/strong><\/p>\n<\/div>\n\n\n\n<div class=\"wp-block-column is-layout-flow wp-block-column-is-layout-flow\">\n<p>Webmaster:<\/p>\n\n\n\n<p>Petra Kratochv\u00edlov\u00e1<br>e-mail: webmaster@beardedcollie.cz<\/p>\n\n\n\n<div class=\"wp-block-buttons is-layout-flex wp-block-buttons-is-layout-flex\">\n<div class=\"wp-block-button\"><a class=\"wp-block-button__link wp-element-button\" href=\"mailto: webmaster@beardedcollie.cz\">Kontaktovat webmastera<\/a><\/div>\n<\/div>\n<\/div>\n<\/div>\n\n\n\n<div class=\"wp-block-columns is-layout-flex wp-container-core-columns-is-layout-28f84493 wp-block-columns-is-layout-flex\">\n<div class=\"wp-block-column is-layout-flow wp-block-column-is-layout-flow\">\n<h2 class=\"wp-block-heading has-text-align-center\">V\u00fdkonn\u00fd v\u00fdbor<\/h2>\n\n\n\n<div class=\"wp-block-columns are-vertically-aligned-top is-layout-flex wp-container-core-columns-is-layout-28f84493 wp-block-columns-is-layout-flex\">\n<div class=\"wp-block-column is-vertically-aligned-top is-layout-flow wp-block-column-is-layout-flow\" style=\"flex-basis:25%\">\n<div class=\"wp-block-group is-layout-constrained wp-block-group-is-layout-constrained\">\n<div class=\"wp-block-group is-layout-constrained wp-block-group-is-layout-constrained\">\n<figure class=\"wp-block-image size-large\"><img loading=\"lazy\" decoding=\"async\" width=\"1024\" height=\"1024\" src=\"https:\/\/kchbc.beardedcollie.cz\/wp-content\/uploads\/2023\/10\/profillenka-1-1024x1024.jpg\" alt=\"\" class=\"wp-image-247\" srcset=\"https:\/\/kchbc.beardedcollie.cz\/wp-content\/uploads\/2023\/10\/profillenka-1-1024x1024.jpg 1024w, https:\/\/kchbc.beardedcollie.cz\/wp-content\/uploads\/2023\/10\/profillenka-1-300x300.jpg 300w, https:\/\/kchbc.beardedcollie.cz\/wp-content\/uploads\/2023\/10\/profillenka-1-150x150.jpg 150w, https:\/\/kchbc.beardedcollie.cz\/wp-content\/uploads\/2023\/10\/profillenka-1-768x768.jpg 768w, https:\/\/kchbc.beardedcollie.cz\/wp-content\/uploads\/2023\/10\/profillenka-1-1536x1536.jpg 1536w, https:\/\/kchbc.beardedcollie.cz\/wp-content\/uploads\/2023\/10\/profillenka-1.jpg 1826w\" sizes=\"auto, (max-width: 1024px) 100vw, 1024px\" \/><\/figure>\n<\/div>\n<\/div>\n<\/div>\n\n\n\n<div class=\"wp-block-column is-vertically-aligned-top is-layout-flow wp-block-column-is-layout-flow\" style=\"flex-basis:75%\">\n<p>p\u0159edsedkyn\u011b<br><strong>Mgr. Lenka Folget Kl\u00edmov\u00e1<\/strong><br>Lelov<br>e-mail: kiaora@kiaora.cz<br>mobil: +420 777 121 652<br><br><br><\/p>\n<\/div>\n<\/div>\n\n\n\n<div class=\"wp-block-columns are-vertically-aligned-top is-layout-flex wp-container-core-columns-is-layout-28f84493 wp-block-columns-is-layout-flex\">\n<div class=\"wp-block-column is-vertically-aligned-top is-layout-flow wp-block-column-is-layout-flow\" style=\"flex-basis:25%\">\n<figure class=\"wp-block-image size-full\"><img loading=\"lazy\" decoding=\"async\" width=\"947\" height=\"960\" src=\"https:\/\/kchbc.beardedcollie.cz\/wp-content\/uploads\/2023\/10\/profildasa.jpg\" alt=\"\" class=\"wp-image-248\" srcset=\"https:\/\/kchbc.beardedcollie.cz\/wp-content\/uploads\/2023\/10\/profildasa.jpg 947w, https:\/\/kchbc.beardedcollie.cz\/wp-content\/uploads\/2023\/10\/profildasa-296x300.jpg 296w, https:\/\/kchbc.beardedcollie.cz\/wp-content\/uploads\/2023\/10\/profildasa-768x779.jpg 768w\" sizes=\"auto, (max-width: 947px) 100vw, 947px\" \/><\/figure>\n<\/div>\n\n\n\n<div class=\"wp-block-column is-vertically-aligned-top is-layout-flow wp-block-column-is-layout-flow\" style=\"flex-basis:75%\">\n<p>m\u00edstop\u0159edsedkyn\u011b<br><strong>Ing. Dagmar Netolick\u00e1<\/strong><br>\u010cesk\u00e9 Bud\u011bjovice<br>e-mail: dagmar.netolicka@seznam.cz<br>mobil: +420 724 058 342<\/p>\n\n\n\n<p>&nbsp;<\/p>\n<\/div>\n<\/div>\n\n\n\n<div class=\"wp-block-columns are-vertically-aligned-top is-layout-flex wp-container-core-columns-is-layout-28f84493 wp-block-columns-is-layout-flex\">\n<div class=\"wp-block-column is-vertically-aligned-top is-layout-flow wp-block-column-is-layout-flow\" style=\"flex-basis:25%\">\n<figure class=\"wp-block-image size-full\"><img loading=\"lazy\" decoding=\"async\" width=\"667\" height=\"667\" src=\"https:\/\/kchbc.beardedcollie.cz\/wp-content\/uploads\/2023\/12\/gabiprofil-edited.jpg\" alt=\"\" class=\"wp-image-2490\" srcset=\"https:\/\/kchbc.beardedcollie.cz\/wp-content\/uploads\/2023\/12\/gabiprofil-edited.jpg 667w, https:\/\/kchbc.beardedcollie.cz\/wp-content\/uploads\/2023\/12\/gabiprofil-edited-300x300.jpg 300w, https:\/\/kchbc.beardedcollie.cz\/wp-content\/uploads\/2023\/12\/gabiprofil-edited-150x150.jpg 150w, https:\/\/kchbc.beardedcollie.cz\/wp-content\/uploads\/2023\/12\/gabiprofil-edited-160x160.jpg 160w\" sizes=\"auto, (max-width: 667px) 100vw, 667px\" \/><\/figure>\n<\/div>\n\n\n\n<div class=\"wp-block-column is-vertically-aligned-top is-layout-flow wp-block-column-is-layout-flow\" style=\"flex-basis:75%\">\n<p>jednatelka<br><strong>Gabriela Cimrmanov\u00e1<\/strong><br>Knov\u00edz<br>e-mail: cimrmanovagabriela@seznam.cz<br>mobil: +420 603 304 789<\/p>\n\n\n\n<p>&nbsp;<\/p>\n<\/div>\n<\/div>\n\n\n\n<div class=\"wp-block-columns are-vertically-aligned-top is-layout-flex wp-container-core-columns-is-layout-28f84493 wp-block-columns-is-layout-flex\">\n<div class=\"wp-block-column is-vertically-aligned-top is-layout-flow wp-block-column-is-layout-flow\" style=\"flex-basis:25%\">\n<figure class=\"wp-block-image size-large\"><img loading=\"lazy\" decoding=\"async\" width=\"1024\" height=\"1024\" src=\"https:\/\/kchbc.beardedcollie.cz\/wp-content\/uploads\/2023\/10\/profildanav-edited-1-1024x1024.jpg\" alt=\"\" class=\"wp-image-272\" srcset=\"https:\/\/kchbc.beardedcollie.cz\/wp-content\/uploads\/2023\/10\/profildanav-edited-1-1024x1024.jpg 1024w, https:\/\/kchbc.beardedcollie.cz\/wp-content\/uploads\/2023\/10\/profildanav-edited-1-300x300.jpg 300w, https:\/\/kchbc.beardedcollie.cz\/wp-content\/uploads\/2023\/10\/profildanav-edited-1-150x150.jpg 150w, https:\/\/kchbc.beardedcollie.cz\/wp-content\/uploads\/2023\/10\/profildanav-edited-1-768x768.jpg 768w, https:\/\/kchbc.beardedcollie.cz\/wp-content\/uploads\/2023\/10\/profildanav-edited-1.jpg 1472w\" sizes=\"auto, (max-width: 1024px) 100vw, 1024px\" \/><\/figure>\n<\/div>\n\n\n\n<div class=\"wp-block-column is-vertically-aligned-top is-layout-flow wp-block-column-is-layout-flow\" style=\"flex-basis:75%\">\n<p>spr\u00e1vce plemenn\u00e9 knihy<br><strong>Dana Volkov\u00e1<\/strong><br>Jelmo 28, 373 71 Rudolfov<br>e-mail: beardies@email.cz<br>mobil: +420 776 596 600<\/p>\n\n\n\n<p>&nbsp;<\/p>\n<\/div>\n<\/div>\n\n\n\n<div class=\"wp-block-columns are-vertically-aligned-top is-layout-flex wp-container-core-columns-is-layout-28f84493 wp-block-columns-is-layout-flex\">\n<div class=\"wp-block-column is-vertically-aligned-top is-layout-flow wp-block-column-is-layout-flow\" style=\"flex-basis:25%\">\n<figure class=\"wp-block-image size-large\"><img loading=\"lazy\" decoding=\"async\" width=\"1384\" height=\"1384\" src=\"https:\/\/kchbc.beardedcollie.cz\/wp-content\/uploads\/2023\/10\/profiltona-edited.jpg\" alt=\"\" class=\"wp-image-270\" srcset=\"https:\/\/kchbc.beardedcollie.cz\/wp-content\/uploads\/2023\/10\/profiltona-edited.jpg 1384w, https:\/\/kchbc.beardedcollie.cz\/wp-content\/uploads\/2023\/10\/profiltona-edited-300x300.jpg 300w, https:\/\/kchbc.beardedcollie.cz\/wp-content\/uploads\/2023\/10\/profiltona-edited-1024x1024.jpg 1024w, https:\/\/kchbc.beardedcollie.cz\/wp-content\/uploads\/2023\/10\/profiltona-edited-150x150.jpg 150w, https:\/\/kchbc.beardedcollie.cz\/wp-content\/uploads\/2023\/10\/profiltona-edited-768x768.jpg 768w\" sizes=\"auto, (max-width: 1384px) 100vw, 1384px\" \/><\/figure>\n<\/div>\n\n\n\n<div class=\"wp-block-column is-vertically-aligned-top is-layout-flow wp-block-column-is-layout-flow\" style=\"flex-basis:75%\">\n<p>ekonomka<br><strong>Antonie Pop\u017eelevov\u00e1<\/strong><br>Brno<br>e-mail: antonie.popzelevova@volny.cz<br>mobil: +420 602 746 261<\/p>\n\n\n\n<p>&nbsp;<\/p>\n<\/div>\n<\/div>\n\n\n\n<div class=\"wp-block-columns is-layout-flex wp-container-core-columns-is-layout-28f84493 wp-block-columns-is-layout-flex\">\n<div class=\"wp-block-column is-vertically-aligned-top is-layout-flow wp-block-column-is-layout-flow\" style=\"flex-basis:25%\">\n<figure class=\"wp-block-image size-full\"><img loading=\"lazy\" decoding=\"async\" width=\"600\" height=\"600\" src=\"https:\/\/kchbc.beardedcollie.cz\/wp-content\/uploads\/2023\/10\/profilpetra-edited.jpg\" alt=\"\" class=\"wp-image-268\" srcset=\"https:\/\/kchbc.beardedcollie.cz\/wp-content\/uploads\/2023\/10\/profilpetra-edited.jpg 600w, https:\/\/kchbc.beardedcollie.cz\/wp-content\/uploads\/2023\/10\/profilpetra-edited-300x300.jpg 300w, https:\/\/kchbc.beardedcollie.cz\/wp-content\/uploads\/2023\/10\/profilpetra-edited-150x150.jpg 150w\" sizes=\"auto, (max-width: 600px) 100vw, 600px\" \/><\/figure>\n<\/div>\n\n\n\n<div class=\"wp-block-column is-vertically-aligned-top is-layout-flow wp-block-column-is-layout-flow\" style=\"flex-basis:75%\">\n<p class=\"is-style-plain\">\u010dlenka v\u00fdboru<br><strong>Mgr. Petra Kratochv\u00edlov\u00e1<\/strong><br>Slav\u0148ovice<br>e-mail: kratochvilova.p@post.cz<br>mobil: +420 728 983 030<\/p>\n\n\n\n<p>&nbsp;<\/p>\n<\/div>\n<\/div>\n\n\n\n<div class=\"wp-block-columns are-vertically-aligned-top is-layout-flex wp-container-core-columns-is-layout-28f84493 wp-block-columns-is-layout-flex\">\n<div class=\"wp-block-column is-vertically-aligned-top is-layout-flow wp-block-column-is-layout-flow\" style=\"flex-basis:25%\">\n<figure class=\"wp-block-image size-large\"><img loading=\"lazy\" decoding=\"async\" width=\"1536\" height=\"1536\" src=\"https:\/\/kchbc.beardedcollie.cz\/wp-content\/uploads\/2023\/10\/profildandulik-edited.jpg\" alt=\"\" class=\"wp-image-369\" srcset=\"https:\/\/kchbc.beardedcollie.cz\/wp-content\/uploads\/2023\/10\/profildandulik-edited.jpg 1536w, https:\/\/kchbc.beardedcollie.cz\/wp-content\/uploads\/2023\/10\/profildandulik-edited-300x300.jpg 300w, https:\/\/kchbc.beardedcollie.cz\/wp-content\/uploads\/2023\/10\/profildandulik-edited-1024x1024.jpg 1024w, https:\/\/kchbc.beardedcollie.cz\/wp-content\/uploads\/2023\/10\/profildandulik-edited-150x150.jpg 150w, https:\/\/kchbc.beardedcollie.cz\/wp-content\/uploads\/2023\/10\/profildandulik-edited-768x768.jpg 768w\" sizes=\"auto, (max-width: 1536px) 100vw, 1536px\" \/><\/figure>\n<\/div>\n\n\n\n<div class=\"wp-block-column is-vertically-aligned-top is-layout-flow wp-block-column-is-layout-flow\" style=\"flex-basis:75%\">\n<p>\u010dlenka v\u00fdboru<br><strong>Dana \u0160ejbov\u00e1<\/strong><br>Plze\u0148<br>e-mail: dana.sejbova@seznam.cz<br>mobil: +420 723 116 877<\/p>\n<\/div>\n<\/div>\n<\/div>\n\n\n\n<div class=\"wp-block-column is-layout-flow wp-block-column-is-layout-flow\">\n<h2 class=\"wp-block-heading has-text-align-center\">Kontroln\u00ed a revizn\u00ed komise<\/h2>\n\n\n\n<div class=\"wp-block-columns are-vertically-aligned-top is-layout-flex wp-container-core-columns-is-layout-28f84493 wp-block-columns-is-layout-flex\">\n<div class=\"wp-block-column is-vertically-aligned-top is-layout-flow wp-block-column-is-layout-flow\" style=\"flex-basis:25%\">\n<figure class=\"wp-block-image size-large\"><img loading=\"lazy\" decoding=\"async\" width=\"1378\" height=\"1378\" src=\"https:\/\/kchbc.beardedcollie.cz\/wp-content\/uploads\/2023\/10\/profilmartina-edited.jpg\" alt=\"\" class=\"wp-image-273\" srcset=\"https:\/\/kchbc.beardedcollie.cz\/wp-content\/uploads\/2023\/10\/profilmartina-edited.jpg 1378w, https:\/\/kchbc.beardedcollie.cz\/wp-content\/uploads\/2023\/10\/profilmartina-edited-300x300.jpg 300w, https:\/\/kchbc.beardedcollie.cz\/wp-content\/uploads\/2023\/10\/profilmartina-edited-1024x1024.jpg 1024w, https:\/\/kchbc.beardedcollie.cz\/wp-content\/uploads\/2023\/10\/profilmartina-edited-150x150.jpg 150w, https:\/\/kchbc.beardedcollie.cz\/wp-content\/uploads\/2023\/10\/profilmartina-edited-768x768.jpg 768w\" sizes=\"auto, (max-width: 1378px) 100vw, 1378px\" \/><\/figure>\n<\/div>\n\n\n\n<div class=\"wp-block-column is-vertically-aligned-top is-layout-flow wp-block-column-is-layout-flow\" style=\"flex-basis:75%\">\n<p>p\u0159edsedkyn\u011b<br><strong>Martina Ottov\u00e1<\/strong><br>Jen\u00edkov<br>e-mail: m.ottule@volny.cz<br>mobil: +420 723 376 867<\/p>\n\n\n\n<p>&nbsp;<\/p>\n<\/div>\n<\/div>\n\n\n\n<div class=\"wp-block-columns are-vertically-aligned-top is-layout-flex wp-container-core-columns-is-layout-28f84493 wp-block-columns-is-layout-flex\">\n<div class=\"wp-block-column is-vertically-aligned-top is-layout-flow wp-block-column-is-layout-flow\" style=\"flex-basis:25%\">\n<figure class=\"wp-block-image size-large\"><img loading=\"lazy\" decoding=\"async\" width=\"1024\" height=\"1021\" src=\"https:\/\/kchbc.beardedcollie.cz\/wp-content\/uploads\/2023\/10\/profilmonika-1024x1021.jpg\" alt=\"\" class=\"wp-image-256\" srcset=\"https:\/\/kchbc.beardedcollie.cz\/wp-content\/uploads\/2023\/10\/profilmonika-1024x1021.jpg 1024w, https:\/\/kchbc.beardedcollie.cz\/wp-content\/uploads\/2023\/10\/profilmonika-300x300.jpg 300w, https:\/\/kchbc.beardedcollie.cz\/wp-content\/uploads\/2023\/10\/profilmonika-150x150.jpg 150w, https:\/\/kchbc.beardedcollie.cz\/wp-content\/uploads\/2023\/10\/profilmonika-768x766.jpg 768w, https:\/\/kchbc.beardedcollie.cz\/wp-content\/uploads\/2023\/10\/profilmonika.jpg 1440w\" sizes=\"auto, (max-width: 1024px) 100vw, 1024px\" \/><\/figure>\n<\/div>\n\n\n\n<div class=\"wp-block-column is-vertically-aligned-top is-layout-flow wp-block-column-is-layout-flow\" style=\"flex-basis:75%\">\n<p>\u010dlenka Kontroln\u00ed a revizn\u00ed komise<br><strong>Monika \u0160imkov\u00e1<\/strong><br>Horn\u00ed Brusnice<br>e-mail: monsi@seznam.cz<br>mobil: +420 724 535 104<\/p>\n\n\n\n<p>&nbsp;<\/p>\n<\/div>\n<\/div>\n\n\n\n<div class=\"wp-block-columns are-vertically-aligned-top is-layout-flex wp-container-core-columns-is-layout-28f84493 wp-block-columns-is-layout-flex\">\n<div class=\"wp-block-column is-vertically-aligned-top is-layout-flow wp-block-column-is-layout-flow\" style=\"flex-basis:25%\">\n<figure class=\"wp-block-image size-large\"><img loading=\"lazy\" decoding=\"async\" width=\"2560\" height=\"2558\" src=\"https:\/\/kchbc.beardedcollie.cz\/wp-content\/uploads\/2023\/10\/DSC_0663-edited-scaled.jpg\" alt=\"\" class=\"wp-image-274\" srcset=\"https:\/\/kchbc.beardedcollie.cz\/wp-content\/uploads\/2023\/10\/DSC_0663-edited-scaled.jpg 2560w, https:\/\/kchbc.beardedcollie.cz\/wp-content\/uploads\/2023\/10\/DSC_0663-edited-300x300.jpg 300w, https:\/\/kchbc.beardedcollie.cz\/wp-content\/uploads\/2023\/10\/DSC_0663-edited-1024x1024.jpg 1024w, https:\/\/kchbc.beardedcollie.cz\/wp-content\/uploads\/2023\/10\/DSC_0663-edited-150x150.jpg 150w, https:\/\/kchbc.beardedcollie.cz\/wp-content\/uploads\/2023\/10\/DSC_0663-edited-768x768.jpg 768w, https:\/\/kchbc.beardedcollie.cz\/wp-content\/uploads\/2023\/10\/DSC_0663-edited-1536x1536.jpg 1536w\" sizes=\"auto, (max-width: 2560px) 100vw, 2560px\" \/><\/figure>\n<\/div>\n\n\n\n<div class=\"wp-block-column is-vertically-aligned-top is-layout-flow wp-block-column-is-layout-flow\" style=\"flex-basis:75%\">\n<p>\u010dlenka Kontroln\u00ed a revizn\u00ed komise<br><strong>Pavl\u00edna \u0160laisov\u00e1<\/strong><br>St\u0159\u00edbro<br>e-mail: pavlina.slaisova@seznam.cz<br>mobil: +420 739 154 697<\/p>\n\n\n\n<p>&nbsp;<\/p>\n<\/div>\n<\/div>\n<\/div>\n<\/div>\n","protected":false},"excerpt":{"rendered":"<p>Koresponden\u010dn\u00ed adresa: Klub chovatel\u016f Bearded colli\u00ed, z. s.Jelmo 28373 71 Rudolfov Datov\u00e1 schr\u00e1nka: z8u7w4y Webmaster: Petra Kratochv\u00edlov\u00e1e-mail: webmaster@beardedcollie.cz V\u00fdkonn\u00fd v\u00fdbor p\u0159edsedkyn\u011bMgr. Lenka Folget Kl\u00edmov\u00e1Lelove-mail: kiaora@kiaora.czmobil: +420 777 121 652 m\u00edstop\u0159edsedkyn\u011bIng. Dagmar Netolick\u00e1\u010cesk\u00e9 Bud\u011bjovicee-mail: dagmar.netolicka@seznam.czmobil: +420 724 058 342 &nbsp; jednatelkaGabriela Cimrmanov\u00e1Knov\u00edze-mail: cimrmanovagabriela@seznam.czmobil: +420 603 304 789 &nbsp; spr\u00e1vce plemenn\u00e9 knihyDana Volkov\u00e1Jelmo 28, 373 71 Rudolfove-mail: [&hellip;]<\/p>\n","protected":false},"author":2,"featured_media":0,"parent":55,"menu_order":0,"comment_status":"closed","ping_status":"closed","template":"","meta":{"_acf_changed":false,"site-sidebar-layout":"default","site-content-layout":"","ast-site-content-layout":"default","site-content-style":"default","site-sidebar-style":"default","ast-global-header-display":"","ast-banner-title-visibility":"","ast-main-header-display":"","ast-hfb-above-header-display":"","ast-hfb-below-header-display":"","ast-hfb-mobile-header-display":"","site-post-title":"","ast-breadcrumbs-content":"","ast-featured-img":"","footer-sml-layout":"","ast-disable-related-posts":"","theme-transparent-header-meta":"default","adv-header-id-meta":"","stick-header-meta":"","header-above-stick-meta":"","header-main-stick-meta":"","header-below-stick-meta":"","astra-migrate-meta-layouts":"set","ast-page-background-enabled":"default","ast-page-background-meta":{"desktop":{"background-color":"var(--ast-global-color-4)","background-image":"","background-repeat":"repeat","background-position":"center center","background-size":"auto","background-attachment":"scroll","background-type":"","background-media":"","overlay-type":"","overlay-color":"","overlay-opacity":"","overlay-gradient":""},"tablet":{"background-color":"","background-image":"","background-repeat":"repeat","background-position":"center center","background-size":"auto","background-attachment":"scroll","background-type":"","background-media":"","overlay-type":"","overlay-color":"","overlay-opacity":"","overlay-gradient":""},"mobile":{"background-color":"","background-image":"","background-repeat":"repeat","background-position":"center center","background-size":"auto","background-attachment":"scroll","background-type":"","background-media":"","overlay-type":"","overlay-color":"","overlay-opacity":"","overlay-gradient":""}},"ast-content-background-meta":{"desktop":{"background-color":"var(--ast-global-color-5)","background-image":"","background-repeat":"repeat","background-position":"center center","background-size":"auto","background-attachment":"scroll","background-type":"","background-media":"","overlay-type":"","overlay-color":"","overlay-opacity":"","overlay-gradient":""},"tablet":{"background-color":"var(--ast-global-color-5)","background-image":"","background-repeat":"repeat","background-position":"center center","background-size":"auto","background-attachment":"scroll","background-type":"","background-media":"","overlay-type":"","overlay-color":"","overlay-opacity":"","overlay-gradient":""},"mobile":{"background-color":"var(--ast-global-color-5)","background-image":"","background-repeat":"repeat","background-position":"center center","background-size":"auto","background-attachment":"scroll","background-type":"","background-media":"","overlay-type":"","overlay-color":"","overlay-opacity":"","overlay-gradient":""}},"footnotes":""},"class_list":["post-8","page","type-page","status-publish","hentry"],"acf":[],"featured_image_src":null,"_links":{"self":[{"href":"https:\/\/kchbc.beardedcollie.cz\/index.php?rest_route=\/wp\/v2\/pages\/8","targetHints":{"allow":["GET"]}}],"collection":[{"href":"https:\/\/kchbc.beardedcollie.cz\/index.php?rest_route=\/wp\/v2\/pages"}],"about":[{"href":"https:\/\/kchbc.beardedcollie.cz\/index.php?rest_route=\/wp\/v2\/types\/page"}],"author":[{"embeddable":true,"href":"https:\/\/kchbc.beardedcollie.cz\/index.php?rest_route=\/wp\/v2\/users\/2"}],"replies":[{"embeddable":true,"href":"https:\/\/kchbc.beardedcollie.cz\/index.php?rest_route=%2Fwp%2Fv2%2Fcomments&post=8"}],"version-history":[{"count":44,"href":"https:\/\/kchbc.beardedcollie.cz\/index.php?rest_route=\/wp\/v2\/pages\/8\/revisions"}],"predecessor-version":[{"id":2731,"href":"https:\/\/kchbc.beardedcollie.cz\/index.php?rest_route=\/wp\/v2\/pages\/8\/revisions\/2731"}],"up":[{"embeddable":true,"href":"https:\/\/kchbc.beardedcollie.cz\/index.php?rest_route=\/wp\/v2\/pages\/55"}],"wp:attachment":[{"href":"https:\/\/kchbc.beardedcollie.cz\/index.php?rest_route=%2Fwp%2Fv2%2Fmedia&parent=8"}],"curies":[{"name":"wp","href":"https:\/\/api.w.org\/{rel}","templated":true}]}}