{"id":72,"date":"2023-09-20T19:05:48","date_gmt":"2023-09-20T17:05:48","guid":{"rendered":"https:\/\/kchbc.beardedcollie.cz\/?page_id=72"},"modified":"2026-03-09T14:00:49","modified_gmt":"2026-03-09T13:00:49","slug":"clenstvi","status":"publish","type":"page","link":"https:\/\/kchbc.beardedcollie.cz\/?page_id=72","title":{"rendered":"\u010clenstv\u00ed"},"content":{"rendered":"\n<div class=\"wp-block-columns is-layout-flex wp-container-core-columns-is-layout-28f84493 wp-block-columns-is-layout-flex\">\n<div class=\"wp-block-column is-layout-flow wp-block-column-is-layout-flow\">\n<p>Do \u0159ad \u010dlen\u016f Klubu chovatel\u016f Bearded Colli\u00ed zveme v\u0161echny majitele a p\u0159\u00edznivce tohoto plemene. C\u00edlem \u010dinnosti na\u0161eho spolku je zejm\u00e9na podpora a propagace z\u00e1jmov\u00e9ho chovu \u010distokrevn\u00fdch Bearded colli\u00ed.<\/p>\n\n\n\n<p><strong>V\u00fdhody \u010dlenstv\u00ed v KCHBC:<\/strong><\/p>\n\n\n\n<ul class=\"wp-block-list\">\n<li>podpora chovu a propagace plemene v \u010cR<\/li>\n\n\n\n<li>pod\u00edl na \u0159\u00edzen\u00ed a ud\u00e1v\u00e1n\u00ed sm\u011bru chovu plemene v \u010cR<\/li>\n\n\n\n<li>p\u0159\u00edstup k aktu\u00e1ln\u00edm informac\u00edm z prost\u0159ed\u00ed klubu, kynologick\u00fdch organizac\u00ed a d\u011bn\u00ed okolo plemene<\/li>\n\n\n\n<li>ti\u0161t\u011bn\u00e1 plnobarevn\u00e1 ro\u010denka a\u017e do vlastn\u00ed schr\u00e1nky<\/li>\n\n\n\n<li>propagace narozen\u00fdch vrh\u016f, <a href=\"https:\/\/kchbc.beardedcollie.cz\/?page_id=106\" data-type=\"page\" data-id=\"106\">chovatelsk\u00e9 stanice<\/a> a chovn\u00fdch jedinc\u016f na str\u00e1nk\u00e1ch KCHBC<\/li>\n\n\n\n<li>sleva na poplatku p\u0159i <a href=\"https:\/\/kchbc.beardedcollie.cz\/?page_id=343\" data-type=\"page\" data-id=\"343\">p\u0159ihla\u0161ov\u00e1n\u00ed klubov\u00fdch akc\u00ed<\/a><\/li>\n\n\n\n<li>sleva na dal\u0161\u00edch <a href=\"https:\/\/kchbc.beardedcollie.cz\/?page_id=70\" data-type=\"page\" data-id=\"70\">klubov\u00fdch poplatc\u00edch<\/a> t\u00fdkaj\u00edc\u00edch se chovu, aktivit i tiskovin<\/li>\n\n\n\n<li>mo\u017enost z\u00fa\u010dastnit se specializovan\u00fdch <a href=\"https:\/\/kchbc.beardedcollie.cz\/?page_id=108\" data-type=\"page\" data-id=\"108\">pracovn\u00edch zkou\u0161ek <\/a>pro bearded collie<\/li>\n\n\n\n<li>mo\u017enost \u00fa\u010dasti v klubov\u00fdch <a href=\"https:\/\/kchbc.beardedcollie.cz\/?page_id=18\" data-type=\"page\" data-id=\"18\">pracovn\u00edch<\/a> a <a href=\"https:\/\/kchbc.beardedcollie.cz\/?page_id=16\" data-type=\"page\" data-id=\"16\">v\u00fdstavn\u00edch <\/a>sout\u011b\u017e\u00ed a zisku Klubov\u00e9ho \u0161ampion\u00e1tu a titulu TOP Bearded collie roku v \u010cR<\/li>\n<\/ul>\n\n\n\n<hr class=\"wp-block-separator has-alpha-channel-opacity\"\/>\n\n\n\n<ul class=\"wp-block-list\">\n<li><a href=\"https:\/\/kchbc.beardedcollie.cz\/wp-content\/uploads\/2026\/03\/Seznam-8.3.2026.pdf\" target=\"_blank\" rel=\"noreferrer noopener\">Seznam \u010dlen\u016f KCHBC 2026<\/a><\/li>\n\n\n\n<li><a href=\"https:\/\/kchbc.beardedcollie.cz\/wp-content\/uploads\/2025\/12\/Seznam-30.12.2025.pdf\" target=\"_blank\" rel=\"noreferrer noopener\">Seznam \u010dlen\u016f KCHBC 2025<\/a><\/li>\n\n\n\n<li><a href=\"https:\/\/kchbc.beardedcollie.cz\/wp-content\/uploads\/2024\/08\/Seznam_18.8.2024.pdf\" data-type=\"attachment\" data-id=\"3508\" target=\"_blank\" rel=\"noreferrer noopener\">Seznam \u010dlen\u016f KCHBC 2024<\/a><\/li>\n\n\n\n<li><a href=\"https:\/\/kchbc.beardedcollie.cz\/wp-content\/uploads\/2024\/01\/Seznam_31.12.2023.pdf\" data-type=\"attachment\" data-id=\"2671\" target=\"_blank\" rel=\"noreferrer noopener\">Seznam \u010dlen\u016f KCHBC 2023<\/a><\/li>\n\n\n\n<li><a href=\"https:\/\/kchbc.beardedcollie.cz\/wp-content\/uploads\/2023\/11\/Seznam_2022.pdf\" data-type=\"attachment\" data-id=\"560\" target=\"_blank\" rel=\"noreferrer noopener\">Seznam \u010dlen\u016f KCHBC 2022<\/a><\/li>\n\n\n\n<li><a href=\"https:\/\/kchbc.beardedcollie.cz\/wp-content\/uploads\/2023\/11\/Seznam_2021.xlsx\" data-type=\"attachment\" data-id=\"559\" target=\"_blank\" rel=\"noreferrer noopener\">Seznam \u010dlen\u016f KCHBC 2021<\/a><\/li>\n\n\n\n<li><a href=\"https:\/\/kchbc.beardedcollie.cz\/wp-content\/uploads\/2023\/11\/Seznam_2020.pdf\" data-type=\"attachment\" data-id=\"558\" target=\"_blank\" rel=\"noreferrer noopener\">Seznam \u010dlen\u016f KCHBC 2020<\/a><\/li>\n\n\n\n<li><a href=\"https:\/\/kchbc.beardedcollie.cz\/wp-content\/uploads\/2023\/11\/Seznam_2019.pdf\" data-type=\"attachment\" data-id=\"557\" target=\"_blank\" rel=\"noreferrer noopener\">Seznam \u010dlen\u016f KCHBC 2019<\/a><\/li>\n<\/ul>\n\n\n\n<p><strong>Ka\u017ed\u00fd \u0159\u00e1dn\u00fd \u010dlen m\u00e1 povinnost uhradit \u010dlensk\u00fd poplatek do 31. 12. p\u0159edchoz\u00edho roku. V p\u0159\u00edpad\u011b pozdn\u00edho uhrazen\u00ed poplatk\u016f vypl\u00fdv\u00e1 povinnost op\u011btovn\u00e9 \u00fahrady z\u00e1pisn\u00e9ho 100 K\u010d.<\/strong><\/p>\n<\/div>\n\n\n\n<div class=\"wp-block-column is-layout-flow wp-block-column-is-layout-flow\">\n<h3 class=\"wp-block-heading\"><mark style=\"background-color:#f9ff00\" class=\"has-inline-color\">Jak se st\u00e1t \u010dlenem<\/mark><\/h3>\n\n\n\n<ul class=\"wp-block-list\">\n<li>vyplnit ru\u010dn\u011b \u010di elektronicky p\u0159ihl\u00e1\u0161ku za \u010dlena KCHBC a souhlas se zpracov\u00e1n\u00edm osobn\u00edch \u00fadaj\u016f<br>&#8211; <a href=\"https:\/\/kchbc.beardedcollie.cz\/wp-content\/uploads\/2025\/08\/prihlaska_kchbc.pdf\" target=\"_blank\" rel=\"noreferrer noopener\">P\u0158IHL\u00c1\u0160KA PDF<\/a><br>&#8211; <a href=\"https:\/\/kchbc.beardedcollie.cz\/wp-content\/uploads\/2025\/08\/prihlaska_kchbc.doc\" target=\"_blank\" rel=\"noreferrer noopener\">P\u0158IHL\u00c1\u0160KA DOC<\/a><br>&#8211; <a href=\"https:\/\/kchbc.beardedcollie.cz\/wp-content\/uploads\/2023\/11\/souhlassezpracovnimosobnich.pdf\" data-type=\"attachment\" data-id=\"562\" target=\"_blank\" rel=\"noreferrer noopener\">SOUHLAS SE ZPRACOV\u00c1N\u00cdM OSOBN\u00cdCH \u00daDAJ\u016e<\/a><\/li>\n\n\n\n<li>zaplatit \u010dlensk\u00fd p\u0159\u00edsp\u011bvek ve v\u00fd\u0161i 700 K\u010d<\/li>\n\n\n\n<li>zaslat vypln\u011bnou p\u0159ihl\u00e1\u0161ku a doklad o uhrazen\u00ed \u010dlensk\u00e9ho p\u0159\u00edsp\u011bvku se z\u00e1pisn\u00fdm na adresu pokladn\u00edka:<br><strong>Antonie Pop\u017eelevov\u00e1<\/strong><br>Kn\u00edni\u010dky 807, 635 00 Brno<br><a href=\"mailto:antonie.popzelevova@volny.cz\">antonie.popzelevova@volny.cz<\/a><br>tel.: 602 746 261<\/li>\n\n\n\n<li>doklady pos\u00edlan\u00e9 elektronickou po\u0161tou naskenujte, nafo\u0165te p\u0159ihl\u00e1\u0161ku a souhlas GDPR mobilem. Nebo je po\u0161lete po\u0161tou v ob\u00e1lce.<\/li>\n\n\n\n<li>nov\u00fd \u010dlen obdr\u017e\u00ed potvrzen\u00ed o p\u0159ijet\u00ed za \u010dlena a v\u00fdtisk klubov\u00e9 ro\u010denky<\/li>\n<\/ul>\n\n\n\n<h3 class=\"wp-block-heading\"><mark style=\"background-color:#f9ff00\" class=\"has-inline-color\">Jak uhradit poplatky<\/mark><\/h3>\n\n\n\n<div class=\"wp-block-media-text has-media-on-the-right is-stacked-on-mobile is-vertically-aligned-top\" style=\"grid-template-columns:auto 41%\"><div class=\"wp-block-media-text__content\">\n<p><strong>Platbu preferujeme bezhotovostn\u011b<\/strong><br><strong>na b\u011b\u017en\u00fd \u00fa\u010det<\/strong>:<\/p>\n\n\n\n<p>Klub chovatel\u016f Bearded colli\u00ed, z. s. veden\u00fd u \u010cesk\u00e9 spo\u0159itelny \u010d. \u00fa. <strong>2024768339\/0800<\/strong>.<br><br>Do variabiln\u00edho symbolu uve\u010fte 02, co\u017e znamen\u00e1 &#8222;Nov\u00fd \u010dlen&#8220;<\/p>\n<\/div><figure class=\"wp-block-media-text__media\"><img loading=\"lazy\" decoding=\"async\" width=\"500\" height=\"500\" src=\"https:\/\/kchbc.beardedcollie.cz\/wp-content\/uploads\/2024\/01\/qrkodnovyclen.png\" alt=\"\" class=\"wp-image-2603 size-full\" srcset=\"https:\/\/kchbc.beardedcollie.cz\/wp-content\/uploads\/2024\/01\/qrkodnovyclen.png 500w, https:\/\/kchbc.beardedcollie.cz\/wp-content\/uploads\/2024\/01\/qrkodnovyclen-300x300.png 300w, https:\/\/kchbc.beardedcollie.cz\/wp-content\/uploads\/2024\/01\/qrkodnovyclen-150x150.png 150w, https:\/\/kchbc.beardedcollie.cz\/wp-content\/uploads\/2024\/01\/qrkodnovyclen-160x160.png 160w\" sizes=\"auto, (max-width: 500px) 100vw, 500px\" \/><\/figure><\/div>\n\n\n\n<p><strong>Platba slo\u017eenkou<br><\/strong>KCHBC, z. s., Jelmo 28, 373 71 Rudolfov<br><strong>\u010d\u00edslo \u00fa\u010dtu: 2024768339\/0800,&nbsp;<\/strong>slo\u017eenka typu A<\/p>\n\n\n\n<p><strong>\u010c\u00cdSLO \u00da\u010cTU KCHBC:<\/strong><br><br>\u010cesk\u00e1 spo\u0159itelna<br>Klub chovatel\u016f Bearded colli\u00ed, z. s.<br>Jelmo 28<br>373 71 Rudolfov<br><br>* \u010d. \u00fa.: 2024768339 \/ 0800<br>* IBAN: CZ75 0800 0000 0020 2476 8339<br>* SWIFT: GIBACZPX<\/p>\n\n\n\n<p>Variabiln\u00ed symboly:<br>01 &#8211; \u010dlenstv\u00ed<br>02 &#8211; \u010dlenstv\u00ed nov\u00fd \u010dlen<\/p>\n\n\n<h2 id=\"tablepress-37-name\" class=\"tablepress-table-name tablepress-table-name-id-37\">POPLATKY<\/h2>\n\n<table id=\"tablepress-37\" class=\"tablepress tablepress-id-37\" aria-labelledby=\"tablepress-37-name\">\n<thead>\n<tr class=\"row-1\">\n\t<th class=\"column-1\">\u010cLENSK\u00c9 P\u0158\u00cdSP\u011aVKY<\/th><th class=\"column-2\">\u010cLEN KCHBC<\/th><th class=\"column-3\">NE\u010cLEN KCHBC<\/th>\n<\/tr>\n<\/thead>\n<tbody class=\"row-striping row-hover\">\n<tr class=\"row-2\">\n\t<td class=\"column-1\">\u0159\u00e1dn\u00e9 \u010dlenstv\u00ed<\/td><td class=\"column-2\">600 K\u010d<\/td><td class=\"column-3\"><\/td>\n<\/tr>\n<tr class=\"row-3\">\n\t<td class=\"column-1\">\u010destn\u00e9 \u010dlenstv\u00ed<\/td><td class=\"column-2\">zdarma<\/td><td class=\"column-3\"><\/td>\n<\/tr>\n<tr class=\"row-4\">\n\t<td class=\"column-1\">z\u00e1pisn\u00e9 pro nov\u00e9ho \u010dlena<\/td><td class=\"column-2\">100 K\u010d<\/td><td class=\"column-3\"><\/td>\n<\/tr>\n<\/tbody>\n<\/table>\n<!-- #tablepress-37 from cache --><\/div>\n<\/div>\n","protected":false},"excerpt":{"rendered":"<p>Do \u0159ad \u010dlen\u016f Klubu chovatel\u016f Bearded Colli\u00ed zveme v\u0161echny majitele a p\u0159\u00edznivce tohoto plemene. C\u00edlem \u010dinnosti na\u0161eho spolku je zejm\u00e9na podpora a propagace z\u00e1jmov\u00e9ho chovu \u010distokrevn\u00fdch Bearded colli\u00ed. V\u00fdhody \u010dlenstv\u00ed v KCHBC: Ka\u017ed\u00fd \u0159\u00e1dn\u00fd \u010dlen m\u00e1 povinnost uhradit \u010dlensk\u00fd poplatek do 31. 12. p\u0159edchoz\u00edho roku. V p\u0159\u00edpad\u011b pozdn\u00edho uhrazen\u00ed poplatk\u016f vypl\u00fdv\u00e1 povinnost op\u011btovn\u00e9 \u00fahrady z\u00e1pisn\u00e9ho [&hellip;]<\/p>\n","protected":false},"author":2,"featured_media":0,"parent":55,"menu_order":0,"comment_status":"closed","ping_status":"closed","template":"","meta":{"_acf_changed":false,"site-sidebar-layout":"default","site-content-layout":"","ast-site-content-layout":"default","site-content-style":"default","site-sidebar-style":"default","ast-global-header-display":"","ast-banner-title-visibility":"","ast-main-header-display":"","ast-hfb-above-header-display":"","ast-hfb-below-header-display":"","ast-hfb-mobile-header-display":"","site-post-title":"","ast-breadcrumbs-content":"","ast-featured-img":"","footer-sml-layout":"","ast-disable-related-posts":"","theme-transparent-header-meta":"default","adv-header-id-meta":"","stick-header-meta":"","header-above-stick-meta":"","header-main-stick-meta":"","header-below-stick-meta":"","astra-migrate-meta-layouts":"set","ast-page-background-enabled":"default","ast-page-background-meta":{"desktop":{"background-color":"var(--ast-global-color-4)","background-image":"","background-repeat":"repeat","background-position":"center center","background-size":"auto","background-attachment":"scroll","background-type":"","background-media":"","overlay-type":"","overlay-color":"","overlay-opacity":"","overlay-gradient":""},"tablet":{"background-color":"","background-image":"","background-repeat":"repeat","background-position":"center center","background-size":"auto","background-attachment":"scroll","background-type":"","background-media":"","overlay-type":"","overlay-color":"","overlay-opacity":"","overlay-gradient":""},"mobile":{"background-color":"","background-image":"","background-repeat":"repeat","background-position":"center center","background-size":"auto","background-attachment":"scroll","background-type":"","background-media":"","overlay-type":"","overlay-color":"","overlay-opacity":"","overlay-gradient":""}},"ast-content-background-meta":{"desktop":{"background-color":"var(--ast-global-color-5)","background-image":"","background-repeat":"repeat","background-position":"center center","background-size":"auto","background-attachment":"scroll","background-type":"","background-media":"","overlay-type":"","overlay-color":"","overlay-opacity":"","overlay-gradient":""},"tablet":{"background-color":"var(--ast-global-color-5)","background-image":"","background-repeat":"repeat","background-position":"center center","background-size":"auto","background-attachment":"scroll","background-type":"","background-media":"","overlay-type":"","overlay-color":"","overlay-opacity":"","overlay-gradient":""},"mobile":{"background-color":"var(--ast-global-color-5)","background-image":"","background-repeat":"repeat","background-position":"center center","background-size":"auto","background-attachment":"scroll","background-type":"","background-media":"","overlay-type":"","overlay-color":"","overlay-opacity":"","overlay-gradient":""}},"footnotes":""},"class_list":["post-72","page","type-page","status-publish","hentry"],"acf":[],"featured_image_src":null,"_links":{"self":[{"href":"https:\/\/kchbc.beardedcollie.cz\/index.php?rest_route=\/wp\/v2\/pages\/72","targetHints":{"allow":["GET"]}}],"collection":[{"href":"https:\/\/kchbc.beardedcollie.cz\/index.php?rest_route=\/wp\/v2\/pages"}],"about":[{"href":"https:\/\/kchbc.beardedcollie.cz\/index.php?rest_route=\/wp\/v2\/types\/page"}],"author":[{"embeddable":true,"href":"https:\/\/kchbc.beardedcollie.cz\/index.php?rest_route=\/wp\/v2\/users\/2"}],"replies":[{"embeddable":true,"href":"https:\/\/kchbc.beardedcollie.cz\/index.php?rest_route=%2Fwp%2Fv2%2Fcomments&post=72"}],"version-history":[{"count":27,"href":"https:\/\/kchbc.beardedcollie.cz\/index.php?rest_route=\/wp\/v2\/pages\/72\/revisions"}],"predecessor-version":[{"id":5194,"href":"https:\/\/kchbc.beardedcollie.cz\/index.php?rest_route=\/wp\/v2\/pages\/72\/revisions\/5194"}],"up":[{"embeddable":true,"href":"https:\/\/kchbc.beardedcollie.cz\/index.php?rest_route=\/wp\/v2\/pages\/55"}],"wp:attachment":[{"href":"https:\/\/kchbc.beardedcollie.cz\/index.php?rest_route=%2Fwp%2Fv2%2Fmedia&parent=72"}],"curies":[{"name":"wp","href":"https:\/\/api.w.org\/{rel}","templated":true}]}}