{"id":589,"date":"2023-11-03T21:00:42","date_gmt":"2023-11-03T20:00:42","guid":{"rendered":"https:\/\/kchbc.beardedcollie.cz\/?page_id=589"},"modified":"2023-11-03T21:02:34","modified_gmt":"2023-11-03T20:02:34","slug":"databaze-uchovnenych-psu","status":"publish","type":"page","link":"https:\/\/kchbc.beardedcollie.cz\/?page_id=589","title":{"rendered":"Datab\u00e1ze uchovn\u011bn\u00fdch ps\u016f"},"content":{"rendered":"<h2 id=\"tablepress-7-name\" class=\"tablepress-table-name tablepress-table-name-id-7\">Datab\u00e1ze uchovn\u011bn\u00fdch ps\u016f narozen\u00fdch od roku 2010<\/h2>\n\n<table id=\"tablepress-7\" class=\"tablepress tablepress-id-7\" aria-labelledby=\"tablepress-7-name\">\n<thead>\n<tr class=\"row-1\">\n\t<th class=\"column-1\">Jm\u00e9no<\/th><th class=\"column-2\">Rok narozen\u00ed<\/th><th class=\"column-3\">Majitel<\/th><th class=\"column-4\">Bydli\u0161t\u011b<\/th>\n<\/tr>\n<\/thead>\n<tbody class=\"row-striping row-hover\">\n<tr class=\"row-2\">\n\t<td class=\"column-1\">Abbondio Jack Vie de Bruder<\/td><td class=\"column-2\">2021<\/td><td class=\"column-3\">Lucie Orgon\u00edkov\u00e1<\/td><td class=\"column-4\">P\u0159ibyslav<\/td>\n<\/tr>\n<tr class=\"row-3\">\n\t<td class=\"column-1\">Absolutn\u011b Prvn\u00ed od Plze\u0148sk\u00e9ho Lotra<\/td><td class=\"column-2\">2020<\/td><td class=\"column-3\">Pavl\u00edna \u0160laisov\u00e1<\/td><td class=\"column-4\">K\u0161ice<\/td>\n<\/tr>\n<tr class=\"row-4\">\n\t<td class=\"column-1\">Ace of Hearts Queriss<\/td><td class=\"column-2\">2013<\/td><td class=\"column-3\">Jaroslava + Hana Nikod\u00fdmov\u00e1<\/td><td class=\"column-4\">Jihlava<\/td>\n<\/tr>\n<tr class=\"row-5\">\n\t<td class=\"column-1\">Albert Einstein MonaChristie<\/td><td class=\"column-2\">2012<\/td><td class=\"column-3\">Pavla Mach\u00e1\u010dkov\u00e1 + Jan Zda\u0159il<\/td><td class=\"column-4\">Praha<\/td>\n<\/tr>\n<tr class=\"row-6\">\n\t<td class=\"column-1\">Alfio Lenzo Nacambel<\/td><td class=\"column-2\">2010<\/td><td class=\"column-3\">Nikola Kope\u010dn\u00e1<\/td><td class=\"column-4\">Brno<\/td>\n<\/tr>\n<tr class=\"row-7\">\n\t<td class=\"column-1\">Alistair&#8217;s Dressed to the Nines<\/td><td class=\"column-2\">2018<\/td><td class=\"column-3\">Pavla Mach\u00e1\u010dkov\u00e1 + Jan Zda\u0159il<\/td><td class=\"column-4\">Praha<\/td>\n<\/tr>\n<tr class=\"row-8\">\n\t<td class=\"column-1\">Alonso F1 MonaChristie<\/td><td class=\"column-2\">2012<\/td><td class=\"column-3\">Franti\u0161ek Smy\u010dka<\/td><td class=\"column-4\">Olomouc<\/td>\n<\/tr>\n<tr class=\"row-9\">\n\t<td class=\"column-1\">Andr\u00e9e Vie de Blanc<\/td><td class=\"column-2\">2015<\/td><td class=\"column-3\">Jarmila \u010capkov\u00e1<\/td><td class=\"column-4\">Havl\u00ed\u010dk\u016fv Brod<\/td>\n<\/tr>\n<tr class=\"row-10\">\n\t<td class=\"column-1\">Angus McKay Tullibeardie<\/td><td class=\"column-2\">2018<\/td><td class=\"column-3\">Tereza Bro\u017eov\u00e1<\/td><td class=\"column-4\">Velk\u00e9 Mezi\u0159\u00ed\u010d\u00ed<\/td>\n<\/tr>\n<tr class=\"row-11\">\n\t<td class=\"column-1\">An\u00fabis Kofinela<\/td><td class=\"column-2\">2011<\/td><td class=\"column-3\">Veronika Winklerov\u00e1<\/td><td class=\"column-4\">Praha<\/td>\n<\/tr>\n<tr class=\"row-12\">\n\t<td class=\"column-1\">Archibald Happy Vie de Bruder<\/td><td class=\"column-2\">2021<\/td><td class=\"column-3\">Jaroslava Bruderov\u00e1<\/td><td class=\"column-4\">Horn\u00ed Such\u00e1<\/td>\n<\/tr>\n<tr class=\"row-13\">\n\t<td class=\"column-1\">Baccarat Black Silesia Antracit<\/td><td class=\"column-2\">2013<\/td><td class=\"column-3\">Franti\u0161ka Petr\u00e1kov\u00e1<\/td><td class=\"column-4\">Plze\u0148<\/td>\n<\/tr>\n<tr class=\"row-14\">\n\t<td class=\"column-1\">Baldslow Jubilee Diamond<\/td><td class=\"column-2\">2020<\/td><td class=\"column-3\">Lubom\u00edra Jur\u00e1\u0161kov\u00e1<\/td><td class=\"column-4\">Kazn\u011bjov<\/td>\n<\/tr>\n<tr class=\"row-15\">\n\t<td class=\"column-1\">Barry White Old Tapis<\/td><td class=\"column-2\">2010<\/td><td class=\"column-3\">Magdal\u00e9na Dejmkov\u00e1<\/td><td class=\"column-4\">Praha<\/td>\n<\/tr>\n<tr class=\"row-16\">\n\t<td class=\"column-1\">Barrow Black Dragonbeard<\/td><td class=\"column-2\">2017<\/td><td class=\"column-3\">Michaela \u0160ant\u00ednov\u00e1<\/td><td class=\"column-4\">Ra\u010dice<\/td>\n<\/tr>\n<tr class=\"row-17\">\n\t<td class=\"column-1\">B\u00e1rny Modr\u00e1 pampeli\u0161ka<\/td><td class=\"column-2\">2012<\/td><td class=\"column-3\">Lucie Be\u010dv\u00e1\u0159ov\u00e1<\/td><td class=\"column-4\">Tursko<\/td>\n<\/tr>\n<tr class=\"row-18\">\n\t<td class=\"column-1\">B\u00e1rt Simpson Kofinela<\/td><td class=\"column-2\">2015<\/td><td class=\"column-3\">Jitka Han\u010dovsk\u00e1<\/td><td class=\"column-4\">Hostinn\u00e9<\/td>\n<\/tr>\n<tr class=\"row-19\">\n\t<td class=\"column-1\">Breaksea Rocket Man<\/td><td class=\"column-2\">2019<\/td><td class=\"column-3\">Dagmar Netolick\u00e1<\/td><td class=\"column-4\">\u010cesk\u00e9 Bud\u011bjovice<\/td>\n<\/tr>\n<tr class=\"row-20\">\n\t<td class=\"column-1\">Braemoor&#8217;s Born to Party<\/td><td class=\"column-2\">2015<\/td><td class=\"column-3\">Dagmar Netolick\u00e1<\/td><td class=\"column-4\">\u010cesk\u00e9 Bud\u011bjovice<\/td>\n<\/tr>\n<tr class=\"row-21\">\n\t<td class=\"column-1\">Breath of Highland Tullibeardie<\/td><td class=\"column-2\">2020<\/td><td class=\"column-3\">Tereza Bro\u017eov\u00e1<\/td><td class=\"column-4\">Velk\u00e9 Mezi\u0159\u00ed\u010d\u00ed<\/td>\n<\/tr>\n<tr class=\"row-22\">\n\t<td class=\"column-1\">Caff\u00e9 Latte Old Tapis<\/td><td class=\"column-2\">2011<\/td><td class=\"column-3\">Alena Rybov\u00e1<\/td><td class=\"column-4\">Plze\u0148<\/td>\n<\/tr>\n<tr class=\"row-23\">\n\t<td class=\"column-1\">Candy Guy Anarinya<\/td><td class=\"column-2\">2012<\/td><td class=\"column-3\">Martina Edelmannov\u00e1<\/td><td class=\"column-4\">Chrustenice<\/td>\n<\/tr>\n<tr class=\"row-24\">\n\t<td class=\"column-1\">Cedar Ridge Tullibeardie<\/td><td class=\"column-2\">2021<\/td><td class=\"column-3\">Monika \u0160\u0165astn\u00e1<\/td><td class=\"column-4\">Praha<\/td>\n<\/tr>\n<tr class=\"row-25\">\n\t<td class=\"column-1\">Cinebear&#8217;s Bud Spencer<\/td><td class=\"column-2\">2015<\/td><td class=\"column-3\">Martina Ottov\u00e1<\/td><td class=\"column-4\">Duchcov<\/td>\n<\/tr>\n<tr class=\"row-26\">\n\t<td class=\"column-1\">Clim Roos Vie de Blanc<\/td><td class=\"column-2\">2018<\/td><td class=\"column-3\">Jarmila \u010capkov\u00e1<\/td><td class=\"column-4\">Havl\u00ed\u010dk\u016fv Brod<\/td>\n<\/tr>\n<tr class=\"row-27\">\n\t<td class=\"column-1\">Columbo Kofinela<\/td><td class=\"column-2\">2019<\/td><td class=\"column-3\">Ivana Hornov\u00e1<\/td><td class=\"column-4\">Hr\u00e1dek nad Nisou<\/td>\n<\/tr>\n<tr class=\"row-28\">\n\t<td class=\"column-1\">Darcy Black Wilwarin<\/td><td class=\"column-2\">2013<\/td><td class=\"column-3\">Monika \u0160imkov\u00e1<\/td><td class=\"column-4\">Horn\u00ed Brusnice<\/td>\n<\/tr>\n<tr class=\"row-29\">\n\t<td class=\"column-1\">Darling Monty Anarinya<\/td><td class=\"column-2\">2013<\/td><td class=\"column-3\">Jana N\u011bmcov\u00e1<\/td><td class=\"column-4\">Praha<\/td>\n<\/tr>\n<tr class=\"row-30\">\n\t<td class=\"column-1\">Decor Old Tapis<\/td><td class=\"column-2\">2012<\/td><td class=\"column-3\">Monika Christophov\u00e1<\/td><td class=\"column-4\">\u00dast\u00ed nad Labem<\/td>\n<\/tr>\n<tr class=\"row-31\">\n\t<td class=\"column-1\">Dexter Black Wilwarin<\/td><td class=\"column-2\">2012<\/td><td class=\"column-3\">Dagmar Valtlov\u00e1<\/td><td class=\"column-4\">Chomutov<\/td>\n<\/tr>\n<tr class=\"row-32\">\n\t<td class=\"column-1\">Darling Monty Anarinya<\/td><td class=\"column-2\">2013<\/td><td class=\"column-3\">Jana N\u011bmcov\u00e1<\/td><td class=\"column-4\">Praha<\/td>\n<\/tr>\n<tr class=\"row-33\">\n\t<td class=\"column-1\">Dream Lover Anarinya<\/td><td class=\"column-2\">2013<\/td><td class=\"column-3\">Daniela Lev\u00e1kov\u00e1<\/td><td class=\"column-4\">Plze\u0148<\/td>\n<\/tr>\n<tr class=\"row-34\">\n\t<td class=\"column-1\">Dynamit Vanilka<\/td><td class=\"column-2\">2019<\/td><td class=\"column-3\">Dana Volkov\u00e1<\/td><td class=\"column-4\">Jelmo<\/td>\n<\/tr>\n<tr class=\"row-35\">\n\t<td class=\"column-1\">Eleg\u00e1n Chlupat\u00fd hopan<\/td><td class=\"column-2\">2012<\/td><td class=\"column-3\">\u017daneta Proch\u00e1zkov\u00e1<\/td><td class=\"column-4\"><\/td>\n<\/tr>\n<tr class=\"row-36\">\n\t<td class=\"column-1\">Federer Ligoretto<\/td><td class=\"column-2\">2018<\/td><td class=\"column-3\">Jana Nepustilov\u00e1<\/td><td class=\"column-4\">Ratibo\u0159<\/td>\n<\/tr>\n<tr class=\"row-37\">\n\t<td class=\"column-1\">Forest Gamp Ligoretto<\/td><td class=\"column-2\">2018<\/td><td class=\"column-3\">Milan Smatana<\/td><td class=\"column-4\">R\u00e1jec-Jest\u0159eb\u00ed<\/td>\n<\/tr>\n<tr class=\"row-38\">\n\t<td class=\"column-1\">Griff z Kn\u00ed\u017eec\u00edch sad\u016f<\/td><td class=\"column-2\">2019<\/td><td class=\"column-3\">Hana B\u00f6hmov\u00e1<\/td><td class=\"column-4\">\u0160t\u011bke\u0148<\/td>\n<\/tr>\n<tr class=\"row-39\">\n\t<td class=\"column-1\">Heart Diamond Isko<\/td><td class=\"column-2\">2022<\/td><td class=\"column-3\">Krist\u00fdna K\u0159\u00ed\u017eov\u00e1<\/td><td class=\"column-4\">Praha<\/td>\n<\/tr>\n<tr class=\"row-40\">\n\t<td class=\"column-1\">Jon Snow Emiel Regis<\/td><td class=\"column-2\">2015<\/td><td class=\"column-3\">Jan Kol\u00edsko<\/td><td class=\"column-4\">Praha<\/td>\n<\/tr>\n<tr class=\"row-41\">\n\t<td class=\"column-1\">Kaedwenn Emile Regis<\/td><td class=\"column-2\">2017<\/td><td class=\"column-3\">Ad\u00e9la Bedn\u00e1\u0159ov\u00e1<\/td><td class=\"column-4\">Praha<\/td>\n<\/tr>\n<tr class=\"row-42\">\n\t<td class=\"column-1\">Kaer Morhen Emiel Regis<\/td><td class=\"column-2\">2017<\/td><td class=\"column-3\">Kate\u0159ina Hujerov\u00e1<\/td><td class=\"column-4\">Praha<\/td>\n<\/tr>\n<tr class=\"row-43\">\n\t<td class=\"column-1\">Marigold Emiel Regis<\/td><td class=\"column-2\">2020<\/td><td class=\"column-3\">Martina M\u00fcllerov\u00e1<\/td><td class=\"column-4\">Sob\u011b\u0161\u00edn<\/td>\n<\/tr>\n<tr class=\"row-44\">\n\t<td class=\"column-1\">My Dream Mascotte z Domu Etny<\/td><td class=\"column-2\">2018<\/td><td class=\"column-3\">Gabriela + Milan Cimrmanovi<\/td><td class=\"column-4\">Knov\u00edz<\/td>\n<\/tr>\n<tr class=\"row-45\">\n\t<td class=\"column-1\">N\u00e1\u010deln\u00edk od Emy Destinov\u00e9<\/td><td class=\"column-2\">2011<\/td><td class=\"column-3\">Jitka Han\u010dovsk\u00e1<\/td><td class=\"column-4\">Hostinn\u00e9<\/td>\n<\/tr>\n<tr class=\"row-46\">\n\t<td class=\"column-1\">Quickwater Ocean of Love<\/td><td class=\"column-2\">2017<\/td><td class=\"column-3\">Dana Volkov\u00e1<\/td><td class=\"column-4\">Jelmo<\/td>\n<\/tr>\n<tr class=\"row-47\">\n\t<td class=\"column-1\">\u0160afr\u00e1nek Vanilka<\/td><td class=\"column-2\">2012<\/td><td class=\"column-3\">Dana Volkov\u00e1<\/td><td class=\"column-4\">Jelmo<\/td>\n<\/tr>\n<tr class=\"row-48\">\n\t<td class=\"column-1\">TV Vanilka<\/td><td class=\"column-2\">2012<\/td><td class=\"column-3\">Dana Volkov\u00e1<\/td><td class=\"column-4\">Jelmo<\/td>\n<\/tr>\n<tr class=\"row-49\">\n\t<td class=\"column-1\">Xerex Vanilka<\/td><td class=\"column-2\">2015<\/td><td class=\"column-3\">Michael Hru\u0161ka<\/td><td class=\"column-4\">P\u00edsek<\/td>\n<\/tr>\n<\/tbody>\n<\/table>\n","protected":false},"excerpt":{"rendered":"","protected":false},"author":2,"featured_media":0,"parent":0,"menu_order":0,"comment_status":"closed","ping_status":"closed","template":"","meta":{"_acf_changed":false,"site-sidebar-layout":"default","site-content-layout":"","ast-site-content-layout":"default","site-content-style":"default","site-sidebar-style":"default","ast-global-header-display":"","ast-banner-title-visibility":"","ast-main-header-display":"","ast-hfb-above-header-display":"","ast-hfb-below-header-display":"","ast-hfb-mobile-header-display":"","site-post-title":"","ast-breadcrumbs-content":"","ast-featured-img":"","footer-sml-layout":"","ast-disable-related-posts":"","theme-transparent-header-meta":"default","adv-header-id-meta":"","stick-header-meta":"","header-above-stick-meta":"","header-main-stick-meta":"","header-below-stick-meta":"","astra-migrate-meta-layouts":"set","ast-page-background-enabled":"default","ast-page-background-meta":{"desktop":{"background-color":"var(--ast-global-color-4)","background-image":"","background-repeat":"repeat","background-position":"center center","background-size":"auto","background-attachment":"scroll","background-type":"","background-media":"","overlay-type":"","overlay-color":"","overlay-opacity":"","overlay-gradient":""},"tablet":{"background-color":"","background-image":"","background-repeat":"repeat","background-position":"center center","background-size":"auto","background-attachment":"scroll","background-type":"","background-media":"","overlay-type":"","overlay-color":"","overlay-opacity":"","overlay-gradient":""},"mobile":{"background-color":"","background-image":"","background-repeat":"repeat","background-position":"center center","background-size":"auto","background-attachment":"scroll","background-type":"","background-media":"","overlay-type":"","overlay-color":"","overlay-opacity":"","overlay-gradient":""}},"ast-content-background-meta":{"desktop":{"background-color":"var(--ast-global-color-5)","background-image":"","background-repeat":"repeat","background-position":"center center","background-size":"auto","background-attachment":"scroll","background-type":"","background-media":"","overlay-type":"","overlay-color":"","overlay-opacity":"","overlay-gradient":""},"tablet":{"background-color":"var(--ast-global-color-5)","background-image":"","background-repeat":"repeat","background-position":"center center","background-size":"auto","background-attachment":"scroll","background-type":"","background-media":"","overlay-type":"","overlay-color":"","overlay-opacity":"","overlay-gradient":""},"mobile":{"background-color":"var(--ast-global-color-5)","background-image":"","background-repeat":"repeat","background-position":"center center","background-size":"auto","background-attachment":"scroll","background-type":"","background-media":"","overlay-type":"","overlay-color":"","overlay-opacity":"","overlay-gradient":""}},"footnotes":""},"class_list":["post-589","page","type-page","status-publish","hentry"],"acf":[],"featured_image_src":null,"_links":{"self":[{"href":"https:\/\/kchbc.beardedcollie.cz\/index.php?rest_route=\/wp\/v2\/pages\/589","targetHints":{"allow":["GET"]}}],"collection":[{"href":"https:\/\/kchbc.beardedcollie.cz\/index.php?rest_route=\/wp\/v2\/pages"}],"about":[{"href":"https:\/\/kchbc.beardedcollie.cz\/index.php?rest_route=\/wp\/v2\/types\/page"}],"author":[{"embeddable":true,"href":"https:\/\/kchbc.beardedcollie.cz\/index.php?rest_route=\/wp\/v2\/users\/2"}],"replies":[{"embeddable":true,"href":"https:\/\/kchbc.beardedcollie.cz\/index.php?rest_route=%2Fwp%2Fv2%2Fcomments&post=589"}],"version-history":[{"count":2,"href":"https:\/\/kchbc.beardedcollie.cz\/index.php?rest_route=\/wp\/v2\/pages\/589\/revisions"}],"predecessor-version":[{"id":594,"href":"https:\/\/kchbc.beardedcollie.cz\/index.php?rest_route=\/wp\/v2\/pages\/589\/revisions\/594"}],"wp:attachment":[{"href":"https:\/\/kchbc.beardedcollie.cz\/index.php?rest_route=%2Fwp%2Fv2%2Fmedia&parent=589"}],"curies":[{"name":"wp","href":"https:\/\/api.w.org\/{rel}","templated":true}]}}