{"id":568,"date":"2023-11-02T13:30:48","date_gmt":"2023-11-02T12:30:48","guid":{"rendered":"https:\/\/kchbc.beardedcollie.cz\/?page_id=568"},"modified":"2026-02-01T20:44:50","modified_gmt":"2026-02-01T19:44:50","slug":"pro-cleny","status":"publish","type":"page","link":"https:\/\/kchbc.beardedcollie.cz\/?page_id=568","title":{"rendered":"Pro \u010dleny"},"content":{"rendered":"\r\n<p><strong><mark class=\"has-inline-color has-ast-global-color-1-color\" style=\"background-color: rgba(0, 0, 0, 0);\">Pros\u00edme z\u00e1jemce o povinnou kontrolu pot\u0159ebnou pro nov\u00e9 uchovn\u011bn\u00ed jedince, aby n\u00e1m vypln\u011bn\u00edm n\u00ed\u017ee uveden\u00e9ho formul\u00e1\u0159e dali v\u011bd\u011bt, \u017ee maj\u00ed o kontrolu na vybran\u00e9 v\u00fdstav\u011b z\u00e1jem.<\/mark><\/strong><\/p>\r\n\r\n\r\n<style id=\"wpforms-css-vars-3211\">\n\t\t\t\t#wpforms-3211 {\n\t\t\t\t--wpforms-container-padding: 0px;\n--wpforms-container-border-width: 1px;\n--wpforms-container-border-radius: 3px;\n--wpforms-background-color: rgba(0, 0, 0, 0);\n--wpforms-field-size-input-height: 43px;\n--wpforms-field-size-input-spacing: 15px;\n--wpforms-field-size-font-size: 16px;\n--wpforms-field-size-line-height: 19px;\n--wpforms-field-size-padding-h: 14px;\n--wpforms-field-size-checkbox-size: 16px;\n--wpforms-field-size-sublabel-spacing: 5px;\n--wpforms-field-size-icon-size: 1;\n--wpforms-label-size-font-size: 16px;\n--wpforms-label-size-line-height: 19px;\n--wpforms-label-size-sublabel-font-size: 14px;\n--wpforms-label-size-sublabel-line-height: 17px;\n--wpforms-button-size-font-size: 17px;\n--wpforms-button-size-height: 41px;\n--wpforms-button-size-padding-h: 15px;\n--wpforms-button-size-margin-top: 10px;\n--wpforms-container-shadow-size-box-shadow: none;\n\t\t\t}\n\t\t\t<\/style><div class=\"wpforms-container wpforms-container-full wpforms-render-modern\" id=\"wpforms-3211\"><form id=\"wpforms-form-3211\" class=\"wpforms-validate wpforms-form wpforms-ajax-form\" data-formid=\"3211\" method=\"post\" enctype=\"multipart\/form-data\" action=\"\/index.php?rest_route=%2Fwp%2Fv2%2Fpages%2F568\" data-token=\"8a4338096298e021d381cb1b0f33cb71\" data-token-time=\"1776430130\"><noscript class=\"wpforms-error-noscript\">Chcete-li vyplnit tento formul\u00e1\u0159, pros\u00edm povolte v prohl\u00ed\u017ee\u010di JavaScript.<\/noscript><div id=\"wpforms-error-noscript\" style=\"display: none;\">Chcete-li vyplnit tento formul\u00e1\u0159, pros\u00edm povolte v prohl\u00ed\u017ee\u010di JavaScript.<\/div><div class=\"wpforms-field-container\"><div id=\"wpforms-3211-field_1-container\" class=\"wpforms-field wpforms-field-select wpforms-field-select-style-classic\" data-field-id=\"1\"><label class=\"wpforms-field-label\" for=\"wpforms-3211-field_1\">Vybran\u00e1 v\u00fdstava: <span class=\"wpforms-required-label\" aria-hidden=\"true\">*<\/span><\/label><select id=\"wpforms-3211-field_1\" class=\"wpforms-field-medium wpforms-field-required\" name=\"wpforms[fields][1]\" required=\"required\"><option value=\"16. 5. 2026 Zbe\u010dno\"  selected='selected' class=\"choice-1 depth-1\"  >16. 5. 2026 Zbe\u010dno<\/option><option value=\"22. 8. 2026 P\u0159\u00edseka\"  class=\"choice-2 depth-1\"  >22. 8. 2026 P\u0159\u00edseka<\/option><option value=\"11. 10. 2026 T\u00fdn nad Vltavou\"  class=\"choice-3 depth-1\"  >11. 10. 2026 T\u00fdn nad Vltavou<\/option><\/select><\/div><div id=\"wpforms-3211-field_2-container\" class=\"wpforms-field wpforms-field-text\" data-field-id=\"2\"><label class=\"wpforms-field-label\" for=\"wpforms-3211-field_2\">Jm\u00e9no psa: <span class=\"wpforms-required-label\" aria-hidden=\"true\">*<\/span><\/label><input type=\"text\" id=\"wpforms-3211-field_2\" class=\"wpforms-field-medium wpforms-field-required\" name=\"wpforms[fields][2]\" aria-errormessage=\"wpforms-3211-field_2-error\" required><\/div><div id=\"wpforms-3211-field_5-container\" class=\"wpforms-field wpforms-field-name\" data-field-id=\"5\"><fieldset><legend class=\"wpforms-field-label\">Jm\u00e9no majitele: <span class=\"wpforms-required-label\" aria-hidden=\"true\">*<\/span><\/legend><div class=\"wpforms-field-row wpforms-field-medium\"><div class=\"wpforms-field-row-block wpforms-first wpforms-one-half\"><input type=\"text\" id=\"wpforms-3211-field_5\" class=\"wpforms-field-name-first wpforms-field-required\" name=\"wpforms[fields][5][first]\" aria-errormessage=\"wpforms-3211-field_5-error\" required><label for=\"wpforms-3211-field_5\" class=\"wpforms-field-sublabel after\">K\u0159estn\u00ed jm\u00e9no<\/label><\/div><div class=\"wpforms-field-row-block wpforms-one-half\"><input type=\"text\" id=\"wpforms-3211-field_5-last\" class=\"wpforms-field-name-last wpforms-field-required\" name=\"wpforms[fields][5][last]\" aria-errormessage=\"wpforms-3211-field_5-last-error\" required><label for=\"wpforms-3211-field_5-last\" class=\"wpforms-field-sublabel after\">P\u0159\u00edjmen\u00ed<\/label><\/div><\/div><\/fieldset><\/div><\/div><!-- .wpforms-field-container --><div class=\"wpforms-submit-container\" ><input type=\"hidden\" name=\"wpforms[id]\" value=\"3211\"><input type=\"hidden\" name=\"page_title\" value=\"\"><input type=\"hidden\" name=\"page_url\" value=\"https:\/\/kchbc.beardedcollie.cz\/index.php?rest_route=\/wp\/v2\/pages\/568\"><input type=\"hidden\" name=\"url_referer\" value=\"\"><button type=\"submit\" name=\"wpforms[submit]\" id=\"wpforms-submit-3211\" class=\"wpforms-submit\" data-alt-text=\"Odes\u00edl\u00e1ni...\" data-submit-text=\"Odeslat\" aria-live=\"assertive\" value=\"wpforms-submit\">Odeslat<\/button><img loading=\"lazy\" decoding=\"async\" src=\"https:\/\/kchbc.beardedcollie.cz\/wp-content\/plugins\/wpforms-lite\/assets\/images\/submit-spin.svg\" class=\"wpforms-submit-spinner\" style=\"display: none;\" width=\"26\" height=\"26\" alt=\"Na\u010d\u00edt\u00e1n\u00ed\"><\/div><\/form><\/div>  <!-- .wpforms-container -->\n\r\n\r\n\r\n<p><a href=\"https:\/\/kchbc.beardedcollie.cz\/?page_id=589\" data-type=\"page\" data-id=\"589\">DATAB\u00c1ZE UCHOVN\u011aN\u00ddCH PS\u016e<\/a><\/p>\r\n\r\n\r\n\r\n<p><strong>BODOV\u00c9 ZISKY V KLUBOV\u00ddCH SOUT\u011a\u017d\u00cdCH<\/strong>:<\/p>\r\n\r\n\r\n\r\n<p><a href=\"https:\/\/kchbc.beardedcollie.cz\/wp-content\/uploads\/2024\/01\/pracovnisampioni2022.xlsx\" data-type=\"attachment\" data-id=\"2645\">Pr\u016fb\u011b\u017en\u00e9 bodov\u00e9 zisky do roku 2022 na pracovn\u00ed \u0161ampion\u00e1t<\/a><\/p>\r\n\r\n\r\n\r\n<p><a href=\"https:\/\/kchbc.beardedcollie.cz\/wp-content\/uploads\/2023\/11\/obojisouteze2022.pdf\" data-type=\"attachment\" data-id=\"603\">V\u00fdstavn\u00ed a pracovn\u00ed sout\u011b\u017ee za rok 2022<\/a><br \/><a href=\"https:\/\/kchbc.beardedcollie.cz\/wp-content\/uploads\/2023\/11\/obojisouteze2021.pdf\" data-type=\"attachment\" data-id=\"602\">V\u00fdstavn\u00ed a pracovn\u00ed sout\u011b\u017ee za rok 2021<\/a><br \/><a href=\"https:\/\/kchbc.beardedcollie.cz\/wp-content\/uploads\/2023\/11\/obojisouteze2020.pdf\" target=\"_blank\" rel=\"noreferrer noopener\" data-type=\"attachment\" data-id=\"654\">V\u00fdstavn\u00ed a pracovn\u00ed sout\u011b\u017ee za rok 2020<\/a><br \/><a href=\"https:\/\/kchbc.beardedcollie.cz\/wp-content\/uploads\/2023\/11\/obojisouteze2019.pdf\" data-type=\"attachment\" data-id=\"601\">V\u00fdstavn\u00ed a pracovn\u00ed sout\u011b\u017ee za rok 2019<\/a><br \/><a href=\"https:\/\/kchbc.beardedcollie.cz\/wp-content\/uploads\/2023\/11\/vystavnisouteze2018.pdf\" data-type=\"attachment\" data-id=\"611\">V\u00fdstavn\u00ed sout\u011b\u017ee 2018<\/a><br \/><a href=\"https:\/\/kchbc.beardedcollie.cz\/wp-content\/uploads\/2023\/11\/pracovnisouteze2018.pdf\" data-type=\"attachment\" data-id=\"607\">Pracovn\u00ed sout\u011b\u017ee 2018<\/a><br \/><a href=\"https:\/\/kchbc.beardedcollie.cz\/wp-content\/uploads\/2023\/11\/vystavnisouteze2017.pdf\" data-type=\"attachment\" data-id=\"610\">V\u00fdstavn\u00ed sout\u011b\u017ee 2017<\/a><br \/><a href=\"https:\/\/kchbc.beardedcollie.cz\/wp-content\/uploads\/2023\/11\/pracovnisouteze2017.pdf\" data-type=\"attachment\" data-id=\"606\">Pracovn\u00ed sout\u011b\u017ee 2017<\/a><br \/><a href=\"https:\/\/kchbc.beardedcollie.cz\/wp-content\/uploads\/2023\/11\/vystavnisouteze2016.pdf\" data-type=\"attachment\" data-id=\"609\">V\u00fdstavn\u00ed sout\u011b\u017ee 2016<\/a><br \/><a href=\"https:\/\/kchbc.beardedcollie.cz\/wp-content\/uploads\/2023\/11\/pracovnisouteze2016.pdf\" data-type=\"attachment\" data-id=\"605\">Pracovn\u00ed sout\u011b\u017ee 2016<\/a><br \/><a href=\"https:\/\/kchbc.beardedcollie.cz\/wp-content\/uploads\/2023\/11\/vystavnisouteze2015.pdf\" data-type=\"attachment\" data-id=\"608\">V\u00fdstavn\u00ed sout\u011b\u017ee 2015<\/a><br \/><a href=\"https:\/\/kchbc.beardedcollie.cz\/wp-content\/uploads\/2023\/11\/pracovnisouteze2015.pdf\" data-type=\"attachment\" data-id=\"604\">Pracovn\u00ed sout\u011b\u017ee 2015<\/a><\/p>\r\n","protected":false},"excerpt":{"rendered":"<p>Pros\u00edme z\u00e1jemce o povinnou kontrolu pot\u0159ebnou pro nov\u00e9 uchovn\u011bn\u00ed jedince, aby n\u00e1m vypln\u011bn\u00edm n\u00ed\u017ee uveden\u00e9ho formul\u00e1\u0159e dali v\u011bd\u011bt, \u017ee maj\u00ed o kontrolu na vybran\u00e9 v\u00fdstav\u011b z\u00e1jem. DATAB\u00c1ZE UCHOVN\u011aN\u00ddCH PS\u016e BODOV\u00c9 ZISKY V KLUBOV\u00ddCH SOUT\u011a\u017d\u00cdCH: Pr\u016fb\u011b\u017en\u00e9 bodov\u00e9 zisky do roku 2022 na pracovn\u00ed \u0161ampion\u00e1t V\u00fdstavn\u00ed a pracovn\u00ed sout\u011b\u017ee za rok 2022V\u00fdstavn\u00ed a pracovn\u00ed sout\u011b\u017ee za rok [&hellip;]<\/p>\n","protected":false},"author":2,"featured_media":0,"parent":0,"menu_order":0,"comment_status":"closed","ping_status":"closed","template":"","meta":{"_acf_changed":false,"site-sidebar-layout":"default","site-content-layout":"","ast-site-content-layout":"default","site-content-style":"default","site-sidebar-style":"default","ast-global-header-display":"","ast-banner-title-visibility":"","ast-main-header-display":"","ast-hfb-above-header-display":"","ast-hfb-below-header-display":"","ast-hfb-mobile-header-display":"","site-post-title":"","ast-breadcrumbs-content":"","ast-featured-img":"","footer-sml-layout":"","ast-disable-related-posts":"","theme-transparent-header-meta":"default","adv-header-id-meta":"","stick-header-meta":"","header-above-stick-meta":"","header-main-stick-meta":"","header-below-stick-meta":"","astra-migrate-meta-layouts":"set","ast-page-background-enabled":"default","ast-page-background-meta":{"desktop":{"background-color":"var(--ast-global-color-4)","background-image":"","background-repeat":"repeat","background-position":"center center","background-size":"auto","background-attachment":"scroll","background-type":"","background-media":"","overlay-type":"","overlay-color":"","overlay-opacity":"","overlay-gradient":""},"tablet":{"background-color":"","background-image":"","background-repeat":"repeat","background-position":"center center","background-size":"auto","background-attachment":"scroll","background-type":"","background-media":"","overlay-type":"","overlay-color":"","overlay-opacity":"","overlay-gradient":""},"mobile":{"background-color":"","background-image":"","background-repeat":"repeat","background-position":"center center","background-size":"auto","background-attachment":"scroll","background-type":"","background-media":"","overlay-type":"","overlay-color":"","overlay-opacity":"","overlay-gradient":""}},"ast-content-background-meta":{"desktop":{"background-color":"var(--ast-global-color-5)","background-image":"","background-repeat":"repeat","background-position":"center center","background-size":"auto","background-attachment":"scroll","background-type":"","background-media":"","overlay-type":"","overlay-color":"","overlay-opacity":"","overlay-gradient":""},"tablet":{"background-color":"var(--ast-global-color-5)","background-image":"","background-repeat":"repeat","background-position":"center center","background-size":"auto","background-attachment":"scroll","background-type":"","background-media":"","overlay-type":"","overlay-color":"","overlay-opacity":"","overlay-gradient":""},"mobile":{"background-color":"var(--ast-global-color-5)","background-image":"","background-repeat":"repeat","background-position":"center center","background-size":"auto","background-attachment":"scroll","background-type":"","background-media":"","overlay-type":"","overlay-color":"","overlay-opacity":"","overlay-gradient":""}},"footnotes":""},"class_list":["post-568","page","type-page","status-publish","hentry"],"acf":[],"featured_image_src":null,"_links":{"self":[{"href":"https:\/\/kchbc.beardedcollie.cz\/index.php?rest_route=\/wp\/v2\/pages\/568","targetHints":{"allow":["GET"]}}],"collection":[{"href":"https:\/\/kchbc.beardedcollie.cz\/index.php?rest_route=\/wp\/v2\/pages"}],"about":[{"href":"https:\/\/kchbc.beardedcollie.cz\/index.php?rest_route=\/wp\/v2\/types\/page"}],"author":[{"embeddable":true,"href":"https:\/\/kchbc.beardedcollie.cz\/index.php?rest_route=\/wp\/v2\/users\/2"}],"replies":[{"embeddable":true,"href":"https:\/\/kchbc.beardedcollie.cz\/index.php?rest_route=%2Fwp%2Fv2%2Fcomments&post=568"}],"version-history":[{"count":15,"href":"https:\/\/kchbc.beardedcollie.cz\/index.php?rest_route=\/wp\/v2\/pages\/568\/revisions"}],"predecessor-version":[{"id":5063,"href":"https:\/\/kchbc.beardedcollie.cz\/index.php?rest_route=\/wp\/v2\/pages\/568\/revisions\/5063"}],"wp:attachment":[{"href":"https:\/\/kchbc.beardedcollie.cz\/index.php?rest_route=%2Fwp%2Fv2%2Fmedia&parent=568"}],"curies":[{"name":"wp","href":"https:\/\/api.w.org\/{rel}","templated":true}]}}