{"id":55,"date":"2023-09-20T19:00:46","date_gmt":"2023-09-20T17:00:46","guid":{"rendered":"https:\/\/kchbc.beardedcollie.cz\/?page_id=55"},"modified":"2023-12-18T19:33:43","modified_gmt":"2023-12-18T18:33:43","slug":"klub","status":"publish","type":"page","link":"https:\/\/kchbc.beardedcollie.cz\/?page_id=55","title":{"rendered":"Klub"},"content":{"rendered":"\n<div class=\"wp-block-columns is-layout-flex wp-container-core-columns-is-layout-28f84493 wp-block-columns-is-layout-flex\">\n<div class=\"wp-block-column is-layout-flow wp-block-column-is-layout-flow\">\n<p><strong>Klub chovatel\u016f Bearded colli\u00ed, z. s. je dobrovoln\u00fdm sdru\u017een\u00edm p\u0159\u00edznivc\u016f ps\u016f plemene bearded collie. Klub ur\u010duje chovn\u00e9 podm\u00ednky pro bearded collie v \u010cR, p\u0159i\u010dem\u017e podporuje chov zdrav\u00fdch, standardu odpov\u00eddaj\u00edc\u00edch bearded colli\u00ed s pr\u016fkazem p\u016fvodu.<\/strong><\/p>\n\n\n\n<p>Klub svou \u010dinnost\u00ed maxim\u00e1ln\u011b podporuje sv\u00e9 \u010dleny, zprost\u0159edkov\u00e1v\u00e1 jejich setk\u00e1n\u00ed, sna\u017e\u00ed se informovat o novink\u00e1ch ohledn\u011b zdrav\u00ed, sportovn\u00edch aktivit\u00e1ch a v\u0161em co m\u016f\u017ee majitele bearded collie zaj\u00edmat.<\/p>\n\n\n\n<p>Klub ka\u017edoro\u010dn\u011b po\u0159\u00e1d\u00e1:<\/p>\n\n\n\n<ul class=\"wp-block-list\">\n<li>dv\u011b klubov\u00e9 v\u00fdstavy pro plemeno bearded collie<\/li>\n\n\n\n<li>jednu speci\u00e1ln\u00ed v\u00fdstavu bearded colli\u00ed<\/li>\n\n\n\n<li>pracovn\u00ed testy pro bearded collie<\/li>\n\n\n\n<li>Mistrovstv\u00ed bearded colli\u00ed v pasen\u00ed<\/li>\n\n\n\n<li>Mistrovstv\u00ed bearded colli\u00ed v agility<\/li>\n\n\n\n<li>r\u016fzn\u00e9 semin\u00e1\u0159e, dal\u0161\u00ed sportovn\u00ed akce, chovatelsk\u00e9 p\u0159edn\u00e1\u0161ky aj.<\/li>\n<\/ul>\n\n\n\n<figure data-wp-context=\"{&quot;imageId&quot;:&quot;69f2f9af7c2b3&quot;}\" data-wp-interactive=\"core\/image\" data-wp-key=\"69f2f9af7c2b3\" class=\"wp-block-image size-large wp-lightbox-container\"><img loading=\"lazy\" decoding=\"async\" width=\"1024\" height=\"536\" data-wp-class--hide=\"state.isContentHidden\" data-wp-class--show=\"state.isContentVisible\" data-wp-init=\"callbacks.setButtonStyles\" data-wp-on--click=\"actions.showLightbox\" data-wp-on--load=\"callbacks.setButtonStyles\" data-wp-on-window--resize=\"callbacks.setButtonStyles\" src=\"https:\/\/kchbc.beardedcollie.cz\/wp-content\/uploads\/2023\/12\/spolecna-1024x536.jpg\" alt=\"\" class=\"wp-image-2440\" srcset=\"https:\/\/kchbc.beardedcollie.cz\/wp-content\/uploads\/2023\/12\/spolecna-1024x536.jpg 1024w, https:\/\/kchbc.beardedcollie.cz\/wp-content\/uploads\/2023\/12\/spolecna-300x157.jpg 300w, https:\/\/kchbc.beardedcollie.cz\/wp-content\/uploads\/2023\/12\/spolecna-768x402.jpg 768w, https:\/\/kchbc.beardedcollie.cz\/wp-content\/uploads\/2023\/12\/spolecna-1536x804.jpg 1536w, https:\/\/kchbc.beardedcollie.cz\/wp-content\/uploads\/2023\/12\/spolecna.jpg 1938w\" sizes=\"auto, (max-width: 1024px) 100vw, 1024px\" \/><button\n\t\t\tclass=\"lightbox-trigger\"\n\t\t\ttype=\"button\"\n\t\t\taria-haspopup=\"dialog\"\n\t\t\taria-label=\"Zv\u011bt\u0161it\"\n\t\t\tdata-wp-init=\"callbacks.initTriggerButton\"\n\t\t\tdata-wp-on--click=\"actions.showLightbox\"\n\t\t\tdata-wp-style--right=\"state.imageButtonRight\"\n\t\t\tdata-wp-style--top=\"state.imageButtonTop\"\n\t\t>\n\t\t\t<svg xmlns=\"http:\/\/www.w3.org\/2000\/svg\" width=\"12\" height=\"12\" fill=\"none\" viewBox=\"0 0 12 12\">\n\t\t\t\t<path fill=\"#fff\" d=\"M2 0a2 2 0 0 0-2 2v2h1.5V2a.5.5 0 0 1 .5-.5h2V0H2Zm2 10.5H2a.5.5 0 0 1-.5-.5V8H0v2a2 2 0 0 0 2 2h2v-1.5ZM8 12v-1.5h2a.5.5 0 0 0 .5-.5V8H12v2a2 2 0 0 1-2 2H8Zm2-12a2 2 0 0 1 2 2v2h-1.5V2a.5.5 0 0 0-.5-.5H8V0h2Z\" \/>\n\t\t\t<\/svg>\n\t\t<\/button><\/figure>\n\n\n\n<p>S\u00eddlo klubu a dal\u0161\u00ed faktura\u010dn\u00ed \u00fadaje, stejn\u011b tak jako kontakty na \u010dleny v\u00fdboru, KRK a referenty, naleznete v sekci&nbsp;<a href=\"https:\/\/kchbc.beardedcollie.cz\/?page_id=8\" data-type=\"page\" data-id=\"8\">Kontakty<\/a>.<\/p>\n\n\n\n<p>\u0160t\u011b\u0148ata a chovn\u00e9 jedince klub eviduje u <a href=\"https:\/\/kchbc.beardedcollie.cz\/?page_id=61\" data-type=\"page\" data-id=\"61\">Plemenn\u00e9 knihy (PK) \u010d.1.<\/a><\/p>\n\n\n\n<p>Klub se ve sv\u00e9m p\u016fsoben\u00ed \u0159\u00edd\u00ed <a href=\"https:\/\/kchbc.beardedcollie.cz\/?page_id=68\" data-type=\"page\" data-id=\"68\">Stanovami, vlastn\u00edmi \u0159\u00e1dy a p\u0159edpisy, \u0159\u00e1dy a p\u0159edpisy \u010cMKU a FCI<\/a>.<\/p>\n<\/div>\n\n\n\n<div class=\"wp-block-column is-layout-flow wp-block-column-is-layout-flow\">\n<h2 class=\"wp-block-heading\">HISTORIE KCHBC<\/h2>\n\n\n\n<p>Prvn\u00ed bearded collie byla v \u010ceskoslovensku registrov\u00e1na plemennou knihou importem z D\u00e1nska. Byla j\u00ed modr\u00e1 fena Prunellas Blue Crowned Queen, kterou importovali do zem\u011b man\u017eel\u00e9 Karenovi v roce 1981.<\/p>\n\n\n\n<figure data-wp-context=\"{&quot;imageId&quot;:&quot;69f2f9af7d390&quot;}\" data-wp-interactive=\"core\/image\" data-wp-key=\"69f2f9af7d390\" class=\"wp-block-image size-large wp-lightbox-container\"><img loading=\"lazy\" decoding=\"async\" width=\"1024\" height=\"718\" data-wp-class--hide=\"state.isContentHidden\" data-wp-class--show=\"state.isContentVisible\" data-wp-init=\"callbacks.setButtonStyles\" data-wp-on--click=\"actions.showLightbox\" data-wp-on--load=\"callbacks.setButtonStyles\" data-wp-on-window--resize=\"callbacks.setButtonStyles\" src=\"https:\/\/kchbc.beardedcollie.cz\/wp-content\/uploads\/2023\/12\/prunellasbluecrowned-aueen-1024x718.jpg\" alt=\"\" class=\"wp-image-2443\" srcset=\"https:\/\/kchbc.beardedcollie.cz\/wp-content\/uploads\/2023\/12\/prunellasbluecrowned-aueen-1024x718.jpg 1024w, https:\/\/kchbc.beardedcollie.cz\/wp-content\/uploads\/2023\/12\/prunellasbluecrowned-aueen-300x210.jpg 300w, https:\/\/kchbc.beardedcollie.cz\/wp-content\/uploads\/2023\/12\/prunellasbluecrowned-aueen-768x538.jpg 768w, https:\/\/kchbc.beardedcollie.cz\/wp-content\/uploads\/2023\/12\/prunellasbluecrowned-aueen.jpg 1472w\" sizes=\"auto, (max-width: 1024px) 100vw, 1024px\" \/><button\n\t\t\tclass=\"lightbox-trigger\"\n\t\t\ttype=\"button\"\n\t\t\taria-haspopup=\"dialog\"\n\t\t\taria-label=\"Zv\u011bt\u0161it\"\n\t\t\tdata-wp-init=\"callbacks.initTriggerButton\"\n\t\t\tdata-wp-on--click=\"actions.showLightbox\"\n\t\t\tdata-wp-style--right=\"state.imageButtonRight\"\n\t\t\tdata-wp-style--top=\"state.imageButtonTop\"\n\t\t>\n\t\t\t<svg xmlns=\"http:\/\/www.w3.org\/2000\/svg\" width=\"12\" height=\"12\" fill=\"none\" viewBox=\"0 0 12 12\">\n\t\t\t\t<path fill=\"#fff\" d=\"M2 0a2 2 0 0 0-2 2v2h1.5V2a.5.5 0 0 1 .5-.5h2V0H2Zm2 10.5H2a.5.5 0 0 1-.5-.5V8H0v2a2 2 0 0 0 2 2h2v-1.5ZM8 12v-1.5h2a.5.5 0 0 0 .5-.5V8H12v2a2 2 0 0 1-2 2H8Zm2-12a2 2 0 0 1 2 2v2h-1.5V2a.5.5 0 0 0-.5-.5H8V0h2Z\" \/>\n\t\t\t<\/svg>\n\t\t<\/button><\/figure>\n\n\n\n<p>Bearded collie byly tehdy chov\u00e1ny pod hlavi\u010dkou Klubu koli\u00ed a \u0161elti\u00ed. V roce 1990, kdy ji\u017e v \u010ceskoslovensku \u017eilo 10 importovan\u00fdch jedinc\u016f na\u0161eho plemene a n\u011bkolik jejich potomk\u016f se p\u00e1r nad\u0161enc\u016f rozhodlo osamostatnit od klubu koli\u00ed a \u0161elti\u00ed a zalo\u017eit vlastn\u00ed klub pouze pro plemeno bearded collie. Samostatn\u00e1 \u010dinnost Klub chovatel\u016f bearded colli\u00ed byla zah\u00e1jena na ustavuj\u00edc\u00ed \u010dlensk\u00e9 sch\u016fzi dne 21. 1. 1990. Zakl\u00e1daj\u00edc\u00edmi \u010dleny v\u00fdboru byli p\u0159edseda pan Jan Fi\u0161er, jednatelka Iva Nejedl\u00edkov\u00e1 dnes Kleinov\u00e1 (v sou\u010dasn\u00e9 dob\u011b chovatelka welsh corgi), m\u00edstop\u0159edseda Ji\u0159\u00ed Tancer (nyn\u00ed chovatel australsk\u00fdch kelpi\u00ed), a poradkyn\u011b chovu pan\u00ed Anna Karenov\u00e1 (ch. st. Modr\u00e1).<\/p>\n\n\n\n<p>Od po\u010d\u00e1tku zalo\u017een\u00ed klubu a\u017e do dne\u0161n\u00edch dn\u016f, kdy slav\u00edme 30. v\u00fdro\u010d\u00ed zalo\u017een\u00ed klubu z\u016fstali v klubu jen dva \u010dlenov\u00e9. Jsou jimi majitel\u00e9 chovatelsk\u00e9 stanice Vanilka man\u017eel\u00e9 Dana a Bohumil Volkovi. Pan\u00ed Volkov\u00e1 pracuje dlouh\u00e1 l\u00e9ta jako spr\u00e1vce plemenn\u00e9 knihy a je dlouholetou \u010dlenkou v\u00fdboru klubu. Ve funkci p\u0159edsedy\/p\u0159edsedkyn\u011b se po panu Janu Fi\u0161erovi vyst\u0159\u00eddali p\u00e1nov\u00e9 Ji\u0159\u00ed Tancer, Ing. Petr Pol\u00e1\u010dek, Roman Dejmek, pan\u00ed Eva \u010capn\u00edkov\u00e1, pan\u00ed Jaroslava Dejmkov\u00e1 a sou\u010dasn\u00e1 p\u0159edsedkyn\u011b pan\u00ed Lenka Folget Kl\u00edmov\u00e1.<\/p>\n\n\n\n<p>Nejv\u00edce \u010dlen\u016f m\u011bl Klub v prvn\u00ed polovin\u011b devades\u00e1t\u00fdch let, kdy bylo plemeno u n\u00e1s velmi popul\u00e1rn\u00ed a klub m\u011bl v\u00edce jak 300 \u010dlen\u016f. V posledn\u00edch p\u011bti letech se po\u010det \u010dlen\u016f pohybuje pod stovkou. S po\u010dtem \u010dlen\u016f souvisel i po\u010det vrh\u016f v dan\u00fdch letech. V dob\u011b nejv\u011bt\u0161\u00ed popularity plemene pr\u00e1v\u011b na za\u010d\u00e1tku devades\u00e1t\u00fdch let se rodilo ro\u010dn\u011b kolem 30 vrh\u016f. V posledn\u00edch letech se po\u010det vrh\u016f pohybuje v \u010d\u00edslech lehce pod 10 ro\u010dn\u011b.<\/p>\n\n\n\n<figure class=\"wp-block-image aligncenter size-full is-resized\"><img loading=\"lazy\" decoding=\"async\" width=\"612\" height=\"960\" src=\"https:\/\/kchbc.beardedcollie.cz\/wp-content\/uploads\/2023\/12\/rocenka.jpg\" alt=\"\" class=\"wp-image-2439\" style=\"width:333px;height:auto\" srcset=\"https:\/\/kchbc.beardedcollie.cz\/wp-content\/uploads\/2023\/12\/rocenka.jpg 612w, https:\/\/kchbc.beardedcollie.cz\/wp-content\/uploads\/2023\/12\/rocenka-191x300.jpg 191w\" sizes=\"auto, (max-width: 612px) 100vw, 612px\" \/><\/figure>\n\n\n\n<p>Klub od sv\u00e9ho zalo\u017een\u00ed vyd\u00e1v\u00e1 Ro\u010denku, kter\u00e1 od po\u010d\u00e1tku v\u017edy obsahuje chovatelsk\u00e9 a v\u00fdstavn\u00ed shrnut\u00ed p\u0159ede\u0161l\u00e9ho roku. Ro\u010denka se v pr\u016fb\u011bhu let roz\u0161\u00ed\u0159ila sv\u00fdm obsahem a je reprezentativn\u00ed publikac\u00ed Klubu. V pr\u016fb\u011bhu 30-ti let, kdy se bearded collie chovaj\u00ed na na\u0161em \u00fazem\u00ed bylo importov\u00e1no 60 jedinc\u016f (\u00fadaj ke konci roku 2009). Po rozd\u011blen\u00ed \u010ceskoslovenska je nejv\u00edce import\u016f ze Slovenska (13) z r\u016fzn\u00fdch chovatelsk\u00fdch stanic. Z D\u00e1nska, jeho\u017e chovatelsk\u00e9 stanice jsou zakladateli chovu u n\u00e1s, bylo v pr\u016fb\u011bhu let importov\u00e1no 7 jedinc\u016f. Z Belgie celkem 7 jedinc\u016f, z toho 6 z chovatelsk\u00e9 stanice Firstprizebears. Ze zem\u011b p\u016fvodu \u2013 Velk\u00e9 Brit\u00e1nie \u2013 \u017eili \u010di \u017eij\u00ed v \u010cesk\u00e9 republice 4 jedinci ze dvou chovatelsk\u00fdch stanice \u2013 Natterjack a Breaksea. Ka\u017ed\u00fdm rokem Klub organizuje klubovou v\u00fdstavu se zad\u00e1v\u00e1n\u00edm presti\u017en\u00edho titulu Klubov\u00fd v\u00edt\u011bz. D\u00edky skute\u010dnosti, \u017ee v \u010cesk\u00e9 republice je pouze jeden klub, kter\u00fd se v\u011bnuje chovu plemene bearded collie, je tato v\u00fdstava mezi majiteli na\u0161eho plemene nejnav\u0161t\u011bvovan\u011bj\u0161\u00ed akc\u00ed v roce. Veden\u00ed Klubu se v\u017edy sna\u017eilo na tuto v\u00fdstavu zv\u00e1t rozhod\u010d\u00ed ze zem\u011b p\u016fvodu plemene, kte\u0159\u00ed jsou sami chovateli. Nepoda\u0159ilo se to v\u017edy, ale i p\u0159esto v na\u0161\u00ed zemi ji\u017e posuzovalo n\u011bkolik zn\u00e1m\u00fdch anglick\u00fdch chovatel\u016f. Prvn\u00edm byl pan David Hyde v roce 1993 na klubov\u00e9 v\u00fdstav\u011b v \u010cesk\u00fdch Bud\u011bjovic\u00edch. Krom\u011b klubov\u00e9 v\u00fdstavy Klub organizoval klubovou dovolenou v P\u00edse\u010dn\u00e9 nad Dyj\u00ed. Tato byla pro mal\u00fd z\u00e1jem v posledn\u00edch letech zru\u0161ena. Byla v\u0161ak akc\u00ed, kterou jej\u00ed \u00fa\u010dastn\u00edci velmi r\u00e1di nav\u0161t\u011bvovali a tr\u00e1vili cel\u00fd t\u00fdden \u010di \u010dtrn\u00e1ct dn\u00ed v poln\u00edch podm\u00ednk\u00e1ch obklopeni sv\u00fdmi bl\u00e1zniv\u00fdmi chlup\u00e1\u010di a jejich majiteli. Dovolen\u00e9 jsou velmi p\u011bkn\u011b zdokumentov\u00e1ny v Kronice, kter\u00e1 byla po n\u011bkolik let pe\u010dliv\u011b vedena. Ke klubov\u00e9 v\u00fdstav\u011b v pr\u016fb\u011bhu let p\u0159ibyla t\u00e9\u017e speci\u00e1ln\u00ed v\u00fdstava a p\u0159ed ned\u00e1vnem II. Klubov\u00e1 v\u00fdstava se zad\u00e1v\u00e1n\u00edm titulu Podzimn\u00ed v\u00edt\u011bz. Klub ji\u017e deset let v r\u00e1mci V\u00edkendu s bearded colliemi po\u0159\u00e1d\u00e1 mistrovstv\u00ed republiky v agility. Term\u00edn V\u00edkendu je ji\u017e tradi\u010dn\u00ed v polovin\u011b srpna a je jedine\u010dn\u00fd p\u0159edev\u0161\u00edm t\u00edm, \u017ee se na n\u011bm sejdou jak zaryt\u00ed milovn\u00edci v\u00fdstav, tak milovn\u00edci ak\u010dn\u00edho sportu agility. V posledn\u00edch letech je velmi pot\u011b\u0161iteln\u00e9, \u017ee m\u016f\u017eeme vid\u011bt \u00fasp\u011b\u0161n\u00e9 v\u00fdstavn\u00ed psy skl\u00edzej\u00edc\u00ed vav\u0159\u00edny tak\u00e9 na parkuru agility. Do dal\u0161\u00edch let sv\u00e9 existence budi\u017e Klubu p\u0159\u00e1no mnoho kr\u00e1sn\u00fdch a zdrav\u00fdch ps\u016f a zodpov\u011bdn\u00fdch chovatel\u016f a majitel\u016f.<br>Lenka Folget Kl\u00edmov\u00e1 &#8211;&nbsp;&nbsp;chov. st. Kiaora<\/p>\n<\/div>\n<\/div>\n","protected":false},"excerpt":{"rendered":"<p>Klub chovatel\u016f Bearded colli\u00ed, z. s. je dobrovoln\u00fdm sdru\u017een\u00edm p\u0159\u00edznivc\u016f ps\u016f plemene bearded collie. Klub ur\u010duje chovn\u00e9 podm\u00ednky pro bearded collie v \u010cR, p\u0159i\u010dem\u017e podporuje chov zdrav\u00fdch, standardu odpov\u00eddaj\u00edc\u00edch bearded colli\u00ed s pr\u016fkazem p\u016fvodu. Klub svou \u010dinnost\u00ed maxim\u00e1ln\u011b podporuje sv\u00e9 \u010dleny, zprost\u0159edkov\u00e1v\u00e1 jejich setk\u00e1n\u00ed, sna\u017e\u00ed se informovat o novink\u00e1ch ohledn\u011b zdrav\u00ed, sportovn\u00edch aktivit\u00e1ch a v\u0161em [&hellip;]<\/p>\n","protected":false},"author":2,"featured_media":0,"parent":0,"menu_order":0,"comment_status":"closed","ping_status":"closed","template":"","meta":{"_acf_changed":false,"site-sidebar-layout":"default","site-content-layout":"","ast-site-content-layout":"default","site-content-style":"default","site-sidebar-style":"default","ast-global-header-display":"","ast-banner-title-visibility":"","ast-main-header-display":"","ast-hfb-above-header-display":"","ast-hfb-below-header-display":"","ast-hfb-mobile-header-display":"","site-post-title":"","ast-breadcrumbs-content":"","ast-featured-img":"","footer-sml-layout":"","ast-disable-related-posts":"","theme-transparent-header-meta":"default","adv-header-id-meta":"","stick-header-meta":"","header-above-stick-meta":"","header-main-stick-meta":"","header-below-stick-meta":"","astra-migrate-meta-layouts":"set","ast-page-background-enabled":"default","ast-page-background-meta":{"desktop":{"background-color":"var(--ast-global-color-4)","background-image":"","background-repeat":"repeat","background-position":"center center","background-size":"auto","background-attachment":"scroll","background-type":"","background-media":"","overlay-type":"","overlay-color":"","overlay-opacity":"","overlay-gradient":""},"tablet":{"background-color":"","background-image":"","background-repeat":"repeat","background-position":"center center","background-size":"auto","background-attachment":"scroll","background-type":"","background-media":"","overlay-type":"","overlay-color":"","overlay-opacity":"","overlay-gradient":""},"mobile":{"background-color":"","background-image":"","background-repeat":"repeat","background-position":"center center","background-size":"auto","background-attachment":"scroll","background-type":"","background-media":"","overlay-type":"","overlay-color":"","overlay-opacity":"","overlay-gradient":""}},"ast-content-background-meta":{"desktop":{"background-color":"var(--ast-global-color-5)","background-image":"","background-repeat":"repeat","background-position":"center center","background-size":"auto","background-attachment":"scroll","background-type":"","background-media":"","overlay-type":"","overlay-color":"","overlay-opacity":"","overlay-gradient":""},"tablet":{"background-color":"var(--ast-global-color-5)","background-image":"","background-repeat":"repeat","background-position":"center center","background-size":"auto","background-attachment":"scroll","background-type":"","background-media":"","overlay-type":"","overlay-color":"","overlay-opacity":"","overlay-gradient":""},"mobile":{"background-color":"var(--ast-global-color-5)","background-image":"","background-repeat":"repeat","background-position":"center center","background-size":"auto","background-attachment":"scroll","background-type":"","background-media":"","overlay-type":"","overlay-color":"","overlay-opacity":"","overlay-gradient":""}},"footnotes":""},"class_list":["post-55","page","type-page","status-publish","hentry"],"acf":[],"featured_image_src":null,"_links":{"self":[{"href":"https:\/\/kchbc.beardedcollie.cz\/index.php?rest_route=\/wp\/v2\/pages\/55","targetHints":{"allow":["GET"]}}],"collection":[{"href":"https:\/\/kchbc.beardedcollie.cz\/index.php?rest_route=\/wp\/v2\/pages"}],"about":[{"href":"https:\/\/kchbc.beardedcollie.cz\/index.php?rest_route=\/wp\/v2\/types\/page"}],"author":[{"embeddable":true,"href":"https:\/\/kchbc.beardedcollie.cz\/index.php?rest_route=\/wp\/v2\/users\/2"}],"replies":[{"embeddable":true,"href":"https:\/\/kchbc.beardedcollie.cz\/index.php?rest_route=%2Fwp%2Fv2%2Fcomments&post=55"}],"version-history":[{"count":13,"href":"https:\/\/kchbc.beardedcollie.cz\/index.php?rest_route=\/wp\/v2\/pages\/55\/revisions"}],"predecessor-version":[{"id":2452,"href":"https:\/\/kchbc.beardedcollie.cz\/index.php?rest_route=\/wp\/v2\/pages\/55\/revisions\/2452"}],"wp:attachment":[{"href":"https:\/\/kchbc.beardedcollie.cz\/index.php?rest_route=%2Fwp%2Fv2%2Fmedia&parent=55"}],"curies":[{"name":"wp","href":"https:\/\/api.w.org\/{rel}","templated":true}]}}