{"id":5021,"date":"2026-01-24T18:33:32","date_gmt":"2026-01-24T17:33:32","guid":{"rendered":"https:\/\/kchbc.beardedcollie.cz\/?page_id=5021"},"modified":"2026-03-30T09:37:22","modified_gmt":"2026-03-30T07:37:22","slug":"narozene-vrhy-2026","status":"publish","type":"page","link":"https:\/\/kchbc.beardedcollie.cz\/?page_id=5021","title":{"rendered":"Narozen\u00e9 vrhy"},"content":{"rendered":"\n<div class=\"wp-block-columns are-vertically-aligned-top is-layout-flex wp-container-core-columns-is-layout-28f84493 wp-block-columns-is-layout-flex\">\n<div class=\"wp-block-column is-vertically-aligned-top is-layout-flow wp-block-column-is-layout-flow\">\n<h5 class=\"wp-block-heading\">Chovatelsk\u00e1 stanice&nbsp;<strong><a href=\"https:\/\/www.facebook.com\/natalie.vecerova.7\" target=\"_blank\" rel=\"noreferrer noopener\">Namiryn<\/a><\/strong><\/h5>\n\n\n\n<p>chovatel: Natalie Ve\u010de\u0159ov\u00e1, Milenov<br>e-mail:&nbsp;<a href=\"mailto:namiryn@seznam.cz\">namiryn@seznam.cz<\/a>, tel.: +420 739 041 192<br>otec: Ch. Barrow Black Dragonbeard \u2013 \u010dern\u00fd<br>matka: EW, C. I. B. Am\u00e1lie Ayryka Blue Via Karneda \u2013 modr\u00e1<\/p>\n\n\n\n<div class=\"wp-block-columns is-layout-flex wp-container-core-columns-is-layout-28f84493 wp-block-columns-is-layout-flex\">\n<div class=\"wp-block-column is-layout-flow wp-block-column-is-layout-flow\" style=\"flex-basis:100%\">\n<div class=\"wp-block-columns is-layout-flex wp-container-core-columns-is-layout-28f84493 wp-block-columns-is-layout-flex\">\n<div class=\"wp-block-column is-layout-flow wp-block-column-is-layout-flow\">\n<p>datum narozen\u00ed: <strong>17. 1. 2026<\/strong><\/p>\n\n\n\n<p>Psi:<br><strong>2 X \u010dern\u00fd, 1 X modr\u00fd, 1 X plav\u00fd<\/strong><\/p>\n<\/div>\n\n\n\n<div class=\"wp-block-column is-layout-flow wp-block-column-is-layout-flow\">\n<p>datum kryt\u00ed: 17. 11. 2025<\/p>\n\n\n\n<p>Feny:<br><strong>1 X \u010dern\u00e1, 1 X modr\u00e1, 1 X plav\u00e1<\/strong><br>2 X narozeno mrtv\u00e9<\/p>\n<\/div>\n<\/div>\n<\/div>\n<\/div>\n\n\n\n<details class=\"wp-block-details is-layout-flow wp-block-details-is-layout-flow\"><summary>Kontrola vrhu: 10. 3. 2026<\/summary>\n<p>&nbsp;<\/p>\n\n\n\n<figure class=\"wp-block-table\"><table class=\"has-fixed-layout\"><tbody><tr><td>3534<\/td><td>AMWOOD BLUE<\/td><td>modr\u00fd pes<\/td><td>4,8 kg<\/td><td><\/td><\/tr><tr><td>3535<\/td><td>ANIMUS FAWN<\/td><td>plav\u00fd pes<\/td><td>4,8 kg<\/td><td><\/td><\/tr><tr><td>3536<\/td><td>ANTON BLACK<\/td><td>\u010dern\u00fd pes<\/td><td>4,5 kg<\/td><td><\/td><\/tr><tr><td>3537<\/td><td>ATREY BLACK<\/td><td><br>\u010dern\u00fd pes<\/td><td>4,1 kg<\/td><td><\/td><\/tr><tr><td>3538<\/td><td>AM\u00c9LLIE BLUE<\/td><td>modr\u00e1 fena<\/td><td>4,2 kg<\/td><td><\/td><\/tr><tr><td>3539<\/td><td>ANIMA FAWN<\/td><td>plav\u00e1 fena<\/td><td>4,2 kg<\/td><td><\/td><\/tr><tr><td>3540<\/td><td>AYLIIN BLACK<\/td><td>\u010dern\u00e1 fena<\/td><td>4,6 kg<\/td><td><\/td><\/tr><\/tbody><\/table><\/figure>\n<\/details>\n<\/div>\n\n\n\n<div class=\"wp-block-column is-vertically-aligned-top is-layout-flow wp-block-column-is-layout-flow\">\n<div class=\"wp-block-columns is-layout-flex wp-container-core-columns-is-layout-28f84493 wp-block-columns-is-layout-flex\">\n<div class=\"wp-block-column is-vertically-aligned-stretch is-layout-flow wp-block-column-is-layout-flow\">\n<figure data-wp-context=\"{&quot;imageId&quot;:&quot;69f0be1903bb3&quot;}\" data-wp-interactive=\"core\/image\" data-wp-key=\"69f0be1903bb3\" class=\"wp-block-image aligncenter size-full wp-lightbox-container\"><img loading=\"lazy\" decoding=\"async\" width=\"1709\" height=\"1282\" data-wp-class--hide=\"state.isContentHidden\" data-wp-class--show=\"state.isContentVisible\" data-wp-init=\"callbacks.setButtonStyles\" data-wp-on--click=\"actions.showLightbox\" data-wp-on--load=\"callbacks.setButtonStyles\" data-wp-on-window--resize=\"callbacks.setButtonStyles\" src=\"https:\/\/kchbc.beardedcollie.cz\/wp-content\/uploads\/2025\/11\/barrowblackdragonbeard-1.jpg\" alt=\"\" class=\"wp-image-4827\" srcset=\"https:\/\/kchbc.beardedcollie.cz\/wp-content\/uploads\/2025\/11\/barrowblackdragonbeard-1.jpg 1709w, https:\/\/kchbc.beardedcollie.cz\/wp-content\/uploads\/2025\/11\/barrowblackdragonbeard-1-300x225.jpg 300w, https:\/\/kchbc.beardedcollie.cz\/wp-content\/uploads\/2025\/11\/barrowblackdragonbeard-1-1024x768.jpg 1024w, https:\/\/kchbc.beardedcollie.cz\/wp-content\/uploads\/2025\/11\/barrowblackdragonbeard-1-768x576.jpg 768w, https:\/\/kchbc.beardedcollie.cz\/wp-content\/uploads\/2025\/11\/barrowblackdragonbeard-1-1536x1152.jpg 1536w, https:\/\/kchbc.beardedcollie.cz\/wp-content\/uploads\/2025\/11\/barrowblackdragonbeard-1-16x12.jpg 16w\" sizes=\"auto, (max-width: 1709px) 100vw, 1709px\" \/><button\n\t\t\tclass=\"lightbox-trigger\"\n\t\t\ttype=\"button\"\n\t\t\taria-haspopup=\"dialog\"\n\t\t\taria-label=\"Zv\u011bt\u0161it\"\n\t\t\tdata-wp-init=\"callbacks.initTriggerButton\"\n\t\t\tdata-wp-on--click=\"actions.showLightbox\"\n\t\t\tdata-wp-style--right=\"state.imageButtonRight\"\n\t\t\tdata-wp-style--top=\"state.imageButtonTop\"\n\t\t>\n\t\t\t<svg xmlns=\"http:\/\/www.w3.org\/2000\/svg\" width=\"12\" height=\"12\" fill=\"none\" viewBox=\"0 0 12 12\">\n\t\t\t\t<path fill=\"#fff\" d=\"M2 0a2 2 0 0 0-2 2v2h1.5V2a.5.5 0 0 1 .5-.5h2V0H2Zm2 10.5H2a.5.5 0 0 1-.5-.5V8H0v2a2 2 0 0 0 2 2h2v-1.5ZM8 12v-1.5h2a.5.5 0 0 0 .5-.5V8H12v2a2 2 0 0 1-2 2H8Zm2-12a2 2 0 0 1 2 2v2h-1.5V2a.5.5 0 0 0-.5-.5H8V0h2Z\" \/>\n\t\t\t<\/svg>\n\t\t<\/button><figcaption class=\"wp-element-caption\">Barrow Black Dragonbeard<\/figcaption><\/figure>\n<\/div>\n\n\n\n<div class=\"wp-block-column is-vertically-aligned-top is-layout-flow wp-block-column-is-layout-flow\">\n<figure data-wp-context=\"{&quot;imageId&quot;:&quot;69f0be19040fe&quot;}\" data-wp-interactive=\"core\/image\" data-wp-key=\"69f0be19040fe\" class=\"wp-block-image aligncenter size-full wp-lightbox-container\"><img loading=\"lazy\" decoding=\"async\" width=\"1600\" height=\"1200\" data-wp-class--hide=\"state.isContentHidden\" data-wp-class--show=\"state.isContentVisible\" data-wp-init=\"callbacks.setButtonStyles\" data-wp-on--click=\"actions.showLightbox\" data-wp-on--load=\"callbacks.setButtonStyles\" data-wp-on-window--resize=\"callbacks.setButtonStyles\" src=\"https:\/\/kchbc.beardedcollie.cz\/wp-content\/uploads\/2025\/11\/amalieayrykaviakarneda.jpg\" alt=\"\" class=\"wp-image-4828\" srcset=\"https:\/\/kchbc.beardedcollie.cz\/wp-content\/uploads\/2025\/11\/amalieayrykaviakarneda.jpg 1600w, https:\/\/kchbc.beardedcollie.cz\/wp-content\/uploads\/2025\/11\/amalieayrykaviakarneda-300x225.jpg 300w, https:\/\/kchbc.beardedcollie.cz\/wp-content\/uploads\/2025\/11\/amalieayrykaviakarneda-1024x768.jpg 1024w, https:\/\/kchbc.beardedcollie.cz\/wp-content\/uploads\/2025\/11\/amalieayrykaviakarneda-768x576.jpg 768w, https:\/\/kchbc.beardedcollie.cz\/wp-content\/uploads\/2025\/11\/amalieayrykaviakarneda-1536x1152.jpg 1536w, https:\/\/kchbc.beardedcollie.cz\/wp-content\/uploads\/2025\/11\/amalieayrykaviakarneda-16x12.jpg 16w\" sizes=\"auto, (max-width: 1600px) 100vw, 1600px\" \/><button\n\t\t\tclass=\"lightbox-trigger\"\n\t\t\ttype=\"button\"\n\t\t\taria-haspopup=\"dialog\"\n\t\t\taria-label=\"Zv\u011bt\u0161it\"\n\t\t\tdata-wp-init=\"callbacks.initTriggerButton\"\n\t\t\tdata-wp-on--click=\"actions.showLightbox\"\n\t\t\tdata-wp-style--right=\"state.imageButtonRight\"\n\t\t\tdata-wp-style--top=\"state.imageButtonTop\"\n\t\t>\n\t\t\t<svg xmlns=\"http:\/\/www.w3.org\/2000\/svg\" width=\"12\" height=\"12\" fill=\"none\" viewBox=\"0 0 12 12\">\n\t\t\t\t<path fill=\"#fff\" d=\"M2 0a2 2 0 0 0-2 2v2h1.5V2a.5.5 0 0 1 .5-.5h2V0H2Zm2 10.5H2a.5.5 0 0 1-.5-.5V8H0v2a2 2 0 0 0 2 2h2v-1.5ZM8 12v-1.5h2a.5.5 0 0 0 .5-.5V8H12v2a2 2 0 0 1-2 2H8Zm2-12a2 2 0 0 1 2 2v2h-1.5V2a.5.5 0 0 0-.5-.5H8V0h2Z\" \/>\n\t\t\t<\/svg>\n\t\t<\/button><figcaption class=\"wp-element-caption\">Am\u00e1lie Ayryka Blue Via Karneda<\/figcaption><\/figure>\n<\/div>\n<\/div>\n<\/div>\n<\/div>\n\n\n<div class=\"gb-container gb-container-9610c7e1\"><\/div>\n\n\n<div class=\"wp-block-buttons alignfull is-content-justification-center is-layout-flex wp-container-core-buttons-is-layout-a89b3969 wp-block-buttons-is-layout-flex\">\n<div class=\"wp-block-button\"><a class=\"wp-block-button__link wp-element-button\" href=\"https:\/\/kchbc.beardedcollie.cz\/?page_id=3935\">2025<\/a><\/div>\n\n\n\n<div class=\"wp-block-button\"><a class=\"wp-block-button__link wp-element-button\" href=\"https:\/\/kchbc.beardedcollie.cz\/?page_id=2745\">2024<\/a><\/div>\n\n\n\n<div class=\"wp-block-button\"><a class=\"wp-block-button__link has-text-align-center wp-element-button\" href=\"https:\/\/kchbc.beardedcollie.cz\/?page_id=90\">2023<\/a><\/div>\n\n\n\n<div class=\"wp-block-button\"><a class=\"wp-block-button__link wp-element-button\" href=\"https:\/\/kchbc.beardedcollie.cz\/?page_id=1046\">2022<\/a><\/div>\n\n\n\n<div class=\"wp-block-button\"><a class=\"wp-block-button__link wp-element-button\" href=\"https:\/\/kchbc.beardedcollie.cz\/?page_id=1049\">2021<\/a><\/div>\n\n\n\n<div class=\"wp-block-button\"><a class=\"wp-block-button__link wp-element-button\" href=\"https:\/\/kchbc.beardedcollie.cz\/?page_id=1052\">2020<\/a><\/div>\n\n\n\n<div class=\"wp-block-button\"><a class=\"wp-block-button__link wp-element-button\" href=\"https:\/\/kchbc.beardedcollie.cz\/?page_id=1063\">2019<\/a><\/div>\n\n\n\n<div class=\"wp-block-button\"><a class=\"wp-block-button__link wp-element-button\" href=\"https:\/\/kchbc.beardedcollie.cz\/?page_id=1065\">2018<\/a><\/div>\n\n\n\n<div class=\"wp-block-button\"><a class=\"wp-block-button__link wp-element-button\" href=\"https:\/\/kchbc.beardedcollie.cz\/?page_id=1067\">2017<\/a><\/div>\n\n\n\n<div class=\"wp-block-button\"><a class=\"wp-block-button__link wp-element-button\" href=\"https:\/\/kchbc.beardedcollie.cz\/?page_id=1069\">2016<\/a><\/div>\n<\/div>\n\n\n\n<p><\/p>\n","protected":false},"excerpt":{"rendered":"<p>Chovatelsk\u00e1 stanice&nbsp;Namiryn chovatel: Natalie Ve\u010de\u0159ov\u00e1, Milenove-mail:&nbsp;namiryn@seznam.cz, tel.: +420 739 041 192otec: Ch. Barrow Black Dragonbeard \u2013 \u010dern\u00fdmatka: EW, C. I. B. Am\u00e1lie Ayryka Blue Via Karneda \u2013 modr\u00e1 datum narozen\u00ed: 17. 1. 2026 Psi:2 X \u010dern\u00fd, 1 X modr\u00fd, 1 X plav\u00fd datum kryt\u00ed: 17. 11. 2025 Feny:1 X \u010dern\u00e1, 1 X modr\u00e1, 1 X [&hellip;]<\/p>\n","protected":false},"author":2,"featured_media":0,"parent":0,"menu_order":0,"comment_status":"closed","ping_status":"closed","template":"","meta":{"_acf_changed":false,"site-sidebar-layout":"default","site-content-layout":"","ast-site-content-layout":"default","site-content-style":"default","site-sidebar-style":"default","ast-global-header-display":"","ast-banner-title-visibility":"","ast-main-header-display":"","ast-hfb-above-header-display":"","ast-hfb-below-header-display":"","ast-hfb-mobile-header-display":"","site-post-title":"","ast-breadcrumbs-content":"","ast-featured-img":"","footer-sml-layout":"","ast-disable-related-posts":"","theme-transparent-header-meta":"default","adv-header-id-meta":"","stick-header-meta":"","header-above-stick-meta":"","header-main-stick-meta":"","header-below-stick-meta":"","astra-migrate-meta-layouts":"set","ast-page-background-enabled":"default","ast-page-background-meta":{"desktop":{"background-color":"var(--ast-global-color-4)","background-image":"","background-repeat":"repeat","background-position":"center center","background-size":"auto","background-attachment":"scroll","background-type":"","background-media":"","overlay-type":"","overlay-color":"","overlay-opacity":"","overlay-gradient":""},"tablet":{"background-color":"","background-image":"","background-repeat":"repeat","background-position":"center center","background-size":"auto","background-attachment":"scroll","background-type":"","background-media":"","overlay-type":"","overlay-color":"","overlay-opacity":"","overlay-gradient":""},"mobile":{"background-color":"","background-image":"","background-repeat":"repeat","background-position":"center center","background-size":"auto","background-attachment":"scroll","background-type":"","background-media":"","overlay-type":"","overlay-color":"","overlay-opacity":"","overlay-gradient":""}},"ast-content-background-meta":{"desktop":{"background-color":"var(--ast-global-color-5)","background-image":"","background-repeat":"repeat","background-position":"center center","background-size":"auto","background-attachment":"scroll","background-type":"","background-media":"","overlay-type":"","overlay-color":"","overlay-opacity":"","overlay-gradient":""},"tablet":{"background-color":"var(--ast-global-color-5)","background-image":"","background-repeat":"repeat","background-position":"center center","background-size":"auto","background-attachment":"scroll","background-type":"","background-media":"","overlay-type":"","overlay-color":"","overlay-opacity":"","overlay-gradient":""},"mobile":{"background-color":"var(--ast-global-color-5)","background-image":"","background-repeat":"repeat","background-position":"center center","background-size":"auto","background-attachment":"scroll","background-type":"","background-media":"","overlay-type":"","overlay-color":"","overlay-opacity":"","overlay-gradient":""}},"footnotes":""},"class_list":["post-5021","page","type-page","status-publish","hentry"],"acf":[],"featured_image_src":null,"_links":{"self":[{"href":"https:\/\/kchbc.beardedcollie.cz\/index.php?rest_route=\/wp\/v2\/pages\/5021","targetHints":{"allow":["GET"]}}],"collection":[{"href":"https:\/\/kchbc.beardedcollie.cz\/index.php?rest_route=\/wp\/v2\/pages"}],"about":[{"href":"https:\/\/kchbc.beardedcollie.cz\/index.php?rest_route=\/wp\/v2\/types\/page"}],"author":[{"embeddable":true,"href":"https:\/\/kchbc.beardedcollie.cz\/index.php?rest_route=\/wp\/v2\/users\/2"}],"replies":[{"embeddable":true,"href":"https:\/\/kchbc.beardedcollie.cz\/index.php?rest_route=%2Fwp%2Fv2%2Fcomments&post=5021"}],"version-history":[{"count":8,"href":"https:\/\/kchbc.beardedcollie.cz\/index.php?rest_route=\/wp\/v2\/pages\/5021\/revisions"}],"predecessor-version":[{"id":5245,"href":"https:\/\/kchbc.beardedcollie.cz\/index.php?rest_route=\/wp\/v2\/pages\/5021\/revisions\/5245"}],"wp:attachment":[{"href":"https:\/\/kchbc.beardedcollie.cz\/index.php?rest_route=%2Fwp%2Fv2%2Fmedia&parent=5021"}],"curies":[{"name":"wp","href":"https:\/\/api.w.org\/{rel}","templated":true}]}}