{"id":4505,"date":"2025-08-31T11:10:20","date_gmt":"2025-08-31T09:10:20","guid":{"rendered":"https:\/\/kchbc.beardedcollie.cz\/?page_id=4505"},"modified":"2025-08-31T11:41:10","modified_gmt":"2025-08-31T09:41:10","slug":"eticky-kodex","status":"publish","type":"page","link":"https:\/\/kchbc.beardedcollie.cz\/?page_id=4505","title":{"rendered":"Etick\u00fd kodex"},"content":{"rendered":"<p>\u00da\u010delem etick\u00e9ho kodexu je vymezit a podporovat \u017e\u00e1douc\u00ed standardy chov\u00e1n\u00ed \u010dlena Klubu chovatel\u016f Bearded colli\u00ed, a to i ve vztahu k\u00a0ve\u0159ejnosti a ostatn\u00edm \u010dlen\u016fm Klubu.<\/p>\n\n\n<div class=\"wp-block-columns is-layout-flex wp-container-core-columns-is-layout-28f84493 wp-block-columns-is-layout-flex\">\n<div class=\"wp-block-column is-layout-flow wp-block-column-is-layout-flow\">\n<p><strong>Ka\u017ed\u00fd \u010dlen KCHBC:<\/strong><\/p>\n\n\n\n<ul class=\"wp-block-list\">\n<li>odm\u00edt\u00e1 pod\u00edl na mno\u017een\u00ed jedinc\u016f bez PP a \u0161\u00ed\u0159\u00ed osv\u011btu mezi za\u010d\u00e1te\u010dn\u00edky laskavou formou.<\/li>\n<\/ul>\n\n\n\n<p><\/p>\n\n\n\n<ul class=\"wp-block-list\">\n<li><mark style=\"background-color:rgba(0, 0, 0, 0);color:#000000\" class=\"has-inline-color\">by se m\u011bl sna\u017eit pracovat v\u00a0jednot\u011b s\u00a0ostatn\u00edmi \u010dleny a kl\u00e1st blaho, zachov\u00e1n\u00ed a rozvoj plemene nad osobn\u00ed ambice.<\/mark><\/li>\n<\/ul>\n\n\n\n<p><\/p>\n\n\n\n<ul class=\"wp-block-list\">\n<li>by nem\u011bl m\u00edt v\u00edce ps\u016f, ne\u017e kolika m\u016f\u017ee poskytnout dostate\u010dnou p\u00e9\u010di a\u00a0zdrav\u00e9 a\u00a0kvalitn\u00ed prost\u0159ed\u00ed pro \u017eivot.<\/li>\n<\/ul>\n\n\n\n<p><\/p>\n\n\n\n<ul class=\"wp-block-list\">\n<li><mark style=\"background-color:rgba(0, 0, 0, 0);color:#000000\" class=\"has-inline-color\">by se m\u011bl \u0159\u00e1dn\u011b starat o ubytov\u00e1n\u00ed, v\u00fd\u017eivu, v\u00fdchovu a dobr\u00fd zdravotn\u00ed stav v\u0161ech sv\u00fdch ps\u016f a v p\u0159\u00edpad\u011b pot\u0159eby jim zajistit odpov\u00eddaj\u00edc\u00ed veterin\u00e1rn\u00ed p\u00e9\u010di.<\/mark><\/li>\n<\/ul>\n\n\n\n<p><\/p>\n\n\n\n<ul class=\"wp-block-list\">\n<li>by m\u011bl \u0159\u00e1dn\u011b platit ve\u0161ker\u00e9 poplatky vypl\u00fdvaj\u00edc\u00ed z vlastn\u011bn\u00ed a chovu ps\u016f.<\/li>\n<\/ul>\n\n\n\n<p><\/p>\n\n\n\n<ul class=\"wp-block-list\">\n<li><mark style=\"background-color:rgba(0, 0, 0, 0);color:#000000\" class=\"has-inline-color\">by m\u011bl ukl\u00edzet po sv\u00fdch psech na ve\u0159ejn\u00fdch m\u00edstech nebo kdekoli, kde se s\u00a0nimi bude pohybovat.<\/mark><\/li>\n<\/ul>\n\n\n\n<p><\/p>\n\n\n\n<ul class=\"wp-block-list\">\n<li>by nem\u011bl dovolit \u017e\u00e1dn\u00e9mu ze sv\u00fdch ps\u016f voln\u011b se toulat, obt\u011b\u017eovat sousedy nebo osoby vykon\u00e1vaj\u00edc\u00ed \u00fa\u0159edn\u00ed povinnosti.<\/li>\n<\/ul>\n\n\n\n<p><\/p>\n\n\n\n<ul class=\"wp-block-list\">\n<li><mark style=\"background-color:rgba(0, 0, 0, 0);color:#000000\" class=\"has-inline-color\">je povinen nahl\u00e1sit spolku a poskytnout dokumentaci chovateli, jestli\u017ee byla u jeho ps\u016f nebo jejich potomk\u016f zji\u0161t\u011bna z\u00e1va\u017en\u00e1 genetick\u00e1 vada (nap\u0159. CEA, PRA, DKK, epilepsie, kryptorchismus apod. Jak\u00e9koliv pozm\u011b\u0148ov\u00e1n\u00ed, ukr\u00fdv\u00e1n\u00ed, nebo ni\u010den\u00ed informac\u00ed (dokument\u016f) je zak\u00e1z\u00e1no.<\/mark><\/li>\n<\/ul>\n\n\n\n<p><\/p>\n\n\n\n<ul class=\"wp-block-list\">\n<li>by m\u011bl v\u00a0r\u00e1mci sv\u00fdch mo\u017enost\u00ed sledovat aktu\u00e1ln\u00ed stav na poli chovatelstv\u00ed a v\u00a0tomto sm\u011bru se vzd\u011bl\u00e1vat.<\/li>\n<\/ul>\n<\/div>\n\n\n\n<div class=\"wp-block-column is-layout-flow wp-block-column-is-layout-flow\">\n<p><strong>Ka\u017ed\u00fd chovatel:<\/strong><\/p>\n\n\n\n<ul class=\"wp-block-list\">\n<li>by m\u011bl p\u0159i v\u00fdb\u011bru chovn\u00fdch jedinc\u016f sm\u011b\u0159ovat ke zlep\u0161en\u00ed kvality plemene v souladu se standardem a specifick\u00fdmi vlastnostmi plemene. P\u0159ed pl\u00e1novan\u00fdm vrhem by m\u011bl b\u00fdt kladen stejn\u00fd d\u016fraz na typ, povahu, zdrav\u00ed a stavbu t\u011bla. Finan\u010dn\u00ed zisk nesm\u00ed b\u00fdt hlavn\u00ed motivac\u00ed.<br><\/li>\n<\/ul>\n\n\n\n<ul class=\"wp-block-list\">\n<li><mark style=\"background-color:rgba(0, 0, 0, 0);color:#000000\" class=\"has-inline-color\">se zavazuje, \u017ee nebude chovat na takov\u00fdch jedinc\u00edch, jejich\u017e pou\u017eit\u00ed v\u00a0chovu by mohlo po\u0161kozovat psa samotn\u00e9ho nebo chov jako takov\u00fd.<\/mark><br><\/li>\n<\/ul>\n\n\n\n<ul class=\"wp-block-list\">\n<li>by m\u011bl odchov\u00e1vat vrh pouze v\u00a0p\u0159\u00edpad\u011b, \u017ee m\u00e1 za\u0159\u00edzen\u00ed a \u010das, aby mohl v\u011bnovat n\u00e1le\u017eitou p\u00e9\u010di a pozornost v\u00fdchov\u011b \u0161t\u011b\u0148at a blahu matky.<br><\/li>\n<\/ul>\n\n\n\n<ul class=\"wp-block-list\">\n<li><mark style=\"background-color:rgba(0, 0, 0, 0);color:#000000\" class=\"has-inline-color\">bude dle sv\u00e9ho nejlep\u0161\u00edho v\u011bdom\u00ed a sv\u011bdom\u00ed i sv\u00fdch mo\u017enost\u00ed pom\u00e1hat a radit za\u010d\u00ednaj\u00edc\u00edm majitel\u016fm s\u00a0chovem, v\u00fdstavami a celkovou p\u00e9\u010di o plemeno s\u00a0d\u016frazem na p\u00e9\u010di o srst.<\/mark><br><\/li>\n<\/ul>\n\n\n\n<ul class=\"wp-block-list\">\n<li>by m\u011bl odm\u00edtnout prodej psa neetick\u00fdm chovatel\u016fm nebo osob\u00e1m, jejich\u017e z\u00e1m\u011bry jsou nezn\u00e1m\u00e9 nebo podez\u0159el\u00e9 a v\u0161echny majitele p\u0159edem prov\u011b\u0159it. Ka\u017ed\u00fd chovatel bude prod\u00e1vat psy pouze do takov\u00e9ho prost\u0159ed\u00ed, kde se d\u00e1 o\u010dek\u00e1vat kvalitn\u00ed a dlouhodob\u00e1 p\u00e9\u010de. \u017d\u00e1dn\u00fd chovatel nebude prod\u00e1vat psy k\u00a0obchodn\u00edm \u00fa\u010del\u016fm, do velkoobchod\u016f se psy nebo prodejc\u016fm ps\u00edch mazl\u00ed\u010dk\u016f.<br><\/li>\n<\/ul>\n\n\n\n<ul class=\"wp-block-list\">\n<li><mark style=\"background-color:rgba(0, 0, 0, 0);color:#000000\" class=\"has-inline-color\">se p\u0159i prodeji bude chovat \u010destn\u011b, neuvede z\u00e1m\u011brn\u011b kupuj\u00edc\u00edho v\u00a0omyl a p\u0159ed\u00e1 \u0161t\u011b\u0148ata ve v\u00fdborn\u00e9m zdravotn\u00edm a psychick\u00e9m stavu.<\/mark><br><\/li>\n<\/ul>\n\n\n\n<ul class=\"wp-block-list\">\n<li>p\u0159ed\u00e1 budouc\u00edm majitel\u016fm p\u00edsemn\u00e9 \u00fadaje o\u00a0po\u017eadavc\u00edch na stravu a\u00a0pokyny t\u00fdkaj\u00edc\u00ed se odpov\u011bdn\u00e9ho chovu psa a v\u0161echny relevantn\u00ed dokumenty.<br><\/li>\n<\/ul>\n\n\n\n<ul class=\"wp-block-list\">\n<li><mark style=\"background-color:rgba(0, 0, 0, 0);color:#000000\" class=\"has-inline-color\">stanov\u00ed cenu \u0161t\u011bn\u011bte p\u0159im\u011b\u0159enou kvalit\u011b chovu, p\u016fvodu rodi\u010d\u016f a o\u010dek\u00e1van\u00fdm vlastnostem psa.<\/mark><br><\/li>\n<\/ul>\n\n\n\n<ul class=\"wp-block-list\">\n<li>je povinen informovat kupuj\u00edc\u00edho o v\u0161ech zn\u00e1m\u00fdch odchylk\u00e1ch od standardu. Prod\u00e1v\u00e1na by m\u011bla b\u00fdt pouze \u0161t\u011b\u0148ata, kter\u00e1 jsou dle nejlep\u0161\u00edho v\u011bdom\u00ed a sv\u011bdom\u00ed chovatele zdrav\u00e1.<br><\/li>\n<\/ul>\n\n\n\n<ul class=\"wp-block-list\">\n<li><mark style=\"background-color:rgba(0, 0, 0, 0);color:#000000\" class=\"has-inline-color\">by m\u011bl uchov\u00e1vat z\u00e1znamy o \u0161t\u011b\u0148atech a adresy kupuj\u00edc\u00edch a v\u00e9st a archivovat ve\u0161kerou chovatelskou dokumentaci.<\/mark><br><\/li>\n<\/ul>\n\n\n\n<ul class=\"wp-block-list\">\n<li>mus\u00ed b\u00fdt p\u0159ipraven p\u0159ijmout zp\u011bt kter\u00e9hokoli z potomk\u016f nebo pomoci s jejich um\u00edst\u011bn\u00edm do hodnotn\u00e9ho domova.<\/li>\n<\/ul>\n\n\n\n<p><\/p>\n<\/div>\n<\/div>\n\n\n\n<p><\/p>\n","protected":false},"excerpt":{"rendered":"<p>\u00da\u010delem etick\u00e9ho kodexu je vymezit a podporovat \u017e\u00e1douc\u00ed standardy chov\u00e1n\u00ed \u010dlena Klubu chovatel\u016f Bearded colli\u00ed, a to i ve vztahu k\u00a0ve\u0159ejnosti a ostatn\u00edm \u010dlen\u016fm Klubu. Ka\u017ed\u00fd \u010dlen KCHBC: Ka\u017ed\u00fd chovatel:<\/p>\n","protected":false},"author":2,"featured_media":0,"parent":55,"menu_order":0,"comment_status":"closed","ping_status":"closed","template":"","meta":{"_acf_changed":false,"site-sidebar-layout":"default","site-content-layout":"","ast-site-content-layout":"default","site-content-style":"default","site-sidebar-style":"default","ast-global-header-display":"","ast-banner-title-visibility":"","ast-main-header-display":"","ast-hfb-above-header-display":"","ast-hfb-below-header-display":"","ast-hfb-mobile-header-display":"","site-post-title":"","ast-breadcrumbs-content":"","ast-featured-img":"","footer-sml-layout":"","ast-disable-related-posts":"","theme-transparent-header-meta":"default","adv-header-id-meta":"","stick-header-meta":"","header-above-stick-meta":"","header-main-stick-meta":"","header-below-stick-meta":"","astra-migrate-meta-layouts":"set","ast-page-background-enabled":"default","ast-page-background-meta":{"desktop":{"background-color":"var(--ast-global-color-4)","background-image":"","background-repeat":"repeat","background-position":"center center","background-size":"auto","background-attachment":"scroll","background-type":"","background-media":"","overlay-type":"","overlay-color":"","overlay-opacity":"","overlay-gradient":""},"tablet":{"background-color":"","background-image":"","background-repeat":"repeat","background-position":"center center","background-size":"auto","background-attachment":"scroll","background-type":"","background-media":"","overlay-type":"","overlay-color":"","overlay-opacity":"","overlay-gradient":""},"mobile":{"background-color":"","background-image":"","background-repeat":"repeat","background-position":"center center","background-size":"auto","background-attachment":"scroll","background-type":"","background-media":"","overlay-type":"","overlay-color":"","overlay-opacity":"","overlay-gradient":""}},"ast-content-background-meta":{"desktop":{"background-color":"var(--ast-global-color-5)","background-image":"","background-repeat":"repeat","background-position":"center center","background-size":"auto","background-attachment":"scroll","background-type":"","background-media":"","overlay-type":"","overlay-color":"","overlay-opacity":"","overlay-gradient":""},"tablet":{"background-color":"var(--ast-global-color-5)","background-image":"","background-repeat":"repeat","background-position":"center center","background-size":"auto","background-attachment":"scroll","background-type":"","background-media":"","overlay-type":"","overlay-color":"","overlay-opacity":"","overlay-gradient":""},"mobile":{"background-color":"var(--ast-global-color-5)","background-image":"","background-repeat":"repeat","background-position":"center center","background-size":"auto","background-attachment":"scroll","background-type":"","background-media":"","overlay-type":"","overlay-color":"","overlay-opacity":"","overlay-gradient":""}},"footnotes":""},"class_list":["post-4505","page","type-page","status-publish","hentry"],"acf":[],"featured_image_src":null,"_links":{"self":[{"href":"https:\/\/kchbc.beardedcollie.cz\/index.php?rest_route=\/wp\/v2\/pages\/4505","targetHints":{"allow":["GET"]}}],"collection":[{"href":"https:\/\/kchbc.beardedcollie.cz\/index.php?rest_route=\/wp\/v2\/pages"}],"about":[{"href":"https:\/\/kchbc.beardedcollie.cz\/index.php?rest_route=\/wp\/v2\/types\/page"}],"author":[{"embeddable":true,"href":"https:\/\/kchbc.beardedcollie.cz\/index.php?rest_route=\/wp\/v2\/users\/2"}],"replies":[{"embeddable":true,"href":"https:\/\/kchbc.beardedcollie.cz\/index.php?rest_route=%2Fwp%2Fv2%2Fcomments&post=4505"}],"version-history":[{"count":12,"href":"https:\/\/kchbc.beardedcollie.cz\/index.php?rest_route=\/wp\/v2\/pages\/4505\/revisions"}],"predecessor-version":[{"id":4520,"href":"https:\/\/kchbc.beardedcollie.cz\/index.php?rest_route=\/wp\/v2\/pages\/4505\/revisions\/4520"}],"up":[{"embeddable":true,"href":"https:\/\/kchbc.beardedcollie.cz\/index.php?rest_route=\/wp\/v2\/pages\/55"}],"wp:attachment":[{"href":"https:\/\/kchbc.beardedcollie.cz\/index.php?rest_route=%2Fwp%2Fv2%2Fmedia&parent=4505"}],"curies":[{"name":"wp","href":"https:\/\/api.w.org\/{rel}","templated":true}]}}