{"id":417,"date":"2023-10-23T21:20:57","date_gmt":"2023-10-23T19:20:57","guid":{"rendered":"https:\/\/kchbc.beardedcollie.cz\/?page_id=417"},"modified":"2025-06-29T13:34:49","modified_gmt":"2025-06-29T11:34:49","slug":"vysetreni-dna","status":"publish","type":"page","link":"https:\/\/kchbc.beardedcollie.cz\/?page_id=417","title":{"rendered":"Vy\u0161et\u0159en\u00ed DNA"},"content":{"rendered":"\n<div class=\"wp-block-columns is-layout-flex wp-container-core-columns-is-layout-28f84493 wp-block-columns-is-layout-flex\">\n<div class=\"wp-block-column is-layout-flow wp-block-column-is-layout-flow\">\n<p>Genetika je v\u011bda, kter\u00e1 se zab\u00fdv\u00e1 d\u011bdi\u010dnost\u00ed a prom\u011bnlivost\u00ed organism\u016f. D\u011bdi\u010dnost je pak schopnost dan\u00e9ho organismu p\u0159ed\u00e1vat vlohy (geny) z generace na generaci a zachov\u00e1vat st\u00e1lost a nem\u011bnnost.&nbsp;<\/p>\n\n\n\n<p>Kyselina deoxyribonukleov\u00e1 (DNA) je hlavn\u00ed p\u0159ena\u0161e\u010d genetick\u00e9 informace v\u0161ech organism\u016f s v\u00fdjimkou n\u011bkter\u00fdch nebun\u011b\u010dn\u00fdch (RNA viry). K\u00f3duje ve sv\u00e9 struktu\u0159e a zad\u00e1v\u00e1 bu\u0148k\u00e1m jejich program a t\u00edm p\u0159edur\u010duje v\u00fdvoj a vlastnosti cel\u00e9ho organismu.&nbsp;<\/p>\n\n\n\n<p><strong>Genetick\u00e9 vy\u0161et\u0159en\u00ed<\/strong><\/p>\n\n\n\n<p>Pr\u016fkaz d\u011bdi\u010dn\u011b podm\u00edn\u011bn\u00fdch onemocn\u011bn\u00ed genetick\u00fdm vy\u0161et\u0159en\u00edm m\u00e1 v\u00fdznam nejen pro ur\u010dit\u00e9ho psa, ale pro celou populaci plemene a n\u00e1sledn\u00e9 veden\u00ed jeho chovu. D\u011bdi\u010dn\u011b podm\u00edn\u011bn\u00e9 onemocn\u011bn\u00ed je takov\u00e9 onemocn\u011bn\u00ed, pro kter\u00e9 dan\u00fd jedinec z\u00edskal vlohu od sv\u00fdch p\u0159edk\u016f. Z hlediska genetick\u00e9ho zalo\u017een\u00ed ve vztahu k ur\u010dit\u00e9mu d\u011bdi\u010dn\u011b podm\u00edn\u011bn\u00e9mu onemocn\u011bn\u00ed rozezn\u00e1v\u00e1me t\u0159i kategorie (u autozom\u00e1ln\u011b recesivn\u00ed d\u011bdi\u010dnosti):<\/p>\n\n\n\n<p>N\/N (normal, clear) \u2013 jedinec je zdrav\u00fd klinicky i geneticky, nemoc se u n\u011bj neprojev\u00ed a vlohu pro ni nem\u016f\u017ee p\u0159edat potomstvu<\/p>\n\n\n\n<p>N\/P (carrier, p\u0159ena\u0161e\u010d) \u2013 jedinec je klinicky zdrav\u00fd, ale pro dan\u00e9 onemocn\u011bn\u00ed m\u00e1 v sob\u011b vlohu, kterou m\u016f\u017ee p\u0159edat potomstvu<\/p>\n\n\n\n<p>P\/P (affected, posti\u017een\u00fd) \u2013 jedinec je nemocn\u00fd nebo se v pr\u016fb\u011bhu \u017eivota s nejv\u011bt\u0161\u00ed pravd\u011bpodobnost\u00ed choroba u n\u011bj projev\u00ed a v\u017edy p\u0159ed\u00e1v\u00e1 alelu sv\u00fdm potomk\u016fm<\/p>\n\n\n\n<p>Genetick\u00e9 vy\u0161et\u0159en\u00ed nen\u00ed pro psa nebo ko\u010dku nijak n\u00e1ro\u010dn\u00e9. V\u011bt\u0161inou spo\u010d\u00edv\u00e1 v odb\u011bru mal\u00e9ho mno\u017estv\u00ed krve, n\u011bkdy posta\u010d\u00ed i st\u011br z buk\u00e1ln\u00ed sliznice. Rozhodn\u011b to je p\u0159\u00ednosn\u00e9 jak pro dan\u00e9ho jedince, tak pro dal\u0161\u00ed potomstvo.<\/p>\n\n\n\n<p><strong>Nej\u010dast\u011bj\u0161\u00ed genetick\u00e1 vy\u0161et\u0159en\u00ed prov\u00e1d\u011bn\u00e1 u bearded colli\u00ed:<\/strong><\/p>\n\n\n\n<p><strong>CEA<\/strong> &#8211; Anom\u00e1lie oka koli\u00ed<\/p>\n\n\n\n<p><strong>PRA-prcd <\/strong>&#8211; Progresivn\u00ed atrofie s\u00edtnice<\/p>\n\n\n\n<p><strong>MDR1<\/strong> &#8211; Mnoho\u010detn\u00e1 l\u00e9kov\u00e1 resistence<\/p>\n\n\n\n<p><strong>MH <\/strong>&#8211; Malign\u00ed hypertermie<\/p>\n\n\n\n<p><strong>DLA <\/strong>&#8211; DLA diverzita=rozli\u010dnost haplotyp\u016f (vy\u0161et\u0159uje pouze Feragen a od 1. 7. 2025 n\u011bmeck\u00fd Labogen)<\/p>\n<\/div>\n\n\n\n<div class=\"wp-block-column is-layout-flow wp-block-column-is-layout-flow\">\n<p><strong>\u010cesk\u00e9 laborato\u0159e:<\/strong><\/p>\n\n\n\n<p><a href=\"http:\/\/www.genomia.cz\" data-type=\"link\" data-id=\"www.genomia.cz\" target=\"_blank\" rel=\"noreferrer noopener\">Genomia<\/a> &#8211; zv\u00fdhodn\u011bn\u00e1 cena pro \u010dleny KCHBC<br><a href=\"http:\/\/www.tilialaboratories.cz\" data-type=\"link\" data-id=\"www.tilialaboratories.cz\" target=\"_blank\" rel=\"noreferrer noopener\">Tilia laboratories<\/a><br><a href=\"http:\/\/www.genocan.eu\" data-type=\"link\" data-id=\"www.genocan.eu\">Genocan<\/a><\/p>\n\n\n\n<p><strong>Zahrani\u010dn\u00ed laborato\u0159e:<\/strong><\/p>\n\n\n\n<p><a href=\"http:\/\/www.slovgen.sk\" data-type=\"link\" data-id=\"www.slovgen.sk\" target=\"_blank\" rel=\"noreferrer noopener\">Slovgen<\/a> &#8211; Slovensko<br><a href=\"http:\/\/www.laboklin.cz\" data-type=\"link\" data-id=\"www.laboklin.cz\">Laboklin<\/a> &#8211; N\u011bmecko s \u010deskou pobo\u010dkou<br><a href=\"http:\/\/www.combibreed.cz\" data-type=\"link\" data-id=\"www.combibreed.cz\">CombiBreed<\/a> &#8211; Nizozem\u00ed s \u010deskou jazykovou mutac\u00ed<br><a href=\"http:\/\/www.feragen.at\" data-type=\"link\" data-id=\"www.feragen.at\">Feragen <\/a>&#8211; Rakousko<br><a href=\"https:\/\/shop.labogen.com\/\" target=\"_blank\" rel=\"noreferrer noopener\">Labogen<\/a> &#8211; N\u011bmecko<\/p>\n\n\n\n<p><a href=\"https:\/\/www.thekennelclub.org.uk\/health-and-dog-care\/health\/getting-started-with-health-testing-and-screening\/dna-testing\/\" data-type=\"link\" data-id=\"https:\/\/www.thekennelclub.org.uk\/health-and-dog-care\/health\/getting-started-with-health-testing-and-screening\/dna-testing\/\" target=\"_blank\" rel=\"noreferrer noopener\">Seznam dal\u0161\u00edch zahrani\u010dn\u00edch genetick\u00fdch laborato\u0159\u00ed<\/a><\/p>\n\n\n\n<p><\/p>\n<\/div>\n<\/div>\n","protected":false},"excerpt":{"rendered":"<p>Genetika je v\u011bda, kter\u00e1 se zab\u00fdv\u00e1 d\u011bdi\u010dnost\u00ed a prom\u011bnlivost\u00ed organism\u016f. D\u011bdi\u010dnost je pak schopnost dan\u00e9ho organismu p\u0159ed\u00e1vat vlohy (geny) z generace na generaci a zachov\u00e1vat st\u00e1lost a nem\u011bnnost.&nbsp; Kyselina deoxyribonukleov\u00e1 (DNA) je hlavn\u00ed p\u0159ena\u0161e\u010d genetick\u00e9 informace v\u0161ech organism\u016f s v\u00fdjimkou n\u011bkter\u00fdch nebun\u011b\u010dn\u00fdch (RNA viry). K\u00f3duje ve sv\u00e9 struktu\u0159e a zad\u00e1v\u00e1 bu\u0148k\u00e1m jejich program a t\u00edm [&hellip;]<\/p>\n","protected":false},"author":2,"featured_media":0,"parent":64,"menu_order":0,"comment_status":"closed","ping_status":"closed","template":"","meta":{"_acf_changed":false,"site-sidebar-layout":"default","site-content-layout":"","ast-site-content-layout":"default","site-content-style":"default","site-sidebar-style":"default","ast-global-header-display":"","ast-banner-title-visibility":"","ast-main-header-display":"","ast-hfb-above-header-display":"","ast-hfb-below-header-display":"","ast-hfb-mobile-header-display":"","site-post-title":"","ast-breadcrumbs-content":"","ast-featured-img":"","footer-sml-layout":"","ast-disable-related-posts":"","theme-transparent-header-meta":"default","adv-header-id-meta":"","stick-header-meta":"","header-above-stick-meta":"","header-main-stick-meta":"","header-below-stick-meta":"","astra-migrate-meta-layouts":"set","ast-page-background-enabled":"default","ast-page-background-meta":{"desktop":{"background-color":"var(--ast-global-color-4)","background-image":"","background-repeat":"repeat","background-position":"center center","background-size":"auto","background-attachment":"scroll","background-type":"","background-media":"","overlay-type":"","overlay-color":"","overlay-opacity":"","overlay-gradient":""},"tablet":{"background-color":"","background-image":"","background-repeat":"repeat","background-position":"center center","background-size":"auto","background-attachment":"scroll","background-type":"","background-media":"","overlay-type":"","overlay-color":"","overlay-opacity":"","overlay-gradient":""},"mobile":{"background-color":"","background-image":"","background-repeat":"repeat","background-position":"center center","background-size":"auto","background-attachment":"scroll","background-type":"","background-media":"","overlay-type":"","overlay-color":"","overlay-opacity":"","overlay-gradient":""}},"ast-content-background-meta":{"desktop":{"background-color":"var(--ast-global-color-5)","background-image":"","background-repeat":"repeat","background-position":"center center","background-size":"auto","background-attachment":"scroll","background-type":"","background-media":"","overlay-type":"","overlay-color":"","overlay-opacity":"","overlay-gradient":""},"tablet":{"background-color":"var(--ast-global-color-5)","background-image":"","background-repeat":"repeat","background-position":"center center","background-size":"auto","background-attachment":"scroll","background-type":"","background-media":"","overlay-type":"","overlay-color":"","overlay-opacity":"","overlay-gradient":""},"mobile":{"background-color":"var(--ast-global-color-5)","background-image":"","background-repeat":"repeat","background-position":"center center","background-size":"auto","background-attachment":"scroll","background-type":"","background-media":"","overlay-type":"","overlay-color":"","overlay-opacity":"","overlay-gradient":""}},"footnotes":""},"class_list":["post-417","page","type-page","status-publish","hentry"],"acf":[],"featured_image_src":null,"_links":{"self":[{"href":"https:\/\/kchbc.beardedcollie.cz\/index.php?rest_route=\/wp\/v2\/pages\/417","targetHints":{"allow":["GET"]}}],"collection":[{"href":"https:\/\/kchbc.beardedcollie.cz\/index.php?rest_route=\/wp\/v2\/pages"}],"about":[{"href":"https:\/\/kchbc.beardedcollie.cz\/index.php?rest_route=\/wp\/v2\/types\/page"}],"author":[{"embeddable":true,"href":"https:\/\/kchbc.beardedcollie.cz\/index.php?rest_route=\/wp\/v2\/users\/2"}],"replies":[{"embeddable":true,"href":"https:\/\/kchbc.beardedcollie.cz\/index.php?rest_route=%2Fwp%2Fv2%2Fcomments&post=417"}],"version-history":[{"count":7,"href":"https:\/\/kchbc.beardedcollie.cz\/index.php?rest_route=\/wp\/v2\/pages\/417\/revisions"}],"predecessor-version":[{"id":4387,"href":"https:\/\/kchbc.beardedcollie.cz\/index.php?rest_route=\/wp\/v2\/pages\/417\/revisions\/4387"}],"up":[{"embeddable":true,"href":"https:\/\/kchbc.beardedcollie.cz\/index.php?rest_route=\/wp\/v2\/pages\/64"}],"wp:attachment":[{"href":"https:\/\/kchbc.beardedcollie.cz\/index.php?rest_route=%2Fwp%2Fv2%2Fmedia&parent=417"}],"curies":[{"name":"wp","href":"https:\/\/api.w.org\/{rel}","templated":true}]}}