{"id":413,"date":"2023-10-23T21:14:24","date_gmt":"2023-10-23T19:14:24","guid":{"rendered":"https:\/\/kchbc.beardedcollie.cz\/?page_id=413"},"modified":"2025-12-29T20:50:49","modified_gmt":"2025-12-29T19:50:49","slug":"formulare-ke-stazeni","status":"publish","type":"page","link":"https:\/\/kchbc.beardedcollie.cz\/?page_id=413","title":{"rendered":"Formul\u00e1\u0159e ke sta\u017een\u00ed"},"content":{"rendered":"\n<div class=\"wp-block-columns is-layout-flex wp-container-core-columns-is-layout-28f84493 wp-block-columns-is-layout-flex\">\n<div class=\"wp-block-column is-layout-flow wp-block-column-is-layout-flow\">\n<h2 class=\"wp-block-heading\">CHOV<\/h2>\n\n\n\n<ul class=\"wp-block-list\">\n<li><mark style=\"background-color:#fff300\" class=\"has-inline-color\">KRYC\u00cd LIST PRO FENU 1<\/mark> &#8211; <a href=\"https:\/\/kchbc.beardedcollie.cz\/wp-content\/uploads\/2023\/12\/kryci_list_fena-2.pdf\" data-type=\"attachment\" data-id=\"1870\" target=\"_blank\" rel=\"noreferrer noopener\">St\u00e1hnout PDF<\/a><\/li>\n\n\n\n<li>KRYC\u00cd LIST PRO FENU 1 (\u010cJ\/AJ verze) &#8211; <a href=\"https:\/\/kchbc.beardedcollie.cz\/wp-content\/uploads\/2023\/12\/kryci_list_fena1_en.pdf\" data-type=\"attachment\" data-id=\"1871\" target=\"_blank\" rel=\"noreferrer noopener\">St\u00e1hnout PDF<\/a><\/li>\n<\/ul>\n\n\n\n<ul class=\"wp-block-list\">\n<li><mark style=\"background-color:#fff300\" class=\"has-inline-color\">KRYC\u00cd LIST PRO PSA 2<\/mark> &#8211; <a href=\"https:\/\/kchbc.beardedcollie.cz\/wp-content\/uploads\/2023\/12\/kryci_list_pes-1.pdf\" data-type=\"attachment\" data-id=\"1872\" target=\"_blank\" rel=\"noreferrer noopener\">St\u00e1hnout PDF<\/a><\/li>\n\n\n\n<li>KRYC\u00cd LIST PRO PSA 2 (\u010cJ\/AJ verze) &#8211; <a href=\"https:\/\/kchbc.beardedcollie.cz\/wp-content\/uploads\/2023\/12\/kryci_list_pes_en.pdf\" data-type=\"attachment\" data-id=\"1873\" target=\"_blank\" rel=\"noreferrer noopener\">St\u00e1hnout PDF<\/a><\/li>\n<\/ul>\n\n\n\n<ul class=\"wp-block-list\">\n<li><mark style=\"background-color:#fff300\" class=\"has-inline-color\">FORMUL\u00c1\u0158 PRO ZA\u0158AZEN\u00cd PSA DO CHOVU<\/mark> &#8211; <a href=\"https:\/\/kchbc.beardedcollie.cz\/wp-content\/uploads\/2024\/04\/formular_pro_zarazeni_do_chovu.pdf\" data-type=\"link\" data-id=\"https:\/\/kchbc.beardedcollie.cz\/wp-content\/uploads\/2024\/04\/formular_pro_zarazeni_do_chovu.pdf\" target=\"_blank\" rel=\"noreferrer noopener\">St\u00e1hnout PDF<\/a><\/li>\n<\/ul>\n\n\n\n<ul class=\"wp-block-list\">\n<li>INFORMACE PRO MAJITELE \u0160T\u011a\u0147\u00c1TEK &#8211; <a href=\"https:\/\/kchbc.beardedcollie.cz\/wp-content\/uploads\/2023\/12\/info_ke_stenatum.pdf\" data-type=\"attachment\" data-id=\"1869\" target=\"_blank\" rel=\"noreferrer noopener\">St\u00e1hnout PDF<\/a><\/li>\n<\/ul>\n\n\n\n<p><strong><mark style=\"background-color:rgba(0, 0, 0, 0)\" class=\"has-inline-color has-ast-global-color-1-color\">Pros\u00edme z\u00e1jemce o povinnou kontrolu pot\u0159ebnou pro nov\u00e9 uchovn\u011bn\u00ed jedince, aby n\u00e1m vypln\u011bn\u00edm n\u00ed\u017ee uveden\u00e9ho formul\u00e1\u0159e dali v\u011bd\u011bt, \u017ee maj\u00ed o kontrolu na vybran\u00e9 v\u00fdstav\u011b z\u00e1jem.<\/mark><\/strong><\/p>\n\n\n<style id=\"wpforms-css-vars-3211\">\n\t\t\t\t#wpforms-3211 {\n\t\t\t\t--wpforms-container-padding: 0px;\n--wpforms-container-border-width: 1px;\n--wpforms-container-border-radius: 3px;\n--wpforms-background-color: rgba(0, 0, 0, 0);\n--wpforms-field-size-input-height: 43px;\n--wpforms-field-size-input-spacing: 15px;\n--wpforms-field-size-font-size: 16px;\n--wpforms-field-size-line-height: 19px;\n--wpforms-field-size-padding-h: 14px;\n--wpforms-field-size-checkbox-size: 16px;\n--wpforms-field-size-sublabel-spacing: 5px;\n--wpforms-field-size-icon-size: 1;\n--wpforms-label-size-font-size: 16px;\n--wpforms-label-size-line-height: 19px;\n--wpforms-label-size-sublabel-font-size: 14px;\n--wpforms-label-size-sublabel-line-height: 17px;\n--wpforms-button-size-font-size: 17px;\n--wpforms-button-size-height: 41px;\n--wpforms-button-size-padding-h: 15px;\n--wpforms-button-size-margin-top: 10px;\n--wpforms-container-shadow-size-box-shadow: none;\n\t\t\t}\n\t\t\t<\/style><div class=\"wpforms-container wpforms-container-full wpforms-render-modern\" id=\"wpforms-3211\"><form id=\"wpforms-form-3211\" class=\"wpforms-validate wpforms-form wpforms-ajax-form\" data-formid=\"3211\" method=\"post\" enctype=\"multipart\/form-data\" action=\"\/index.php?rest_route=%2Fwp%2Fv2%2Fpages%2F413\" data-token=\"b406ec0d3eb5849069723bde3b3f7f0a\" data-token-time=\"1776354212\"><noscript class=\"wpforms-error-noscript\">Chcete-li vyplnit tento formul\u00e1\u0159, pros\u00edm povolte v prohl\u00ed\u017ee\u010di JavaScript.<\/noscript><div id=\"wpforms-error-noscript\" style=\"display: none;\">Chcete-li vyplnit tento formul\u00e1\u0159, pros\u00edm povolte v prohl\u00ed\u017ee\u010di JavaScript.<\/div><div class=\"wpforms-field-container\"><div id=\"wpforms-3211-field_1-container\" class=\"wpforms-field wpforms-field-select wpforms-field-select-style-classic\" data-field-id=\"1\"><label class=\"wpforms-field-label\" for=\"wpforms-3211-field_1\">Vybran\u00e1 v\u00fdstava: <span class=\"wpforms-required-label\" aria-hidden=\"true\">*<\/span><\/label><select id=\"wpforms-3211-field_1\" class=\"wpforms-field-medium wpforms-field-required\" name=\"wpforms[fields][1]\" required=\"required\"><option value=\"16. 5. 2026 Zbe\u010dno\"  selected='selected' class=\"choice-1 depth-1\"  >16. 5. 2026 Zbe\u010dno<\/option><option value=\"22. 8. 2026 P\u0159\u00edseka\"  class=\"choice-2 depth-1\"  >22. 8. 2026 P\u0159\u00edseka<\/option><option value=\"11. 10. 2026 T\u00fdn nad Vltavou\"  class=\"choice-3 depth-1\"  >11. 10. 2026 T\u00fdn nad Vltavou<\/option><\/select><\/div><div id=\"wpforms-3211-field_2-container\" class=\"wpforms-field wpforms-field-text\" data-field-id=\"2\"><label class=\"wpforms-field-label\" for=\"wpforms-3211-field_2\">Jm\u00e9no psa: <span class=\"wpforms-required-label\" aria-hidden=\"true\">*<\/span><\/label><input type=\"text\" id=\"wpforms-3211-field_2\" class=\"wpforms-field-medium wpforms-field-required\" name=\"wpforms[fields][2]\" aria-errormessage=\"wpforms-3211-field_2-error\" required><\/div><div id=\"wpforms-3211-field_5-container\" class=\"wpforms-field wpforms-field-name\" data-field-id=\"5\"><fieldset><legend class=\"wpforms-field-label\">Jm\u00e9no majitele: <span class=\"wpforms-required-label\" aria-hidden=\"true\">*<\/span><\/legend><div class=\"wpforms-field-row wpforms-field-medium\"><div class=\"wpforms-field-row-block wpforms-first wpforms-one-half\"><input type=\"text\" id=\"wpforms-3211-field_5\" class=\"wpforms-field-name-first wpforms-field-required\" name=\"wpforms[fields][5][first]\" aria-errormessage=\"wpforms-3211-field_5-error\" required><label for=\"wpforms-3211-field_5\" class=\"wpforms-field-sublabel after\">K\u0159estn\u00ed jm\u00e9no<\/label><\/div><div class=\"wpforms-field-row-block wpforms-one-half\"><input type=\"text\" id=\"wpforms-3211-field_5-last\" class=\"wpforms-field-name-last wpforms-field-required\" name=\"wpforms[fields][5][last]\" aria-errormessage=\"wpforms-3211-field_5-last-error\" required><label for=\"wpforms-3211-field_5-last\" class=\"wpforms-field-sublabel after\">P\u0159\u00edjmen\u00ed<\/label><\/div><\/div><\/fieldset><\/div><\/div><!-- .wpforms-field-container --><div class=\"wpforms-submit-container\" ><input type=\"hidden\" name=\"wpforms[id]\" value=\"3211\"><input type=\"hidden\" name=\"page_title\" value=\"\"><input type=\"hidden\" name=\"page_url\" value=\"https:\/\/kchbc.beardedcollie.cz\/index.php?rest_route=\/wp\/v2\/pages\/413\"><input type=\"hidden\" name=\"url_referer\" value=\"\"><button type=\"submit\" name=\"wpforms[submit]\" id=\"wpforms-submit-3211\" class=\"wpforms-submit\" data-alt-text=\"Odes\u00edl\u00e1ni...\" data-submit-text=\"Odeslat\" aria-live=\"assertive\" value=\"wpforms-submit\">Odeslat<\/button><img loading=\"lazy\" decoding=\"async\" src=\"https:\/\/kchbc.beardedcollie.cz\/wp-content\/plugins\/wpforms-lite\/assets\/images\/submit-spin.svg\" class=\"wpforms-submit-spinner\" style=\"display: none;\" width=\"26\" height=\"26\" alt=\"Na\u010d\u00edt\u00e1n\u00ed\"><\/div><\/form><\/div>  <!-- .wpforms-container -->\n<\/div>\n\n\n\n<div class=\"wp-block-column is-layout-flow wp-block-column-is-layout-flow\">\n<h2 class=\"wp-block-heading\">KLUBOV\u00c9 SOUT\u011a\u017dE<\/h2>\n\n\n\n<ul class=\"wp-block-list\">\n<li><mark style=\"background-color:#fff300\" class=\"has-inline-color\">FORMUL\u00c1\u0158 V\u00ddSTAVN\u00cd SEZ\u00d3NY<\/mark> &#8211; <a href=\"https:\/\/kchbc.beardedcollie.cz\/wp-content\/uploads\/2023\/12\/formular_vystavni_sezony.doc\" data-type=\"attachment\" data-id=\"1866\" target=\"_blank\" rel=\"noreferrer noopener\">St\u00e1hnout .doc<\/a><br><a href=\"https:\/\/kchbc.beardedcollie.cz\/wp-content\/uploads\/2024\/04\/propozice_klubove_vystavni_souteze._2023.pdf\" target=\"_blank\" rel=\"noreferrer noopener\">Propozice klubov\u00fdch v\u00fdstavn\u00edch sout\u011b\u017e\u00ed<\/a> +&nbsp;<a href=\"https:\/\/kchbc.beardedcollie.cz\/wp-content\/uploads\/2023\/12\/tabulkavystavy2022.pdf\" target=\"_blank\" rel=\"noreferrer noopener\">Bodovac\u00ed tabulka<\/a><\/li>\n\n\n\n<li><a href=\"https:\/\/kchbc.beardedcollie.cz\/wp-content\/uploads\/2025\/10\/Prilohac.7CS_04102025.pdf\" target=\"_blank\" rel=\"noreferrer noopener\">Propozice klubov\u00fdch v\u00fdstavn\u00edch sout\u011b\u017e\u00ed<\/a> + <a href=\"https:\/\/kchbc.beardedcollie.cz\/wp-content\/uploads\/2023\/12\/tabulkavystavy2022.pdf\" data-type=\"link\" data-id=\"https:\/\/kchbc.beardedcollie.cz\/wp-content\/uploads\/2023\/12\/tabulkavystavy2022.pdf\" target=\"_blank\" rel=\"noreferrer noopener\">Bodovac\u00ed tabulka<\/a> od 1. 1. 2026<\/li>\n<\/ul>\n\n\n\n<ul class=\"wp-block-list\">\n<li><mark style=\"background-color:#fff300\" class=\"has-inline-color\">FORMUL\u00c1\u0158 PRACOVN\u00cd SEZ\u00d3NY<\/mark>&#8211; <a href=\"https:\/\/kchbc.beardedcollie.cz\/wp-content\/uploads\/2023\/12\/formular_pracovni_sezony-1.doc\" data-type=\"attachment\" data-id=\"1865\" target=\"_blank\" rel=\"noreferrer noopener\">St\u00e1hnout .doc<\/a><\/li>\n\n\n\n<li>FORMUL\u00c1\u0158 POTVRZEN\u00cd UM\u00cdST\u011aN\u00cd- <a href=\"https:\/\/kchbc.beardedcollie.cz\/wp-content\/uploads\/2023\/12\/form_potvrzeni_umisteni_2010.pdf\" data-type=\"attachment\" data-id=\"1864\" target=\"_blank\" rel=\"noreferrer noopener\">St\u00e1hnout .doc<\/a><br><a href=\"https:\/\/kchbc.beardedcollie.cz\/wp-content\/uploads\/2023\/12\/propozicesport2022.pdf\" target=\"_blank\" rel=\"noreferrer noopener\">Propozice klubov\u00fdch pracovn\u00edch sout\u011b\u017e\u00ed<\/a>&nbsp;+&nbsp;<a href=\"https:\/\/kchbc.beardedcollie.cz\/wp-content\/uploads\/2023\/12\/tabulkasport2022.pdf\">Bodovac\u00ed tabulka<\/a><\/li>\n\n\n\n<li><a href=\"https:\/\/kchbc.beardedcollie.cz\/wp-content\/uploads\/2025\/10\/Prilohac.8CS_04102025.pdf\" target=\"_blank\" rel=\"noreferrer noopener\">Propozice klubov\u00fdch pracovn\u00edch sout\u011b\u017e\u00ed<\/a> + <a href=\"https:\/\/kchbc.beardedcollie.cz\/wp-content\/uploads\/2025\/10\/Prilohac.9CS_04102025.pdf\" target=\"_blank\" rel=\"noreferrer noopener\">Bodovac\u00ed tabulka<\/a> od 1. 1. 2026<\/li>\n<\/ul>\n\n\n\n<ul class=\"wp-block-list\">\n<li>FORMUL\u00c1\u0158 AGILITY BEARDED COLLIE CUP- <a href=\"https:\/\/kchbc.beardedcollie.cz\/wp-content\/uploads\/2023\/12\/priloha1_bc_cup_form_2010.pdf\" data-type=\"attachment\" data-id=\"1875\" target=\"_blank\" rel=\"noreferrer noopener\">St\u00e1hnout .doc<\/a><br><a href=\"https:\/\/kchbc.beardedcollie.cz\/wp-content\/uploads\/2023\/12\/agilitybccup2022.pdf\" target=\"_blank\" rel=\"noreferrer noopener\">Propozice Agility BC Cupu<\/a><\/li>\n<\/ul>\n\n\n\n<h2 class=\"wp-block-heading\">OSTATN\u00cd<\/h2>\n\n\n\n<ul class=\"wp-block-list\">\n<li>SMLOUVA PRO NE\u010cLENY KCHBC &#8211; <a href=\"https:\/\/kchbc.beardedcollie.cz\/wp-content\/uploads\/2023\/12\/chovatelsky_servis_neclen_KCHBC.pdf\" data-type=\"attachment\" data-id=\"1868\" target=\"_blank\" rel=\"noreferrer noopener\">St\u00e1hnout PDF<\/a> \/ <a href=\"https:\/\/kchbc.beardedcollie.cz\/wp-content\/uploads\/2023\/12\/chovatelsky_servis_neclen_KCHBC.doc\" data-type=\"attachment\" data-id=\"1867\" target=\"_blank\" rel=\"noreferrer noopener\">St\u00e1hnout .doc<\/a><\/li>\n\n\n\n<li>TABULKA PRO ZPRACOV\u00c1N\u00cd V\u00ddSLEDK\u016e V\u00ddSTAV &#8211; <a href=\"https:\/\/kchbc.beardedcollie.cz\/wp-content\/uploads\/2023\/12\/sablona_vysledky_vystav.xls\" data-type=\"attachment\" data-id=\"1883\" target=\"_blank\" rel=\"noreferrer noopener\">St\u00e1hnout .xcl<\/a><\/li>\n<\/ul>\n\n\n\n<h2 class=\"wp-block-heading\">\u010cLENSTV\u00cd<\/h2>\n\n\n\n<ul class=\"wp-block-list\">\n<li>P\u0158IHL\u00c1\u0160KA ZA \u010cLENA &#8211;<a href=\"https:\/\/kchbc.beardedcollie.cz\/wp-content\/uploads\/2025\/08\/prihlaska_kchbc.pdf\" target=\"_blank\" rel=\"noreferrer noopener\"> St\u00e1hnout PDF<\/a> \/ <a href=\"https:\/\/kchbc.beardedcollie.cz\/wp-content\/uploads\/2025\/08\/prihlaska_kchbc.doc\" target=\"_blank\" rel=\"noreferrer noopener\">St\u00e1hnout .doc<\/a><\/li>\n\n\n\n<li>SOUHLAS SE ZPRACOV\u00c1N\u00cdM OSOBN\u00cdCH \u00daDAJ\u016e- <a href=\"https:\/\/kchbc.beardedcollie.cz\/wp-content\/uploads\/2023\/11\/souhlassezpracovnimosobnich.pdf\" data-type=\"link\" data-id=\"https:\/\/kchbc.beardedcollie.cz\/wp-content\/uploads\/2023\/11\/souhlassezpracovnimosobnich.pdf\" target=\"_blank\" rel=\"noreferrer noopener\">St\u00e1hnout PDF<\/a><\/li>\n<\/ul>\n<\/div>\n<\/div>\n\n\n\n<hr class=\"wp-block-separator has-alpha-channel-opacity\"\/>\n\n\n\n<div class=\"wp-block-group alignfull has-background is-layout-flow wp-block-group-is-layout-flow\" style=\"background-color:#f2f0e9\">\n<h2 class=\"wp-block-heading has-text-align-center\"><br>N\u00c1VRHY \u010cLENSK\u00c1 SCH\u016eZE 2025<\/h2>\n\n\n\n<ul class=\"wp-block-list\">\n<li><a href=\"https:\/\/kchbc.beardedcollie.cz\/wp-content\/uploads\/2025\/09\/priloha2_navrhceniku.pdf\" target=\"_blank\" rel=\"noreferrer noopener\"><mark style=\"background-color:rgba(0, 0, 0, 0)\" class=\"has-inline-color has-ast-global-color-1-color\">Cen\u00edk KCHBC &#8211; n\u00e1vrh v\u00fdboru<\/mark><\/a><\/li>\n\n\n\n<li><a href=\"https:\/\/kchbc.beardedcollie.cz\/wp-content\/uploads\/2025\/09\/priloha3_navrhCHZR.pdf\" target=\"_blank\" rel=\"noreferrer noopener\">Chovatelsk\u00fd a z\u00e1pisn\u00ed \u0159\u00e1d KCHBC &#8211; n\u00e1vrh v\u00fdboru<\/a><\/li>\n\n\n\n<li><a href=\"https:\/\/kchbc.beardedcollie.cz\/wp-content\/uploads\/2025\/09\/priloha4_navrhvystavnisouteze.pdf\" target=\"_blank\" rel=\"noreferrer noopener\"><mark style=\"background-color:rgba(0, 0, 0, 0)\" class=\"has-inline-color has-ast-global-color-0-color\">Propozice klubov\u00fdch v\u00fdstavn\u00edch sout\u011b\u017e\u00ed &#8211; n\u00e1vrh v\u00fdboru<\/mark><\/a><\/li>\n\n\n\n<li><a href=\"https:\/\/kchbc.beardedcollie.cz\/wp-content\/uploads\/2025\/09\/priloha5_navrhsportovni-souteze.pdf\" target=\"_blank\" rel=\"noreferrer noopener\">Propozice klubov\u00fdch pracovn\u00edch sout\u011b\u017e\u00ed &#8211; n\u00e1vrh v\u00fdboru<\/a><\/li>\n\n\n\n<li><a href=\"https:\/\/kchbc.beardedcollie.cz\/wp-content\/uploads\/2025\/09\/priloha6_navrhpractabulky.pdf\" target=\"_blank\" rel=\"noreferrer noopener\">Tabulka klubov\u00fdch pracovn\u00edch sout\u011b\u017e\u00ed &#8211; n\u00e1vrh Moniky \u0160imkov\u00e9<\/a><\/li>\n<\/ul>\n<\/div>\n\n\n\n<p><\/p>\n","protected":false},"excerpt":{"rendered":"<p>CHOV Pros\u00edme z\u00e1jemce o povinnou kontrolu pot\u0159ebnou pro nov\u00e9 uchovn\u011bn\u00ed jedince, aby n\u00e1m vypln\u011bn\u00edm n\u00ed\u017ee uveden\u00e9ho formul\u00e1\u0159e dali v\u011bd\u011bt, \u017ee maj\u00ed o kontrolu na vybran\u00e9 v\u00fdstav\u011b z\u00e1jem. KLUBOV\u00c9 SOUT\u011a\u017dE OSTATN\u00cd \u010cLENSTV\u00cd N\u00c1VRHY \u010cLENSK\u00c1 SCH\u016eZE 2025<\/p>\n","protected":false},"author":2,"featured_media":0,"parent":409,"menu_order":0,"comment_status":"closed","ping_status":"closed","template":"","meta":{"_acf_changed":false,"site-sidebar-layout":"default","site-content-layout":"","ast-site-content-layout":"default","site-content-style":"default","site-sidebar-style":"default","ast-global-header-display":"","ast-banner-title-visibility":"","ast-main-header-display":"","ast-hfb-above-header-display":"","ast-hfb-below-header-display":"","ast-hfb-mobile-header-display":"","site-post-title":"","ast-breadcrumbs-content":"","ast-featured-img":"","footer-sml-layout":"","ast-disable-related-posts":"","theme-transparent-header-meta":"default","adv-header-id-meta":"","stick-header-meta":"","header-above-stick-meta":"","header-main-stick-meta":"","header-below-stick-meta":"","astra-migrate-meta-layouts":"set","ast-page-background-enabled":"default","ast-page-background-meta":{"desktop":{"background-color":"var(--ast-global-color-4)","background-image":"","background-repeat":"repeat","background-position":"center center","background-size":"auto","background-attachment":"scroll","background-type":"","background-media":"","overlay-type":"","overlay-color":"","overlay-opacity":"","overlay-gradient":""},"tablet":{"background-color":"","background-image":"","background-repeat":"repeat","background-position":"center center","background-size":"auto","background-attachment":"scroll","background-type":"","background-media":"","overlay-type":"","overlay-color":"","overlay-opacity":"","overlay-gradient":""},"mobile":{"background-color":"","background-image":"","background-repeat":"repeat","background-position":"center center","background-size":"auto","background-attachment":"scroll","background-type":"","background-media":"","overlay-type":"","overlay-color":"","overlay-opacity":"","overlay-gradient":""}},"ast-content-background-meta":{"desktop":{"background-color":"var(--ast-global-color-5)","background-image":"","background-repeat":"repeat","background-position":"center center","background-size":"auto","background-attachment":"scroll","background-type":"","background-media":"","overlay-type":"","overlay-color":"","overlay-opacity":"","overlay-gradient":""},"tablet":{"background-color":"var(--ast-global-color-5)","background-image":"","background-repeat":"repeat","background-position":"center center","background-size":"auto","background-attachment":"scroll","background-type":"","background-media":"","overlay-type":"","overlay-color":"","overlay-opacity":"","overlay-gradient":""},"mobile":{"background-color":"var(--ast-global-color-5)","background-image":"","background-repeat":"repeat","background-position":"center center","background-size":"auto","background-attachment":"scroll","background-type":"","background-media":"","overlay-type":"","overlay-color":"","overlay-opacity":"","overlay-gradient":""}},"footnotes":""},"class_list":["post-413","page","type-page","status-publish","hentry"],"acf":[],"featured_image_src":null,"_links":{"self":[{"href":"https:\/\/kchbc.beardedcollie.cz\/index.php?rest_route=\/wp\/v2\/pages\/413","targetHints":{"allow":["GET"]}}],"collection":[{"href":"https:\/\/kchbc.beardedcollie.cz\/index.php?rest_route=\/wp\/v2\/pages"}],"about":[{"href":"https:\/\/kchbc.beardedcollie.cz\/index.php?rest_route=\/wp\/v2\/types\/page"}],"author":[{"embeddable":true,"href":"https:\/\/kchbc.beardedcollie.cz\/index.php?rest_route=\/wp\/v2\/users\/2"}],"replies":[{"embeddable":true,"href":"https:\/\/kchbc.beardedcollie.cz\/index.php?rest_route=%2Fwp%2Fv2%2Fcomments&post=413"}],"version-history":[{"count":21,"href":"https:\/\/kchbc.beardedcollie.cz\/index.php?rest_route=\/wp\/v2\/pages\/413\/revisions"}],"predecessor-version":[{"id":4928,"href":"https:\/\/kchbc.beardedcollie.cz\/index.php?rest_route=\/wp\/v2\/pages\/413\/revisions\/4928"}],"up":[{"embeddable":true,"href":"https:\/\/kchbc.beardedcollie.cz\/index.php?rest_route=\/wp\/v2\/pages\/409"}],"wp:attachment":[{"href":"https:\/\/kchbc.beardedcollie.cz\/index.php?rest_route=%2Fwp%2Fv2%2Fmedia&parent=413"}],"curies":[{"name":"wp","href":"https:\/\/api.w.org\/{rel}","templated":true}]}}