{"id":409,"date":"2023-10-23T21:11:53","date_gmt":"2023-10-23T19:11:53","guid":{"rendered":"https:\/\/kchbc.beardedcollie.cz\/?page_id=409"},"modified":"2023-12-02T21:50:46","modified_gmt":"2023-12-02T20:50:46","slug":"dokumenty","status":"publish","type":"page","link":"https:\/\/kchbc.beardedcollie.cz\/?page_id=409","title":{"rendered":"Dokumenty"},"content":{"rendered":"\n<div class=\"wp-block-columns alignwide is-layout-flex wp-container-core-columns-is-layout-d2da2050 wp-block-columns-is-layout-flex\" style=\"margin-bottom:0\">\n<div class=\"wp-block-column has-text-color has-background has-link-color wp-elements-89f03edca8b8bd881a890dcc8b53b7da is-layout-flow wp-block-column-is-layout-flow\" style=\"color:#000000;background-color:#c0ebf1;padding-top:2em;padding-right:2em;padding-bottom:2em;padding-left:2em\">\n<h3 class=\"wp-block-heading has-text-align-center\"><strong>P\u0159edpisy<\/strong><\/h3>\n\n\n\n<p class=\"has-text-align-center has-normal-font-size\">Zde najdete p\u0159edpisy, kter\u00fdmi se klub \u0159\u00edd\u00ed &#8211; zejm\u00e9na stanovy, \u0159\u00e1dy a vnit\u0159n\u00ed sm\u011brnice.<\/p>\n\n\n\n<div class=\"wp-block-buttons alignfull is-horizontal is-content-justification-center is-layout-flex wp-container-core-buttons-is-layout-03627597 wp-block-buttons-is-layout-flex\">\n<div class=\"wp-block-button has-custom-width wp-block-button__width-100\"><a class=\"wp-block-button__link has-white-color has-text-color has-background no-border-radius wp-element-button\" href=\"https:\/\/kchbc.beardedcollie.cz\/?page_id=68\" style=\"background-color:#000000\">ZOBRAZIT<\/a><\/div>\n<\/div>\n<\/div>\n\n\n\n<div class=\"wp-block-column has-text-color has-background has-link-color wp-elements-99aa63b85473ac65e32fdcfc81c95288 is-layout-flow wp-block-column-is-layout-flow\" style=\"color:#000000;background-color:#c0ebf1;padding-top:2em;padding-right:2em;padding-bottom:2em;padding-left:2em\">\n<h3 class=\"wp-block-heading has-text-align-center\"><strong>Cen\u00edk<\/strong><\/h3>\n\n\n\n<p class=\"has-text-align-center has-normal-font-size\">Zde najdete zp\u016fsoby placen\u00ed poplatk\u016f KCHBC a aktu\u00e1ln\u00ed cen\u00edk.<\/p>\n\n\n\n<div class=\"wp-block-buttons alignfull is-horizontal is-content-justification-center is-layout-flex wp-container-core-buttons-is-layout-03627597 wp-block-buttons-is-layout-flex\">\n<div class=\"wp-block-button has-custom-width wp-block-button__width-100\"><a class=\"wp-block-button__link has-white-color has-text-color has-background no-border-radius wp-element-button\" href=\"https:\/\/kchbc.beardedcollie.cz\/?page_id=70\" style=\"background-color:#000000\">ZOBRAZIT<\/a><\/div>\n<\/div>\n<\/div>\n\n\n\n<div class=\"wp-block-column has-text-color has-background has-link-color wp-elements-86cb63d7c18d375141cb611ad1569ce4 is-layout-flow wp-block-column-is-layout-flow\" style=\"color:#000000;background-color:#c0ebf1;padding-top:2em;padding-right:2em;padding-bottom:2em;padding-left:2em\">\n<h3 class=\"wp-block-heading has-text-align-center\"><strong>Z\u00e1pisy<\/strong><\/h3>\n\n\n\n<p class=\"has-text-align-center has-normal-font-size\">Zde najdete z\u00e1pisy ze sch\u016fz\u00ed v\u00fdboru, \u010dlensk\u00fdch sch\u016fz\u00ed a jedn\u00e1n\u00ed KRK.<\/p>\n\n\n\n<div class=\"wp-block-buttons alignfull is-horizontal is-content-justification-center is-layout-flex wp-container-core-buttons-is-layout-03627597 wp-block-buttons-is-layout-flex\">\n<div class=\"wp-block-button has-custom-width wp-block-button__width-100\"><a class=\"wp-block-button__link has-white-color has-text-color has-background no-border-radius wp-element-button\" href=\"https:\/\/kchbc.beardedcollie.cz\/?page_id=74\" style=\"background-color:#000000\">ZOBRAZIT<\/a><\/div>\n<\/div>\n<\/div>\n\n\n\n<div class=\"wp-block-column has-text-color has-background has-link-color wp-elements-5e78d7555e2d7395416312391d1d7425 is-layout-flow wp-block-column-is-layout-flow\" style=\"color:#000000;background-color:#c0ebf1;padding-top:2em;padding-right:2em;padding-bottom:2em;padding-left:2em\">\n<h3 class=\"wp-block-heading has-text-align-center\"><strong>Vy\u00fa\u010dtov\u00e1n\u00ed<\/strong><\/h3>\n\n\n\n<p class=\"has-text-align-center has-normal-font-size\">Zde najdete vy\u00fa\u010dtov\u00e1n\u00ed klubov\u00fdch akc\u00ed konan\u00fdch v aktu\u00e1ln\u00edm roce.<\/p>\n\n\n\n<div class=\"wp-block-buttons alignfull is-horizontal is-content-justification-center is-layout-flex wp-container-core-buttons-is-layout-03627597 wp-block-buttons-is-layout-flex\">\n<div class=\"wp-block-button has-custom-width wp-block-button__width-100\"><a class=\"wp-block-button__link has-white-color has-text-color has-background no-border-radius wp-element-button\" href=\"https:\/\/kchbc.beardedcollie.cz\/?page_id=76\" style=\"background-color:#000000\">ZOBRAZIT<\/a><\/div>\n<\/div>\n<\/div>\n\n\n\n<div class=\"wp-block-column has-text-color has-background has-link-color wp-elements-deff2bb917cf09118703a86f5f783f77 is-layout-flow wp-block-column-is-layout-flow\" style=\"color:#000000;background-color:#c0ebf1;padding-top:2em;padding-right:2em;padding-bottom:2em;padding-left:2em\">\n<h3 class=\"wp-block-heading has-text-align-center\"><strong>Formul\u00e1\u0159e<\/strong><\/h3>\n\n\n\n<p class=\"has-text-align-center has-normal-font-size\">U\u017eite\u010dn\u00fd souhrn formul\u00e1\u0159\u016f ke sta\u017een\u00ed t\u00fdkaj\u00edc\u00edch se \u010dlenstv\u00ed, chovu \u010di sout\u011b\u017e\u00ed.<\/p>\n\n\n\n<div class=\"wp-block-buttons alignfull is-horizontal is-content-justification-center is-layout-flex wp-container-core-buttons-is-layout-03627597 wp-block-buttons-is-layout-flex\">\n<div class=\"wp-block-button has-custom-width wp-block-button__width-100\"><a class=\"wp-block-button__link has-white-color has-text-color has-background no-border-radius wp-element-button\" href=\"https:\/\/kchbc.beardedcollie.cz\/?page_id=413\" style=\"background-color:#000000\">ZOBRAZIT<\/a><\/div>\n<\/div>\n<\/div>\n<\/div>\n","protected":false},"excerpt":{"rendered":"<p>P\u0159edpisy Zde najdete p\u0159edpisy, kter\u00fdmi se klub \u0159\u00edd\u00ed &#8211; zejm\u00e9na stanovy, \u0159\u00e1dy a vnit\u0159n\u00ed sm\u011brnice. Cen\u00edk Zde najdete zp\u016fsoby placen\u00ed poplatk\u016f KCHBC a aktu\u00e1ln\u00ed cen\u00edk. Z\u00e1pisy Zde najdete z\u00e1pisy ze sch\u016fz\u00ed v\u00fdboru, \u010dlensk\u00fdch sch\u016fz\u00ed a jedn\u00e1n\u00ed KRK. Vy\u00fa\u010dtov\u00e1n\u00ed Zde najdete vy\u00fa\u010dtov\u00e1n\u00ed klubov\u00fdch akc\u00ed konan\u00fdch v aktu\u00e1ln\u00edm roce. Formul\u00e1\u0159e U\u017eite\u010dn\u00fd souhrn formul\u00e1\u0159\u016f ke sta\u017een\u00ed t\u00fdkaj\u00edc\u00edch se [&hellip;]<\/p>\n","protected":false},"author":2,"featured_media":0,"parent":55,"menu_order":0,"comment_status":"closed","ping_status":"closed","template":"","meta":{"_acf_changed":false,"site-sidebar-layout":"default","site-content-layout":"","ast-site-content-layout":"default","site-content-style":"default","site-sidebar-style":"default","ast-global-header-display":"","ast-banner-title-visibility":"","ast-main-header-display":"","ast-hfb-above-header-display":"","ast-hfb-below-header-display":"","ast-hfb-mobile-header-display":"","site-post-title":"","ast-breadcrumbs-content":"","ast-featured-img":"","footer-sml-layout":"","ast-disable-related-posts":"","theme-transparent-header-meta":"default","adv-header-id-meta":"","stick-header-meta":"","header-above-stick-meta":"","header-main-stick-meta":"","header-below-stick-meta":"","astra-migrate-meta-layouts":"set","ast-page-background-enabled":"default","ast-page-background-meta":{"desktop":{"background-color":"var(--ast-global-color-4)","background-image":"","background-repeat":"repeat","background-position":"center center","background-size":"auto","background-attachment":"scroll","background-type":"","background-media":"","overlay-type":"","overlay-color":"","overlay-opacity":"","overlay-gradient":""},"tablet":{"background-color":"","background-image":"","background-repeat":"repeat","background-position":"center center","background-size":"auto","background-attachment":"scroll","background-type":"","background-media":"","overlay-type":"","overlay-color":"","overlay-opacity":"","overlay-gradient":""},"mobile":{"background-color":"","background-image":"","background-repeat":"repeat","background-position":"center center","background-size":"auto","background-attachment":"scroll","background-type":"","background-media":"","overlay-type":"","overlay-color":"","overlay-opacity":"","overlay-gradient":""}},"ast-content-background-meta":{"desktop":{"background-color":"var(--ast-global-color-5)","background-image":"","background-repeat":"repeat","background-position":"center center","background-size":"auto","background-attachment":"scroll","background-type":"","background-media":"","overlay-type":"","overlay-color":"","overlay-opacity":"","overlay-gradient":""},"tablet":{"background-color":"var(--ast-global-color-5)","background-image":"","background-repeat":"repeat","background-position":"center center","background-size":"auto","background-attachment":"scroll","background-type":"","background-media":"","overlay-type":"","overlay-color":"","overlay-opacity":"","overlay-gradient":""},"mobile":{"background-color":"var(--ast-global-color-5)","background-image":"","background-repeat":"repeat","background-position":"center center","background-size":"auto","background-attachment":"scroll","background-type":"","background-media":"","overlay-type":"","overlay-color":"","overlay-opacity":"","overlay-gradient":""}},"footnotes":""},"class_list":["post-409","page","type-page","status-publish","hentry"],"acf":[],"featured_image_src":null,"_links":{"self":[{"href":"https:\/\/kchbc.beardedcollie.cz\/index.php?rest_route=\/wp\/v2\/pages\/409","targetHints":{"allow":["GET"]}}],"collection":[{"href":"https:\/\/kchbc.beardedcollie.cz\/index.php?rest_route=\/wp\/v2\/pages"}],"about":[{"href":"https:\/\/kchbc.beardedcollie.cz\/index.php?rest_route=\/wp\/v2\/types\/page"}],"author":[{"embeddable":true,"href":"https:\/\/kchbc.beardedcollie.cz\/index.php?rest_route=\/wp\/v2\/users\/2"}],"replies":[{"embeddable":true,"href":"https:\/\/kchbc.beardedcollie.cz\/index.php?rest_route=%2Fwp%2Fv2%2Fcomments&post=409"}],"version-history":[{"count":6,"href":"https:\/\/kchbc.beardedcollie.cz\/index.php?rest_route=\/wp\/v2\/pages\/409\/revisions"}],"predecessor-version":[{"id":1423,"href":"https:\/\/kchbc.beardedcollie.cz\/index.php?rest_route=\/wp\/v2\/pages\/409\/revisions\/1423"}],"up":[{"embeddable":true,"href":"https:\/\/kchbc.beardedcollie.cz\/index.php?rest_route=\/wp\/v2\/pages\/55"}],"wp:attachment":[{"href":"https:\/\/kchbc.beardedcollie.cz\/index.php?rest_route=%2Fwp%2Fv2%2Fmedia&parent=409"}],"curies":[{"name":"wp","href":"https:\/\/api.w.org\/{rel}","templated":true}]}}