{"id":38,"date":"2023-09-20T18:55:51","date_gmt":"2023-09-20T16:55:51","guid":{"rendered":"https:\/\/kchbc.beardedcollie.cz\/?page_id=38"},"modified":"2025-06-26T22:54:59","modified_gmt":"2025-06-26T20:54:59","slug":"klubovi-pracovni-veteran-sampioni","status":"publish","type":"page","link":"https:\/\/kchbc.beardedcollie.cz\/?page_id=38","title":{"rendered":"Klubov\u00ed pracovn\u00ed veter\u00e1n \u0161ampioni"},"content":{"rendered":"\n<h2 class=\"wp-block-heading has-text-align-center\">2024 &#8211; feny<\/h2>\n\n\n\n<div class=\"wp-block-columns is-layout-flex wp-container-core-columns-is-layout-28f84493 wp-block-columns-is-layout-flex\">\n<div class=\"wp-block-column is-layout-flow wp-block-column-is-layout-flow\">\n<h5 class=\"wp-block-heading has-text-align-center\">Dacota Ligoretto<\/h5>\n\n\n\n<figure data-wp-context=\"{&quot;imageId&quot;:&quot;69fb0008116ff&quot;}\" data-wp-interactive=\"core\/image\" data-wp-key=\"69fb0008116ff\" class=\"wp-block-image aligncenter size-large wp-lightbox-container\"><img decoding=\"async\" data-wp-class--hide=\"state.isContentHidden\" data-wp-class--show=\"state.isContentVisible\" data-wp-init=\"callbacks.setButtonStyles\" data-wp-on--click=\"actions.showLightbox\" data-wp-on--load=\"callbacks.setButtonStyles\" data-wp-on-window--resize=\"callbacks.setButtonStyles\" src=\"https:\/\/kchbc.beardedcollie.cz\/wp-content\/uploads\/2025\/06\/dacotaligoretto-709x1024.jpg\" alt=\"\" class=\"wp-image-4373\"\/><button\n\t\t\tclass=\"lightbox-trigger\"\n\t\t\ttype=\"button\"\n\t\t\taria-haspopup=\"dialog\"\n\t\t\taria-label=\"Zv\u011bt\u0161it\"\n\t\t\tdata-wp-init=\"callbacks.initTriggerButton\"\n\t\t\tdata-wp-on--click=\"actions.showLightbox\"\n\t\t\tdata-wp-style--right=\"state.imageButtonRight\"\n\t\t\tdata-wp-style--top=\"state.imageButtonTop\"\n\t\t>\n\t\t\t<svg xmlns=\"http:\/\/www.w3.org\/2000\/svg\" width=\"12\" height=\"12\" fill=\"none\" viewBox=\"0 0 12 12\">\n\t\t\t\t<path fill=\"#fff\" d=\"M2 0a2 2 0 0 0-2 2v2h1.5V2a.5.5 0 0 1 .5-.5h2V0H2Zm2 10.5H2a.5.5 0 0 1-.5-.5V8H0v2a2 2 0 0 0 2 2h2v-1.5ZM8 12v-1.5h2a.5.5 0 0 0 .5-.5V8H12v2a2 2 0 0 1-2 2H8Zm2-12a2 2 0 0 1 2 2v2h-1.5V2a.5.5 0 0 0-.5-.5H8V0h2Z\" \/>\n\t\t\t<\/svg>\n\t\t<\/button><figcaption class=\"wp-element-caption\">maj. Tereza Bro\u017eov\u00e1<\/figcaption><\/figure>\n<\/div>\n\n\n\n<div class=\"wp-block-column is-layout-flow wp-block-column-is-layout-flow\">\n<h5 class=\"wp-block-heading has-text-align-center\"><\/h5>\n<\/div>\n\n\n\n<div class=\"wp-block-column is-layout-flow wp-block-column-is-layout-flow\">\n<h5 class=\"wp-block-heading\"><\/h5>\n<\/div>\n<\/div>\n\n\n\n<h2 class=\"wp-block-heading has-text-align-center\">2023 &#8211; psi<\/h2>\n\n\n\n<div class=\"wp-block-columns is-layout-flex wp-container-core-columns-is-layout-28f84493 wp-block-columns-is-layout-flex\">\n<div class=\"wp-block-column is-layout-flow wp-block-column-is-layout-flow\">\n<h5 class=\"wp-block-heading has-text-align-center\">Darcy Black Wilwarin<\/h5>\n\n\n\n<figure data-wp-context=\"{&quot;imageId&quot;:&quot;69fb000812a85&quot;}\" data-wp-interactive=\"core\/image\" data-wp-key=\"69fb000812a85\" class=\"wp-block-image aligncenter size-large wp-lightbox-container\"><img loading=\"lazy\" decoding=\"async\" width=\"1776\" height=\"1333\" data-wp-class--hide=\"state.isContentHidden\" data-wp-class--show=\"state.isContentVisible\" data-wp-init=\"callbacks.setButtonStyles\" data-wp-on--click=\"actions.showLightbox\" data-wp-on--load=\"callbacks.setButtonStyles\" data-wp-on-window--resize=\"callbacks.setButtonStyles\" src=\"https:\/\/kchbc.beardedcollie.cz\/wp-content\/uploads\/2024\/06\/GV_darcyblackwilwarin-edited.jpg\" alt=\"\" class=\"wp-image-3339\" srcset=\"https:\/\/kchbc.beardedcollie.cz\/wp-content\/uploads\/2024\/06\/GV_darcyblackwilwarin-edited.jpg 1776w, https:\/\/kchbc.beardedcollie.cz\/wp-content\/uploads\/2024\/06\/GV_darcyblackwilwarin-edited-300x225.jpg 300w, https:\/\/kchbc.beardedcollie.cz\/wp-content\/uploads\/2024\/06\/GV_darcyblackwilwarin-edited-1024x769.jpg 1024w, https:\/\/kchbc.beardedcollie.cz\/wp-content\/uploads\/2024\/06\/GV_darcyblackwilwarin-edited-768x576.jpg 768w, https:\/\/kchbc.beardedcollie.cz\/wp-content\/uploads\/2024\/06\/GV_darcyblackwilwarin-edited-1536x1153.jpg 1536w\" sizes=\"auto, (max-width: 1776px) 100vw, 1776px\" \/><button\n\t\t\tclass=\"lightbox-trigger\"\n\t\t\ttype=\"button\"\n\t\t\taria-haspopup=\"dialog\"\n\t\t\taria-label=\"Zv\u011bt\u0161it\"\n\t\t\tdata-wp-init=\"callbacks.initTriggerButton\"\n\t\t\tdata-wp-on--click=\"actions.showLightbox\"\n\t\t\tdata-wp-style--right=\"state.imageButtonRight\"\n\t\t\tdata-wp-style--top=\"state.imageButtonTop\"\n\t\t>\n\t\t\t<svg xmlns=\"http:\/\/www.w3.org\/2000\/svg\" width=\"12\" height=\"12\" fill=\"none\" viewBox=\"0 0 12 12\">\n\t\t\t\t<path fill=\"#fff\" d=\"M2 0a2 2 0 0 0-2 2v2h1.5V2a.5.5 0 0 1 .5-.5h2V0H2Zm2 10.5H2a.5.5 0 0 1-.5-.5V8H0v2a2 2 0 0 0 2 2h2v-1.5ZM8 12v-1.5h2a.5.5 0 0 0 .5-.5V8H12v2a2 2 0 0 1-2 2H8Zm2-12a2 2 0 0 1 2 2v2h-1.5V2a.5.5 0 0 0-.5-.5H8V0h2Z\" \/>\n\t\t\t<\/svg>\n\t\t<\/button><figcaption class=\"wp-element-caption\">maj. Monika \u0160imkov\u00e1<\/figcaption><\/figure>\n<\/div>\n\n\n\n<div class=\"wp-block-column is-layout-flow wp-block-column-is-layout-flow\">\n<h5 class=\"wp-block-heading has-text-align-center\">Darling Monty Anarinya<\/h5>\n\n\n\n<figure data-wp-context=\"{&quot;imageId&quot;:&quot;69fb000812deb&quot;}\" data-wp-interactive=\"core\/image\" data-wp-key=\"69fb000812deb\" class=\"wp-block-image aligncenter size-full wp-lightbox-container\"><img loading=\"lazy\" decoding=\"async\" width=\"2560\" height=\"1920\" data-wp-class--hide=\"state.isContentHidden\" data-wp-class--show=\"state.isContentVisible\" data-wp-init=\"callbacks.setButtonStyles\" data-wp-on--click=\"actions.showLightbox\" data-wp-on--load=\"callbacks.setButtonStyles\" data-wp-on-window--resize=\"callbacks.setButtonStyles\" src=\"https:\/\/kchbc.beardedcollie.cz\/wp-content\/uploads\/2024\/06\/GV_darlingmontyanarinya-edited-scaled.jpg\" alt=\"\" class=\"wp-image-3340\" srcset=\"https:\/\/kchbc.beardedcollie.cz\/wp-content\/uploads\/2024\/06\/GV_darlingmontyanarinya-edited-scaled.jpg 2560w, https:\/\/kchbc.beardedcollie.cz\/wp-content\/uploads\/2024\/06\/GV_darlingmontyanarinya-edited-300x225.jpg 300w, https:\/\/kchbc.beardedcollie.cz\/wp-content\/uploads\/2024\/06\/GV_darlingmontyanarinya-edited-1024x768.jpg 1024w, https:\/\/kchbc.beardedcollie.cz\/wp-content\/uploads\/2024\/06\/GV_darlingmontyanarinya-edited-768x576.jpg 768w, https:\/\/kchbc.beardedcollie.cz\/wp-content\/uploads\/2024\/06\/GV_darlingmontyanarinya-edited-1536x1152.jpg 1536w, https:\/\/kchbc.beardedcollie.cz\/wp-content\/uploads\/2024\/06\/GV_darlingmontyanarinya-edited-2048x1536.jpg 2048w\" sizes=\"auto, (max-width: 2560px) 100vw, 2560px\" \/><button\n\t\t\tclass=\"lightbox-trigger\"\n\t\t\ttype=\"button\"\n\t\t\taria-haspopup=\"dialog\"\n\t\t\taria-label=\"Zv\u011bt\u0161it\"\n\t\t\tdata-wp-init=\"callbacks.initTriggerButton\"\n\t\t\tdata-wp-on--click=\"actions.showLightbox\"\n\t\t\tdata-wp-style--right=\"state.imageButtonRight\"\n\t\t\tdata-wp-style--top=\"state.imageButtonTop\"\n\t\t>\n\t\t\t<svg xmlns=\"http:\/\/www.w3.org\/2000\/svg\" width=\"12\" height=\"12\" fill=\"none\" viewBox=\"0 0 12 12\">\n\t\t\t\t<path fill=\"#fff\" d=\"M2 0a2 2 0 0 0-2 2v2h1.5V2a.5.5 0 0 1 .5-.5h2V0H2Zm2 10.5H2a.5.5 0 0 1-.5-.5V8H0v2a2 2 0 0 0 2 2h2v-1.5ZM8 12v-1.5h2a.5.5 0 0 0 .5-.5V8H12v2a2 2 0 0 1-2 2H8Zm2-12a2 2 0 0 1 2 2v2h-1.5V2a.5.5 0 0 0-.5-.5H8V0h2Z\" \/>\n\t\t\t<\/svg>\n\t\t<\/button><figcaption class=\"wp-element-caption\">maj. Jana N\u011bmcov\u00e1<\/figcaption><\/figure>\n<\/div>\n\n\n\n<div class=\"wp-block-column is-layout-flow wp-block-column-is-layout-flow\">\n<h5 class=\"wp-block-heading\"><\/h5>\n<\/div>\n<\/div>\n\n\n\n<h2 class=\"wp-block-heading has-text-align-center\">2023 &#8211; feny<\/h2>\n\n\n\n<div class=\"wp-block-columns is-layout-flex wp-container-core-columns-is-layout-28f84493 wp-block-columns-is-layout-flex\">\n<div class=\"wp-block-column is-layout-flow wp-block-column-is-layout-flow\">\n<h5 class=\"wp-block-heading has-text-align-center\">Inis Witre Emiel Regis<\/h5>\n\n\n\n<figure data-wp-context=\"{&quot;imageId&quot;:&quot;69fb000813491&quot;}\" data-wp-interactive=\"core\/image\" data-wp-key=\"69fb000813491\" class=\"wp-block-image aligncenter size-large wp-lightbox-container\"><img loading=\"lazy\" decoding=\"async\" width=\"1336\" height=\"1002\" data-wp-class--hide=\"state.isContentHidden\" data-wp-class--show=\"state.isContentVisible\" data-wp-init=\"callbacks.setButtonStyles\" data-wp-on--click=\"actions.showLightbox\" data-wp-on--load=\"callbacks.setButtonStyles\" data-wp-on-window--resize=\"callbacks.setButtonStyles\" src=\"https:\/\/kchbc.beardedcollie.cz\/wp-content\/uploads\/2024\/06\/GV_iniswitreemielregis-edited.jpg\" alt=\"\" class=\"wp-image-3341\" srcset=\"https:\/\/kchbc.beardedcollie.cz\/wp-content\/uploads\/2024\/06\/GV_iniswitreemielregis-edited.jpg 1336w, https:\/\/kchbc.beardedcollie.cz\/wp-content\/uploads\/2024\/06\/GV_iniswitreemielregis-edited-300x225.jpg 300w, https:\/\/kchbc.beardedcollie.cz\/wp-content\/uploads\/2024\/06\/GV_iniswitreemielregis-edited-1024x768.jpg 1024w, https:\/\/kchbc.beardedcollie.cz\/wp-content\/uploads\/2024\/06\/GV_iniswitreemielregis-edited-768x576.jpg 768w\" sizes=\"auto, (max-width: 1336px) 100vw, 1336px\" \/><button\n\t\t\tclass=\"lightbox-trigger\"\n\t\t\ttype=\"button\"\n\t\t\taria-haspopup=\"dialog\"\n\t\t\taria-label=\"Zv\u011bt\u0161it\"\n\t\t\tdata-wp-init=\"callbacks.initTriggerButton\"\n\t\t\tdata-wp-on--click=\"actions.showLightbox\"\n\t\t\tdata-wp-style--right=\"state.imageButtonRight\"\n\t\t\tdata-wp-style--top=\"state.imageButtonTop\"\n\t\t>\n\t\t\t<svg xmlns=\"http:\/\/www.w3.org\/2000\/svg\" width=\"12\" height=\"12\" fill=\"none\" viewBox=\"0 0 12 12\">\n\t\t\t\t<path fill=\"#fff\" d=\"M2 0a2 2 0 0 0-2 2v2h1.5V2a.5.5 0 0 1 .5-.5h2V0H2Zm2 10.5H2a.5.5 0 0 1-.5-.5V8H0v2a2 2 0 0 0 2 2h2v-1.5ZM8 12v-1.5h2a.5.5 0 0 0 .5-.5V8H12v2a2 2 0 0 1-2 2H8Zm2-12a2 2 0 0 1 2 2v2h-1.5V2a.5.5 0 0 0-.5-.5H8V0h2Z\" \/>\n\t\t\t<\/svg>\n\t\t<\/button><figcaption class=\"wp-element-caption\">maj. MVDr. Hana \u0164okov\u00e1<\/figcaption><\/figure>\n<\/div>\n\n\n\n<div class=\"wp-block-column is-layout-flow wp-block-column-is-layout-flow\">\n<h5 class=\"wp-block-heading has-text-align-center\"><\/h5>\n<\/div>\n\n\n\n<div class=\"wp-block-column is-layout-flow wp-block-column-is-layout-flow\">\n<h5 class=\"wp-block-heading\"><\/h5>\n<\/div>\n<\/div>\n\n\n\n<h2 class=\"wp-block-heading has-text-align-center\">2022 &#8211; feny<\/h2>\n\n\n\n<div class=\"wp-block-columns is-layout-flex wp-container-core-columns-is-layout-28f84493 wp-block-columns-is-layout-flex\">\n<div class=\"wp-block-column is-layout-flow wp-block-column-is-layout-flow\">\n<h5 class=\"wp-block-heading has-text-align-center\">Ela Chlupat\u00fd hopan<\/h5>\n\n\n\n<figure data-wp-context=\"{&quot;imageId&quot;:&quot;69fb000813a48&quot;}\" data-wp-interactive=\"core\/image\" data-wp-key=\"69fb000813a48\" class=\"wp-block-image aligncenter size-large wp-lightbox-container\"><img loading=\"lazy\" decoding=\"async\" width=\"1824\" height=\"1368\" data-wp-class--hide=\"state.isContentHidden\" data-wp-class--show=\"state.isContentVisible\" data-wp-init=\"callbacks.setButtonStyles\" data-wp-on--click=\"actions.showLightbox\" data-wp-on--load=\"callbacks.setButtonStyles\" data-wp-on-window--resize=\"callbacks.setButtonStyles\" src=\"https:\/\/kchbc.beardedcollie.cz\/wp-content\/uploads\/2023\/12\/DD-1-edited.jpg\" alt=\"\" class=\"wp-image-2385\" srcset=\"https:\/\/kchbc.beardedcollie.cz\/wp-content\/uploads\/2023\/12\/DD-1-edited.jpg 1824w, https:\/\/kchbc.beardedcollie.cz\/wp-content\/uploads\/2023\/12\/DD-1-edited-300x225.jpg 300w, https:\/\/kchbc.beardedcollie.cz\/wp-content\/uploads\/2023\/12\/DD-1-edited-1024x768.jpg 1024w, https:\/\/kchbc.beardedcollie.cz\/wp-content\/uploads\/2023\/12\/DD-1-edited-768x576.jpg 768w, https:\/\/kchbc.beardedcollie.cz\/wp-content\/uploads\/2023\/12\/DD-1-edited-1536x1152.jpg 1536w\" sizes=\"auto, (max-width: 1824px) 100vw, 1824px\" \/><button\n\t\t\tclass=\"lightbox-trigger\"\n\t\t\ttype=\"button\"\n\t\t\taria-haspopup=\"dialog\"\n\t\t\taria-label=\"Zv\u011bt\u0161it\"\n\t\t\tdata-wp-init=\"callbacks.initTriggerButton\"\n\t\t\tdata-wp-on--click=\"actions.showLightbox\"\n\t\t\tdata-wp-style--right=\"state.imageButtonRight\"\n\t\t\tdata-wp-style--top=\"state.imageButtonTop\"\n\t\t>\n\t\t\t<svg xmlns=\"http:\/\/www.w3.org\/2000\/svg\" width=\"12\" height=\"12\" fill=\"none\" viewBox=\"0 0 12 12\">\n\t\t\t\t<path fill=\"#fff\" d=\"M2 0a2 2 0 0 0-2 2v2h1.5V2a.5.5 0 0 1 .5-.5h2V0H2Zm2 10.5H2a.5.5 0 0 1-.5-.5V8H0v2a2 2 0 0 0 2 2h2v-1.5ZM8 12v-1.5h2a.5.5 0 0 0 .5-.5V8H12v2a2 2 0 0 1-2 2H8Zm2-12a2 2 0 0 1 2 2v2h-1.5V2a.5.5 0 0 0-.5-.5H8V0h2Z\" \/>\n\t\t\t<\/svg>\n\t\t<\/button><figcaption class=\"wp-element-caption\">maj. Lenka Matu\u0161kov\u00e1<\/figcaption><\/figure>\n<\/div>\n\n\n\n<div class=\"wp-block-column is-layout-flow wp-block-column-is-layout-flow\">\n<h5 class=\"wp-block-heading has-text-align-center\">Feainnewedd Emiel Regis<\/h5>\n\n\n\n<figure data-wp-context=\"{&quot;imageId&quot;:&quot;69fb000813dca&quot;}\" data-wp-interactive=\"core\/image\" data-wp-key=\"69fb000813dca\" class=\"wp-block-image aligncenter size-full wp-lightbox-container\"><img loading=\"lazy\" decoding=\"async\" width=\"553\" height=\"415\" data-wp-class--hide=\"state.isContentHidden\" data-wp-class--show=\"state.isContentVisible\" data-wp-init=\"callbacks.setButtonStyles\" data-wp-on--click=\"actions.showLightbox\" data-wp-on--load=\"callbacks.setButtonStyles\" data-wp-on-window--resize=\"callbacks.setButtonStyles\" src=\"https:\/\/kchbc.beardedcollie.cz\/wp-content\/uploads\/2023\/12\/feainneweddemielregis-edited.jpg\" alt=\"\" class=\"wp-image-1295\" srcset=\"https:\/\/kchbc.beardedcollie.cz\/wp-content\/uploads\/2023\/12\/feainneweddemielregis-edited.jpg 553w, https:\/\/kchbc.beardedcollie.cz\/wp-content\/uploads\/2023\/12\/feainneweddemielregis-edited-300x225.jpg 300w\" sizes=\"auto, (max-width: 553px) 100vw, 553px\" \/><button\n\t\t\tclass=\"lightbox-trigger\"\n\t\t\ttype=\"button\"\n\t\t\taria-haspopup=\"dialog\"\n\t\t\taria-label=\"Zv\u011bt\u0161it\"\n\t\t\tdata-wp-init=\"callbacks.initTriggerButton\"\n\t\t\tdata-wp-on--click=\"actions.showLightbox\"\n\t\t\tdata-wp-style--right=\"state.imageButtonRight\"\n\t\t\tdata-wp-style--top=\"state.imageButtonTop\"\n\t\t>\n\t\t\t<svg xmlns=\"http:\/\/www.w3.org\/2000\/svg\" width=\"12\" height=\"12\" fill=\"none\" viewBox=\"0 0 12 12\">\n\t\t\t\t<path fill=\"#fff\" d=\"M2 0a2 2 0 0 0-2 2v2h1.5V2a.5.5 0 0 1 .5-.5h2V0H2Zm2 10.5H2a.5.5 0 0 1-.5-.5V8H0v2a2 2 0 0 0 2 2h2v-1.5ZM8 12v-1.5h2a.5.5 0 0 0 .5-.5V8H12v2a2 2 0 0 1-2 2H8Zm2-12a2 2 0 0 1 2 2v2h-1.5V2a.5.5 0 0 0-.5-.5H8V0h2Z\" \/>\n\t\t\t<\/svg>\n\t\t<\/button><figcaption class=\"wp-element-caption\">maj. MVDr. Hana \u0164okov\u00e1<\/figcaption><\/figure>\n<\/div>\n\n\n\n<div class=\"wp-block-column is-layout-flow wp-block-column-is-layout-flow\">\n<h5 class=\"wp-block-heading\"><\/h5>\n<\/div>\n<\/div>\n\n\n\n<!--nextpage-->\n\n\n\n<h2 class=\"wp-block-heading has-text-align-center\">2020<\/h2>\n\n\n\n<div class=\"wp-block-columns is-layout-flex wp-container-core-columns-is-layout-28f84493 wp-block-columns-is-layout-flex\">\n<div class=\"wp-block-column is-layout-flow wp-block-column-is-layout-flow\">\n<p><strong>psi: <\/strong><\/p>\n\n\n\n<p>B\u00e1rny Modr\u00e1 pampeli\u0161ka, maj. Lucie Be\u010dv\u00e1\u0159ov\u00e1<\/p>\n<\/div>\n\n\n\n<div class=\"wp-block-column is-layout-flow wp-block-column-is-layout-flow\">\n<p><\/p>\n\n\n\n<p><\/p>\n<\/div>\n<\/div>\n\n\n\n<h2 class=\"wp-block-heading has-text-align-center\">2019<\/h2>\n\n\n\n<div class=\"wp-block-columns is-layout-flex wp-container-core-columns-is-layout-28f84493 wp-block-columns-is-layout-flex\">\n<div class=\"wp-block-column is-layout-flow wp-block-column-is-layout-flow\">\n<p><\/p>\n\n\n\n<p><\/p>\n<\/div>\n\n\n\n<div class=\"wp-block-column is-layout-flow wp-block-column-is-layout-flow\">\n<p><strong>feny:<\/strong><\/p>\n\n\n\n<p>Be My Joy Anarinya, maj. Michaela Du\u0161kov\u00e1<br>Ida Emean Emiel Regis, maj. Pavl\u00edna Dole\u017ealov\u00e1<\/p>\n<\/div>\n<\/div>\n\n\n\n<h2 class=\"wp-block-heading has-text-align-center\">2018<\/h2>\n\n\n\n<div class=\"wp-block-columns is-layout-flex wp-container-core-columns-is-layout-28f84493 wp-block-columns-is-layout-flex\">\n<div class=\"wp-block-column is-layout-flow wp-block-column-is-layout-flow\">\n<p><strong> <\/strong><\/p>\n\n\n\n<p><\/p>\n<\/div>\n\n\n\n<div class=\"wp-block-column is-layout-flow wp-block-column-is-layout-flow\">\n<p><strong>feny:<\/strong><\/p>\n\n\n\n<p>Citronella Mal\u00fd vous\u00e1\u010dek, maj. Iveta Kantov\u00e1<\/p>\n<\/div>\n<\/div>\n\n\n\n<h2 class=\"wp-block-heading has-text-align-center\">2016<\/h2>\n\n\n\n<div class=\"wp-block-columns is-layout-flex wp-container-core-columns-is-layout-28f84493 wp-block-columns-is-layout-flex\">\n<div class=\"wp-block-column is-layout-flow wp-block-column-is-layout-flow\">\n<p><strong>psi: <\/strong><\/p>\n\n\n\n<p>Hendrix Kiaora, maj. Jana N\u011bmcov\u00e1<\/p>\n<\/div>\n\n\n\n<div class=\"wp-block-column is-layout-flow wp-block-column-is-layout-flow\">\n<p><strong>feny:<\/strong><\/p>\n\n\n\n<p>Angel Face Anarinya, maj. Lucie N\u00e1plavov\u00e1<br>Kofilka od Emy Destinov\u00e9, maj. Iveta Kantov\u00e1<\/p>\n<\/div>\n<\/div>\n\n\n\n<h2 class=\"wp-block-heading has-text-align-center\">2015<\/h2>\n\n\n\n<div class=\"wp-block-columns is-layout-flex wp-container-core-columns-is-layout-28f84493 wp-block-columns-is-layout-flex\">\n<div class=\"wp-block-column is-layout-flow wp-block-column-is-layout-flow\">\n<p><strong>psi: <\/strong><\/p>\n\n\n\n<p>Amber Jet Anarinya, maj. Pavla Mach\u00e1\u010dkov\u00e1<\/p>\n<\/div>\n\n\n\n<div class=\"wp-block-column is-layout-flow wp-block-column-is-layout-flow\">\n<p><\/p>\n\n\n\n<p><\/p>\n<\/div>\n<\/div>\n\n\n\n<h2 class=\"wp-block-heading has-text-align-center\">2013<\/h2>\n\n\n\n<div class=\"wp-block-columns is-layout-flex wp-container-core-columns-is-layout-28f84493 wp-block-columns-is-layout-flex\">\n<div class=\"wp-block-column is-layout-flow wp-block-column-is-layout-flow\">\n<p><strong>psi: <\/strong><\/p>\n\n\n\n<p>Hadri\u00e1n od Emy Destinov\u00e9, maj. Jolana Dvo\u0159\u00e1\u010dkov\u00e1<br>Night Bird \u010cern\u00fd faun, maj. Alena + Hana Kol\u00e1\u0159ov\u00e1<\/p>\n<\/div>\n\n\n\n<div class=\"wp-block-column is-layout-flow wp-block-column-is-layout-flow\">\n<p><\/p>\n\n\n\n<p><\/p>\n<\/div>\n<\/div>\n\n\n\n<h2 class=\"wp-block-heading has-text-align-center\">2011<\/h2>\n\n\n\n<div class=\"wp-block-columns is-layout-flex wp-container-core-columns-is-layout-28f84493 wp-block-columns-is-layout-flex\">\n<div class=\"wp-block-column is-layout-flow wp-block-column-is-layout-flow\">\n<p><\/p>\n\n\n\n<p><\/p>\n<\/div>\n\n\n\n<div class=\"wp-block-column is-layout-flow wp-block-column-is-layout-flow\">\n<p><strong>feny:<\/strong><\/p>\n\n\n\n<p>Affair of Heart Kiaora, maj. Michaela Vlasov\u00e1<br>All About Me Kiaora, maj. Lucie N\u00e1plavov\u00e1<br>And\u011blka Chlupat\u00fd hopan, maj. Lenka Matu\u0161kov\u00e1<\/p>\n<\/div>\n<\/div>\n\n\n\n<h2 class=\"wp-block-heading has-text-align-center\">2010<\/h2>\n\n\n\n<div class=\"wp-block-columns is-layout-flex wp-container-core-columns-is-layout-28f84493 wp-block-columns-is-layout-flex\">\n<div class=\"wp-block-column is-layout-flow wp-block-column-is-layout-flow\">\n<p><strong>psi: <\/strong><\/p>\n\n\n\n<p>Kevin Costner Tennant, maj. Michaela Vlasov\u00e1<br>Apollo z Filipova ran\u010de, maj. Jolana Dvo\u0159\u00e1\u010dkov\u00e1<\/p>\n<\/div>\n\n\n\n<div class=\"wp-block-column is-layout-flow wp-block-column-is-layout-flow\">\n<p><strong>feny:<\/strong><\/p>\n\n\n\n<p>Am\u00e1lka Brown Hork\u00e1 \u010dokol\u00e1da, maj. Lenka Matu\u0161kov\u00e1<\/p>\n<\/div>\n<\/div>\n","protected":false},"excerpt":{"rendered":"<p>2024 &#8211; feny Dacota Ligoretto 2023 &#8211; psi Darcy Black Wilwarin Darling Monty Anarinya 2023 &#8211; feny Inis Witre Emiel Regis 2022 &#8211; feny Ela Chlupat\u00fd hopan Feainnewedd Emiel Regis<\/p>\n","protected":false},"author":2,"featured_media":0,"parent":18,"menu_order":0,"comment_status":"closed","ping_status":"closed","template":"","meta":{"_acf_changed":false,"site-sidebar-layout":"default","site-content-layout":"","ast-site-content-layout":"default","site-content-style":"default","site-sidebar-style":"default","ast-global-header-display":"","ast-banner-title-visibility":"","ast-main-header-display":"","ast-hfb-above-header-display":"","ast-hfb-below-header-display":"","ast-hfb-mobile-header-display":"","site-post-title":"","ast-breadcrumbs-content":"","ast-featured-img":"","footer-sml-layout":"","ast-disable-related-posts":"","theme-transparent-header-meta":"default","adv-header-id-meta":"","stick-header-meta":"","header-above-stick-meta":"","header-main-stick-meta":"","header-below-stick-meta":"","astra-migrate-meta-layouts":"set","ast-page-background-enabled":"default","ast-page-background-meta":{"desktop":{"background-color":"var(--ast-global-color-4)","background-image":"","background-repeat":"repeat","background-position":"center center","background-size":"auto","background-attachment":"scroll","background-type":"","background-media":"","overlay-type":"","overlay-color":"","overlay-opacity":"","overlay-gradient":""},"tablet":{"background-color":"","background-image":"","background-repeat":"repeat","background-position":"center center","background-size":"auto","background-attachment":"scroll","background-type":"","background-media":"","overlay-type":"","overlay-color":"","overlay-opacity":"","overlay-gradient":""},"mobile":{"background-color":"","background-image":"","background-repeat":"repeat","background-position":"center center","background-size":"auto","background-attachment":"scroll","background-type":"","background-media":"","overlay-type":"","overlay-color":"","overlay-opacity":"","overlay-gradient":""}},"ast-content-background-meta":{"desktop":{"background-color":"var(--ast-global-color-5)","background-image":"","background-repeat":"repeat","background-position":"center center","background-size":"auto","background-attachment":"scroll","background-type":"","background-media":"","overlay-type":"","overlay-color":"","overlay-opacity":"","overlay-gradient":""},"tablet":{"background-color":"var(--ast-global-color-5)","background-image":"","background-repeat":"repeat","background-position":"center center","background-size":"auto","background-attachment":"scroll","background-type":"","background-media":"","overlay-type":"","overlay-color":"","overlay-opacity":"","overlay-gradient":""},"mobile":{"background-color":"var(--ast-global-color-5)","background-image":"","background-repeat":"repeat","background-position":"center center","background-size":"auto","background-attachment":"scroll","background-type":"","background-media":"","overlay-type":"","overlay-color":"","overlay-opacity":"","overlay-gradient":""}},"footnotes":""},"class_list":["post-38","page","type-page","status-publish","hentry"],"acf":[],"featured_image_src":null,"_links":{"self":[{"href":"https:\/\/kchbc.beardedcollie.cz\/index.php?rest_route=\/wp\/v2\/pages\/38","targetHints":{"allow":["GET"]}}],"collection":[{"href":"https:\/\/kchbc.beardedcollie.cz\/index.php?rest_route=\/wp\/v2\/pages"}],"about":[{"href":"https:\/\/kchbc.beardedcollie.cz\/index.php?rest_route=\/wp\/v2\/types\/page"}],"author":[{"embeddable":true,"href":"https:\/\/kchbc.beardedcollie.cz\/index.php?rest_route=\/wp\/v2\/users\/2"}],"replies":[{"embeddable":true,"href":"https:\/\/kchbc.beardedcollie.cz\/index.php?rest_route=%2Fwp%2Fv2%2Fcomments&post=38"}],"version-history":[{"count":9,"href":"https:\/\/kchbc.beardedcollie.cz\/index.php?rest_route=\/wp\/v2\/pages\/38\/revisions"}],"predecessor-version":[{"id":4374,"href":"https:\/\/kchbc.beardedcollie.cz\/index.php?rest_route=\/wp\/v2\/pages\/38\/revisions\/4374"}],"up":[{"embeddable":true,"href":"https:\/\/kchbc.beardedcollie.cz\/index.php?rest_route=\/wp\/v2\/pages\/18"}],"wp:attachment":[{"href":"https:\/\/kchbc.beardedcollie.cz\/index.php?rest_route=%2Fwp%2Fv2%2Fmedia&parent=38"}],"curies":[{"name":"wp","href":"https:\/\/api.w.org\/{rel}","templated":true}]}}