{"id":34,"date":"2023-09-20T18:55:09","date_gmt":"2023-09-20T16:55:09","guid":{"rendered":"https:\/\/kchbc.beardedcollie.cz\/?page_id=34"},"modified":"2025-07-06T21:29:12","modified_gmt":"2025-07-06T19:29:12","slug":"memorial-milana-karena","status":"publish","type":"page","link":"https:\/\/kchbc.beardedcollie.cz\/?page_id=34","title":{"rendered":"Memori\u00e1l Milana Karena"},"content":{"rendered":"\n<div class=\"wp-block-columns is-layout-flex wp-container-core-columns-is-layout-28f84493 wp-block-columns-is-layout-flex\">\n<div class=\"wp-block-column is-layout-flow wp-block-column-is-layout-flow\" style=\"flex-basis:100%\">\n<div class=\"wp-block-columns is-layout-flex wp-container-core-columns-is-layout-28f84493 wp-block-columns-is-layout-flex\">\n<div class=\"wp-block-column is-layout-flow wp-block-column-is-layout-flow\">\n<p class=\"has-text-align-center\">Memori\u00e1l Milana Karena vznikl v roce 1990 na po\u010dest zakladatele chovu bearded colli\u00ed v \u010cR &#8211; pana Milana Karena (chovatelsk\u00e1 stanice Modr\u00e1)<\/p>\n\n\n\n<p class=\"has-text-align-center\"><strong>Putovn\u00ed poh\u00e1r a titul V\u00edt\u011bz Memori\u00e1lu Milana Karena je ud\u011blen nejlep\u0161\u00ed Bearded collii poch\u00e1zej\u00edc\u00ed z \u010desk\u00e9ho chovu p\u0159edveden\u00e9 na nejv\u00fdznamn\u011bj\u0161\u00ed Klubov\u00e9 v\u00fdstav\u011b se zad\u00e1v\u00e1n\u00edm titulu Klubov\u00fd v\u00edt\u011bz.<\/strong><\/p>\n\n\n\n<figure class=\"wp-block-image aligncenter size-large is-resized\"><img loading=\"lazy\" decoding=\"async\" width=\"967\" height=\"1454\" src=\"https:\/\/kchbc.beardedcollie.cz\/wp-content\/uploads\/2023\/11\/poharkaren-edited.jpg\" alt=\"\" class=\"wp-image-701\" style=\"width:267px;height:auto\" srcset=\"https:\/\/kchbc.beardedcollie.cz\/wp-content\/uploads\/2023\/11\/poharkaren-edited.jpg 967w, https:\/\/kchbc.beardedcollie.cz\/wp-content\/uploads\/2023\/11\/poharkaren-edited-200x300.jpg 200w, https:\/\/kchbc.beardedcollie.cz\/wp-content\/uploads\/2023\/11\/poharkaren-edited-681x1024.jpg 681w, https:\/\/kchbc.beardedcollie.cz\/wp-content\/uploads\/2023\/11\/poharkaren-edited-768x1155.jpg 768w\" sizes=\"auto, (max-width: 967px) 100vw, 967px\" \/><\/figure>\n<\/div>\n\n\n\n<div class=\"wp-block-column is-layout-flow wp-block-column-is-layout-flow\">\n<p class=\"has-text-align-center\"><strong>Pravidla sout\u011b\u017ee:<\/strong><\/p>\n\n\n\n<p>V\u00edt\u011bzem sout\u011b\u017ee se st\u00e1v\u00e1 nejlep\u0161\u00ed Bearded Collie poch\u00e1zej\u00edc\u00ed z \u010desk\u00e9ho chovu.<\/p>\n\n\n\n<p>Sout\u011b\u017ee se automaticky \u00fa\u010dastn\u00ed ka\u017ed\u00e1 Bearded Collie poch\u00e1zej\u00edc\u00ed z \u010desk\u00e9ho chovu (chovatelsk\u00e1 stanice psa mus\u00ed b\u00fdt zaps\u00e1na v registru chovatelsk\u00fdch stanic \u010cMKU) s ud\u011blenou zn\u00e1mkou V\u00fdborn\u00e1 1 respektive Velmi nad\u011bjn\u00e1 1 v jak\u00e9koli t\u0159\u00edd\u011b (krom\u011b t\u0159\u00eddy mimo konkurenci).<\/p>\n\n\n\n<p>Pokud jedinec se zn\u00e1mkou V\u00fdborn\u00e1 1 respektive Velmi nad\u011bjn\u00e1 1 nen\u00ed \u010desk\u00e9ho p\u016fvodu, do sout\u011b\u017ee postupuje jeden d\u00e1le um\u00edst\u011bn\u00fd jedinec na po\u0159ad\u00ed (V\u00fdborn\u00fd 2, V\u00fdborn\u00fd 3, V\u00fdborn\u00fd 4 respektive Velmi nad\u011bjn\u00fd 2, Velmi nad\u011bjn\u00fd 3, Velmi nad\u011bjn\u00fd 4), kter\u00fd je \u010desk\u00e9ho p\u016fvodu.<\/p>\n\n\n\n<p>Pokud prvn\u00ed jedinec \u010desk\u00e9ho p\u016fvodu na po\u0159ad\u00ed nez\u00edskal V\u00fdbornou \u010di Velmi nad\u011bjnou, do sout\u011b\u017ee z t\u00e9to t\u0159\u00eddy nepostupuje \u017e\u00e1dn\u00fd z\u00e1stupce.<\/p>\n\n\n\n<p>V\u00edt\u011bz obdr\u017e\u00ed poh\u00e1r a je mu na dobu do kon\u00e1n\u00ed p\u0159\u00ed\u0161t\u00ed v\u00fdstavy prop\u016fj\u010den historick\u00fd putovn\u00ed poh\u00e1r. Poh\u00e1ry v\u00edt\u011bzi p\u0159ed\u00e1 pan\u00ed Anna Karenov\u00e1, je-li na v\u00fdstav\u011b p\u0159\u00edtomna. Sout\u011b\u017e se po\u0159\u00e1d\u00e1 pouze na klubov\u00e9 v\u00fdstav\u011b se zad\u00e1v\u00e1n\u00edm titulu Klubov\u00fd v\u00edt\u011bz<\/p>\n<\/div>\n<\/div>\n<\/div>\n<\/div>\n\n\n\n<h2 class=\"wp-block-heading has-text-align-center\">V\u00cdT\u011aZOV\u00c9 MEMORI\u00c1LU MILANA KARENA<\/h2>\n\n\n\n<p class=\"has-text-align-center\">V\u00edt\u011bz Memori\u00e1lu Milana Karena 2025 &#8211; Carrie Kofinela, maj. Iveta Kantov\u00e1<\/p>\n\n\n\n<p class=\"has-text-align-center\">V\u00edt\u011bz Memori\u00e1lu Milana Karena 2024 &#8211; Darcy Black Wilwarin, maj. Monika \u0160imkov\u00e1<\/p>\n\n\n\n<p class=\"has-text-align-center\">V\u00edt\u011bz Memori\u00e1lu Milana Karena 2023 &#8211; Breath of Highland Tullibeardie, maj. Tereza Bro\u017eov\u00e1<\/p>\n\n\n\n<p class=\"has-text-align-center\">V\u00edt\u011bz Memori\u00e1lu Milana Karena 2022&nbsp; &#8211; Emblem of Rose Anarinya, maj. Kate\u0159ina Kub\u00e1tov\u00e1<\/p>\n\n\n\n<p class=\"has-text-align-center\">V\u00edt\u011bz Memori\u00e1lu Milana Karena 2021 &#8211; Albert Einstein MonaChristie, maj. Pavla Mach\u00e1\u010dkov\u00e1 + Jan Zda\u0159il<\/p>\n\n\n\n<p class=\"has-text-align-center\">V\u00edt\u011bz Memori\u00e1lu Milana Karena 2020 &#8211; Albert Einstein MonaChristie, maj. Pavla Mach\u00e1\u010dkov\u00e1 + Jan Zda\u0159il<\/p>\n\n\n\n<p class=\"has-text-align-center\">V\u00edt\u011bz Memori\u00e1lu Milana Karena 2019 &#8211; Diamond Rose Anarinya, maj. Lucie N\u00e1plavov\u00e1<\/p>\n\n\n\n<p class=\"has-text-align-center\">V\u00edt\u011bz Memori\u00e1lu Milana Karena 2018 &#8211; Demmi&#8217;s Darling Old Tapis, maj. Michaela \u0160ant\u00ednov\u00e1<\/p>\n\n\n\n<p class=\"has-text-align-center\">V\u00edt\u011bz Memori\u00e1lu Milana Karena 2017 &#8211; Diamond Rose Anarinya, maj. Lucie N\u00e1plavov\u00e1<\/p>\n\n\n\n<p class=\"has-text-align-center\">V\u00edt\u011bz Memori\u00e1lu Milana Karena 2016 &#8211; Autumn Misty Morning Lufian, maj. Alena Kol\u00e1\u0159ov\u00e1<\/p>\n\n\n\n<p class=\"has-text-align-center\">V\u00edt\u011bz Memori\u00e1lu Milana Karena 2015 &#8211; Caff\u00e9 Latte Old Tapis, maj. Alena Kol\u00e1\u0159ov\u00e1<\/p>\n\n\n\n<p class=\"has-text-align-center\">V\u00edt\u011bz Memori\u00e1lu Milana Karena 2014 &#8211; TV Vanilka, maj. Dana Volkov\u00e1<\/p>\n\n\n\n<p class=\"has-text-align-center\">V\u00edt\u011bz Memori\u00e1lu Milana Karena 2013 &#8211; Demmi&#8217;s Darling Old Tapis, maj. Michaela \u0160ant\u00ednov\u00e1<\/p>\n\n\n\n<p class=\"has-text-align-center\">V\u00edt\u011bz Memori\u00e1lu Milana Karena 2012 &#8211; Affair of Heart Kiaora, maj. Michaela Vlasov\u00e1<\/p>\n\n\n\n<p class=\"has-text-align-center\">V\u00edt\u011bz Memori\u00e1lu Milana Karena 2011 &#8211; Da\u0159buj\u00e1n Chlupat\u00fd hopan, maj. Zde\u0148ka Altov\u00e1<\/p>\n\n\n\n<p class=\"has-text-align-center\">V\u00edt\u011bz Memori\u00e1lu Milana Karena 2010 &#8211; Levandule od Emy Destinov\u00e9, maj. Eva P\u00e1vkov\u00e1<\/p>\n\n\n\n<p class=\"has-text-align-center\">V\u00edt\u011bz Memori\u00e1lu Milana Karena 2009 &#8211;&nbsp;All About Me Kiaora, maj. Lucie N\u00e1plavov\u00e1<\/p>\n\n\n\n<p class=\"has-text-align-center\">V\u00edt\u011bz Memori\u00e1lu Milana Karena 2008 &#8211; Angel Face Anarinya, maj. Lucie N\u00e1plavov\u00e1<\/p>\n\n\n\n<p class=\"has-text-align-center\">V\u00edt\u011bz Memori\u00e1lu Milana Karena 2007 &#8211; Conny na Prov\u00e1zku, maj. Monika Christophov\u00e1<\/p>\n\n\n\n<p class=\"has-text-align-center\">V\u00edt\u011bz Memori\u00e1lu Milana Karena 2006 &#8211; Conny na Prov\u00e1zku, maj. Monika Christophov\u00e1<\/p>\n\n\n\n<p class=\"has-text-align-center\">V\u00edt\u011bz Memori\u00e1lu Milana Karena 2005 &#8211; Akim z Vesel\u00e9ho kopce, maj. Eva Dvo\u0159\u00e1kov\u00e1<\/p>\n\n\n\n<p class=\"has-text-align-center\">V\u00edt\u011bz Memori\u00e1lu Milana Karena 2004 &#8211; Anny na Prov\u00e1zku, maj. Eva Dvo\u0159\u00e1kov\u00e1<\/p>\n\n\n\n<p class=\"has-text-align-center\">V\u00edt\u011bz Memori\u00e1lu Milana Karena 2003 &#8211; Anny na Prov\u00e1zku, maj. Eva Dvo\u0159\u00e1kov\u00e1<\/p>\n\n\n\n<p class=\"has-text-align-center\">V\u00edt\u011bz Memori\u00e1lu Milana Karena 2002 &#8211; Uragan Black Vanilka, maj. Dana Volkov\u00e1<\/p>\n\n\n\n<p class=\"has-text-align-center\">V\u00edt\u011bz Memori\u00e1lu Milana Karena 2001 &#8211; Gita Brown \u010cern\u00fd faun, maj. Irena Maredov\u00e1<\/p>\n\n\n\n<p class=\"has-text-align-center\">V\u00edt\u011bz Memori\u00e1lu Milana Karena 2000 &#8211; Hooper Black \u010cern\u00fd faun, maj. Romana Spolkov\u00e1<\/p>\n\n\n\n<p class=\"has-text-align-center\">V\u00edt\u011bz Memori\u00e1lu Milana Karena 1999 &#8211; Enigma Brown Bukaj, maj. Jaroslava Dejmkov\u00e1<\/p>\n\n\n\n<p class=\"has-text-align-center\">V\u00edt\u011bz Memori\u00e1lu Milana Karena 1998 &#8211; Enigma Brown Bukaj, maj. Jaroslava Dejmkov\u00e1<\/p>\n\n\n\n<p class=\"has-text-align-center\">V\u00edt\u011bz Memori\u00e1lu Milana Karena 1997 &#8211; Hooper Black \u010cern\u00fd faun, maj. Romana Spolkov\u00e1<\/p>\n\n\n\n<p class=\"has-text-align-center\">V\u00edt\u011bz Memori\u00e1lu Milana Karena 1996 &#8211; Ketty Blue Modr\u00e1, maj. Vladim\u00edra Gavrikidisov\u00e1<\/p>\n\n\n\n<p class=\"has-text-align-center\">V\u00edt\u011bz Memori\u00e1lu Milana Karena 1995 &#8211; Enigma Brown Bukaj, maj. Jaroslava Dejmkov\u00e1<\/p>\n\n\n\n<p class=\"has-text-align-center\">V\u00edt\u011bz Memori\u00e1lu Milana Karena 1994 &#8211; Ketty Blue Modr\u00e1, maj. Vladim\u00edra Gavrikidisov\u00e1<\/p>\n\n\n\n<p class=\"has-text-align-center\">V\u00edt\u011bz Memori\u00e1lu Milana Karena 1993 &#8211; Cento Bukaj, maj. V\u00e1clava Elefantov\u00e1<\/p>\n\n\n\n<p class=\"has-text-align-center\">V\u00edt\u011bz Memori\u00e1lu Milana Karena 1992 &#8211; Cento Bukaj, maj. V\u00e1clava Elefantov\u00e1<\/p>\n\n\n\n<p class=\"has-text-align-center\">V\u00edt\u011bz Memori\u00e1lu Milana Karena 1991 &#8211; Brendy Modr\u00e1, maj. B. V\u00e1vrov\u00e1<\/p>\n\n\n\n<p class=\"has-text-align-center\">V\u00edt\u011bz Memori\u00e1lu Milana Karena 1990 &#8211; Evona Modr\u00e1<\/p>\n","protected":false},"excerpt":{"rendered":"<p>Memori\u00e1l Milana Karena vznikl v roce 1990 na po\u010dest zakladatele chovu bearded colli\u00ed v \u010cR &#8211; pana Milana Karena (chovatelsk\u00e1 stanice Modr\u00e1) Putovn\u00ed poh\u00e1r a titul V\u00edt\u011bz Memori\u00e1lu Milana Karena je ud\u011blen nejlep\u0161\u00ed Bearded collii poch\u00e1zej\u00edc\u00ed z \u010desk\u00e9ho chovu p\u0159edveden\u00e9 na nejv\u00fdznamn\u011bj\u0161\u00ed Klubov\u00e9 v\u00fdstav\u011b se zad\u00e1v\u00e1n\u00edm titulu Klubov\u00fd v\u00edt\u011bz. Pravidla sout\u011b\u017ee: V\u00edt\u011bzem sout\u011b\u017ee se st\u00e1v\u00e1 [&hellip;]<\/p>\n","protected":false},"author":2,"featured_media":0,"parent":44,"menu_order":0,"comment_status":"closed","ping_status":"closed","template":"","meta":{"_acf_changed":false,"site-sidebar-layout":"default","site-content-layout":"","ast-site-content-layout":"default","site-content-style":"default","site-sidebar-style":"default","ast-global-header-display":"","ast-banner-title-visibility":"","ast-main-header-display":"","ast-hfb-above-header-display":"","ast-hfb-below-header-display":"","ast-hfb-mobile-header-display":"","site-post-title":"","ast-breadcrumbs-content":"","ast-featured-img":"","footer-sml-layout":"","ast-disable-related-posts":"","theme-transparent-header-meta":"default","adv-header-id-meta":"","stick-header-meta":"","header-above-stick-meta":"","header-main-stick-meta":"","header-below-stick-meta":"","astra-migrate-meta-layouts":"set","ast-page-background-enabled":"default","ast-page-background-meta":{"desktop":{"background-color":"var(--ast-global-color-4)","background-image":"","background-repeat":"repeat","background-position":"center center","background-size":"auto","background-attachment":"scroll","background-type":"","background-media":"","overlay-type":"","overlay-color":"","overlay-opacity":"","overlay-gradient":""},"tablet":{"background-color":"","background-image":"","background-repeat":"repeat","background-position":"center center","background-size":"auto","background-attachment":"scroll","background-type":"","background-media":"","overlay-type":"","overlay-color":"","overlay-opacity":"","overlay-gradient":""},"mobile":{"background-color":"","background-image":"","background-repeat":"repeat","background-position":"center center","background-size":"auto","background-attachment":"scroll","background-type":"","background-media":"","overlay-type":"","overlay-color":"","overlay-opacity":"","overlay-gradient":""}},"ast-content-background-meta":{"desktop":{"background-color":"var(--ast-global-color-5)","background-image":"","background-repeat":"repeat","background-position":"center center","background-size":"auto","background-attachment":"scroll","background-type":"","background-media":"","overlay-type":"","overlay-color":"","overlay-opacity":"","overlay-gradient":""},"tablet":{"background-color":"var(--ast-global-color-5)","background-image":"","background-repeat":"repeat","background-position":"center center","background-size":"auto","background-attachment":"scroll","background-type":"","background-media":"","overlay-type":"","overlay-color":"","overlay-opacity":"","overlay-gradient":""},"mobile":{"background-color":"var(--ast-global-color-5)","background-image":"","background-repeat":"repeat","background-position":"center center","background-size":"auto","background-attachment":"scroll","background-type":"","background-media":"","overlay-type":"","overlay-color":"","overlay-opacity":"","overlay-gradient":""}},"footnotes":""},"class_list":["post-34","page","type-page","status-publish","hentry"],"acf":[],"featured_image_src":null,"_links":{"self":[{"href":"https:\/\/kchbc.beardedcollie.cz\/index.php?rest_route=\/wp\/v2\/pages\/34","targetHints":{"allow":["GET"]}}],"collection":[{"href":"https:\/\/kchbc.beardedcollie.cz\/index.php?rest_route=\/wp\/v2\/pages"}],"about":[{"href":"https:\/\/kchbc.beardedcollie.cz\/index.php?rest_route=\/wp\/v2\/types\/page"}],"author":[{"embeddable":true,"href":"https:\/\/kchbc.beardedcollie.cz\/index.php?rest_route=\/wp\/v2\/users\/2"}],"replies":[{"embeddable":true,"href":"https:\/\/kchbc.beardedcollie.cz\/index.php?rest_route=%2Fwp%2Fv2%2Fcomments&post=34"}],"version-history":[{"count":7,"href":"https:\/\/kchbc.beardedcollie.cz\/index.php?rest_route=\/wp\/v2\/pages\/34\/revisions"}],"predecessor-version":[{"id":4424,"href":"https:\/\/kchbc.beardedcollie.cz\/index.php?rest_route=\/wp\/v2\/pages\/34\/revisions\/4424"}],"up":[{"embeddable":true,"href":"https:\/\/kchbc.beardedcollie.cz\/index.php?rest_route=\/wp\/v2\/pages\/44"}],"wp:attachment":[{"href":"https:\/\/kchbc.beardedcollie.cz\/index.php?rest_route=%2Fwp%2Fv2%2Fmedia&parent=34"}],"curies":[{"name":"wp","href":"https:\/\/api.w.org\/{rel}","templated":true}]}}