{"id":29,"date":"2023-09-20T18:53:56","date_gmt":"2023-09-20T16:53:56","guid":{"rendered":"https:\/\/kchbc.beardedcollie.cz\/?page_id=29"},"modified":"2025-07-06T21:26:27","modified_gmt":"2025-07-06T19:26:27","slug":"klubovi-vitezove","status":"publish","type":"page","link":"https:\/\/kchbc.beardedcollie.cz\/?page_id=29","title":{"rendered":"Klubov\u00ed v\u00edt\u011bzov\u00e9"},"content":{"rendered":"\n<div class=\"wp-block-columns is-layout-flex wp-container-core-columns-is-layout-28f84493 wp-block-columns-is-layout-flex\">\n<div class=\"wp-block-column is-layout-flow wp-block-column-is-layout-flow\">\n<p>Titul Klubov\u00fd v\u00edt\u011bz ud\u011bluje Klub chovatel\u016f bearded colli\u00ed od samotn\u00e9ho po\u010d\u00e1tku. Ud\u011bluje se pouze jednomu psovi a jedn\u00e9 fen\u011b v roce.<\/p>\n\n\n\n<p>Titul <strong>Klubov\u00fd v\u00edt\u011bz<\/strong> b\u00fdv\u00e1 ud\u011blov\u00e1n samostatn\u011b nejlep\u0161\u00edmu psovi a nejlep\u0161\u00ed fen\u011b z konkurence dr\u017eitel\u016f \u010dekatelstv\u00ed CAC na klubov\u00e9 v\u00fdstav\u011b ze zad\u00e1v\u00e1n\u00edm titulu Klubov\u00fd v\u00edt\u011bz. Tento presti\u017en\u00ed titul oprav\u0148uje ke vstupu do t\u0159\u00eddy v\u00edt\u011bz\u016f.<\/p>\n<\/div>\n\n\n\n<div class=\"wp-block-column is-layout-flow wp-block-column-is-layout-flow\">\n<p>Titul <strong>Klubov\u00fd v\u00edt\u011bz mlad\u00fdch <\/strong>b\u00fdv\u00e1 ud\u011blov\u00e1n samostatn\u011b nejlep\u0161\u00edmu psovi a nejlep\u0161\u00ed fen\u011b, kte\u0159\u00ed jsou dr\u017eiteli \u010dekatelstv\u00ed CAJC ze t\u0159\u00eddy mlad\u00fdch na klubov\u00e9 v\u00fdstav\u011b se zad\u00e1v\u00e1n\u00edm titulu Klubov\u00fd v\u00edt\u011bz.<\/p>\n\n\n\n<p>Titul <strong>Klubov\u00fd v\u00edt\u011bz veter\u00e1n\u016f <\/strong>b\u00fdv\u00e1 ud\u011blov\u00e1n samostatn\u011b nejlep\u0161\u00edmu psovi a nejlep\u0161\u00ed fena, kte\u0159\u00ed z\u00edskali hodnocen\u00ed V\u00fdborn\u00e1 1 ve t\u0159\u00edd\u011b veter\u00e1n\u016f .na klubov\u00e9 v\u00fdstav\u011b zad\u00e1v\u00e1n\u00edm titulu Klubov\u00ed v\u00edt\u011bz<\/p>\n<\/div>\n<\/div>\n\n\n\n<div class=\"wp-block-columns is-layout-flex wp-container-core-columns-is-layout-28f84493 wp-block-columns-is-layout-flex\">\n<div class=\"wp-block-column is-layout-flow wp-block-column-is-layout-flow\">\n<h4 class=\"wp-block-heading has-text-align-left\">KLUBOV\u00cd V\u00cdT\u011aZOV\u00c9<\/h4>\n<\/div>\n\n\n\n<div class=\"wp-block-column is-layout-flow wp-block-column-is-layout-flow\">\n<h4 class=\"wp-block-heading has-text-align-left\">KLUBOV\u00cd V\u00cdT\u011aZOV\u00c9 MLAD\u00ddCH<\/h4>\n<\/div>\n\n\n\n<div class=\"wp-block-column is-layout-flow wp-block-column-is-layout-flow\">\n<h4 class=\"wp-block-heading has-text-align-left\">KLUBOV\u00cd V\u00cdT\u011aZOV\u00c9 VETER\u00c1N\u016e<\/h4>\n<\/div>\n<\/div>\n\n\n\n<div class=\"wp-block-columns is-layout-flex wp-container-core-columns-is-layout-28f84493 wp-block-columns-is-layout-flex\">\n<div class=\"wp-block-column is-layout-flow wp-block-column-is-layout-flow\">\n<p>2025:<br>pes Kiltondale Super Trouper<br>fena Carrie Kofinela<\/p>\n\n\n\n<p>2024:<br>pes Baldslow Jubilee Diamond<br>fena Cool Heart&#8217;s Forever My Girl<\/p>\n\n\n\n<p>2023:<br>pes Breath of Highland Tullibeardie<br>fena Alexandrie Darcy od Jesicy<\/p>\n\n\n\n<p>2022:<br>pes Alistair&#8217;s Dressed to the Nines<br>fena Emblem of Rose Anarinya<\/p>\n\n\n\n<p>2021:<br>pes Kaedwen Emiel Regis<br>fena Crazy for You Vie de Blanc<\/p>\n\n\n\n<p>2020:<br>pes Alistair&#8217;s Dressed to the Nines<br>fena Edith Piaf Ligoretto<\/p>\n\n\n\n<p>2019:<br>pes Darcy Black Wilwarin<br>fena Diamond Rose Anarinya<\/p>\n\n\n\n<p>2018:<br>pes Dragon Heart Old Tapis<br>fena Alistair&#8217;s Top Model<\/p>\n\n\n\n<p>2017:<br>pes Albert Einstein MonaChristie<br>fena Diamond Rose Anarinya<\/p>\n\n\n\n<p>2016:<br>pes Albert Einstein MonaChristie<br>fena Diamond Rose Anarinya<\/p>\n\n\n\n<p>2015:<br>pes Caff\u00e9 Latte Old Tapis<br>fena Pretty Bear Sweet Pepper<\/p>\n\n\n\n<p>2014:<br>pes Shinuba&#8217;s Loud&#8217;n&#8217;Proud<br>fena Pretty Bear Sweet Pepper<\/p>\n\n\n\n<p>2013:<br>pes Caff\u00e9 Latte Old Tapis<br>fena Dorotka Chlupat\u00fd hopan<\/p>\n\n\n\n<p>2012:<br>pes Night Bird \u010cern\u00fd faun<br>fena Shinuba&#8217;s Oceanic Goddess<\/p>\n\n\n\n<p>2011:<br>pes Da\u0159buj\u00e1n Chlupat\u00fd hopan<br>fena Levandule od Emy Destinov\u00e9<\/p>\n\n\n\n<p>2010:<br>pes Dream About Deep z Domu Etny<br>fena Nobility Natural Blonde<\/p>\n\n\n\n<p>2009:<br>pes Dea-Dro Marco Polo<br>fena Moonhill Dream Your Dream<\/p>\n\n\n\n<p>2008:<br>pes Firstprizebears Enfield<br>fena Firstprizebears Cony Island<\/p>\n\n\n\n<p>2007:<br>pes Dea-Dro Marco Polo<br>fena Firstprizebears Cony Island<\/p>\n\n\n\n<p>2006:<br>pes Dea-Dro Marco Polo<br>fena Philemon Time to Dream<\/p>\n\n\n\n<p>2005:<br>pes Firstprizebears Comanche<br>fena Dea-Dro Kasiterit Mona<\/p>\n\n\n\n<p>2004:<br>pes Natterjack Jay Kay<br>fena Anny na Prov\u00e1zku<\/p>\n\n\n\n<p>2003:<br>pes Natterjack Jay Kay<br>fena Jit\u0159enka Brown \u010cern\u00fd faun<\/p>\n\n\n\n<p>2002:<br>pes Scottsdale Esquire<br>fena Beardcaper&#8217;s Exquisite Dea-Dro<\/p>\n\n\n\n<p>2001:<br>pes Scottsdale Esquire<br>fena Beardcaper&#8217;s Exquisite Dea-Dro<\/p>\n\n\n\n<p>2000:<br>pes Orsay de Chester<br>fena Beardcaper&#8217;s Yes Sir I can Boogie<\/p>\n\n\n\n<p>1999:<br>pes Moonhill Philemon&#8217;s Choice<br>fena Enigma Brown Bukaj<\/p>\n\n\n\n<p>1998:<br>pes Hulaj Dusza Cud nad Wisla at Tapis<br>fena Enigma Brown Bukaj<\/p>\n\n\n\n<p>1997:<br>pes Natterjack&#8217;s Just Czeching<br>fena Gita Brown \u010cern\u00fd faun<\/p>\n\n\n\n<p>1996:<br>pes Natterjack&#8217;s Just Czeching<br>fena Ketty Blue Modr\u00e1<\/p>\n\n\n\n<p>1995:<br>pes Arm\u00edn Lim-Boro<br>fena Ketty Blue Modr\u00e1<\/p>\n\n\n\n<p>1994:<br>pes Prunellas Black Lee Lawrence<br>fena Eupemie Almej<\/p>\n\n\n\n<p>1993:<br>pes Cento Bukaj<br>fena Cora Vanilka<\/p>\n\n\n\n<p>1992:<br>pes Cento Bukaj<br>fena Cora Vanilka<\/p>\n\n\n\n<p>1991:<br>pes Shepherdess Amadeus Mozart<br>fena Brendy Modr\u00e1<\/p>\n\n\n\n<p>1990:<br>pes Ben Brizol Cud nad Wisla<br>fena Astilla Bukaj<\/p>\n<\/div>\n\n\n\n<div class=\"wp-block-column is-layout-flow wp-block-column-is-layout-flow\">\n<p>2025:<br>pes Guard of Ours Vanilka<br>fena Bonny and Clyde&#8217;s Pretty Baby<\/p>\n\n\n\n<p>2024:<br>pes Philabeg Wizard<br>fena Amy Winehouse Firsticebears<\/p>\n\n\n\n<p>2023:<br>pes Black Cooper Original Oliver<br>fena Amanda Black Vie Karneda<\/p>\n\n\n\n<p>2022:<br>pes Emil Vanilka<br>fena Alexandrie Darcy od Jesicy<\/p>\n\n\n\n<p>2021:<br>pes Breath of Highland Tullibeardie<br>fena British Spirit Tullibeardie<\/p>\n\n\n\n<p>2020:<br>pes Greg z Kn\u00ed\u017eec\u00edch sad\u016f<br>fena First Lady Kasiterit<\/p>\n\n\n\n<p>2019:<br>pes My Dream Mascotte z Domu Etny<br>fena Crazy for You Vie de Blanc<\/p>\n\n\n\n<p>2018:<br>pes Kaer Morhen Emiel Regis<br>fena L\u00e4rk\u00e4ngen&#8217;s Get Your Shine On<\/p>\n\n\n\n<p>2017:<br>pes Kiss Me Zigzag McQueen z Domu Etny<br>fena Stormy Corner Black Monaco<\/p>\n\n\n\n<p>2016:<br>pes Memorylane Sail the Seven Seas<br>fena Anabella Lovely Candy Chlupat\u00fd M\u00e9\u010fa<\/p>\n\n\n\n<p>2015:<br>pes Darling Monty Anarinya<br>titul fen\u011b neud\u011blen<\/p>\n\n\n\n<p>2014:<br>pes TV Vanilka<br>fena Alistair&#8217;s Top Model<\/p>\n\n\n\n<p>2013:<br>pes Dragon Heart Old Tapis<br>fena Demmi&#8217;s Darling Old Tapis<\/p>\n\n\n\n<p>2012:<br>pes Carlos Black Panas<br>fena Celtic Song Old Tapis<\/p>\n\n\n\n<p>2011:<br>pes Barry White Old Tapis<br>fena Bright Eyes Old Tapis<\/p>\n<\/div>\n\n\n\n<div class=\"wp-block-column is-layout-flow wp-block-column-is-layout-flow\">\n<p>2025:<br>pes Darcy Black Wilwarin<br>fena Diamond Rose Anarinya<\/p>\n\n\n\n<p>2024:<br>pes Darcy Black Wilwarin<br>fena Just Gloria I.E.D. Emiel Regis<\/p>\n\n\n\n<p>2023:<br>pes Darcy Black Wilwarin<br>fena Diamond Rose Anarinya<\/p>\n\n\n\n<p>2022:<br>pes Darcy Black Wilwarin<br>fena Amazing Lady Baralka<\/p>\n\n\n\n<p>2021:<br>pes TV Vanilka<br>fena Demmi&#8217;s Darling Old Tapis<\/p>\n\n\n\n<p>2020:<br>pes Albert Einstein MonaChristie<br>fena Kofilka od Emy Destinov\u00e9<\/p>\n\n\n\n<p>2019:<br>pes Kaspian Kiaora<br>fena Angel Face Anarinya<\/p>\n\n\n\n<p>2018:<br>pes Filippo z Vilete Bohemia<br>fena Sunpoint Providence<\/p>\n\n\n\n<p>2017:<br>pes Amber Jet Anarinya<br>fena Angel Face Anarinya<\/p>\n\n\n\n<p>2016:<br>pes Shinuba&#8217;s Loud&#8217;n&#8217;Proud<br>fena Dream About Dzamila z Domu Etny<\/p>\n\n\n\n<p>2015:<br>pes Cherry Brandy od Emy Destinov\u00e9<br>fena Ber\u00fathiel Emiel Regis<\/p>\n\n\n\n<p>2014:<br>pes Cherry Brandy od Emy Destinov\u00e9<br>fena Affair of Heart Kiaora<\/p>\n\n\n\n<p>2013:<br>pes Night Bird \u010cern\u00fd faun<br>fena All About Me Kiaora<\/p>\n\n\n\n<p>2012:<br>pes ne\u00fa\u010dasten<br>fena Affair of Heart Kiaora<\/p>\n\n\n\n<p>2011:<br>pes Natterjack Jay Kay<br>fena Siggans Felicia<\/p>\n<\/div>\n<\/div>\n\n\n\n<p><\/p>\n\n\n\n<p><\/p>\n","protected":false},"excerpt":{"rendered":"<p>Titul Klubov\u00fd v\u00edt\u011bz ud\u011bluje Klub chovatel\u016f bearded colli\u00ed od samotn\u00e9ho po\u010d\u00e1tku. Ud\u011bluje se pouze jednomu psovi a jedn\u00e9 fen\u011b v roce. Titul Klubov\u00fd v\u00edt\u011bz b\u00fdv\u00e1 ud\u011blov\u00e1n samostatn\u011b nejlep\u0161\u00edmu psovi a nejlep\u0161\u00ed fen\u011b z konkurence dr\u017eitel\u016f \u010dekatelstv\u00ed CAC na klubov\u00e9 v\u00fdstav\u011b ze zad\u00e1v\u00e1n\u00edm titulu Klubov\u00fd v\u00edt\u011bz. Tento presti\u017en\u00ed titul oprav\u0148uje ke vstupu do t\u0159\u00eddy v\u00edt\u011bz\u016f. Titul [&hellip;]<\/p>\n","protected":false},"author":2,"featured_media":0,"parent":44,"menu_order":0,"comment_status":"closed","ping_status":"closed","template":"","meta":{"_acf_changed":false,"site-sidebar-layout":"default","site-content-layout":"","ast-site-content-layout":"default","site-content-style":"default","site-sidebar-style":"default","ast-global-header-display":"","ast-banner-title-visibility":"","ast-main-header-display":"","ast-hfb-above-header-display":"","ast-hfb-below-header-display":"","ast-hfb-mobile-header-display":"","site-post-title":"","ast-breadcrumbs-content":"","ast-featured-img":"","footer-sml-layout":"","ast-disable-related-posts":"","theme-transparent-header-meta":"default","adv-header-id-meta":"","stick-header-meta":"","header-above-stick-meta":"","header-main-stick-meta":"","header-below-stick-meta":"","astra-migrate-meta-layouts":"set","ast-page-background-enabled":"default","ast-page-background-meta":{"desktop":{"background-color":"var(--ast-global-color-4)","background-image":"","background-repeat":"repeat","background-position":"center center","background-size":"auto","background-attachment":"scroll","background-type":"","background-media":"","overlay-type":"","overlay-color":"","overlay-opacity":"","overlay-gradient":""},"tablet":{"background-color":"","background-image":"","background-repeat":"repeat","background-position":"center center","background-size":"auto","background-attachment":"scroll","background-type":"","background-media":"","overlay-type":"","overlay-color":"","overlay-opacity":"","overlay-gradient":""},"mobile":{"background-color":"","background-image":"","background-repeat":"repeat","background-position":"center center","background-size":"auto","background-attachment":"scroll","background-type":"","background-media":"","overlay-type":"","overlay-color":"","overlay-opacity":"","overlay-gradient":""}},"ast-content-background-meta":{"desktop":{"background-color":"var(--ast-global-color-5)","background-image":"","background-repeat":"repeat","background-position":"center center","background-size":"auto","background-attachment":"scroll","background-type":"","background-media":"","overlay-type":"","overlay-color":"","overlay-opacity":"","overlay-gradient":""},"tablet":{"background-color":"var(--ast-global-color-5)","background-image":"","background-repeat":"repeat","background-position":"center center","background-size":"auto","background-attachment":"scroll","background-type":"","background-media":"","overlay-type":"","overlay-color":"","overlay-opacity":"","overlay-gradient":""},"mobile":{"background-color":"var(--ast-global-color-5)","background-image":"","background-repeat":"repeat","background-position":"center center","background-size":"auto","background-attachment":"scroll","background-type":"","background-media":"","overlay-type":"","overlay-color":"","overlay-opacity":"","overlay-gradient":""}},"footnotes":""},"class_list":["post-29","page","type-page","status-publish","hentry"],"acf":[],"featured_image_src":null,"_links":{"self":[{"href":"https:\/\/kchbc.beardedcollie.cz\/index.php?rest_route=\/wp\/v2\/pages\/29","targetHints":{"allow":["GET"]}}],"collection":[{"href":"https:\/\/kchbc.beardedcollie.cz\/index.php?rest_route=\/wp\/v2\/pages"}],"about":[{"href":"https:\/\/kchbc.beardedcollie.cz\/index.php?rest_route=\/wp\/v2\/types\/page"}],"author":[{"embeddable":true,"href":"https:\/\/kchbc.beardedcollie.cz\/index.php?rest_route=\/wp\/v2\/users\/2"}],"replies":[{"embeddable":true,"href":"https:\/\/kchbc.beardedcollie.cz\/index.php?rest_route=%2Fwp%2Fv2%2Fcomments&post=29"}],"version-history":[{"count":11,"href":"https:\/\/kchbc.beardedcollie.cz\/index.php?rest_route=\/wp\/v2\/pages\/29\/revisions"}],"predecessor-version":[{"id":4423,"href":"https:\/\/kchbc.beardedcollie.cz\/index.php?rest_route=\/wp\/v2\/pages\/29\/revisions\/4423"}],"up":[{"embeddable":true,"href":"https:\/\/kchbc.beardedcollie.cz\/index.php?rest_route=\/wp\/v2\/pages\/44"}],"wp:attachment":[{"href":"https:\/\/kchbc.beardedcollie.cz\/index.php?rest_route=%2Fwp%2Fv2%2Fmedia&parent=29"}],"curies":[{"name":"wp","href":"https:\/\/api.w.org\/{rel}","templated":true}]}}