{"id":18,"date":"2023-09-20T18:51:55","date_gmt":"2023-09-20T16:51:55","guid":{"rendered":"https:\/\/kchbc.beardedcollie.cz\/?page_id=18"},"modified":"2024-04-14T13:53:11","modified_gmt":"2024-04-14T11:53:11","slug":"sportovni-souteze","status":"publish","type":"page","link":"https:\/\/kchbc.beardedcollie.cz\/?page_id=18","title":{"rendered":"Sportovn\u00ed sout\u011b\u017ee"},"content":{"rendered":"\n<div class=\"wp-block-columns is-layout-flex wp-container-core-columns-is-layout-28f84493 wp-block-columns-is-layout-flex\">\n<div class=\"wp-block-column is-layout-flow wp-block-column-is-layout-flow\">\n<p>Klubov\u00fdch v\u00fdstavn\u00edch sout\u011b\u017e\u00ed se m\u016f\u017ee z\u00fa\u010dastnit&nbsp;<strong>ka\u017ed\u00fd \u010dlen KCHBC<\/strong>, kter\u00fd&nbsp;se svou bearded colli\u00ed aktivn\u011b sportuje.<\/p>\n\n\n\n<p>Bearded collie je na n\u00e1rodn\u00ed \u00farovni ofici\u00e1ln\u011b uznan\u00e9 pracovn\u00ed plemeno, a proto si zaslou\u017e\u00ed ocenit nejen v\u00fdstavn\u011b \u00fasp\u011b\u0161n\u00ed jedinci, ale i nem\u00e9n\u011b \u00fasp\u011b\u0161n\u00ed jedinci sportuj\u00edc\u00ed a pracuj\u00edc\u00ed. Koncem 90. let tedy vznikl soubor klubov\u00fdch sout\u011b\u017e\u00ed pro pracuj\u00edc\u00ed bearded collie.<\/p>\n\n\n\n<p>Titul&nbsp;<strong>Klubov\u00fd pracovn\u00ed \u0161ampion<\/strong>, m\u016f\u017ee z\u00edskat ka\u017ed\u00e1 bearded collie v majetku \u010dlena klubu na z\u00e1klad\u011b sou\u010dtu bod\u016f posb\u00edran\u00fdch za jednotliv\u00e9 sportovn\u00ed v\u00fdsledky. Jedn\u00e1 se o dlouhodobou motiva\u010dn\u00ed sout\u011b\u017e a titul lze z\u00edskat pouze jednou.<\/p>\n\n\n\n<p>Titul <strong>Klubov\u00fd pracovn\u00ed veter\u00e1n \u0161ampion<\/strong> m\u016f\u017ee z\u00edskat jedinec, kter\u00fd je aktivn\u00ed i ve veter\u00e1nsk\u00e9m v\u011bku a posb\u00edr\u00e1 od v\u011bku 8 let na sportovn\u00edch akc\u00edch dan\u00fd po\u010det bod\u016f. Titul lze je z\u00edskat pouze jednou.<\/p>\n\n\n\n<p>Specifick\u00fd presti\u017en\u00ed titul&nbsp;<strong>Klubov\u00fd double \u0161ampion<\/strong>&nbsp;m\u016f\u017ee z\u00edskat pouze v\u0161estrann\u011b \u00fasp\u011b\u0161n\u00fd jedinec, kter\u00fd je vedle Klubov\u00e9ho \u0161ampiona i Klubov\u00fdm pracovn\u00ed \u0161ampionem.<\/p>\n\n\n\n<p>Sout\u011b\u017e <strong>Agility Bearded collie cup<\/strong> ur\u010duje nej\u00fasp\u011b\u0161n\u011bj\u0161\u00ed psy a feny ka\u017ed\u00e9ho roku v popul\u00e1rn\u00ed sportovn\u00ed discipl\u00edn\u011b agility.<\/p>\n\n\n\n<p>Obdobou sout\u011b\u017ee CZ TOP Beardie je pro pracuj\u00edc\u00ed psy sout\u011b\u017e<strong> CZ TOP Working Beardie<\/strong>, kter\u00e1 ur\u010duje pracovn\u011b nej\u00fasp\u011b\u0161n\u011bj\u0161\u00edho psa a pracovn\u011b nej\u00fasp\u011b\u0161n\u011bj\u0161\u00ed fenu v majetku \u010dlena klubu s \u010desk\u00fdm \u010d\u00edslem z\u00e1pisu. Sout\u011b\u017ee je mo\u017en\u00e9 se z\u00fa\u010dastnit ka\u017ed\u00fd rok.<\/p>\n<\/div>\n\n\n\n<div class=\"wp-block-column is-layout-flow wp-block-column-is-layout-flow\">\n<p><strong>Jak se mohu z\u00fa\u010dastnit klubov\u00fdch sout\u011b\u017e\u00ed?<\/strong><\/p>\n\n\n\n<ul class=\"wp-block-list\">\n<li>st\u00e1t se \u010dlenem KCHBC<\/li>\n\n\n\n<li>sezn\u00e1mit se s Propozicemi klubov\u00fdch sportovn\u00edch sout\u011b\u017e\u00ed<\/li>\n\n\n\n<li>b\u011bhem roku si pr\u016fb\u011b\u017en\u011b vypl\u0148ovat Formul\u00e1\u0159 sportovn\u00ed sezony a zapisovat si do n\u011bj bodov\u00fd zisk podle Bodovac\u00ed tabulky<\/li>\n\n\n\n<li>na konci sportovn\u00ed sez\u00f3ny (nejpozd\u011bji do 31. 1. n\u00e1sleduj\u00edc\u00edho roku) zaslat tento formul\u00e1\u0159 spole\u010dn\u011b s kopiemi z\u00edskan\u00fdch v\u00fdsledk\u016f na adresu jednatelky<\/li>\n\n\n\n<li>z\u00fa\u010dastnit se v n\u00e1sleduj\u00edc\u00edm roce Klubov\u00e9 v\u00fdstavy se zad\u00e1v\u00e1n\u00edm titulu Klubov\u00fd v\u00edt\u011bz, kde budou slavnostn\u011b p\u0159ed\u00e1na z\u00edskan\u00e1 ocen\u011bn\u00ed<\/li>\n<\/ul>\n\n\n\n<ul class=\"wp-block-list\">\n<li><mark>FORMUL\u00c1\u0158 PRACOVN\u00cd SEZ\u00d3NY<\/mark>\u2013&nbsp;<a href=\"https:\/\/kchbc.beardedcollie.cz\/wp-content\/uploads\/2023\/12\/formular_pracovni_sezony-1.doc\" target=\"_blank\" rel=\"noreferrer noopener\">St\u00e1hnout .doc<\/a><\/li>\n\n\n\n<li>FORMUL\u00c1\u0158 POTVRZEN\u00cd UM\u00cdST\u011aN\u00cd-\u00a0<a href=\"https:\/\/kchbc.beardedcollie.cz\/wp-content\/uploads\/2023\/12\/form_potvrzeni_umisteni_2010.pdf\" target=\"_blank\" rel=\"noreferrer noopener\">St\u00e1hnout .doc<\/a><br><a href=\"https:\/\/kchbc.beardedcollie.cz\/wp-content\/uploads\/2023\/12\/propozicesport2022.pdf\" target=\"_blank\" rel=\"noreferrer noopener\">Propozice klubov\u00fdch pracovn\u00edch sout\u011b\u017e\u00ed<\/a>\u00a0+\u00a0<a href=\"https:\/\/kchbc.beardedcollie.cz\/wp-content\/uploads\/2023\/12\/tabulkasport2022.pdf\">Bodovac\u00ed tabulka<\/a><\/li>\n\n\n\n<li>FORMUL\u00c1\u0158 AGILITY BEARDED COLLIE CUP-&nbsp;<a href=\"https:\/\/kchbc.beardedcollie.cz\/wp-content\/uploads\/2023\/12\/priloha1_bc_cup_form_2010.pdf\" target=\"_blank\" rel=\"noreferrer noopener\">St\u00e1hnout .doc<\/a><br><a href=\"https:\/\/kchbc.beardedcollie.cz\/wp-content\/uploads\/2023\/12\/agilitybccup2022.pdf\" target=\"_blank\" rel=\"noreferrer noopener\">Propozice Agility BC Cupu<\/a><\/li>\n<\/ul>\n<\/div>\n<\/div>\n","protected":false},"excerpt":{"rendered":"<p>Klubov\u00fdch v\u00fdstavn\u00edch sout\u011b\u017e\u00ed se m\u016f\u017ee z\u00fa\u010dastnit&nbsp;ka\u017ed\u00fd \u010dlen KCHBC, kter\u00fd&nbsp;se svou bearded colli\u00ed aktivn\u011b sportuje. Bearded collie je na n\u00e1rodn\u00ed \u00farovni ofici\u00e1ln\u011b uznan\u00e9 pracovn\u00ed plemeno, a proto si zaslou\u017e\u00ed ocenit nejen v\u00fdstavn\u011b \u00fasp\u011b\u0161n\u00ed jedinci, ale i nem\u00e9n\u011b \u00fasp\u011b\u0161n\u00ed jedinci sportuj\u00edc\u00ed a pracuj\u00edc\u00ed. Koncem 90. let tedy vznikl soubor klubov\u00fdch sout\u011b\u017e\u00ed pro pracuj\u00edc\u00ed bearded collie. Titul&nbsp;Klubov\u00fd pracovn\u00ed [&hellip;]<\/p>\n","protected":false},"author":2,"featured_media":0,"parent":13,"menu_order":0,"comment_status":"closed","ping_status":"closed","template":"","meta":{"_acf_changed":false,"site-sidebar-layout":"default","site-content-layout":"","ast-site-content-layout":"default","site-content-style":"default","site-sidebar-style":"default","ast-global-header-display":"","ast-banner-title-visibility":"","ast-main-header-display":"","ast-hfb-above-header-display":"","ast-hfb-below-header-display":"","ast-hfb-mobile-header-display":"","site-post-title":"","ast-breadcrumbs-content":"","ast-featured-img":"","footer-sml-layout":"","ast-disable-related-posts":"","theme-transparent-header-meta":"default","adv-header-id-meta":"","stick-header-meta":"","header-above-stick-meta":"","header-main-stick-meta":"","header-below-stick-meta":"","astra-migrate-meta-layouts":"set","ast-page-background-enabled":"default","ast-page-background-meta":{"desktop":{"background-color":"var(--ast-global-color-4)","background-image":"","background-repeat":"repeat","background-position":"center center","background-size":"auto","background-attachment":"scroll","background-type":"","background-media":"","overlay-type":"","overlay-color":"","overlay-opacity":"","overlay-gradient":""},"tablet":{"background-color":"","background-image":"","background-repeat":"repeat","background-position":"center center","background-size":"auto","background-attachment":"scroll","background-type":"","background-media":"","overlay-type":"","overlay-color":"","overlay-opacity":"","overlay-gradient":""},"mobile":{"background-color":"","background-image":"","background-repeat":"repeat","background-position":"center center","background-size":"auto","background-attachment":"scroll","background-type":"","background-media":"","overlay-type":"","overlay-color":"","overlay-opacity":"","overlay-gradient":""}},"ast-content-background-meta":{"desktop":{"background-color":"var(--ast-global-color-5)","background-image":"","background-repeat":"repeat","background-position":"center center","background-size":"auto","background-attachment":"scroll","background-type":"","background-media":"","overlay-type":"","overlay-color":"","overlay-opacity":"","overlay-gradient":""},"tablet":{"background-color":"var(--ast-global-color-5)","background-image":"","background-repeat":"repeat","background-position":"center center","background-size":"auto","background-attachment":"scroll","background-type":"","background-media":"","overlay-type":"","overlay-color":"","overlay-opacity":"","overlay-gradient":""},"mobile":{"background-color":"var(--ast-global-color-5)","background-image":"","background-repeat":"repeat","background-position":"center center","background-size":"auto","background-attachment":"scroll","background-type":"","background-media":"","overlay-type":"","overlay-color":"","overlay-opacity":"","overlay-gradient":""}},"footnotes":""},"class_list":["post-18","page","type-page","status-publish","hentry"],"acf":[],"featured_image_src":null,"_links":{"self":[{"href":"https:\/\/kchbc.beardedcollie.cz\/index.php?rest_route=\/wp\/v2\/pages\/18","targetHints":{"allow":["GET"]}}],"collection":[{"href":"https:\/\/kchbc.beardedcollie.cz\/index.php?rest_route=\/wp\/v2\/pages"}],"about":[{"href":"https:\/\/kchbc.beardedcollie.cz\/index.php?rest_route=\/wp\/v2\/types\/page"}],"author":[{"embeddable":true,"href":"https:\/\/kchbc.beardedcollie.cz\/index.php?rest_route=\/wp\/v2\/users\/2"}],"replies":[{"embeddable":true,"href":"https:\/\/kchbc.beardedcollie.cz\/index.php?rest_route=%2Fwp%2Fv2%2Fcomments&post=18"}],"version-history":[{"count":7,"href":"https:\/\/kchbc.beardedcollie.cz\/index.php?rest_route=\/wp\/v2\/pages\/18\/revisions"}],"predecessor-version":[{"id":3156,"href":"https:\/\/kchbc.beardedcollie.cz\/index.php?rest_route=\/wp\/v2\/pages\/18\/revisions\/3156"}],"up":[{"embeddable":true,"href":"https:\/\/kchbc.beardedcollie.cz\/index.php?rest_route=\/wp\/v2\/pages\/13"}],"wp:attachment":[{"href":"https:\/\/kchbc.beardedcollie.cz\/index.php?rest_route=%2Fwp%2Fv2%2Fmedia&parent=18"}],"curies":[{"name":"wp","href":"https:\/\/api.w.org\/{rel}","templated":true}]}}