{"id":104,"date":"2023-09-20T19:15:33","date_gmt":"2023-09-20T17:15:33","guid":{"rendered":"https:\/\/kchbc.beardedcollie.cz\/?page_id=104"},"modified":"2023-12-14T11:48:59","modified_gmt":"2023-12-14T10:48:59","slug":"o-plemeni","status":"publish","type":"page","link":"https:\/\/kchbc.beardedcollie.cz\/?page_id=104","title":{"rendered":"O plemeni"},"content":{"rendered":"\n<div class=\"wp-block-columns is-layout-flex wp-container-core-columns-is-layout-28f84493 wp-block-columns-is-layout-flex\">\n<div class=\"wp-block-column is-layout-flow wp-block-column-is-layout-flow\">\n<p><strong>POVAHA A VYU\u017dIT\u00cd<\/strong><br>Beardie je bezesporu vynikaj\u00edc\u00ed spole\u010dn\u00edk pro sportovn\u011b zalo\u017een\u00e9 lidi a nep\u0159ekonateln\u00e1 \u010dlenka rodiny s d\u011btmi. Potrp\u00ed si na dlouh\u00e9 vych\u00e1zky, ale snadno se sm\u00ed\u0159\u00ed i s krat\u0161\u00ed trasou, pokud j\u00ed cestou poskytneme mo\u017enost ukojit jej\u00ed touhu po nov\u00fdch vjemech. Miluje spole\u010dnost dal\u0161\u00edch ps\u016f, nekone\u010dn\u011b dlouho bude nosit m\u00ed\u010dek, klacek, ale i dost velk\u00e9 poleno, kter\u00e9 doslova p\u0159ivl\u00e1\u010d\u00ed kdo v\u00ed odkud. Beardie b\u00fdvaj\u00ed milovnice vody. N\u011bkter\u00e9 se pouze brouzdaj\u00ed, jin\u00e9 nad\u0161en\u011b plavou. Je to velice kontaktn\u00ed pes, kter\u00fd c\u00edt\u00ed pot\u0159ebu b\u00fdt V\u00e1m neust\u00e1le nabl\u00edzku. V byt\u011b nejrad\u011bji leh\u00e1v\u00e1 mezi dve\u0159mi odkud m\u00e1 skv\u011bl\u00fd v\u00fdhled. Pokud p\u0159ijde n\u00e1v\u0161t\u011bva, zahrne ji takovou m\u00edrou pozornosti a nad\u0161en\u00ed, \u017ee mnoho host\u016f tomuto &#8222;dom\u00e1c\u00edmu sk\u0159\u00cdtku&#8220; podlehne, str\u00e1v\u00ed v\u011bt\u0161inu \u010dasu drb\u00e1n\u00edm a p\u0159i odchodu (zvl\u00e1\u0161\u0165 v dob\u011b l\u00edn\u00e1n\u00ed) p\u0159ipom\u00edn\u00e1 chlupat\u00fd knedl\u00edk. Jako hl\u00edda\u010d objektu by se asi neu\u017eivila. Nem\u00e1 p\u0159\u00edli\u0161 vyvinut\u00e9 teritori\u00e1ln\u00ed chov\u00e1n\u00ed a ciz\u00ed osobu ohl\u00e1s\u00ed pouze \u0161t\u011bkotem. Pon\u011bkud jin\u00e1 je situace p\u0159i napaden\u00ed &#8222;\u010dlena sme\u010dky&#8220;. V tomto p\u0159\u00edpad\u011b se sna\u017e\u00ed \u00fato\u010dn\u00edka zahnat. Ob\u00edh\u00e1 v kruz\u00edch, napad\u00e1 z boku spodn\u00ed polovinu t\u011bla \u00fato\u010dn\u00edka, kousne trhne a znovu b\u011b\u017e\u00ed. Je to m\u00e1 osobn\u00ed zku\u0161enost, kdy selhal p\u0159i \u00fatoku opilce cvi\u010den\u00fd n\u011bmeck\u00fd ov\u010d\u00e1k, ale beardedka mu bleskov\u00fdmi \u00fatoky ze tmy kam ihned po z\u00e1kusu zase mizela a znovu se objevovala, dot\u011brn\u00e9ho p\u00e1na rychle nau\u010dila slu\u0161n\u00e9mu chov\u00e1n\u00ed. Mysl\u00edm, \u017ee dodnes v\u011b\u0159\u00ed na stra\u0161idla, proto\u017ee ho &#8222;kousala tma&#8220;. BC je zt\u011blesn\u011bn\u00e1 radost. Pokud v\u00e1s v\u00edt\u00e1 nespokoj\u00ed se s vrt\u011bn\u00edm ocasu. Doslova zm\u00edt\u00e1 cel\u00fdm t\u011blem ze strany na stranu bez ohledu na to, zda jste p\u0159i\u0161li po 8 hodin\u00e1ch z pr\u00e1ce nebo jste byli jen vysypat ko\u0161. Jin\u00e1 situace nast\u00e1v\u00e1, pokud se vrac\u00edte z dovolen\u00e9, kterou jste si u\u017e\u00edvali bez sv\u00e9ho \u010dty\u0159noh\u00e9ho sv\u011b\u0159ence. V\u00e1\u0161 mil\u00e1\u010dek v\u00e1s nejsp\u00ed\u0161 p\u0159iv\u00edt\u00e1 dost chladn\u011b a bude se tv\u00e1\u0159it jako &#8222;ura\u017een\u00e1 je\u0161itnost&#8220;. Nem\u011bjte strach, brzy ji to p\u0159ejde. V mnoha materi\u00e1lech se do\u010dtete, \u017ee je BC velmi citliv\u00e1 (nesm\u00ed se na ni k\u0159i\u010det o trestu v\u016fbec nemluv\u011b) a snadno cvi\u010diteln\u00e1. Oboje pravda je i nen\u00ed.<\/p>\n\n\n\n<figure class=\"wp-block-image size-large\"><img loading=\"lazy\" decoding=\"async\" width=\"1024\" height=\"778\" src=\"https:\/\/kchbc.beardedcollie.cz\/wp-content\/uploads\/2023\/12\/406472143_7131219246941043_2296013204136614310_n-1024x778.jpg\" alt=\"\" class=\"wp-image-2037\" srcset=\"https:\/\/kchbc.beardedcollie.cz\/wp-content\/uploads\/2023\/12\/406472143_7131219246941043_2296013204136614310_n-1024x778.jpg 1024w, https:\/\/kchbc.beardedcollie.cz\/wp-content\/uploads\/2023\/12\/406472143_7131219246941043_2296013204136614310_n-300x228.jpg 300w, https:\/\/kchbc.beardedcollie.cz\/wp-content\/uploads\/2023\/12\/406472143_7131219246941043_2296013204136614310_n-768x583.jpg 768w, https:\/\/kchbc.beardedcollie.cz\/wp-content\/uploads\/2023\/12\/406472143_7131219246941043_2296013204136614310_n-1536x1166.jpg 1536w, https:\/\/kchbc.beardedcollie.cz\/wp-content\/uploads\/2023\/12\/406472143_7131219246941043_2296013204136614310_n.jpg 2048w\" sizes=\"auto, (max-width: 1024px) 100vw, 1024px\" \/><\/figure>\n\n\n\n<p>1) CITLIVOST&nbsp;&#8211; Beardie je citliv\u00e1 na v\u00fdchovu. Pokud ji budeme \u00fazkostliv\u011b br\u00e1nit p\u0159ed ka\u017edou negativn\u00ed zku\u0161enost\u00ed, nad\u0161en\u011b chv\u00e1lit za to, \u017ee se nelekla vzd\u00e1len\u00e9ho v\u00fdst\u0159elu apod. vychov\u00e1me z n\u00ed pravd\u011bpodobn\u011b dokonalou hysterku, kter\u00e1 se rozklepe p\u0159i ka\u017ed\u00e9m prud\u0161\u00edm pohybu a bude panicky prchat pokud n\u011bkomu upadnou kl\u00ed\u010de. Povedeme-li v\u00fdchovu t\u00edm spr\u00e1vn\u00fdm sm\u011brem s mnoha r\u016fzn\u00fdmi vjemy budeme m\u00edt skv\u011bl\u00e9ho &#8222;par\u0165\u00e1ka&#8220; do ka\u017ed\u00e9ho po\u010das\u00ed. P\u0159i dobr\u00e9m veden\u00ed je beardie pes schopn\u00fd odpustit drobn\u00e9 chyby ve v\u00fdchov\u011b \u010di nespravedlnost, j\u00ed\u017e se p\u0159\u00edpadn\u011b dopust\u00edme. Mus\u00edme v\u0161ak po\u010d\u00edtat s t\u00edm, \u017ee k\u00e1r\u00e1n\u00ed nebo trest, kter\u00fd n\u00e1\u0161 vous\u00e1\u010d bude pova\u017eovat za nespravedliv\u00fd, ho do hloubi do hloubky du\u0161e uraz\u00ed a p\u0159i prvn\u00ed p\u0159\u00edle\u017eitosti n\u00e1m to vr\u00e1t\u00ed. Spravedliv\u011b u\u0161t\u011bd\u0159en\u00fd pohlavek p\u0159ijme bez zbyte\u010dn\u00fdch &#8222;\u0159e\u010d\u00ed&#8220;. S jedn\u00edm povahov\u00fdm rysem je t\u0159eba po\u010d\u00edtat. Pokud se roz\u010d\u00edl\u00edte svou beardii nep\u0159ivol\u00e1te. Bude se pohybovat 2 &#8211; 3 metry od v\u00e1s , nespust\u00ed z v\u00e1s o\u010di a po\u010dk\u00e1 a\u017e \u00fapln\u011b vychladnete. Tak\u017ee jak\u00e1 bude va\u0161e BC? Takov\u00e1 jako jste vy. Ne jak vypad\u00e1te navenek, ale takov\u00e1 jac\u00ed jste uvnit\u0159.<\/p>\n\n\n\n<figure class=\"wp-block-image size-large\"><img loading=\"lazy\" decoding=\"async\" width=\"1024\" height=\"744\" src=\"https:\/\/kchbc.beardedcollie.cz\/wp-content\/uploads\/2023\/12\/355135969_6528193813910259_4524509599489917611_n-1024x744.jpg\" alt=\"\" class=\"wp-image-2034\" srcset=\"https:\/\/kchbc.beardedcollie.cz\/wp-content\/uploads\/2023\/12\/355135969_6528193813910259_4524509599489917611_n-1024x744.jpg 1024w, https:\/\/kchbc.beardedcollie.cz\/wp-content\/uploads\/2023\/12\/355135969_6528193813910259_4524509599489917611_n-300x218.jpg 300w, https:\/\/kchbc.beardedcollie.cz\/wp-content\/uploads\/2023\/12\/355135969_6528193813910259_4524509599489917611_n-768x558.jpg 768w, https:\/\/kchbc.beardedcollie.cz\/wp-content\/uploads\/2023\/12\/355135969_6528193813910259_4524509599489917611_n-1536x1116.jpg 1536w, https:\/\/kchbc.beardedcollie.cz\/wp-content\/uploads\/2023\/12\/355135969_6528193813910259_4524509599489917611_n.jpg 2048w\" sizes=\"auto, (max-width: 1024px) 100vw, 1024px\" \/><\/figure>\n\n\n\n<p>2) CVI\u010cITELNOST&nbsp;-Je nutn\u00e9 rozli\u0161it pojmy &#8222;vychovatelnost&#8220; a &#8222;cvi\u010ditelnost&#8220;. Bearded collie je snadno VYCHOVATELN\u00c1 a cvi\u010ditelnost? U\u010d\u00ed se r\u00e1da a rychle, ALE&#8230;&#8230;. Beardie m\u00e1 vlastn\u00ed rozum a ob\u010das vypln\u00ed povel dle vlastn\u00edho uv\u00e1\u017een\u00ed, p\u0159\u00edpadn\u011b je-li sk\u00e1lopevn\u011b p\u0159esv\u011bd\u010dena o nesmyslnosti na\u0161eho po\u017eadavku, prost\u011b ho nespln\u00ed v\u016fbec. Stoupne si proti n\u00e1m, bude trhav\u011b \u0161t\u011bkat a poskakovat. Pro nezasv\u011bcen\u00e9 to p\u016fsob\u00ed jako h\u00e1dka, proto\u017ee \u010dlov\u011bk v\u011bt\u0161inou vytrvale opakuje povel, gestikuluje rukama a proti n\u011bmu hops\u00e1 nad\u00e1vaj\u00edc\u00ed chlup\u00e1\u010d. (BC celkov\u011b p\u0159i pr\u00e1ci r\u00e1dy \u0161t\u011bkaj\u00ed bez ohledu na prov\u00e1d\u011bnou disciplinu. Ve zku\u0161ebn\u00edm \u0159\u00e1du Americk\u00e9ho Kennel Klubu zam\u011b\u0159en\u00e9ho na pr\u00e1ci se st\u00e1dem je p\u0159\u00edmo vlo\u017een\u00e1 klauzule, \u017ee se beardedky NESM\u00cd penalizovat, oproti nap\u0159. border colli\u00ed, za hlasit\u00fd projev b\u011bhem zkou\u0161ky.) Stejn\u00e1 situace nast\u00e1v\u00e1, pokud po\u017eadujeme opakov\u00e1n\u00ed p\u0159ekon\u00e1n\u00ed stejn\u00e1 sestavy p\u0159ek\u00e1\u017eek \u010di cviku, kter\u00fd ji\u017e 2 &#8211; 3kr\u00e1t spr\u00e1vn\u011b provedla. Prost\u011b to neud\u011bl\u00e1. Sta\u010d\u00ed vlo\u017eit jin\u00fd cvik, nebo zm\u011bnit sestavu p\u0159ek\u00e1\u017eek a bude op\u011bt v\u00edc ne\u017e ochotn\u011b spolupracovat. Probl\u00e9my s v\u00fdcvikem m\u016f\u017ee m\u00edt tak\u00e9 \u010dlov\u011bk, kter\u00fd nen\u00ed sv\u00e9mu psu p\u00e1nem. Submisivn\u011bj\u0161\u00ed osoba by si m\u011bla vz\u00edt rad\u011bji \u0161t\u011b\u0148\u00e1tko, kter\u00e9 st\u00e1lo ve sme\u010dce sourozenc\u016f na n\u011bkter\u00e9 ze spodn\u00edch p\u0159\u00ed\u010dek pomysln\u00e9ho hierarchick\u00e9ho \u017eeb\u0159\u00ed\u010dku. Beardie nen\u00ed pes, kter\u00fd by se za ka\u017edou cenu sna\u017eil z\u00edskat vedouc\u00ed postaven\u00ed v rodin\u011b, ale pokud v jej\u00ed chlupat\u00e9 hlav\u011b uzraje p\u0159esv\u011bd\u010den\u00ed, \u017ee t\u00e9to &#8222;sme\u010dce&#8220; chyb\u00ed v\u016fdce, prost\u011b se tohoto \u00fakolu zhost\u00ed. Neznamen\u00e1 to, \u017ee by se chovala agresivn\u011b, ale jej\u00ed poslu\u0161nost bude velice liknav\u00e1 (pro\u010d by poslouchala n\u00ed\u017ee postavenou osobu) a jak\u00e9koli ambice na v\u00fdcvikov\u00e9m poli jsou poh\u0159beny. V z\u00e1jmu dobr\u00e9ho sou\u017eit\u00ed V\u00e1s a Va\u0161\u00ed beardie je nutn\u00e9 zd\u016fraznit, \u017ee toto plemeno je mimo\u0159\u00e1dn\u011b citliv\u00e9 na socializaci! Pokud do v\u011bku zhruba \u010dty\u0159 m\u011bs\u00edc\u016f vyr\u016fst\u00e1 bez l\u00e1sky, pozornosti chovatele a je j\u00ed odep\u0159ena mo\u017enost sezn\u00e1mit se s r\u016fzn\u00fdm prost\u0159ed\u00edm, t\u011b\u017eko to je\u0161t\u011b n\u011bkdy do\u017eene. P\u0159es ve\u0161ker\u00e9 snahy nov\u00e9ho majitele z\u016fstane v\u011bt\u0161inou extr\u00e9mn\u011b b\u00e1zliv\u00e1 a sou\u017eit\u00ed s n\u00ed nebude radost, ale 13tilet\u00fd o\u010distec pro v\u0161echny z\u00fa\u010dastn\u011bn\u00e9. Ne\u0159\u00edk\u00e1m, \u017ee nen\u00ed mo\u017en\u00e9 vz\u00edt si star\u0161\u00ed \u0161t\u011bn\u011b. Od dobr\u00e9ho chovatele a po dobr\u00fdch rodi\u010d\u00edch lze odebrat \u0161t\u011bn\u011b v jak\u00e9mkoli v\u011bku bez nebezpe\u010d\u00ed. Pokud v\u0161ak p\u0159ijedete do vybran\u00e9 chovatelsk\u00e9 stanice a \u0161t\u011b\u0148\u00e1tka p\u0159ed V\u00e1mi s k\u0159ikem \u010di k\u0148u\u010den\u00edm ut\u00edkaj\u00ed do nejbli\u017e\u0161\u00edho \u00fakrytu, oto\u010dte se na pat\u011b a ut\u00edkejte tak\u00e9. L\u00edtost v tomto p\u0159\u00edpad\u011b nen\u00ed na m\u00edst\u011b. \u0160t\u011bn\u011bti u\u017e nepom\u016f\u017eete a nezodpov\u011bdn\u00fd mno\u017eitel nabude dojmu, \u017ee prod\u00e1 cokoli bez vynalo\u017een\u00ed n\u00e1mahy.<\/p>\n<\/div>\n\n\n\n<div class=\"wp-block-column is-layout-flow wp-block-column-is-layout-flow\">\n<figure class=\"wp-block-image size-large\"><img loading=\"lazy\" decoding=\"async\" width=\"1024\" height=\"676\" src=\"https:\/\/kchbc.beardedcollie.cz\/wp-content\/uploads\/2023\/12\/348419599_600423138852195_7111096444122829448_n-1024x676.jpg\" alt=\"\" class=\"wp-image-2032\" srcset=\"https:\/\/kchbc.beardedcollie.cz\/wp-content\/uploads\/2023\/12\/348419599_600423138852195_7111096444122829448_n-1024x676.jpg 1024w, https:\/\/kchbc.beardedcollie.cz\/wp-content\/uploads\/2023\/12\/348419599_600423138852195_7111096444122829448_n-300x198.jpg 300w, https:\/\/kchbc.beardedcollie.cz\/wp-content\/uploads\/2023\/12\/348419599_600423138852195_7111096444122829448_n-768x507.jpg 768w, https:\/\/kchbc.beardedcollie.cz\/wp-content\/uploads\/2023\/12\/348419599_600423138852195_7111096444122829448_n-1536x1013.jpg 1536w, https:\/\/kchbc.beardedcollie.cz\/wp-content\/uploads\/2023\/12\/348419599_600423138852195_7111096444122829448_n.jpg 2048w\" sizes=\"auto, (max-width: 1024px) 100vw, 1024px\" \/><\/figure>\n\n\n\n<p><strong>P\u00c9\u010cE O SRST<\/strong><br>Mnoho lid\u00ed m\u00e1 strach z p\u00e9\u010de o srst. Nebudu tvrdit, \u017ee je snadn\u00e1 a nic nestoj\u00ed, ale jsou plemena v tomto ohledu podstatn\u011b n\u00e1ro\u010dn\u011bj\u0161\u00ed. I u v\u00fdstavn\u00edho jedince sta\u010d\u00ed jedno \u0159\u00e1dn\u00e9 pro\u010des\u00e1n\u00ed za 1 &#8211; 2 t\u00fddny. K tomu pot\u0159ebujeme kart\u00e1\u010d &#8211; \u0161t\u011btiny (\u017e\u00edn\u011b)+nylon (nejvhodn\u011bj\u0161\u00ed je drah\u00fd ale kvalitn\u00ed od firmy MASON-PEARSON) a dva kovov\u00e9 h\u0159ebeny &#8211; \u0159id\u0161\u00ed a hust\u0161\u00ed na vousy. Zcela nevhodn\u00fd je kart\u00e1\u010d s dr\u00e1t\u011bn\u00fdmi h\u00e1\u010dky. Koup\u00e1n\u00ed nen\u00ed nutn\u00e9 Je-li t\u0159eba beardii p\u0159ed v\u00fdstavou z n\u011bjak\u00e9ho d\u016fvodu vykoupat, u\u010din\u00edme tak alespo\u0148 t\u00fdden p\u0159ed v\u00fdstavou kvalitn\u00edm \u0161amponem (mn\u011b se osv\u011bd\u010dil na teri\u00e9ry) aby srst z\u016fstala hrub\u00e1. Ve\u010der p\u0159ed velk\u00fdm dnem pouze omyjeme b\u00edl\u00e9 znaky. Pokud si po\u0159izujeme BC do bytu (a to v\u011bt\u0161ina lid\u00ed) mus\u00edme se sm\u00ed\u0159it s t\u00edm, \u017ee se chlupy stanou na\u0161\u00edm st\u00e1l\u00fdm p\u0159\u00edva\u017ekem, kter\u00fd n\u00e1s bude prov\u00e1zet v\u0161ude. Jejich v\u00fdhodou je daleko snaz\u0161\u00ed odstranitelnost ne\u017e u odum\u0159el\u00e9 srsti kr\u00e1tkosrst\u00fdch plemen. Abychom nezveli\u010dovali, u spr\u00e1vn\u011b a pravideln\u011b udr\u017eovan\u00e9 srsti nen\u00ed tento probl\u00e9m nijak velk\u00fd. Je nutn\u00e9 t\u00e9\u017e po\u010d\u00edtat s t\u00edm, \u017ee beardedka ve sv\u00e9m luxusn\u00edm ko\u017eichu nos\u00ed dom\u016f mnoho prachu a je nutn\u00e9 \u010dast\u011bji ukl\u00edzet.<\/p>\n\n\n\n<figure class=\"wp-block-image size-large\"><img loading=\"lazy\" decoding=\"async\" width=\"1024\" height=\"725\" src=\"https:\/\/kchbc.beardedcollie.cz\/wp-content\/uploads\/2023\/12\/398971718_7050280101701625_8711532766433217275_n-1024x725.jpg\" alt=\"\" class=\"wp-image-2036\" srcset=\"https:\/\/kchbc.beardedcollie.cz\/wp-content\/uploads\/2023\/12\/398971718_7050280101701625_8711532766433217275_n-1024x725.jpg 1024w, https:\/\/kchbc.beardedcollie.cz\/wp-content\/uploads\/2023\/12\/398971718_7050280101701625_8711532766433217275_n-300x212.jpg 300w, https:\/\/kchbc.beardedcollie.cz\/wp-content\/uploads\/2023\/12\/398971718_7050280101701625_8711532766433217275_n-768x544.jpg 768w, https:\/\/kchbc.beardedcollie.cz\/wp-content\/uploads\/2023\/12\/398971718_7050280101701625_8711532766433217275_n.jpg 1205w\" sizes=\"auto, (max-width: 1024px) 100vw, 1024px\" \/><\/figure>\n\n\n\n<p><strong>TAK ANO,NEBO NE<\/strong><br>Jste temperamentn\u00ed, sportovn\u011b zalo\u017een\u00fd \u010dlov\u011bk, nebo rodina s d\u011btmi v\u0161eho v\u011bku? Chcete inteligentn\u00edho kamar\u00e1da s osobnost\u00ed, smyslem pro humor a ob\u010das zni\u010duj\u00edc\u00edmi n\u00e1pady, ochotn\u00e9ho V\u00e1s milovat, rozveselovat a ob\u010das i pozlobit? M\u00e1te chu\u0165 v\u011bnovat se t\u00e9m\u011b\u0159 jak\u00e9mukoli kynologick\u00e9mu sportu, nebo hled\u00e1te partnera na horsk\u00e9 t\u00fary \u010di toulky lesem? Pot\u0159ebujete utahat sv\u00e9 potomky a p\u0159itom se s\u00e1m neu\u0161tvat? Tou\u017e\u00edte po \u010dtverno\u017eci, kter\u00fd v\u00e1s r\u00e1d v\u0161ude doprovod\u00ed, ale pokud zrovna dnes nebudete m\u00edt chu\u0165 nikam j\u00edt a rozhodnete se bohapust\u011b leno\u0161it, nezdemoluje byt, ale p\u0159ilehne k V\u00e1m na gau\u010d? Pak ur\u010dit\u011b ANO !! \u00dazkostliv\u011b milujete po\u0159\u00e1dek v byt\u011b a Va\u0161e \u00fahledn\u00e1 zahrada je V\u00e1m nadev\u0161e? Chcete psa, kter\u00e9mu se nechcete p\u0159\u00edli\u0161 v\u011bnovat a zast\u00e1v\u00e1te n\u00e1zor, \u017ee pat\u0159\u00ed do kotce? Zbo\u017e\u0148ujete z\u00e1bavnou pyrotechniku? (Beardie ji v\u011bt\u0161inou nesn\u00e1\u0161\u00ed a maj\u00ed z n\u00ed strach.) V\u00e1\u0161 nejv\u011bt\u0161\u00ed sportovn\u00ed v\u00fdkon je dob\u011bhnut\u00ed autobusu a nejdel\u0161\u00ed proch\u00e1zka vede k nedalek\u00e9 samoobsluze? Nejste kontaktn\u00ed a obt\u011b\u017euj\u00ed V\u00e1s city druh\u00fdch? Tak pro V\u00e1s beardie ur\u010dit\u011b NE !!<\/p>\n\n\n\n<figure class=\"wp-block-image size-large\"><img loading=\"lazy\" decoding=\"async\" width=\"1024\" height=\"683\" src=\"https:\/\/kchbc.beardedcollie.cz\/wp-content\/uploads\/2023\/12\/366241938_6693966580666314_6875604609080720758_n-1024x683.jpg\" alt=\"\" class=\"wp-image-2035\" srcset=\"https:\/\/kchbc.beardedcollie.cz\/wp-content\/uploads\/2023\/12\/366241938_6693966580666314_6875604609080720758_n-1024x683.jpg 1024w, https:\/\/kchbc.beardedcollie.cz\/wp-content\/uploads\/2023\/12\/366241938_6693966580666314_6875604609080720758_n-300x200.jpg 300w, https:\/\/kchbc.beardedcollie.cz\/wp-content\/uploads\/2023\/12\/366241938_6693966580666314_6875604609080720758_n-768x512.jpg 768w, https:\/\/kchbc.beardedcollie.cz\/wp-content\/uploads\/2023\/12\/366241938_6693966580666314_6875604609080720758_n-1536x1024.jpg 1536w, https:\/\/kchbc.beardedcollie.cz\/wp-content\/uploads\/2023\/12\/366241938_6693966580666314_6875604609080720758_n.jpg 2048w\" sizes=\"auto, (max-width: 1024px) 100vw, 1024px\" \/><\/figure>\n\n\n\n<p><strong>Z\u00c1V\u011aREM<\/strong><br>V\u0161e co jste si p\u0159e\u010detli jsou pouze obecn\u00e9 informace. Je nutn\u00e9 si uv\u011bdomit, \u017ee ka\u017ed\u00fd jedinec (a\u0165 pes nebo \u010dlov\u011bk) je individualita, a tak zrovna Va\u0161e Beardie m\u016f\u017ee nen\u00e1vid\u011bt vodu, odm\u00edtat aportovat, zu\u0159iv\u011b br\u00e1nit zahradu a nad\u0161en\u011b pozorovat oh\u0148ostroj. Pokud jste se na z\u00e1klad\u011b tohoto portr\u00e9tu rozhodly pr\u00e1v\u011b pro beardii, gratuluji V\u00e1m a p\u0159eji \u0161\u0165astnou ruku p\u0159i v\u00fdb\u011bru \u0161t\u011b\u0148\u00e1tka a pokud snad nespln\u00ed n\u011bkter\u00e1 Va\u0161e o\u010dek\u00e1v\u00e1n\u00ed uv\u011bdomte si, \u017ee ani vy jste nesplnili v\u0161echna o\u010dek\u00e1v\u00e1n\u00ed sv\u00fdch rodi\u010d\u016f, p\u0159esto jste jimi milov\u00e1ni.<\/p>\n\n\n\n<p>text zpracovala:&nbsp;PAVL\u00cdNA VAZDOV\u00c1 &#8211; chov.st.&nbsp;&nbsp;<a href=\"http:\/\/www.odemydestinove.com\/\" target=\"_blank\" rel=\"noreferrer noopener\">od Emy Destinov\u00e9<\/a><\/p>\n\n\n\n<figure class=\"wp-block-image size-large\"><img loading=\"lazy\" decoding=\"async\" width=\"1024\" height=\"682\" src=\"https:\/\/kchbc.beardedcollie.cz\/wp-content\/uploads\/2023\/12\/351128674_243146058346331_5945602247664832956_n-1024x682.jpg\" alt=\"\" class=\"wp-image-2033\" srcset=\"https:\/\/kchbc.beardedcollie.cz\/wp-content\/uploads\/2023\/12\/351128674_243146058346331_5945602247664832956_n-1024x682.jpg 1024w, https:\/\/kchbc.beardedcollie.cz\/wp-content\/uploads\/2023\/12\/351128674_243146058346331_5945602247664832956_n-300x200.jpg 300w, https:\/\/kchbc.beardedcollie.cz\/wp-content\/uploads\/2023\/12\/351128674_243146058346331_5945602247664832956_n-768x511.jpg 768w, https:\/\/kchbc.beardedcollie.cz\/wp-content\/uploads\/2023\/12\/351128674_243146058346331_5945602247664832956_n-1536x1022.jpg 1536w, https:\/\/kchbc.beardedcollie.cz\/wp-content\/uploads\/2023\/12\/351128674_243146058346331_5945602247664832956_n.jpg 2048w\" sizes=\"auto, (max-width: 1024px) 100vw, 1024px\" \/><\/figure>\n<\/div>\n<\/div>\n","protected":false},"excerpt":{"rendered":"<p>POVAHA A VYU\u017dIT\u00cdBeardie je bezesporu vynikaj\u00edc\u00ed spole\u010dn\u00edk pro sportovn\u011b zalo\u017een\u00e9 lidi a nep\u0159ekonateln\u00e1 \u010dlenka rodiny s d\u011btmi. Potrp\u00ed si na dlouh\u00e9 vych\u00e1zky, ale snadno se sm\u00ed\u0159\u00ed i s krat\u0161\u00ed trasou, pokud j\u00ed cestou poskytneme mo\u017enost ukojit jej\u00ed touhu po nov\u00fdch vjemech. Miluje spole\u010dnost dal\u0161\u00edch ps\u016f, nekone\u010dn\u011b dlouho bude nosit m\u00ed\u010dek, klacek, ale i dost velk\u00e9 [&hellip;]<\/p>\n","protected":false},"author":2,"featured_media":0,"parent":58,"menu_order":0,"comment_status":"closed","ping_status":"closed","template":"","meta":{"_acf_changed":false,"site-sidebar-layout":"default","site-content-layout":"","ast-site-content-layout":"default","site-content-style":"default","site-sidebar-style":"default","ast-global-header-display":"","ast-banner-title-visibility":"","ast-main-header-display":"","ast-hfb-above-header-display":"","ast-hfb-below-header-display":"","ast-hfb-mobile-header-display":"","site-post-title":"","ast-breadcrumbs-content":"","ast-featured-img":"","footer-sml-layout":"","ast-disable-related-posts":"","theme-transparent-header-meta":"default","adv-header-id-meta":"","stick-header-meta":"","header-above-stick-meta":"","header-main-stick-meta":"","header-below-stick-meta":"","astra-migrate-meta-layouts":"set","ast-page-background-enabled":"default","ast-page-background-meta":{"desktop":{"background-color":"var(--ast-global-color-4)","background-image":"","background-repeat":"repeat","background-position":"center center","background-size":"auto","background-attachment":"scroll","background-type":"","background-media":"","overlay-type":"","overlay-color":"","overlay-opacity":"","overlay-gradient":""},"tablet":{"background-color":"","background-image":"","background-repeat":"repeat","background-position":"center center","background-size":"auto","background-attachment":"scroll","background-type":"","background-media":"","overlay-type":"","overlay-color":"","overlay-opacity":"","overlay-gradient":""},"mobile":{"background-color":"","background-image":"","background-repeat":"repeat","background-position":"center center","background-size":"auto","background-attachment":"scroll","background-type":"","background-media":"","overlay-type":"","overlay-color":"","overlay-opacity":"","overlay-gradient":""}},"ast-content-background-meta":{"desktop":{"background-color":"var(--ast-global-color-5)","background-image":"","background-repeat":"repeat","background-position":"center center","background-size":"auto","background-attachment":"scroll","background-type":"","background-media":"","overlay-type":"","overlay-color":"","overlay-opacity":"","overlay-gradient":""},"tablet":{"background-color":"var(--ast-global-color-5)","background-image":"","background-repeat":"repeat","background-position":"center center","background-size":"auto","background-attachment":"scroll","background-type":"","background-media":"","overlay-type":"","overlay-color":"","overlay-opacity":"","overlay-gradient":""},"mobile":{"background-color":"var(--ast-global-color-5)","background-image":"","background-repeat":"repeat","background-position":"center center","background-size":"auto","background-attachment":"scroll","background-type":"","background-media":"","overlay-type":"","overlay-color":"","overlay-opacity":"","overlay-gradient":""}},"footnotes":""},"class_list":["post-104","page","type-page","status-publish","hentry"],"acf":[],"featured_image_src":null,"_links":{"self":[{"href":"https:\/\/kchbc.beardedcollie.cz\/index.php?rest_route=\/wp\/v2\/pages\/104","targetHints":{"allow":["GET"]}}],"collection":[{"href":"https:\/\/kchbc.beardedcollie.cz\/index.php?rest_route=\/wp\/v2\/pages"}],"about":[{"href":"https:\/\/kchbc.beardedcollie.cz\/index.php?rest_route=\/wp\/v2\/types\/page"}],"author":[{"embeddable":true,"href":"https:\/\/kchbc.beardedcollie.cz\/index.php?rest_route=\/wp\/v2\/users\/2"}],"replies":[{"embeddable":true,"href":"https:\/\/kchbc.beardedcollie.cz\/index.php?rest_route=%2Fwp%2Fv2%2Fcomments&post=104"}],"version-history":[{"count":6,"href":"https:\/\/kchbc.beardedcollie.cz\/index.php?rest_route=\/wp\/v2\/pages\/104\/revisions"}],"predecessor-version":[{"id":2315,"href":"https:\/\/kchbc.beardedcollie.cz\/index.php?rest_route=\/wp\/v2\/pages\/104\/revisions\/2315"}],"up":[{"embeddable":true,"href":"https:\/\/kchbc.beardedcollie.cz\/index.php?rest_route=\/wp\/v2\/pages\/58"}],"wp:attachment":[{"href":"https:\/\/kchbc.beardedcollie.cz\/index.php?rest_route=%2Fwp%2Fv2%2Fmedia&parent=104"}],"curies":[{"name":"wp","href":"https:\/\/api.w.org\/{rel}","templated":true}]}}