{"id":102,"date":"2023-09-20T19:15:20","date_gmt":"2023-09-20T17:15:20","guid":{"rendered":"https:\/\/kchbc.beardedcollie.cz\/?page_id=102"},"modified":"2023-12-10T21:53:16","modified_gmt":"2023-12-10T20:53:16","slug":"standard","status":"publish","type":"page","link":"https:\/\/kchbc.beardedcollie.cz\/?page_id=102","title":{"rendered":"Standard"},"content":{"rendered":"\n<h1 class=\"wp-block-heading\">FCI-Standard \u010d. 271 \/ 12. 7. 2012, p\u0159eklad: Ing. Ji\u0159\u00ed Seversk\u00fd<\/h1>\n\n\n\n<div class=\"wp-block-columns is-layout-flex wp-container-core-columns-is-layout-28f84493 wp-block-columns-is-layout-flex\">\n<div class=\"wp-block-column is-layout-flow wp-block-column-is-layout-flow\">\n<p><strong><u>P\u016eVOD<\/u><\/strong>: Velk\u00e1 Brit\u00e1nie.<\/p>\n\n\n\n<p><strong><u>DATUM PUBLIKACE OFICI\u00c1LN\u011a PLATN\u00c9HO STANDARTU<\/u><\/strong>: 03.11.2014.<\/p>\n\n\n\n<p><strong><u>POU\u017dIT\u00cd<\/u><\/strong>: Ov\u010d\u00e1ck\u00fd pes a spole\u010dn\u00edk.<\/p>\n\n\n\n<p><strong><u>FCI-KLASIFIKACE<\/u><\/strong>:\u00a0Skupina 1:\u00a0Ov\u010d\u00e1\u010dt\u00ed a hon\u00e1\u010dt\u00ed psi (s v\u00fdjimkou \u0161v\u00fdcarsk\u00fdch sala\u0161nick\u00fdch ps\u016f, Sekce\u00a01:\u00a0Ov\u010d\u00e1\u010dt\u00ed psi, Bez pracovn\u00ed zkou\u0161ky.<\/p>\n\n\n\n<p><strong><u>CELKOV\u00dd VZHLED<\/u><\/strong>: \u0160t\u00edhl\u00fd, aktivn\u00ed pes. I p\u0159es silnou stavbu by nem\u011bl vypadat p\u0159\u00edli\u0161 t\u011b\u017ece. Bystr\u00fd a zv\u00eddav\u00fd v\u00fdraz je v\u00fdrazn\u00fdm znakem plemene.<\/p>\n\n\n\n<p><strong><u>D\u016eLE\u017dIT\u00c9 PROPORCE: <\/u><\/strong>D\u00e9lka p\u0159esahuje kohoutkovou v\u00fd\u0161ku zhruba v pom\u011bru 5 : 4 m\u011b\u0159eno od p\u0159edn\u00edho okraje hrudn\u00ed kosti a\u017e po vrchol sedac\u00ed kosti. Feny mohou b\u00fdt pon\u011bkud del\u0161\u00ed. Vzd\u00e1lenost mezi stopem a t\u00fdln\u00edm hrbolem by m\u011bla b\u00fdt stejn\u00e1 jako \u0161\u00ed\u0159e mezi otvory u\u0161\u00ed.<\/p>\n\n\n\n<p><strong><u>POVAHA \/ TEMPERAMENT<\/u><\/strong>: Pozorn\u00fd, \u017eiv\u00fd, sebev\u011bdom\u00fd a aktivn\u00ed pes. Inteligentn\u00ed pracovn\u00ed pes bez zn\u00e1mek nervozity nebo agresivity.<\/p>\n\n\n\n<p><strong><u>HLAVA: <\/u><\/strong>Hlava ve spr\u00e1vn\u00e9m pom\u011bru k velikosti t\u011bla. Celkov\u011b tvo\u0159\u00ed dojem psa se silnou tlamou a velk\u00fdm prostorem pro mozek.<\/p>\n\n\n\n<p>MOZKOVNA:<br>Lebka: \u0161irok\u00e1, ploch\u00e1 a kvadratick\u00e1.<br>Stop: m\u00edrn\u00fd<\/p>\n\n\n\n<p>OBLI\u010cEJOV\u00c1 \u010c\u00c1ST:<br>Nosn\u00ed houba: Nosn\u00ed houba velk\u00e1 a kvadratick\u00e1, v\u011bt\u0161inou \u010dern\u00e1, u modr\u00fdch a hn\u011bd\u00fdch ps\u016f v\u0161ak obvykle odpov\u00edd\u00e1 barvou barv\u011b srsti. Nosn\u00ed houba jednobarevn\u00e1, bez te\u010dek nebo skvrn.<br>Tlama: Siln\u00e1, stejn\u00e9 d\u00e9lky jako vzd\u00e1lenost mezi stopem a t\u00fdln\u00edm hrbolem.<br>Pysky: Jednobarevn\u00e9 bez te\u010dek nebo skvrn. Pigmentace stejn\u00e9 barvy jako nosn\u00ed houba.<br>\u010celisti \/ Zuby: Zuby jsou velk\u00e9 a b\u00edl\u00e9. \u010celisti jsou siln\u00e9 s perfektn\u00edm, pravideln\u00fdm a kompletn\u00edm n\u016f\u017ekov\u00fdm skusem (tzn.: horn\u00ed \u0159ez\u00e1ky t\u011bsn\u011b p\u0159esahuje doln\u00ed \u0159ez\u00e1ky, zuby jsou ulo\u017eeny do \u010delist\u00ed kolmo). Kle\u0161\u0165ov\u00fd skus povolen ale je ne\u017e\u00e1douc\u00ed.<br>O\u010di: Barevn\u00fdm t\u00f3nem jsou slad\u011bny s barvou srsti. \u0160iroko posazen\u00e9 a velk\u00e9, m\u011bkk\u00e9 a l\u00e1skypln\u00e9, nevystupuj\u00ed. Pigmentace okraj\u016f v\u00ed\u010dek je stejn\u00e9 barvy jako nosn\u00ed houba. Obo\u010d\u00ed klenut\u00e9 nahoru a dop\u0159edu, jeho d\u00e9lka v\u0161ak nen\u00ed takov\u00e1, aby p\u0159ekr\u00fdvalo o\u010di.<br>U\u0161i: st\u0159edn\u011b velk\u00e9 a vis\u00edc\u00ed. P\u0159i vzbuzen\u00e9 pozornosti se jejich nasazen\u00ed zvedne a\u017e na \u00farove\u0148 temene, nesm\u00ed se v\u0161ak p\u0159esahovat. D\u00edky nim se zd\u00e1 lebka \u0161ir\u0161\u00ed.<\/p>\n\n\n\n<p><strong><u>KRK<\/u><\/strong>: p\u0159im\u011b\u0159en\u011b dlouh\u00fd, svalnat\u00fd a lehce klenut\u00fd<\/p>\n\n\n\n<p><strong><u>T\u011aLO<\/u><\/strong>: D\u00e9lka h\u0159betu plyne z d\u00e9lky hrudn\u00edho ko\u0161e, ne z d\u00e9lky beder.<\/p>\n\n\n\n<p>H\u0159bet: rovn\u00fd<br>Bedra: siln\u00e1<br>Hrudn\u00edk: hrudn\u00ed ko\u0161 hlubok\u00fd, se spoustou m\u00edsta pro srdce a pl\u00edce, \u017eebra dob\u0159e klenut\u00e1 ale ne sudovit\u00e1.<\/p>\n\n\n\n<p><strong><u>OCAS<\/u><\/strong>: n\u00edzko nasazen\u00fd, bez z\u00e1lomku a nezato\u010den\u00fd, tak dlouh\u00fd, aby posledn\u00ed obratel ocasu dosahoval nejm\u00e9n\u011b k hleznu. V postoji nebo v pohybu n\u00edzko nesen\u00fd se \u0161pi\u010dkou, oto\u010denou vzh\u016fru, p\u0159i rychlej\u0161\u00edm pohybu i rovn\u011b nesen\u00fd. Nikdy nenesen nad h\u0159betem. Pokryt bohatou srst\u00ed.<\/p>\n<\/div>\n\n\n\n<div class=\"wp-block-column is-layout-flow wp-block-column-is-layout-flow\">\n<p><strong><u>KON\u010cETINY:<\/u><\/strong><\/p>\n\n\n\n<p>HRUDN\u00cd KON\u010cETINY: Kon\u010detiny rovn\u00e9 a svisl\u00e9, se siln\u00fdmi kostmi, cel\u00e9 pokryt\u00e9 chundelatou (hu\u0148atou) srst\u00ed.<br>Plece: ulo\u017een\u00e9 \u0161ikmo vzad<br>Nadprst\u00ed: Pru\u017en\u00e9 bez zn\u00e1mek slabosti.<br>P\u0159edn\u00ed tlapa: ov\u00e1ln\u00e9 s dob\u0159e vypln\u011bn\u00fdmi pru\u017en\u00fdmi pol\u0161t\u00e1\u0159ky. Prsty klenut\u00e9 a dob\u0159e uzav\u0159en\u00e9, dob\u0159e kryt\u00e9 srst\u00ed i mezi pol\u0161t\u00e1\u0159ky.<\/p>\n\n\n\n<p>P\u00c1NEVN\u00cd KON\u010cETINY: dob\u0159e osvalen\u00e9<br>Koleno: dob\u0159e \u00fahlen\u00e9<br>B\u00e9rec: dobr\u00fd.<br>Hlezenn\u00ed kloub: n\u00edzko posazen\u00fd<br>N\u00e1rt (zadn\u00ed nadprst\u00ed): v prav\u00e9m \u00fahlu k podlo\u017ece a v norm\u00e1ln\u00edm postoji se nach\u00e1z\u00ed na svislici, spu\u0161t\u011bn\u00e9 z vrcholu sedac\u00ed kosti.<br>Zadn\u00ed tlapa: ov\u00e1ln\u00e9 s dob\u0159e vypln\u011bn\u00fdmi pru\u017en\u00fdmi pol\u0161t\u00e1\u0159ky. Prsty klenut\u00e9 a dob\u0159e uzav\u0159en\u00e9, dob\u0159e kryt\u00e9 srst\u00ed i mezi pol\u0161t\u00e1\u0159ky.<\/p>\n\n\n\n<p><strong><u>CHODY \/ POHYB<\/u><\/strong>: plynul\u00fd, stejnom\u011brn\u00fd, pru\u017en\u00fd a prostorn\u00fd i p\u0159i minim\u00e1ln\u00ed vynalo\u017een\u00e9 n\u00e1maze.<\/p>\n\n\n\n<p><strong><u>OSRST\u011aN\u00cd:<\/u><\/strong><\/p>\n\n\n\n<p>SRST: dvojit\u00e1, s jemnou, hu\u0148atou a hustou podsadou. Kryc\u00ed srst hladk\u00e1, tvrd\u00e1, siln\u00e1 a hu\u0148at\u00e1. Kryc\u00ed srst nen\u00ed vlnit\u00e1 ani ku\u010derav\u00e1, t\u0159eba\u017ee velmi lehk\u00e1 zvln\u011bnost je povolena. D\u00e9lka a hustota srsti dosta\u010duje k tomu, aby poskytovala ochranu a dob\u0159e uplatnila tvary psa, nesm\u00ed v\u0161ak b\u00fdt tak bohat\u00e1, aby st\u00edrala p\u0159irozen\u00e9 linie t\u011bla. Srst se nesm\u00ed nijak zkracovat. H\u0159bet nosu je spo\u0159e pokryt srst\u00ed, srst je po stran\u00e1ch pon\u011bkud del\u0161\u00ed a sta\u010d\u00ed pr\u00e1v\u011b tak k pokryt\u00ed pysk\u016f. Na l\u00edc\u00edch, doln\u00edch pysc\u00edch a na brad\u011b se d\u00e9lka srsti sm\u011brem k hrudi prodlu\u017euje a tvo\u0159\u00ed typick\u00fd vous.<\/p>\n\n\n\n<p>BARVA: b\u0159idlicov\u011b \u0161ed\u00e1, \u010dervenav\u00e1 jelen\u00ed, \u010dern\u00e1, modr\u00e1, v\u0161echny odst\u00edny \u0161ed\u00e9, hn\u011bd\u00e9 a p\u00edskov\u00e9, s&nbsp;b\u00edl\u00fdmi odznaky nebo bez nich.Nikdy merle\/ skvrnit\u00e9. Jsou-li v&nbsp;osrst\u011bn\u00ed b\u00edl\u00e9 znaky, vyskytuj\u00ed se na tlam\u011b, jako lysinka na temeni, na \u0161pi\u010dce ocasu, na hrudi, na b\u011bz\u00edch a na tlap\u00e1ch. M\u00e1-li jedinec b\u00edl\u00fd l\u00edmec, nesm\u00ed nasazen\u00ed b\u00edl\u00e9 srsti p\u0159esahovat p\u0159es plece. B\u00edl\u00e1 by se na vn\u011bj\u0161\u00ed stran\u011b p\u00e1nevn\u00edch kon\u010detin nem\u011bla vyskytovat nad hlezny. Lehce t\u0159\u00edslov\u011b zbarven\u00e9 znaky jsou povoleny na obo\u010d\u00ed, vnit\u0159n\u00ed stran\u011b u\u0161\u00ed, na l\u00edc\u00edch, pod ko\u0159enem ocasu a na kon\u010detin\u00e1ch na p\u0159echodu mezi b\u00edlou a z\u00e1kladn\u00ed barvou.<\/p>\n\n\n\n<p><strong><u>VELIKOST:<\/u><\/strong><\/p>\n\n\n\n<p>Ide\u00e1ln\u00ed kohoutkov\u00e1 v\u00fd\u0161ka: Psi: 53 \u2013 56 cm, Feny:&nbsp;51 \u2013 53 cm<\/p>\n\n\n\n<p>P\u0159i hodnocen\u00ed by m\u011bla m\u00edt p\u0159ednost celkov\u00e1 kvalita a proporce, p\u0159ehnan\u00e9 odchylky od ide\u00e1ln\u00ed velikosti by se v\u0161ak nem\u011bly podporovat.<\/p>\n\n\n\n<p><strong><u>VADY<\/u><\/strong>: Ka\u017ed\u00e1 odchylka od v\u00fd\u0161e jmenovan\u00fdch bod\u016f se mus\u00ed posuzovat jako vada, jej\u00ed\u017e hodnocen\u00ed mus\u00ed b\u00fdt v p\u0159esn\u00e9m pom\u011bru k&nbsp;jej\u00edmu stupni z\u00e1va\u017enosti a k&nbsp;jej\u00edmu vlivu na zdrav\u00ed a pohodu psa a na jeho schopnost vykon\u00e1vat jeho tradi\u010dn\u00ed pr\u00e1ci.<\/p>\n\n\n\n<p><strong><u>VY\u0158AZUJ\u00cdC\u00cd VADY<\/u><\/strong><strong><\/strong><\/p>\n\n\n\n<ul class=\"wp-block-list\">\n<li>Agresivn\u00ed nebo p\u0159esp\u0159\u00edli\u0161 boj\u00e1cn\u00ed psi<\/li>\n\n\n\n<li>Jak\u00fdkoliv pes jasn\u011b vykazuj\u00edc\u00ed fyzick\u00e9 nebo povahov\u00e9 abnormality by m\u011bl b\u00fdt diskvalifikov\u00e1n.<\/li>\n<\/ul>\n\n\n\n<p><strong><u>Pozn\u00e1mka<\/u><\/strong>: Psi mus\u00ed vykazovat dv\u011b viditeln\u011b norm\u00e1ln\u011b vyvinut\u00e1 varlata, sestoupl\u00e1 v \u0161ourku.<\/p>\n\n\n\n<p>Klinicky zdrav\u00ed\u00a0psi s\u00a0typickou stavbou t\u011bla pro plemeno by m\u011bli b\u00fdt pou\u017eiti v\u00a0chovu.<\/p>\n<\/div>\n<\/div>\n","protected":false},"excerpt":{"rendered":"<p>FCI-Standard \u010d. 271 \/ 12. 7. 2012, p\u0159eklad: Ing. Ji\u0159\u00ed Seversk\u00fd P\u016eVOD: Velk\u00e1 Brit\u00e1nie. DATUM PUBLIKACE OFICI\u00c1LN\u011a PLATN\u00c9HO STANDARTU: 03.11.2014. POU\u017dIT\u00cd: Ov\u010d\u00e1ck\u00fd pes a spole\u010dn\u00edk. FCI-KLASIFIKACE:\u00a0Skupina 1:\u00a0Ov\u010d\u00e1\u010dt\u00ed a hon\u00e1\u010dt\u00ed psi (s v\u00fdjimkou \u0161v\u00fdcarsk\u00fdch sala\u0161nick\u00fdch ps\u016f, Sekce\u00a01:\u00a0Ov\u010d\u00e1\u010dt\u00ed psi, Bez pracovn\u00ed zkou\u0161ky. CELKOV\u00dd VZHLED: \u0160t\u00edhl\u00fd, aktivn\u00ed pes. I p\u0159es silnou stavbu by nem\u011bl vypadat p\u0159\u00edli\u0161 t\u011b\u017ece. Bystr\u00fd [&hellip;]<\/p>\n","protected":false},"author":2,"featured_media":0,"parent":58,"menu_order":0,"comment_status":"closed","ping_status":"closed","template":"","meta":{"_acf_changed":false,"site-sidebar-layout":"default","site-content-layout":"","ast-site-content-layout":"default","site-content-style":"default","site-sidebar-style":"default","ast-global-header-display":"","ast-banner-title-visibility":"","ast-main-header-display":"","ast-hfb-above-header-display":"","ast-hfb-below-header-display":"","ast-hfb-mobile-header-display":"","site-post-title":"","ast-breadcrumbs-content":"","ast-featured-img":"","footer-sml-layout":"","ast-disable-related-posts":"","theme-transparent-header-meta":"default","adv-header-id-meta":"","stick-header-meta":"","header-above-stick-meta":"","header-main-stick-meta":"","header-below-stick-meta":"","astra-migrate-meta-layouts":"set","ast-page-background-enabled":"default","ast-page-background-meta":{"desktop":{"background-color":"var(--ast-global-color-4)","background-image":"","background-repeat":"repeat","background-position":"center center","background-size":"auto","background-attachment":"scroll","background-type":"","background-media":"","overlay-type":"","overlay-color":"","overlay-opacity":"","overlay-gradient":""},"tablet":{"background-color":"","background-image":"","background-repeat":"repeat","background-position":"center center","background-size":"auto","background-attachment":"scroll","background-type":"","background-media":"","overlay-type":"","overlay-color":"","overlay-opacity":"","overlay-gradient":""},"mobile":{"background-color":"","background-image":"","background-repeat":"repeat","background-position":"center center","background-size":"auto","background-attachment":"scroll","background-type":"","background-media":"","overlay-type":"","overlay-color":"","overlay-opacity":"","overlay-gradient":""}},"ast-content-background-meta":{"desktop":{"background-color":"var(--ast-global-color-5)","background-image":"","background-repeat":"repeat","background-position":"center center","background-size":"auto","background-attachment":"scroll","background-type":"","background-media":"","overlay-type":"","overlay-color":"","overlay-opacity":"","overlay-gradient":""},"tablet":{"background-color":"var(--ast-global-color-5)","background-image":"","background-repeat":"repeat","background-position":"center center","background-size":"auto","background-attachment":"scroll","background-type":"","background-media":"","overlay-type":"","overlay-color":"","overlay-opacity":"","overlay-gradient":""},"mobile":{"background-color":"var(--ast-global-color-5)","background-image":"","background-repeat":"repeat","background-position":"center center","background-size":"auto","background-attachment":"scroll","background-type":"","background-media":"","overlay-type":"","overlay-color":"","overlay-opacity":"","overlay-gradient":""}},"footnotes":""},"class_list":["post-102","page","type-page","status-publish","hentry"],"acf":[],"featured_image_src":null,"_links":{"self":[{"href":"https:\/\/kchbc.beardedcollie.cz\/index.php?rest_route=\/wp\/v2\/pages\/102","targetHints":{"allow":["GET"]}}],"collection":[{"href":"https:\/\/kchbc.beardedcollie.cz\/index.php?rest_route=\/wp\/v2\/pages"}],"about":[{"href":"https:\/\/kchbc.beardedcollie.cz\/index.php?rest_route=\/wp\/v2\/types\/page"}],"author":[{"embeddable":true,"href":"https:\/\/kchbc.beardedcollie.cz\/index.php?rest_route=\/wp\/v2\/users\/2"}],"replies":[{"embeddable":true,"href":"https:\/\/kchbc.beardedcollie.cz\/index.php?rest_route=%2Fwp%2Fv2%2Fcomments&post=102"}],"version-history":[{"count":4,"href":"https:\/\/kchbc.beardedcollie.cz\/index.php?rest_route=\/wp\/v2\/pages\/102\/revisions"}],"predecessor-version":[{"id":2051,"href":"https:\/\/kchbc.beardedcollie.cz\/index.php?rest_route=\/wp\/v2\/pages\/102\/revisions\/2051"}],"up":[{"embeddable":true,"href":"https:\/\/kchbc.beardedcollie.cz\/index.php?rest_route=\/wp\/v2\/pages\/58"}],"wp:attachment":[{"href":"https:\/\/kchbc.beardedcollie.cz\/index.php?rest_route=%2Fwp%2Fv2%2Fmedia&parent=102"}],"curies":[{"name":"wp","href":"https:\/\/api.w.org\/{rel}","templated":true}]}}