{"id":100,"date":"2023-09-20T19:15:06","date_gmt":"2023-09-20T17:15:06","guid":{"rendered":"https:\/\/kchbc.beardedcollie.cz\/?page_id=100"},"modified":"2023-12-10T21:44:19","modified_gmt":"2023-12-10T20:44:19","slug":"historie","status":"publish","type":"page","link":"https:\/\/kchbc.beardedcollie.cz\/?page_id=100","title":{"rendered":"Historie"},"content":{"rendered":"\n<div class=\"wp-block-columns is-layout-flex wp-container-core-columns-is-layout-28f84493 wp-block-columns-is-layout-flex\">\n<div class=\"wp-block-column is-layout-flow wp-block-column-is-layout-flow\">\n<p>Bearded Collie (BC) pat\u0159\u00ed mezi nejstar\u0161\u00ed plemena v\u016fbec, i kdy\u017e si na ofici\u00e1ln\u00ed uzn\u00e1n\u00ed musela po\u010dkat a\u017e do poloviny 20. stolet\u00ed.<\/p>\n\n\n\n<p>K tomuto faktu ur\u010dit\u011b p\u0159isp\u011bla skute\u010dnost, \u017ee p\u0159edci dne\u0161n\u00edch beardi\u00ed byli v dr\u017een\u00ed oby\u010dejn\u00fdch hon\u00e1k\u016f a pastevc\u016f, kte\u0159\u00ed m\u011bli jedin\u00fd &#8222;chovatelsk\u00fd&#8220; c\u00edl- maxim\u00e1ln\u00ed v\u00fdkon a 100% pracovn\u00ed vyu\u017eitelnost. Velikost je zaj\u00edmala tak\u00e9 pouze z ryze praktick\u00fdch d\u016fvod\u016f- pes musel b\u00fdt dostate\u010dn\u011b velk\u00fd, aby vid\u011bl na ovce p\u0159es hojn\u011b zastoupen\u00e9 kapradiny, ale ne zase p\u0159\u00edli\u0161 kv\u016fli p\u0159im\u011b\u0159en\u00e9 a pro nemajetn\u00e9 pastevce \u00fanosn\u00e9 spot\u0159eb\u011b krmiva. Beardie tehdy nevypadala nijak p\u016fsobiv\u011b &#8211; robustn\u00ed, chundelat\u00fd, rozcuchan\u011b p\u016fsob\u00edc\u00ed pes s hrubou srst\u00ed a mohutnou hlavou se sv\u011b\u0161en\u00fdm uchem.<\/p>\n\n\n\n<figure class=\"wp-block-image size-large\"><img loading=\"lazy\" decoding=\"async\" width=\"683\" height=\"1024\" src=\"https:\/\/kchbc.beardedcollie.cz\/wp-content\/uploads\/2023\/12\/370212180_3170107156629887_5431605638239519283_n-683x1024.jpg\" alt=\"\" class=\"wp-image-2040\" srcset=\"https:\/\/kchbc.beardedcollie.cz\/wp-content\/uploads\/2023\/12\/370212180_3170107156629887_5431605638239519283_n-683x1024.jpg 683w, https:\/\/kchbc.beardedcollie.cz\/wp-content\/uploads\/2023\/12\/370212180_3170107156629887_5431605638239519283_n-200x300.jpg 200w, https:\/\/kchbc.beardedcollie.cz\/wp-content\/uploads\/2023\/12\/370212180_3170107156629887_5431605638239519283_n-768x1152.jpg 768w, https:\/\/kchbc.beardedcollie.cz\/wp-content\/uploads\/2023\/12\/370212180_3170107156629887_5431605638239519283_n-1024x1536.jpg 1024w, https:\/\/kchbc.beardedcollie.cz\/wp-content\/uploads\/2023\/12\/370212180_3170107156629887_5431605638239519283_n-1365x2048.jpg 1365w, https:\/\/kchbc.beardedcollie.cz\/wp-content\/uploads\/2023\/12\/370212180_3170107156629887_5431605638239519283_n-scaled.jpg 1707w\" sizes=\"auto, (max-width: 683px) 100vw, 683px\" \/><\/figure>\n\n\n\n<p>V 18. stolet\u00ed jsou popisov\u00e1ny dva typy:<\/p>\n\n\n\n<p><br>1) oby\u010dejn\u00e1, nev\u00fdrazn\u00e1 a kostnat\u00e1 hn\u011bd\u00e1 beardie z HIGHLANDS (Skotsk\u00e1 vyso\u010dina) u\u017e\u00edvan\u00e1 ke sh\u00e1n\u011bn\u00ed dobytka z hor a kopc\u016f.<br>2) beardie z LOWLAND (n\u00ed\u017eina) ur\u010den\u00e1 jako hon\u00e1ck\u00fd pes p\u0159i p\u0159eh\u00e1n\u011bn\u00ed st\u00e1d na dobyt\u010d\u00ed trhy.<\/p>\n\n\n\n<figure class=\"wp-block-image size-large\"><img loading=\"lazy\" decoding=\"async\" width=\"1024\" height=\"689\" src=\"https:\/\/kchbc.beardedcollie.cz\/wp-content\/uploads\/2023\/12\/407834179_1388841432042312_8203193407659832547_n-1024x689.jpg\" alt=\"\" class=\"wp-image-2044\" srcset=\"https:\/\/kchbc.beardedcollie.cz\/wp-content\/uploads\/2023\/12\/407834179_1388841432042312_8203193407659832547_n-1024x689.jpg 1024w, https:\/\/kchbc.beardedcollie.cz\/wp-content\/uploads\/2023\/12\/407834179_1388841432042312_8203193407659832547_n-300x202.jpg 300w, https:\/\/kchbc.beardedcollie.cz\/wp-content\/uploads\/2023\/12\/407834179_1388841432042312_8203193407659832547_n-768x517.jpg 768w, https:\/\/kchbc.beardedcollie.cz\/wp-content\/uploads\/2023\/12\/407834179_1388841432042312_8203193407659832547_n-1536x1034.jpg 1536w, https:\/\/kchbc.beardedcollie.cz\/wp-content\/uploads\/2023\/12\/407834179_1388841432042312_8203193407659832547_n.jpg 2048w\" sizes=\"auto, (max-width: 1024px) 100vw, 1024px\" \/><\/figure>\n<\/div>\n\n\n\n<div class=\"wp-block-column is-layout-flow wp-block-column-is-layout-flow\">\n<figure class=\"wp-block-image aligncenter size-large is-resized\"><img loading=\"lazy\" decoding=\"async\" width=\"1024\" height=\"787\" src=\"https:\/\/kchbc.beardedcollie.cz\/wp-content\/uploads\/2023\/12\/407304789_1388841625375626_3027653318941572225_n-1024x787.jpg\" alt=\"\" class=\"wp-image-2041\" style=\"width:462px;height:auto\" srcset=\"https:\/\/kchbc.beardedcollie.cz\/wp-content\/uploads\/2023\/12\/407304789_1388841625375626_3027653318941572225_n-1024x787.jpg 1024w, https:\/\/kchbc.beardedcollie.cz\/wp-content\/uploads\/2023\/12\/407304789_1388841625375626_3027653318941572225_n-300x231.jpg 300w, https:\/\/kchbc.beardedcollie.cz\/wp-content\/uploads\/2023\/12\/407304789_1388841625375626_3027653318941572225_n-768x590.jpg 768w, https:\/\/kchbc.beardedcollie.cz\/wp-content\/uploads\/2023\/12\/407304789_1388841625375626_3027653318941572225_n-1536x1180.jpg 1536w, https:\/\/kchbc.beardedcollie.cz\/wp-content\/uploads\/2023\/12\/407304789_1388841625375626_3027653318941572225_n.jpg 1676w\" sizes=\"auto, (max-width: 1024px) 100vw, 1024px\" \/><\/figure>\n\n\n\n<p>Dne\u0161n\u00ed BC je sm\u011bsic\u00ed obou typ\u016f. Beardie byla u\u017e\u00edv\u00e1na p\u0159ev\u00e1\u017en\u011b pro pr\u00e1ci s hov\u011bz\u00edm dobytkem, i kdy\u017e se celkem b\u011b\u017en\u011b vyskytovala i u ov\u010d\u00edch st\u00e1d. U drobn\u011bj\u0161\u00edch ovc\u00ed se v\u0161ak musela m\u00edrn\u011b utlumit p\u0159irozen\u00e1 ostrost tolik \u017e\u00e1dan\u00e1 u st\u00e1d polodivok\u00e9ho skotu. Tvrd\u00fd, vytrval\u00fd, samostatn\u00fd pes s perfektn\u011b vyvinut\u00fdmi vlohami nejen pro pr\u00e1ci se st\u00e1dem, ale i v\u00fdrazn\u00fdm obrann\u00fdm instinktem a velmi dobr\u00fdm nosem. Na men\u0161\u00edch statc\u00edch byla dokonce pou\u017e\u00edv\u00e1na jako loveck\u00fd pes k pr\u00e1ci na barv\u011b (stop\u011b ran\u011bn\u00e9 zv\u011b\u0159e) pro svou schopnost rozli\u0161it mezi stopou ran\u011bn\u00e9ho a ji\u017e studen\u00e9ho jelena. Nej\u00fatlumov\u011bj\u0161\u00ed obdob\u00ed chovu bylo b\u011bhem 2. sv\u011btov\u00e9 v\u00e1lky. V pov\u00e1le\u010dn\u00e9 dob\u011b se uj\u00edm\u00e1 chovu (by\u0165 zprvu pouze n\u00e1hodou) pan\u00ed WILLISONOV\u00c1. Psi z jej\u00ed chovatelsk\u00e9 stanice BOTHKENNAR dnes najdeme v ka\u017ed\u00e9m rodokmenu. Za zlomov\u00fd lze pova\u017eovat rok 1989, kdy fena Ch. POTTERDALE CLASSIC OF MOONHILL z\u00edskala titul BIS na CRUFTOV\u011a v\u00fdstav\u011b. Od tohoto roku se BC st\u00e1le \u010dast\u011bji objevuj\u00ed jako v\u00edt\u011bzov\u00e9 skupiny \u010di cel\u00e9 v\u00fdstavy.<\/p>\n\n\n\n<figure class=\"wp-block-image aligncenter size-large is-resized\"><img loading=\"lazy\" decoding=\"async\" width=\"1024\" height=\"768\" src=\"https:\/\/kchbc.beardedcollie.cz\/wp-content\/uploads\/2023\/12\/407387625_10212708697948612_9171484857900437878_n-1024x768.jpg\" alt=\"\" class=\"wp-image-2042\" style=\"width:496px;height:auto\" srcset=\"https:\/\/kchbc.beardedcollie.cz\/wp-content\/uploads\/2023\/12\/407387625_10212708697948612_9171484857900437878_n-1024x768.jpg 1024w, https:\/\/kchbc.beardedcollie.cz\/wp-content\/uploads\/2023\/12\/407387625_10212708697948612_9171484857900437878_n-300x225.jpg 300w, https:\/\/kchbc.beardedcollie.cz\/wp-content\/uploads\/2023\/12\/407387625_10212708697948612_9171484857900437878_n-768x576.jpg 768w, https:\/\/kchbc.beardedcollie.cz\/wp-content\/uploads\/2023\/12\/407387625_10212708697948612_9171484857900437878_n-1536x1152.jpg 1536w, https:\/\/kchbc.beardedcollie.cz\/wp-content\/uploads\/2023\/12\/407387625_10212708697948612_9171484857900437878_n.jpg 2048w\" sizes=\"auto, (max-width: 1024px) 100vw, 1024px\" \/><\/figure>\n\n\n\n<p>Bohu\u017eel, s p\u0159ib\u00fdvaj\u00edc\u00ed oblibou beardie jako v\u00fdstavn\u00edho psa, honbou chovatel\u016f za tituly a p\u0159edstavou n\u011bkter\u00fdch rozhod\u010d\u00edch, \u017ee nestandardn\u00ed srst a\u017e t\u00e9m\u011b\u0159 na zem je to prav\u00e9 co d\u011bl\u00e1 beardedku beardedkou (\u010dasto bez ohledu na nedostatky v povaze a t\u011blesn\u00e9 stavb\u011b), jich mnoho \u017eije celo\u017eivotn\u011b bez voln\u00e9ho pohybu(co kdyby si v p\u0159\u00edrod\u011b ol\u00e1maly svou p\u011bst\u011bnou srst!) , ven\u010d\u00ed se pouze kr\u00e1tce a ve spaci\u00e1ln\u00edch botk\u00e1ch. U tak velk\u00e9ho a temperamentn\u00edho psa lze takov\u00e9 omezov\u00e1n\u00ed pova\u017eovat bezesporu za t\u00fdr\u00e1n\u00ed. \u010casto se u takto dr\u017een\u00fdch jedinc\u016f vyskytuje m\u011bk\u010d\u00ed h\u0159bet, ztr\u00e1c\u00ed se typicky t\u00e1zav\u00fd v\u00fdraz a p\u0159edev\u0161\u00edm b\u00fdv\u00e1 dob\u0159e patrn\u00fd nedostatek sebev\u011bdom\u00ed a\u017e b\u00e1zlivost. Nen\u00ed a\u017e tak v\u00fdjime\u010dn\u00e9, pokud se tituly ov\u011bn\u010den\u00fd \u0161ampion t\u0159ese v kruhu jako osika a nekontrolovan\u011b reaguje na jak\u00fdkoliv hlasit\u011bj\u0161\u00ed podn\u011bt. N\u00e1prava tohoto stavu je v\u0161ak v rukou rozhod\u010d\u00edch. Do \u010cR a z\u00e1rove\u0148 do tehdej\u0161\u00edho v\u00fdchodn\u00edho bloku byla prvn\u00ed bearded collie dovezena v roce 1981 man\u017eeli Karenov\u00fdmi z Brna. Jejich modr\u00e1 fenka PRUNELLAS BLUE CROWNED QUEEN poch\u00e1zela z D\u00e1nska a stala se zakladatelkou nejen chovatelsk\u00e9 stanice MODR\u00c1, ale p\u0159es sv\u00e9 potomstvo i mnoha dal\u0161\u00edch stanic v n\u011bkolika zem\u00edch. K dne\u0161n\u00edmu dni se uskute\u010dnilo mnoho zaj\u00edmav\u00fdch import\u016f, v\u010detn\u011b dvou ze zem\u011b p\u016fvodu a na\u0161e odchovy jsou pln\u011b konkurence schopn\u00e9 nejen v r\u00e1mci Evropy.<\/p>\n\n\n\n<p><strong>text zpracovala:<\/strong>&nbsp;PAVL\u00cdNA VAZDOV\u00c1 &#8211; chov.st.&nbsp;od Emy Destinov\u00e9&nbsp;<\/p>\n<\/div>\n<\/div>\n","protected":false},"excerpt":{"rendered":"<p>Bearded Collie (BC) pat\u0159\u00ed mezi nejstar\u0161\u00ed plemena v\u016fbec, i kdy\u017e si na ofici\u00e1ln\u00ed uzn\u00e1n\u00ed musela po\u010dkat a\u017e do poloviny 20. stolet\u00ed. K tomuto faktu ur\u010dit\u011b p\u0159isp\u011bla skute\u010dnost, \u017ee p\u0159edci dne\u0161n\u00edch beardi\u00ed byli v dr\u017een\u00ed oby\u010dejn\u00fdch hon\u00e1k\u016f a pastevc\u016f, kte\u0159\u00ed m\u011bli jedin\u00fd &#8222;chovatelsk\u00fd&#8220; c\u00edl- maxim\u00e1ln\u00ed v\u00fdkon a 100% pracovn\u00ed vyu\u017eitelnost. Velikost je zaj\u00edmala tak\u00e9 pouze z [&hellip;]<\/p>\n","protected":false},"author":2,"featured_media":0,"parent":58,"menu_order":0,"comment_status":"closed","ping_status":"closed","template":"","meta":{"_acf_changed":false,"site-sidebar-layout":"default","site-content-layout":"","ast-site-content-layout":"default","site-content-style":"default","site-sidebar-style":"default","ast-global-header-display":"","ast-banner-title-visibility":"","ast-main-header-display":"","ast-hfb-above-header-display":"","ast-hfb-below-header-display":"","ast-hfb-mobile-header-display":"","site-post-title":"","ast-breadcrumbs-content":"","ast-featured-img":"","footer-sml-layout":"","ast-disable-related-posts":"","theme-transparent-header-meta":"default","adv-header-id-meta":"","stick-header-meta":"","header-above-stick-meta":"","header-main-stick-meta":"","header-below-stick-meta":"","astra-migrate-meta-layouts":"set","ast-page-background-enabled":"default","ast-page-background-meta":{"desktop":{"background-color":"var(--ast-global-color-4)","background-image":"","background-repeat":"repeat","background-position":"center center","background-size":"auto","background-attachment":"scroll","background-type":"","background-media":"","overlay-type":"","overlay-color":"","overlay-opacity":"","overlay-gradient":""},"tablet":{"background-color":"","background-image":"","background-repeat":"repeat","background-position":"center center","background-size":"auto","background-attachment":"scroll","background-type":"","background-media":"","overlay-type":"","overlay-color":"","overlay-opacity":"","overlay-gradient":""},"mobile":{"background-color":"","background-image":"","background-repeat":"repeat","background-position":"center center","background-size":"auto","background-attachment":"scroll","background-type":"","background-media":"","overlay-type":"","overlay-color":"","overlay-opacity":"","overlay-gradient":""}},"ast-content-background-meta":{"desktop":{"background-color":"var(--ast-global-color-5)","background-image":"","background-repeat":"repeat","background-position":"center center","background-size":"auto","background-attachment":"scroll","background-type":"","background-media":"","overlay-type":"","overlay-color":"","overlay-opacity":"","overlay-gradient":""},"tablet":{"background-color":"var(--ast-global-color-5)","background-image":"","background-repeat":"repeat","background-position":"center center","background-size":"auto","background-attachment":"scroll","background-type":"","background-media":"","overlay-type":"","overlay-color":"","overlay-opacity":"","overlay-gradient":""},"mobile":{"background-color":"var(--ast-global-color-5)","background-image":"","background-repeat":"repeat","background-position":"center center","background-size":"auto","background-attachment":"scroll","background-type":"","background-media":"","overlay-type":"","overlay-color":"","overlay-opacity":"","overlay-gradient":""}},"footnotes":""},"class_list":["post-100","page","type-page","status-publish","hentry"],"acf":[],"featured_image_src":null,"_links":{"self":[{"href":"https:\/\/kchbc.beardedcollie.cz\/index.php?rest_route=\/wp\/v2\/pages\/100","targetHints":{"allow":["GET"]}}],"collection":[{"href":"https:\/\/kchbc.beardedcollie.cz\/index.php?rest_route=\/wp\/v2\/pages"}],"about":[{"href":"https:\/\/kchbc.beardedcollie.cz\/index.php?rest_route=\/wp\/v2\/types\/page"}],"author":[{"embeddable":true,"href":"https:\/\/kchbc.beardedcollie.cz\/index.php?rest_route=\/wp\/v2\/users\/2"}],"replies":[{"embeddable":true,"href":"https:\/\/kchbc.beardedcollie.cz\/index.php?rest_route=%2Fwp%2Fv2%2Fcomments&post=100"}],"version-history":[{"count":4,"href":"https:\/\/kchbc.beardedcollie.cz\/index.php?rest_route=\/wp\/v2\/pages\/100\/revisions"}],"predecessor-version":[{"id":2045,"href":"https:\/\/kchbc.beardedcollie.cz\/index.php?rest_route=\/wp\/v2\/pages\/100\/revisions\/2045"}],"up":[{"embeddable":true,"href":"https:\/\/kchbc.beardedcollie.cz\/index.php?rest_route=\/wp\/v2\/pages\/58"}],"wp:attachment":[{"href":"https:\/\/kchbc.beardedcollie.cz\/index.php?rest_route=%2Fwp%2Fv2%2Fmedia&parent=100"}],"curies":[{"name":"wp","href":"https:\/\/api.w.org\/{rel}","templated":true}]}}